{"id":9580,"date":"2019-08-08T09:57:06","date_gmt":"2019-08-08T07:57:06","guid":{"rendered":"http:\/\/shinetheme.com\/travelerdata\/affiliate\/?page_id=9580"},"modified":"2019-08-08T09:57:06","modified_gmt":"2019-08-08T07:57:06","slug":"home-2","status":"publish","type":"page","link":"https:\/\/lifestyle-immo24.de\/es\/home-2\/","title":{"rendered":"Iniciar"},"content":{"rendered":"<p>[vc_row full_width=&#8221;stretch_row_content&#8221; content_placement=&#8221;middle&#8221; parallax_class=&#8221;yes&#8221; css=&#8221;.vc_custom_1680642093149{background-image: url(https:\/\/bookify24.com\/wp-content\/uploads\/2023\/03\/luxury-hero-1-e1679953882346.jpg?id=21288) !important;background-position: center !important;background-repeat: no-repeat !important;background-size: cover !important;}&#8221;][vc_column el_class=&#8221;st-affilate&#8221;][st_search_form_new form_type=&#8221;mix&#8221; service_items=&#8221;%5B%7B%22tab_title%22%3A%22Hotel%22%2C%22tab_service%22%3A%22tp_hotel%22%7D%2C%7B%22tab_title%22%3A%22Vuelo%22%2C%22tab_service%22%3A%22tp_flight%22%7D%2C%7B%22tab_title%22%3A%22Alojamiento%22%2C%22tab_service%22%3A%22bookingdc%22%7D%2C%7B%22tab_title%22%3A%22Coche%22%2C%22tab_service%22%3A%22expedia%22%7D%5D&#8221; heading_align=&#8221;left&#8221; heading=&#8221;Comparaci\u00f3n de viajes 2023&#8243; description=&#8221;Todos los portales de viajes conocidos en una sola p\u00e1gina&#8221;][\/vc_column][\/vc_row][vc_row full_width=&#8221;stretch_row_content&#8221;][vc_column][vc_column_text css=&#8221;.vc_custom_1685626169245{margin-top: 20px !important;margin-bottom: 20px !important;padding-top: 25px !important;padding-bottom: 25px !important;padding-left: 10px !important;background-color: #e1f0ff !important;}&#8221; el_class=&#8221;tile&#8221;]<\/p>\n<h1 class=\"special-offer-new\" style=\"text-align: left; margin-top: 0px;\"><span style=\"font: bold 24pt \/ 30px arial black, sans-serif; color: #1a2b49;\"><strong>Alojamientos<\/strong><\/span><\/h1>\n<p>[\/vc_column_text][st_list_of_multi_services_new list_services=&#8221;%5B%7B%22service%22%3A%22st_rental%22%2C%22ids%22%3A%2219590%2C19366%2C18509%2C18009%2C14489%2C17863%2C18765%2C14489%2C17870%2C17985%22%7D%5D&#8221; posts_per_page=&#8221;10&#8243;][vc_btn title=&#8221;Mostrar todas las casas&#8221; style=&#8221;custom&#8221; custom_background=&#8221;#fabb02&#8243; custom_text=&#8221;#ffffff&#8221; size=&#8221;lg&#8221; align=&#8221;center&#8221; i_align=&#8221;right&#8221; i_icon_fontawesome=&#8221;fas fa-angle-double-right&#8221; add_icon=&#8221;true&#8221; link=&#8221;url:https%3A%2F%2Fbookify24.com%2Falojamiento%2F|title:Alojamiento|target:_blank&#8221; css=&#8221;.vc_custom_1674498205167{margin-top: 20px !important;margin-bottom: 10px !important;}&#8221;][\/vc_column][\/vc_row][vc_row full_width=&#8221;stretch_row_content&#8221;][vc_column][vc_column_text css=&#8221;.vc_custom_1685626186124{margin-top: 20px !important;margin-bottom: 20px !important;padding-top: 25px !important;padding-bottom: 25px !important;padding-left: 10px !important;background-color: #e1f0ff !important;}&#8221;]<\/p>\n<h1 class=\"special-offer-new\" style=\"text-align: left; margin-top: 0px;\"><span style=\"font: bold 24pt \/ 30px arial black, sans-serif; color: #1a2b49;\"><strong>Tendencia Actual<br \/>\n<\/strong><\/span><\/h1>\n<p>[\/vc_column_text][\/vc_column][\/vc_row][vc_row full_width=&#8221;stretch_row_content_no_spaces&#8221; css=&#8221;.vc_custom_1657196364852{margin-bottom: 20px !important;}&#8221;][vc_column width=&#8221;1\/3&#8243; offset=&#8221;vc_hidden-xs&#8221; css=&#8221;.vc_custom_1669390551442{margin-bottom: 10px !important;}&#8221;][st_offer_new style=&#8221;style-2&#8243; background_image=&#8221;21651&#8243; link=&#8221;url:https%3A%2F%2Fbookify24.com%2Fes%2Fferienhaeuser-daenemark%2F|title:Encontrar%20Casas%20%3E|target:_blank&#8221;]<\/p>\n<h2 class=\"item-title text-center style-1\" style=\"text-align: center;\"><span style=\"font-size: 24pt;\">Dinamarca<\/span><\/h2>\n<p>&nbsp;<\/p>\n<p>&nbsp;<\/p>\n<p>&nbsp;<\/p>\n<p>&nbsp;<\/p>\n<p>&nbsp;<\/p>\n<div class=\"item-sub-title style-2\">\n<div class=\"title-afilate text-center\"><strong>Casa de vacaciones<\/strong><\/div>\n<p><span class=\"text-center\">M\u00e1s de 20000 casas con el mejor precio garantizado<\/span><\/p>\n<\/div>\n<p>[\/st_offer_new][\/vc_column][vc_column width=&#8221;1\/3&#8243; offset=&#8221;vc_hidden-xs&#8221; css=&#8221;.vc_custom_1669390561252{margin-bottom: 10px !important;}&#8221;][st_offer_new style=&#8221;style-2&#8243; background_image=&#8221;21649&#8243; link=&#8221;url:https%3A%2F%2Fbookify24.com%2Fes%2Fkreuzfahrt%2F|title:Encontrar%20Crucero%3E|target:_blank&#8221;]<\/p>\n<h2 class=\"item-title text-center style-1\" style=\"text-align: center;\"><span style=\"font-size: 24pt;\">Cruceros<\/span><\/h2>\n<p>&nbsp;<\/p>\n<p>&nbsp;<\/p>\n<p>&nbsp;<\/p>\n<p>&nbsp;<\/p>\n<p>&nbsp;<\/p>\n<div class=\"item-sub-title style-2\">\n<div class=\"title-afilate text-center\">E- Hoi<\/div>\n<p><span class=\"text-center\"># CRUISE CLEVER<br \/>\n<\/span><\/p>\n<\/div>\n<p>[\/st_offer_new][\/vc_column][vc_column width=&#8221;1\/3&#8243; offset=&#8221;vc_hidden-xs&#8221; css=&#8221;.vc_custom_1669390570878{margin-bottom: 10px !important;}&#8221;][st_offer_new style=&#8221;style-2&#8243; background_image=&#8221;21419&#8243; link=&#8221;url:https%3A%2F%2Ftidd.ly%2F3bZxH0t|title:Encontrar%20Caravana%3E|target:_blank&#8221;]<\/p>\n<h2 class=\"item-title text-center style-1\" style=\"text-align: center;\"><span style=\"font-size: 24pt;\">Autocaravanas<\/span><\/h2>\n<p>&nbsp;<\/p>\n<p>&nbsp;<\/p>\n<p>&nbsp;<\/p>\n<p>&nbsp;<\/p>\n<p>&nbsp;<\/p>\n<div class=\"item-sub-title style-2\">\n<div class=\"title-afilate text-center\">PaulCamper.de<\/div>\n<p><span class=\"text-center\">PLANET EARTH #1 CAMPER SITE<\/span><\/p>\n<\/div>\n<p>[\/st_offer_new][\/vc_column][\/vc_row][vc_row full_width=&#8221;stretch_row_content_no_spaces&#8221; css=&#8221;.vc_custom_1657196379060{margin-bottom: 10px !important;}&#8221;][vc_column width=&#8221;1\/4&#8243; offset=&#8221;vc_hidden-lg vc_hidden-md vc_hidden-sm&#8221;][st_offer_new style=&#8221;style-2&#8243; background_image=&#8221;21651&#8243; link=&#8221;url:https%3A%2F%2Fbookify24.com%2Fes%2Fferienhaeuser-daenemark%2F|title:Encontrar%20Casas%20%3E&#8221;]<\/p>\n<h2 class=\"item-title text-center style-2\" style=\"text-align: center;\"><span style=\"font-size: 24pt;\"><strong>Dinamarca<\/strong><\/span><\/h2>\n<p>&nbsp;<\/p>\n<p><strong>Alquilar casa de vacaciones<\/strong><\/p>\n<div class=\"item-sub-title style-2\">\n<p><span class=\"text-center\">M\u00e1s de 20000 casas<\/span><\/p>\n<\/div>\n<p>[\/st_offer_new][\/vc_column][vc_column width=&#8221;1\/4&#8243; offset=&#8221;vc_hidden-lg vc_hidden-md vc_hidden-sm&#8221;][st_offer_new style=&#8221;style-2&#8243; background_image=&#8221;21649&#8243; link=&#8221;url:https%3A%2F%2Fbookify24.com%2Fes%2Fkreuzfahrt%2F|title:Encontrar%20Crucero%3E|target:_blank&#8221;]<\/p>\n<h2 class=\"item-title text-center style-2\"><span style=\"font-size: 24pt;\">Cruceros<\/span><\/h2>\n<div class=\"item-sub-title style-2\">\n<div class=\"title-afilate text-center\">E &#8211; HOI<\/div>\n<p><span class=\"text-center\"># CRUISE CLEVER<\/span><\/p>\n<\/div>\n<p>[\/st_offer_new][\/vc_column][vc_column width=&#8221;1\/4&#8243; offset=&#8221;vc_hidden-lg vc_hidden-md vc_hidden-sm&#8221;][st_offer_new style=&#8221;style-2&#8243; background_image=&#8221;21419&#8243; link=&#8221;url:https%3A%2F%2Ftidd.ly%2F3bZxH0t|title:Encontrar%20Caravana%20%3E|target:_blank&#8221;]<\/p>\n<h2 class=\"item-title text-center style-1\"><\/h2>\n<h2 class=\"item-title text-center style-2\"><span style=\"font-size: 24pt;\">Autocaravanas<\/span><\/h2>\n<div class=\"item-sub-title style-2\">\n<div class=\"title-afilate text-center\">PaulCamper.de<\/div>\n<p><span class=\"text-center\">PLANET EARTH&#8217;S #1 CAMPER SITE<\/span><\/p>\n<\/div>\n<p>[\/st_offer_new][\/vc_column][vc_column width=&#8221;1\/4&#8243; offset=&#8221;vc_hidden-lg vc_hidden-md vc_hidden-sm&#8221;][st_offer_new style=&#8221;style-2&#8243; background_image=&#8221;21515&#8243; link=&#8221;url:https%3A%2F%2Ftidd.ly%2F2RIazwM|title:Urlaub%20Finden%20%3E|target:_blank&#8221;]<\/p>\n<h2 class=\"item-title text-center style-2\"><span style=\"font-size: 24pt;\">Familia Vaccacion<\/span><\/h2>\n<div class=\"item-sub-title style-2\">\n<div class=\"title-afilate text-center\">Center Parks<\/div>\n<p><span class=\"text-center\">#1 Y GERMANIA<br \/>\n<\/span><\/p>\n<\/div>\n<p>[\/st_offer_new][\/vc_column][\/vc_row][vc_row full_width=&#8221;stretch_row_content&#8221; el_class=&#8221;shadow-box&#8221;][vc_column][vc_column_text css=&#8221;.vc_custom_1685626207150{margin-top: 10px !important;margin-bottom: 20px !important;padding-top: 25px !important;padding-bottom: 25px !important;padding-left: 10px !important;background-color: #e1f0ff !important;}&#8221; el_class=&#8221;tile&#8221;]<\/p>\n<h1 class=\"special-offer-new\" style=\"text-align: left; margin-top: 0px;\"><span style=\"font: bold 24pt \/ 30px arial black, sans-serif; color: #1a2b49;\"><strong>Hoteles y Vuelos<\/strong><\/span><\/h1>\n<p>[\/vc_column_text][st_list_of_destinations_new service=&#8221;&#8221; posts_per_page=&#8221;9&#8243; style=&#8221;layout7&#8243; ids=&#8221;15398,14260,14268,20091,13775,20446,284,275,14281&#8243;][vc_btn title=&#8221;Ofertas Hoteles+Vuelos&#8221; style=&#8221;custom&#8221; custom_background=&#8221;#fabb02&#8243; custom_text=&#8221;#ffffff&#8221; size=&#8221;lg&#8221; align=&#8221;center&#8221; i_align=&#8221;right&#8221; i_icon_fontawesome=&#8221;fas fa-angle-double-right&#8221; add_icon=&#8221;true&#8221; link=&#8221;url:https%3A%2F%2Fbookify24.com%2Fpauschalreisen%2F|target:_blank&#8221; css=&#8221;.vc_custom_1674498225318{margin-bottom: 30px !important;}&#8221;][\/vc_column][\/vc_row][vc_row full_width=&#8221;stretch_row_content_no_spaces&#8221; el_class=&#8221;st_service_load&#8221;][vc_column][vc_column_text css=&#8221;.vc_custom_1685626250544{margin-bottom: 20px !important;padding-top: 25px !important;padding-bottom: 25px !important;padding-left: 10px !important;background-color: #e1f0ff !important;}&#8221;]<\/p>\n<h1 class=\"special-offer-new\" style=\"text-align: left; margin-top: 0px;\"><span style=\"font: bold 24pt \/ 30px Verdana, Arial, Helvetica, sans-serif; color: #1a2b49;\"><strong><span style=\"font-family: arial black, sans-serif;\">A<\/span>ctividades<\/strong><\/span><\/h1>\n<p>[\/vc_column_text][vc_raw_html]JTNDZGl2JTIwZGF0YS1neWctaHJlZiUzRCUyMmh0dHBzJTNBJTJGJTJGd2lkZ2V0LmdldHlvdXJndWlkZS5jb20lMkZkZWZhdWx0JTJGYWN0aXZpdGllcy5mcmFtZSUyMiUyMGRhdGEtZ3lnLWxvY2FsZS1jb2RlJTNEJTIyZXMtRVMlMjIlMjBkYXRhLWd5Zy13aWRnZXQlM0QlMjJhY3Rpdml0aWVzJTIyJTIwZGF0YS1neWctbnVtYmVyLW9mLWl0ZW1zJTNEJTIyNSUyMiUyMGRhdGEtZ3lnLXBhcnRuZXItaWQlM0QlMjJPSDVUWkpWJTIyJTIwZGF0YS1neWctcSUzRCUyMmNvc3RhJTI1MjBibGFuY2ElMjIlM0UlM0MlMkZkaXYlM0U=[\/vc_raw_html][vc_btn title=&#8221;Encontrar Actividades&#8221; style=&#8221;custom&#8221; custom_background=&#8221;#fabb02&#8243; custom_text=&#8221;#ffffff&#8221; size=&#8221;lg&#8221; align=&#8221;center&#8221; i_align=&#8221;right&#8221; i_icon_fontawesome=&#8221;fas fa-angle-double-right&#8221; add_icon=&#8221;true&#8221; link=&#8221;url:https%3A%2F%2Fwww.getyourguide.es%2F%3Fpartner_id%3DOH5TZJV%26utm_medium%3Donline_publisher%26placement%3Dcontent-end|target:_blank|rel:nofollow&#8221; css=&#8221;.vc_custom_1674499554970{margin-top: 15px !important;margin-bottom: 30px !important;}&#8221;][\/vc_column][\/vc_row][vc_row full_width=&#8221;stretch_row_content&#8221;][vc_column][vc_column_text css=&#8221;.vc_custom_1685626275008{margin-bottom: 20px !important;padding-top: 25px !important;padding-bottom: 25px !important;padding-left: 10px !important;background-color: #e1f0ff !important;}&#8221;]<\/p>\n<h1 class=\"special-offer-new\" style=\"text-align: left; margin-top: 0px;\"><span style=\"font: bold 24pt \/ 30px Verdana, Arial, Helvetica, sans-serif; color: #1a2b49;\"><strong><span style=\"font-family: arial black, sans-serif;\">Festivales<\/span><\/strong><\/span><\/h1>\n<p>[\/vc_column_text][vc_single_image image=&#8221;21418&#8243; img_size=&#8221;full&#8221; onclick=&#8221;custom_link&#8221; img_link_target=&#8221;_blank&#8221; link=&#8221;https:\/\/www.ticketmaster.es\/festivales\/todos-festivales\/10101\/events&#8221;][vc_row_inner css=&#8221;.vc_custom_1631019379265{margin-top: 20px !important;}&#8221;][vc_column_inner width=&#8221;1\/4&#8243; offset=&#8221;vc_col-xs-6&#8243; css=&#8221;.vc_custom_1639937276261{margin-bottom: 20px !important;}&#8221;][vc_single_image image=&#8221;21422&#8243; img_size=&#8221;full&#8221; alignment=&#8221;center&#8221; onclick=&#8221;custom_link&#8221; img_link_target=&#8221;_blank&#8221; link=&#8221;https:\/\/www.ticketmaster.es\/musica\/todos-musica\/10001\/events&#8221;][\/vc_column_inner][vc_column_inner width=&#8221;1\/4&#8243; offset=&#8221;vc_col-xs-6&#8243; css=&#8221;.vc_custom_1639937286342{margin-bottom: 20px !important;}&#8221;][vc_single_image image=&#8221;21759&#8243; img_size=&#8221;full&#8221; alignment=&#8221;center&#8221; onclick=&#8221;custom_link&#8221; img_link_target=&#8221;_blank&#8221; link=&#8221;https:\/\/ticketmaster-de.tm7514.net\/DdmRb&#8221;][\/vc_column_inner][vc_column_inner width=&#8221;1\/4&#8243; offset=&#8221;vc_col-xs-6&#8243;][vc_single_image image=&#8221;21760&#8243; img_size=&#8221;full&#8221; alignment=&#8221;center&#8221; onclick=&#8221;custom_link&#8221; img_link_target=&#8221;_blank&#8221; link=&#8221;https:\/\/www.ticketmaster.es\/deportes\/todos-deportes\/10004\/events&#8221;][\/vc_column_inner][vc_column_inner width=&#8221;1\/4&#8243; offset=&#8221;vc_col-xs-6&#8243;][vc_single_image image=&#8221;21761&#8243; img_size=&#8221;full&#8221; alignment=&#8221;center&#8221; onclick=&#8221;custom_link&#8221; img_link_target=&#8221;_blank&#8221; link=&#8221;https:\/\/www.ticketmaster.es\/arte-y-teatro\/todos-arte-y-teatro\/10002\/events&#8221;][\/vc_column_inner][\/vc_row_inner][vc_btn title=&#8221;Mostrar Festivales&#8221; style=&#8221;custom&#8221; custom_background=&#8221;#fabb02&#8243; custom_text=&#8221;#ffffff&#8221; size=&#8221;lg&#8221; align=&#8221;center&#8221; i_align=&#8221;right&#8221; i_icon_fontawesome=&#8221;fas fa-angle-double-right&#8221; add_icon=&#8221;true&#8221; link=&#8221;url:https%3A%2F%2Fwww.ticketmaster.es%2F|target:_blank&#8221; css=&#8221;.vc_custom_1674499905481{margin-top: 20px !important;margin-bottom: 20px !important;}&#8221;][\/vc_column][\/vc_row]<\/p>\n","protected":false},"excerpt":{"rendered":"<p>[vc_row full_width=&#8221;stretch_row_content&#8221; content_placement=&#8221;middle&#8221; parallax_class=&#8221;yes&#8221; css=&#8221;.vc_custom_1680642093149{background-image: url(https:\/\/bookify24.com\/wp-content\/uploads\/2023\/03\/luxury-hero-1-e1679953882346.jpg?id=21288) !important;background-position: center !important;background-repeat: no-repeat !important;background-size: cover !important;}&#8221;][vc_column el_class=&#8221;st-affilate&#8221;][st_search_form_new form_type=&#8221;mix&#8221; service_items=&#8221;%5B%7B%22tab_title%22%3A%22Hotel%22%2C%22tab_service%22%3A%22tp_hotel%22%7D%2C%7B%22tab_title%22%3A%22Vuelo%22%2C%22tab_service%22%3A%22tp_flight%22%7D%2C%7B%22tab_title%22%3A%22Alojamiento%22%2C%22tab_service%22%3A%22bookingdc%22%7D%2C%7B%22tab_title%22%3A%22Coche%22%2C%22tab_service%22%3A%22expedia%22%7D%5D&#8221; heading_align=&#8221;left&#8221; heading=&#8221;Comparaci\u00f3n de viajes 2023&#8243; description=&#8221;Todos los portales de viajes conocidos en una sola p\u00e1gina&#8221;][\/vc_column][\/vc_row][vc_row full_width=&#8221;stretch_row_content&#8221;][vc_column][vc_column_text css=&#8221;.vc_custom_1685626169245{margin-top: 20px !important;margin-bottom: 20px !important;padding-top: 25px !important;padding-bottom: 25px !important;padding-left: 10px !important;background-color: #e1f0ff !important;}&#8221; el_class=&#8221;tile&#8221;] Alojamientos [\/vc_column_text][st_list_of_multi_services_new list_services=&#8221;%5B%7B%22service%22%3A%22st_rental%22%2C%22ids%22%3A%2219590%2C19366%2C18509%2C18009%2C14489%2C17863%2C18765%2C14489%2C17870%2C17985%22%7D%5D&#8221; posts_per_page=&#8221;10&#8243;][vc_btn title=&#8221;Mostrar todas las casas&#8221; style=&#8221;custom&#8221;&#8230;<\/p>\n","protected":false},"author":190,"featured_media":21263,"parent":0,"menu_order":0,"comment_status":"closed","ping_status":"closed","template":"templates\/template-home-modern.php","meta":{"_exactmetrics_skip_tracking":false,"_exactmetrics_sitenote_active":false,"_exactmetrics_sitenote_note":"","_exactmetrics_sitenote_category":0,"footnotes":""},"class_list":["post-9580","page","type-page","status-publish","has-post-thumbnail","hentry"],"yoast_head":"<!-- This site is optimized with the Yoast SEO plugin v27.4 - https:\/\/yoast.com\/product\/yoast-seo-wordpress\/ -->\n<title>Preisvergleiche f\u00fcr Reisen, Fl\u00fcge, Hotels, Mietwagen und mehr<\/title>\n<meta name=\"description\" content=\"BOOKIFY24 vergleicht Angebote der gr\u00f6\u00dften Urlaubsportale. Preisvergleich f\u00fcr Hotels, Fl\u00fcge, Mietwagen, Urlaub, Reisen, Ferienhaus, Kreuzfahrt.\" \/>\n<meta name=\"robots\" content=\"index, follow, max-snippet:-1, max-image-preview:large, max-video-preview:-1, noarchive\" \/>\n<link rel=\"canonical\" href=\"https:\/\/lifestyle-immo24.de\/es\/home-2\/\" \/>\n<meta property=\"og:locale\" content=\"es_ES\" \/>\n<meta property=\"og:type\" content=\"article\" \/>\n<meta property=\"og:title\" content=\"Preisvergleiche f\u00fcr Reisen, Fl\u00fcge, Hotels, Mietwagen und mehr\" \/>\n<meta property=\"og:description\" content=\"BOOKIFY24 vergleicht Angebote der gr\u00f6\u00dften Urlaubsportale. Preisvergleich f\u00fcr Hotels, Fl\u00fcge, Mietwagen, Urlaub, Reisen, Ferienhaus, Kreuzfahrt.\" \/>\n<meta property=\"og:url\" content=\"https:\/\/lifestyle-immo24.de\/es\/home-2\/\" \/>\n<meta property=\"og:site_name\" content=\"Lifestyle Homes\" \/>\n<meta property=\"article:publisher\" content=\"https:\/\/www.facebook.com\/LifeStyleImmo24\/\" \/>\n<meta property=\"og:image\" content=\"https:\/\/lifestyle-immo24.de\/wp-content\/uploads\/2023\/03\/bg1.jpg\" \/>\n\t<meta property=\"og:image:width\" content=\"1920\" \/>\n\t<meta property=\"og:image:height\" content=\"606\" \/>\n\t<meta property=\"og:image:type\" content=\"image\/jpeg\" \/>\n<meta name=\"twitter:card\" content=\"summary_large_image\" \/>\n<meta name=\"twitter:label1\" content=\"Tiempo de lectura\" \/>\n\t<meta name=\"twitter:data1\" content=\"3 minutos\" \/>\n<script type=\"application\/ld+json\" class=\"yoast-schema-graph\">{\"@context\":\"https:\\\/\\\/schema.org\",\"@graph\":[{\"@type\":\"WebPage\",\"@id\":\"https:\\\/\\\/lifestyle-immo24.de\\\/es\\\/home-2\\\/\",\"url\":\"https:\\\/\\\/lifestyle-immo24.de\\\/es\\\/home-2\\\/\",\"name\":\"Preisvergleiche f\u00fcr Reisen, Fl\u00fcge, Hotels, Mietwagen und mehr\",\"isPartOf\":{\"@id\":\"https:\\\/\\\/lifestyle-immo24.de\\\/es\\\/#website\"},\"primaryImageOfPage\":{\"@id\":\"https:\\\/\\\/lifestyle-immo24.de\\\/es\\\/home-2\\\/#primaryimage\"},\"image\":{\"@id\":\"https:\\\/\\\/lifestyle-immo24.de\\\/home-2\\\/#primaryimage\"},\"thumbnailUrl\":\"https:\\\/\\\/lifestyle-immo24.de\\\/wp-content\\\/uploads\\\/2023\\\/03\\\/bg1.jpg\",\"datePublished\":\"2019-08-08T07:57:06+00:00\",\"description\":\"BOOKIFY24 vergleicht Angebote der gr\u00f6\u00dften Urlaubsportale. Preisvergleich f\u00fcr Hotels, Fl\u00fcge, Mietwagen, Urlaub, Reisen, Ferienhaus, Kreuzfahrt.\",\"breadcrumb\":{\"@id\":\"https:\\\/\\\/lifestyle-immo24.de\\\/es\\\/home-2\\\/#breadcrumb\"},\"inLanguage\":\"es\",\"potentialAction\":[{\"@type\":\"ReadAction\",\"target\":[[\"https:\\\/\\\/lifestyle-immo24.de\\\/es\\\/home-2\\\/\"]]}]},{\"@type\":\"ImageObject\",\"inLanguage\":\"es\",\"@id\":\"https:\\\/\\\/lifestyle-immo24.de\\\/es\\\/home-2\\\/#primaryimage\",\"url\":\"https:\\\/\\\/lifestyle-immo24.de\\\/wp-content\\\/uploads\\\/2023\\\/03\\\/bg1.jpg\",\"contentUrl\":\"https:\\\/\\\/lifestyle-immo24.de\\\/wp-content\\\/uploads\\\/2023\\\/03\\\/bg1.jpg\",\"width\":1920,\"height\":606,\"caption\":\"Bookify24 Preisvergleich f\u00fcr Reisen\"},{\"@type\":\"BreadcrumbList\",\"@id\":\"https:\\\/\\\/lifestyle-immo24.de\\\/es\\\/home-2\\\/#breadcrumb\",\"itemListElement\":[{\"@type\":\"ListItem\",\"position\":1,\"name\":\"Startseite\",\"item\":\"https:\\\/\\\/lifestyle-immo24.de\\\/es\\\/\"},{\"@type\":\"ListItem\",\"position\":2,\"name\":\"Startseite\"}]},{\"@type\":\"WebSite\",\"@id\":\"https:\\\/\\\/lifestyle-immo24.de\\\/es\\\/#website\",\"url\":\"https:\\\/\\\/lifestyle-immo24.de\\\/es\\\/\",\"name\":\"Lifestyle Homes\",\"description\":\"Casas de vacaciones en alquiler o en venta\",\"publisher\":{\"@id\":\"https:\\\/\\\/lifestyle-immo24.de\\\/es\\\/#organization\"},\"potentialAction\":[{\"@type\":\"SearchAction\",\"target\":{\"@type\":\"EntryPoint\",\"urlTemplate\":\"https:\\\/\\\/lifestyle-immo24.de\\\/es\\\/?s={search_term_string}\"},\"query-input\":{\"@type\":\"PropertyValueSpecification\",\"valueRequired\":true,\"valueName\":\"search_term_string\"}}],\"inLanguage\":\"es\"},{\"@type\":\"Organization\",\"@id\":\"https:\\\/\\\/lifestyle-immo24.de\\\/es\\\/#organization\",\"name\":\"Lifestyle-Immo24\",\"url\":\"https:\\\/\\\/lifestyle-immo24.de\\\/es\\\/\",\"logo\":{\"@type\":\"ImageObject\",\"inLanguage\":\"es\",\"@id\":\"https:\\\/\\\/lifestyle-immo24.de\\\/es\\\/#\\\/schema\\\/logo\\\/image\\\/\",\"url\":\"https:\\\/\\\/lifestyle-immo24.de\\\/wp-content\\\/uploads\\\/2017\\\/05\\\/LOGO-Michael-Heinze-Immo-1.png\",\"contentUrl\":\"https:\\\/\\\/lifestyle-immo24.de\\\/wp-content\\\/uploads\\\/2017\\\/05\\\/LOGO-Michael-Heinze-Immo-1.png\",\"width\":1559,\"height\":482,\"caption\":\"Lifestyle-Immo24\"},\"image\":{\"@id\":\"https:\\\/\\\/lifestyle-immo24.de\\\/es\\\/#\\\/schema\\\/logo\\\/image\\\/\"},\"sameAs\":[\"https:\\\/\\\/www.facebook.com\\\/LifeStyleImmo24\\\/\"]}]}<\/script>\n<!-- \/ Yoast SEO plugin. -->","yoast_head_json":{"title":"Preisvergleiche f\u00fcr Reisen, Fl\u00fcge, Hotels, Mietwagen und mehr","description":"BOOKIFY24 vergleicht Angebote der gr\u00f6\u00dften Urlaubsportale. Preisvergleich f\u00fcr Hotels, Fl\u00fcge, Mietwagen, Urlaub, Reisen, Ferienhaus, Kreuzfahrt.","robots":{"index":"index","follow":"follow","max-snippet":"max-snippet:-1","max-image-preview":"max-image-preview:large","max-video-preview":"max-video-preview:-1","archive":"noarchive"},"canonical":"https:\/\/lifestyle-immo24.de\/es\/home-2\/","og_locale":"es_ES","og_type":"article","og_title":"Preisvergleiche f\u00fcr Reisen, Fl\u00fcge, Hotels, Mietwagen und mehr","og_description":"BOOKIFY24 vergleicht Angebote der gr\u00f6\u00dften Urlaubsportale. Preisvergleich f\u00fcr Hotels, Fl\u00fcge, Mietwagen, Urlaub, Reisen, Ferienhaus, Kreuzfahrt.","og_url":"https:\/\/lifestyle-immo24.de\/es\/home-2\/","og_site_name":"Lifestyle Homes","article_publisher":"https:\/\/www.facebook.com\/LifeStyleImmo24\/","og_image":[{"width":1920,"height":606,"url":"https:\/\/lifestyle-immo24.de\/wp-content\/uploads\/2023\/03\/bg1.jpg","type":"image\/jpeg"}],"twitter_card":"summary_large_image","twitter_misc":{"Tiempo de lectura":"3 minutos"},"schema":{"@context":"https:\/\/schema.org","@graph":[{"@type":"WebPage","@id":"https:\/\/lifestyle-immo24.de\/es\/home-2\/","url":"https:\/\/lifestyle-immo24.de\/es\/home-2\/","name":"Preisvergleiche f\u00fcr Reisen, Fl\u00fcge, Hotels, Mietwagen und mehr","isPartOf":{"@id":"https:\/\/lifestyle-immo24.de\/es\/#website"},"primaryImageOfPage":{"@id":"https:\/\/lifestyle-immo24.de\/es\/home-2\/#primaryimage"},"image":{"@id":"https:\/\/lifestyle-immo24.de\/home-2\/#primaryimage"},"thumbnailUrl":"https:\/\/lifestyle-immo24.de\/wp-content\/uploads\/2023\/03\/bg1.jpg","datePublished":"2019-08-08T07:57:06+00:00","description":"BOOKIFY24 vergleicht Angebote der gr\u00f6\u00dften Urlaubsportale. Preisvergleich f\u00fcr Hotels, Fl\u00fcge, Mietwagen, Urlaub, Reisen, Ferienhaus, Kreuzfahrt.","breadcrumb":{"@id":"https:\/\/lifestyle-immo24.de\/es\/home-2\/#breadcrumb"},"inLanguage":"es","potentialAction":[{"@type":"ReadAction","target":[["https:\/\/lifestyle-immo24.de\/es\/home-2\/"]]}]},{"@type":"ImageObject","inLanguage":"es","@id":"https:\/\/lifestyle-immo24.de\/es\/home-2\/#primaryimage","url":"https:\/\/lifestyle-immo24.de\/wp-content\/uploads\/2023\/03\/bg1.jpg","contentUrl":"https:\/\/lifestyle-immo24.de\/wp-content\/uploads\/2023\/03\/bg1.jpg","width":1920,"height":606,"caption":"Bookify24 Preisvergleich f\u00fcr Reisen"},{"@type":"BreadcrumbList","@id":"https:\/\/lifestyle-immo24.de\/es\/home-2\/#breadcrumb","itemListElement":[{"@type":"ListItem","position":1,"name":"Startseite","item":"https:\/\/lifestyle-immo24.de\/es\/"},{"@type":"ListItem","position":2,"name":"Startseite"}]},{"@type":"WebSite","@id":"https:\/\/lifestyle-immo24.de\/es\/#website","url":"https:\/\/lifestyle-immo24.de\/es\/","name":"Lifestyle Homes","description":"Casas de vacaciones en alquiler o en venta","publisher":{"@id":"https:\/\/lifestyle-immo24.de\/es\/#organization"},"potentialAction":[{"@type":"SearchAction","target":{"@type":"EntryPoint","urlTemplate":"https:\/\/lifestyle-immo24.de\/es\/?s={search_term_string}"},"query-input":{"@type":"PropertyValueSpecification","valueRequired":true,"valueName":"search_term_string"}}],"inLanguage":"es"},{"@type":"Organization","@id":"https:\/\/lifestyle-immo24.de\/es\/#organization","name":"Lifestyle-Immo24","url":"https:\/\/lifestyle-immo24.de\/es\/","logo":{"@type":"ImageObject","inLanguage":"es","@id":"https:\/\/lifestyle-immo24.de\/es\/#\/schema\/logo\/image\/","url":"https:\/\/lifestyle-immo24.de\/wp-content\/uploads\/2017\/05\/LOGO-Michael-Heinze-Immo-1.png","contentUrl":"https:\/\/lifestyle-immo24.de\/wp-content\/uploads\/2017\/05\/LOGO-Michael-Heinze-Immo-1.png","width":1559,"height":482,"caption":"Lifestyle-Immo24"},"image":{"@id":"https:\/\/lifestyle-immo24.de\/es\/#\/schema\/logo\/image\/"},"sameAs":["https:\/\/www.facebook.com\/LifeStyleImmo24\/"]}]}},"_links":{"self":[{"href":"https:\/\/lifestyle-immo24.de\/es\/wp-json\/wp\/v2\/pages\/9580","targetHints":{"allow":["GET"]}}],"collection":[{"href":"https:\/\/lifestyle-immo24.de\/es\/wp-json\/wp\/v2\/pages"}],"about":[{"href":"https:\/\/lifestyle-immo24.de\/es\/wp-json\/wp\/v2\/types\/page"}],"author":[{"embeddable":true,"href":"https:\/\/lifestyle-immo24.de\/es\/wp-json\/wp\/v2\/users\/190"}],"replies":[{"embeddable":true,"href":"https:\/\/lifestyle-immo24.de\/es\/wp-json\/wp\/v2\/comments?post=9580"}],"version-history":[{"count":0,"href":"https:\/\/lifestyle-immo24.de\/es\/wp-json\/wp\/v2\/pages\/9580\/revisions"}],"wp:featuredmedia":[{"embeddable":true,"href":"https:\/\/lifestyle-immo24.de\/es\/wp-json\/wp\/v2\/media\/21263"}],"wp:attachment":[{"href":"https:\/\/lifestyle-immo24.de\/es\/wp-json\/wp\/v2\/media?parent=9580"}],"curies":[{"name":"wp","href":"https:\/\/api.w.org\/{rel}","templated":true}]}}