{"id":9165,"date":"2019-02-20T10:42:38","date_gmt":"2019-02-20T10:42:38","guid":{"rendered":"http:\/\/shinetheme.com\/travelerdata\/mixmap\/?page_id=9165"},"modified":"2019-02-20T10:42:38","modified_gmt":"2019-02-20T10:42:38","slug":"become-local-expert","status":"publish","type":"page","link":"https:\/\/lifestyle-immo24.de\/es\/become-local-expert\/","title":{"rendered":"Become Local Expert"},"content":{"rendered":"<p>[vc_row full_width=&#8221;stretch_row_content_no_spaces&#8221; css=&#8221;.vc_custom_1685614222394{padding-top: 150px !important;padding-bottom: 150px !important;background-image: url(https:\/\/lifestyle-immo24.de\/wp-content\/uploads\/2023\/06\/img_hero_6.jpg?id=21764) !important;background-position: center !important;background-repeat: no-repeat !important;background-size: cover !important;}&#8221; el_class=&#8221;text-center st-become-banner&#8221;][vc_column][vc_column_text]<\/p>\n<h2 style=\"text-align: center;\"><span style=\"color: #ffffff;\">\u00a1Alquile en Bookify24.com!<\/span><\/h2>\n<h4 style=\"text-align: center;\"><span style=\"color: #ffffff;\">Ofrezca su alojamiento, tour o veh\u00edculo en nuestro sitio web.<\/span><\/h4>\n<p>[\/vc_column_text][vc_empty_space height=&#8221;20px&#8221;][vc_column_text]<a class=\"signup btn btn-danger btn-lg\" rel=\"noopener noreferrer\" data-toggle=\"modal\" data-target=\"#st-register-form\">\u00danete ahora<\/a>[\/vc_column_text][\/vc_column][\/vc_row][vc_row][vc_column][vc_empty_space height=&#8221;45px&#8221;][vc_column_text]<\/p>\n<h2 style=\"text-align: center;\"><strong>\u00bfQu\u00e9 tengo que hacer?<\/strong><\/h2>\n<p>[\/vc_column_text][vc_empty_space height=&#8221;25px&#8221;][\/vc_column][\/vc_row][vc_row el_class=&#8221;st-number-box&#8221;][vc_column width=&#8221;1\/3&#8243; css=&#8221;.vc_custom_1615572742827{padding-bottom: 20px !important;}&#8221;][vc_row_inner][vc_column_inner width=&#8221;1\/4&#8243; css=&#8221;.vc_custom_1615572249600{padding-bottom: 15px !important;}&#8221;][vc_column_text el_class=&#8221;st-number-circle&#8221;]1[\/vc_column_text][\/vc_column_inner][vc_column_inner width=&#8221;3\/4&#8243;][vc_column_text]<\/p>\n<h3>Registrate gratis<\/h3>\n<p>Haga clic en el bot\u00f3n &#8220;Registrarse&#8221; y reg\u00edstrese como socio con nosotros de forma gratuita. Luego puede crear un perfil en su \u00e1rea de acceso personal.[\/vc_column_text][\/vc_column_inner][\/vc_row_inner][\/vc_column][vc_column width=&#8221;1\/3&#8243; css=&#8221;.vc_custom_1615572751203{padding-bottom: 20px !important;}&#8221;][vc_row_inner][vc_column_inner width=&#8221;1\/4&#8243; css=&#8221;.vc_custom_1615572257900{padding-bottom: 15px !important;}&#8221;][vc_column_text el_class=&#8221;st-number-circle&#8221;]2[\/vc_column_text][\/vc_column_inner][vc_column_inner width=&#8221;3\/4&#8243;][vc_column_text]<\/p>\n<h3>Crear anuncio<\/h3>\n<p>En su \u00e1rea de acceso privado puede elegir entre un hotel, casa de vacaciones, habitaci\u00f3n, tour o coche de alquiler y crear su anuncio.[\/vc_column_text][\/vc_column_inner][\/vc_row_inner][\/vc_column][vc_column width=&#8221;1\/3&#8243; css=&#8221;.vc_custom_1615572759800{padding-bottom: 20px !important;}&#8221;][vc_row_inner][vc_column_inner width=&#8221;1\/4&#8243; css=&#8221;.vc_custom_1615572267173{padding-bottom: 15px !important;}&#8221;][vc_column_text el_class=&#8221;st-number-circle&#8221;]3[\/vc_column_text][\/vc_column_inner][vc_column_inner width=&#8221;3\/4&#8243;][vc_column_text]<\/p>\n<h3>Gestionar reservas<\/h3>\n<p>Una vez que se haya publicado su anuncio, recibir\u00e1 un correo electr\u00f3nico con una reserva o una solicitud de cliente y podr\u00e1 procesarlo de inmediato.[\/vc_column_text][\/vc_column_inner][\/vc_row_inner][\/vc_column][\/vc_row][vc_row el_class=&#8221;st-become-feature-wrapper text-center&#8221;][vc_column][vc_empty_space height=&#8221;20px&#8221;][st_video_new link=&#8221;kroXVig0QRc&#8221; background_image=&#8221;16905&#8243; label_video=&#8221;\u00a1Comparte la belleza de tu mundo!&#8221;][vc_empty_space height=&#8221;40px&#8221;][vc_column_text]<\/p>\n<h2 style=\"text-align: center;\"><strong>\u00bfPor qu\u00e9 convertirse en socio?<\/strong><\/h2>\n<p>[\/vc_column_text][vc_empty_space height=&#8221;15px&#8221;][vc_row_inner el_class=&#8221;st-become-feature text-center&#8221;][vc_column_inner el_class=&#8221;column1&#8243; width=&#8221;1\/3&#8243;][vc_single_image image=&#8221;21767&#8243; img_size=&#8221;full&#8221; alignment=&#8221;center&#8221;][vc_column_text]<\/p>\n<h3><span class=\"VIiyi\" lang=\"es\"><span class=\"JLqJ4b ChMk0b\" data-language-for-alternatives=\"es\" data-language-to-translate-into=\"de\" data-phrase-index=\"0\">Ingresos adicionales<\/span><\/span><\/h3>\n<p>[\/vc_column_text][vc_column_text]<span class=\"VIiyi\" lang=\"es\"><span class=\"JLqJ4b ChMk0b\" data-language-for-alternatives=\"es\" data-language-to-translate-into=\"de\" data-phrase-index=\"2\">Como proveedor local, es importante diferenciarse de la competencia.<\/span> <span class=\"JLqJ4b ChMk0b\" data-language-for-alternatives=\"es\" data-language-to-translate-into=\"de\" data-phrase-index=\"3\">Nuestros hermosos anuncios son f\u00e1ciles de crear y pueden aumentar sus reservas y ganancias.<\/span><\/span>[\/vc_column_text][\/vc_column_inner][vc_column_inner width=&#8221;1\/3&#8243;][vc_single_image image=&#8221;21766&#8243; img_size=&#8221;full&#8221; alignment=&#8221;center&#8221;][vc_column_text]<\/p>\n<h3><span class=\"VIiyi\" lang=\"es\"><span class=\"JLqJ4b ChMk0b\" data-language-for-alternatives=\"es\" data-language-to-translate-into=\"de\" data-phrase-index=\"0\">Ganar clientes<\/span><\/span><\/h3>\n<p>[\/vc_column_text][vc_column_text]<span class=\"VIiyi\" lang=\"es\"><span class=\"JLqJ4b ChMk0b\" data-language-for-alternatives=\"es\" data-language-to-translate-into=\"de\" data-phrase-index=\"2\">Cuantos m\u00e1s usuarios vean sus anuncios, m\u00e1s reservas obtendr\u00e1. Utilice nuestro alcance para hacer avanzar su negocio.<\/span> <span class=\"JLqJ4b ChMk0b\" data-language-for-alternatives=\"es\" data-language-to-translate-into=\"de\" data-phrase-index=\"3\">Obtenga calificaciones de estrellas positivas y m\u00e1s clientes habituales.<\/span><\/span>[\/vc_column_text][\/vc_column_inner][vc_column_inner width=&#8221;1\/3&#8243;][vc_single_image image=&#8221;21765&#8243; img_size=&#8221;full&#8221; alignment=&#8221;center&#8221;][vc_column_text]<\/p>\n<h3><span class=\"VIiyi\" lang=\"es\"><span class=\"JLqJ4b ChMk0b\" data-language-for-alternatives=\"es\" data-language-to-translate-into=\"de\" data-phrase-index=\"0\">Comunicaci\u00f3n perfecta<\/span><\/span><\/h3>\n<p>[\/vc_column_text][vc_column_text]<span class=\"VIiyi\" lang=\"es\"><span class=\"JLqJ4b ChMk0b\" data-language-for-alternatives=\"es\" data-language-to-translate-into=\"de\" data-phrase-index=\"2\">Los clientes aman el contacto personal y las calificaciones.<\/span> <span class=\"JLqJ4b ChMk0b\" data-language-for-alternatives=\"es\" data-language-to-translate-into=\"de\" data-phrase-index=\"3\">En su cuenta de socio privado, puede procesar c\u00f3modamente todas las consultas de los clientes y comentar las revisiones.<\/span><\/span>[\/vc_column_text][\/vc_column_inner][\/vc_row_inner][vc_empty_space height=&#8221;15px&#8221;][vc_column_text]<a class=\"signup btn btn-danger btn-lg\" rel=\"noopener noreferrer\" data-toggle=\"modal\" data-target=\"#st-register-form\">\u00danete ahora<\/a>[\/vc_column_text][vc_empty_space height=&#8221;45px&#8221;][vc_separator border_width=&#8221;2&#8243;][vc_empty_space height=&#8221;1px&#8221;][vc_column_text]<\/p>\n<h2 style=\"text-align: center;\"><strong>FAQs<\/strong><\/h2>\n<p>[\/vc_column_text][\/vc_column][\/vc_row][vc_row disable_element=&#8221;yes&#8221; el_class=&#8221;st-become-faqs&#8221;][vc_column width=&#8221;1\/2&#8243;][vc_column_text]<\/p>\n<h3><a href=\"http:\/\/traveler.local\/wp-content\/uploads\/2019\/01\/faqs_icon.png\"><img loading=\"lazy\" decoding=\"async\" class=\"alignnone wp-image-7754\" src=\"http:\/\/traveler.local\/wp-content\/uploads\/2019\/01\/faqs_icon-300x300.png\" alt=\"\" width=\"35\" height=\"35\" \/><\/a>\u00a0Click edit button to change this text.<\/h3>\n<p>Lorem ipsum dolor sit amet, consectetur adipiscing elit. Ut elit tellus, luctus nec ullamcorper mattis, pulvinar dapibus leo.[\/vc_column_text][vc_empty_space height=&#8221;20px&#8221;][vc_separator][vc_empty_space height=&#8221;1px&#8221;][vc_column_text]<\/p>\n<h3><a href=\"http:\/\/traveler.local\/wp-content\/uploads\/2019\/01\/faqs_icon.png\"><img loading=\"lazy\" decoding=\"async\" class=\"alignnone wp-image-7754\" src=\"http:\/\/traveler.local\/wp-content\/uploads\/2019\/01\/faqs_icon-300x300.png\" alt=\"\" width=\"35\" height=\"35\" \/><\/a>\u00a0Click edit button to change this text.<\/h3>\n<p>Lorem ipsum dolor sit amet, consectetur adipiscing elit. Ut elit tellus, luctus nec ullamcorper mattis, pulvinar dapibus leo.[\/vc_column_text][\/vc_column][vc_column width=&#8221;1\/2&#8243;][vc_column_text]<\/p>\n<h3><a href=\"http:\/\/traveler.local\/wp-content\/uploads\/2019\/01\/faqs_icon.png\"><img loading=\"lazy\" decoding=\"async\" class=\"alignnone wp-image-7754\" src=\"http:\/\/traveler.local\/wp-content\/uploads\/2019\/01\/faqs_icon-300x300.png\" alt=\"\" width=\"35\" height=\"35\" \/><\/a>\u00a0Click edit button to change this text.<\/h3>\n<p>Lorem ipsum dolor sit amet, consectetur adipiscing elit. Ut elit tellus, luctus nec ullamcorper mattis, pulvinar dapibus leo.[\/vc_column_text][vc_empty_space height=&#8221;20px&#8221;][vc_separator][vc_empty_space height=&#8221;1px&#8221;][vc_column_text]<\/p>\n<h3><a href=\"http:\/\/traveler.local\/wp-content\/uploads\/2019\/01\/faqs_icon.png\"><img loading=\"lazy\" decoding=\"async\" class=\"alignnone wp-image-7754\" src=\"http:\/\/traveler.local\/wp-content\/uploads\/2019\/01\/faqs_icon-300x300.png\" alt=\"\" width=\"35\" height=\"35\" \/><\/a>\u00a0Click edit button to change this text.<\/h3>\n<p>Lorem ipsum dolor sit amet, consectetur adipiscing elit. Ut elit tellus, luctus nec ullamcorper mattis, pulvinar dapibus leo.[\/vc_column_text][\/vc_column][\/vc_row]<\/p>\n","protected":false},"excerpt":{"rendered":"<p>[vc_row full_width=&#8221;stretch_row_content_no_spaces&#8221; css=&#8221;.vc_custom_1685614222394{padding-top: 150px !important;padding-bottom: 150px !important;background-image: url(https:\/\/lifestyle-immo24.de\/wp-content\/uploads\/2023\/06\/img_hero_6.jpg?id=21764) !important;background-position: center !important;background-repeat: no-repeat !important;background-size: cover !important;}&#8221; el_class=&#8221;text-center st-become-banner&#8221;][vc_column][vc_column_text] \u00a1Alquile en Bookify24.com! Ofrezca su alojamiento, tour o veh\u00edculo en nuestro sitio web. [\/vc_column_text][vc_empty_space height=&#8221;20px&#8221;][vc_column_text]\u00danete ahora[\/vc_column_text][\/vc_column][\/vc_row][vc_row][vc_column][vc_empty_space height=&#8221;45px&#8221;][vc_column_text] \u00bfQu\u00e9 tengo que hacer? [\/vc_column_text][vc_empty_space height=&#8221;25px&#8221;][\/vc_column][\/vc_row][vc_row el_class=&#8221;st-number-box&#8221;][vc_column width=&#8221;1\/3&#8243; css=&#8221;.vc_custom_1615572742827{padding-bottom: 20px !important;}&#8221;][vc_row_inner][vc_column_inner width=&#8221;1\/4&#8243; css=&#8221;.vc_custom_1615572249600{padding-bottom: 15px !important;}&#8221;][vc_column_text el_class=&#8221;st-number-circle&#8221;]1[\/vc_column_text][\/vc_column_inner][vc_column_inner width=&#8221;3\/4&#8243;][vc_column_text] Registrate gratis Haga clic&#8230;<\/p>\n","protected":false},"author":190,"featured_media":26545,"parent":0,"menu_order":0,"comment_status":"closed","ping_status":"closed","template":"templates\/template-home-modern.php","meta":{"_exactmetrics_skip_tracking":false,"_exactmetrics_sitenote_active":false,"_exactmetrics_sitenote_note":"","_exactmetrics_sitenote_category":0,"footnotes":""},"class_list":["post-9165","page","type-page","status-publish","has-post-thumbnail","hentry"],"yoast_head":"<!-- This site is optimized with the Yoast SEO plugin v27.4 - https:\/\/yoast.com\/product\/yoast-seo-wordpress\/ -->\n<title>Become Local Expert &#8211; Lifestyle Homes<\/title>\n<meta name=\"robots\" content=\"index, follow, max-snippet:-1, max-image-preview:large, max-video-preview:-1\" \/>\n<link rel=\"canonical\" href=\"https:\/\/lifestyle-immo24.de\/es\/become-local-expert\/\" \/>\n<meta property=\"og:locale\" content=\"es_ES\" \/>\n<meta property=\"og:type\" content=\"article\" \/>\n<meta property=\"og:title\" content=\"Become Local Expert &#8211; Lifestyle Homes\" \/>\n<meta property=\"og:description\" content=\"[vc_row full_width=&#8221;stretch_row_content_no_spaces&#8221; css=&#8221;.vc_custom_1685614222394{padding-top: 150px !important;padding-bottom: 150px !important;background-image: url(https:\/\/lifestyle-immo24.de\/wp-content\/uploads\/2023\/06\/img_hero_6.jpg?id=21764) !important;background-position: center !important;background-repeat: no-repeat !important;background-size: cover !important;}&#8221; el_class=&#8221;text-center st-become-banner&#8221;][vc_column][vc_column_text] \u00a1Alquile en Bookify24.com! Ofrezca su alojamiento, tour o veh\u00edculo en nuestro sitio web. [\/vc_column_text][vc_empty_space height=&#8221;20px&#8221;][vc_column_text]\u00danete ahora[\/vc_column_text][\/vc_column][\/vc_row][vc_row][vc_column][vc_empty_space height=&#8221;45px&#8221;][vc_column_text] \u00bfQu\u00e9 tengo que hacer? [\/vc_column_text][vc_empty_space height=&#8221;25px&#8221;][\/vc_column][\/vc_row][vc_row el_class=&#8221;st-number-box&#8221;][vc_column width=&#8221;1\/3&#8243; css=&#8221;.vc_custom_1615572742827{padding-bottom: 20px !important;}&#8221;][vc_row_inner][vc_column_inner width=&#8221;1\/4&#8243; css=&#8221;.vc_custom_1615572249600{padding-bottom: 15px !important;}&#8221;][vc_column_text el_class=&#8221;st-number-circle&#8221;]1[\/vc_column_text][\/vc_column_inner][vc_column_inner width=&#8221;3\/4&#8243;][vc_column_text] Registrate gratis Haga clic...\" \/>\n<meta property=\"og:url\" content=\"https:\/\/lifestyle-immo24.de\/es\/become-local-expert\/\" \/>\n<meta property=\"og:site_name\" content=\"Lifestyle Homes\" \/>\n<meta property=\"article:publisher\" content=\"https:\/\/www.facebook.com\/LifeStyleImmo24\/\" \/>\n<meta property=\"og:image\" content=\"https:\/\/lifestyle-immo24.de\/wp-content\/uploads\/2023\/06\/img_hero_6.jpg\" \/>\n\t<meta property=\"og:image:width\" content=\"1440\" \/>\n\t<meta property=\"og:image:height\" content=\"540\" \/>\n\t<meta property=\"og:image:type\" content=\"image\/jpeg\" \/>\n<meta name=\"twitter:card\" content=\"summary_large_image\" \/>\n<meta name=\"twitter:label1\" content=\"Tiempo de lectura\" \/>\n\t<meta name=\"twitter:data1\" content=\"4 minutos\" \/>\n<script type=\"application\/ld+json\" class=\"yoast-schema-graph\">{\"@context\":\"https:\\\/\\\/schema.org\",\"@graph\":[{\"@type\":\"WebPage\",\"@id\":\"https:\\\/\\\/lifestyle-immo24.de\\\/es\\\/become-local-expert\\\/\",\"url\":\"https:\\\/\\\/lifestyle-immo24.de\\\/es\\\/become-local-expert\\\/\",\"name\":\"Become Local Expert &#8211; Lifestyle Homes\",\"isPartOf\":{\"@id\":\"https:\\\/\\\/lifestyle-immo24.de\\\/es\\\/#website\"},\"primaryImageOfPage\":{\"@id\":\"https:\\\/\\\/lifestyle-immo24.de\\\/es\\\/become-local-expert\\\/#primaryimage\"},\"image\":{\"@id\":\"https:\\\/\\\/lifestyle-immo24.de\\\/become-local-expert\\\/#primaryimage\"},\"thumbnailUrl\":\"https:\\\/\\\/lifestyle-immo24.de\\\/wp-content\\\/uploads\\\/2023\\\/06\\\/img_hero_6.jpg\",\"datePublished\":\"2019-02-20T10:42:38+00:00\",\"breadcrumb\":{\"@id\":\"https:\\\/\\\/lifestyle-immo24.de\\\/es\\\/become-local-expert\\\/#breadcrumb\"},\"inLanguage\":\"es\",\"potentialAction\":[{\"@type\":\"ReadAction\",\"target\":[[\"https:\\\/\\\/lifestyle-immo24.de\\\/es\\\/become-local-expert\\\/\"]]}]},{\"@type\":\"ImageObject\",\"inLanguage\":\"es\",\"@id\":\"https:\\\/\\\/lifestyle-immo24.de\\\/es\\\/become-local-expert\\\/#primaryimage\",\"url\":\"https:\\\/\\\/lifestyle-immo24.de\\\/wp-content\\\/uploads\\\/2023\\\/06\\\/img_hero_6.jpg\",\"contentUrl\":\"https:\\\/\\\/lifestyle-immo24.de\\\/wp-content\\\/uploads\\\/2023\\\/06\\\/img_hero_6.jpg\",\"width\":1440,\"height\":540,\"caption\":\"Local Expert\"},{\"@type\":\"BreadcrumbList\",\"@id\":\"https:\\\/\\\/lifestyle-immo24.de\\\/es\\\/become-local-expert\\\/#breadcrumb\",\"itemListElement\":[{\"@type\":\"ListItem\",\"position\":1,\"name\":\"Startseite\",\"item\":\"https:\\\/\\\/lifestyle-immo24.de\\\/es\\\/\"},{\"@type\":\"ListItem\",\"position\":2,\"name\":\"Lokaler Experte Werden\"}]},{\"@type\":\"WebSite\",\"@id\":\"https:\\\/\\\/lifestyle-immo24.de\\\/es\\\/#website\",\"url\":\"https:\\\/\\\/lifestyle-immo24.de\\\/es\\\/\",\"name\":\"Lifestyle Homes\",\"description\":\"Casas de vacaciones en alquiler o en venta\",\"publisher\":{\"@id\":\"https:\\\/\\\/lifestyle-immo24.de\\\/es\\\/#organization\"},\"potentialAction\":[{\"@type\":\"SearchAction\",\"target\":{\"@type\":\"EntryPoint\",\"urlTemplate\":\"https:\\\/\\\/lifestyle-immo24.de\\\/es\\\/?s={search_term_string}\"},\"query-input\":{\"@type\":\"PropertyValueSpecification\",\"valueRequired\":true,\"valueName\":\"search_term_string\"}}],\"inLanguage\":\"es\"},{\"@type\":\"Organization\",\"@id\":\"https:\\\/\\\/lifestyle-immo24.de\\\/es\\\/#organization\",\"name\":\"Lifestyle-Immo24\",\"url\":\"https:\\\/\\\/lifestyle-immo24.de\\\/es\\\/\",\"logo\":{\"@type\":\"ImageObject\",\"inLanguage\":\"es\",\"@id\":\"https:\\\/\\\/lifestyle-immo24.de\\\/es\\\/#\\\/schema\\\/logo\\\/image\\\/\",\"url\":\"https:\\\/\\\/lifestyle-immo24.de\\\/wp-content\\\/uploads\\\/2017\\\/05\\\/LOGO-Michael-Heinze-Immo-1.png\",\"contentUrl\":\"https:\\\/\\\/lifestyle-immo24.de\\\/wp-content\\\/uploads\\\/2017\\\/05\\\/LOGO-Michael-Heinze-Immo-1.png\",\"width\":1559,\"height\":482,\"caption\":\"Lifestyle-Immo24\"},\"image\":{\"@id\":\"https:\\\/\\\/lifestyle-immo24.de\\\/es\\\/#\\\/schema\\\/logo\\\/image\\\/\"},\"sameAs\":[\"https:\\\/\\\/www.facebook.com\\\/LifeStyleImmo24\\\/\"]}]}<\/script>\n<!-- \/ Yoast SEO plugin. -->","yoast_head_json":{"title":"Become Local Expert &#8211; Lifestyle Homes","robots":{"index":"index","follow":"follow","max-snippet":"max-snippet:-1","max-image-preview":"max-image-preview:large","max-video-preview":"max-video-preview:-1"},"canonical":"https:\/\/lifestyle-immo24.de\/es\/become-local-expert\/","og_locale":"es_ES","og_type":"article","og_title":"Become Local Expert &#8211; Lifestyle Homes","og_description":"[vc_row full_width=&#8221;stretch_row_content_no_spaces&#8221; css=&#8221;.vc_custom_1685614222394{padding-top: 150px !important;padding-bottom: 150px !important;background-image: url(https:\/\/lifestyle-immo24.de\/wp-content\/uploads\/2023\/06\/img_hero_6.jpg?id=21764) !important;background-position: center !important;background-repeat: no-repeat !important;background-size: cover !important;}&#8221; el_class=&#8221;text-center st-become-banner&#8221;][vc_column][vc_column_text] \u00a1Alquile en Bookify24.com! Ofrezca su alojamiento, tour o veh\u00edculo en nuestro sitio web. [\/vc_column_text][vc_empty_space height=&#8221;20px&#8221;][vc_column_text]\u00danete ahora[\/vc_column_text][\/vc_column][\/vc_row][vc_row][vc_column][vc_empty_space height=&#8221;45px&#8221;][vc_column_text] \u00bfQu\u00e9 tengo que hacer? [\/vc_column_text][vc_empty_space height=&#8221;25px&#8221;][\/vc_column][\/vc_row][vc_row el_class=&#8221;st-number-box&#8221;][vc_column width=&#8221;1\/3&#8243; css=&#8221;.vc_custom_1615572742827{padding-bottom: 20px !important;}&#8221;][vc_row_inner][vc_column_inner width=&#8221;1\/4&#8243; css=&#8221;.vc_custom_1615572249600{padding-bottom: 15px !important;}&#8221;][vc_column_text el_class=&#8221;st-number-circle&#8221;]1[\/vc_column_text][\/vc_column_inner][vc_column_inner width=&#8221;3\/4&#8243;][vc_column_text] Registrate gratis Haga clic...","og_url":"https:\/\/lifestyle-immo24.de\/es\/become-local-expert\/","og_site_name":"Lifestyle Homes","article_publisher":"https:\/\/www.facebook.com\/LifeStyleImmo24\/","og_image":[{"width":1440,"height":540,"url":"https:\/\/lifestyle-immo24.de\/wp-content\/uploads\/2023\/06\/img_hero_6.jpg","type":"image\/jpeg"}],"twitter_card":"summary_large_image","twitter_misc":{"Tiempo de lectura":"4 minutos"},"schema":{"@context":"https:\/\/schema.org","@graph":[{"@type":"WebPage","@id":"https:\/\/lifestyle-immo24.de\/es\/become-local-expert\/","url":"https:\/\/lifestyle-immo24.de\/es\/become-local-expert\/","name":"Become Local Expert &#8211; Lifestyle Homes","isPartOf":{"@id":"https:\/\/lifestyle-immo24.de\/es\/#website"},"primaryImageOfPage":{"@id":"https:\/\/lifestyle-immo24.de\/es\/become-local-expert\/#primaryimage"},"image":{"@id":"https:\/\/lifestyle-immo24.de\/become-local-expert\/#primaryimage"},"thumbnailUrl":"https:\/\/lifestyle-immo24.de\/wp-content\/uploads\/2023\/06\/img_hero_6.jpg","datePublished":"2019-02-20T10:42:38+00:00","breadcrumb":{"@id":"https:\/\/lifestyle-immo24.de\/es\/become-local-expert\/#breadcrumb"},"inLanguage":"es","potentialAction":[{"@type":"ReadAction","target":[["https:\/\/lifestyle-immo24.de\/es\/become-local-expert\/"]]}]},{"@type":"ImageObject","inLanguage":"es","@id":"https:\/\/lifestyle-immo24.de\/es\/become-local-expert\/#primaryimage","url":"https:\/\/lifestyle-immo24.de\/wp-content\/uploads\/2023\/06\/img_hero_6.jpg","contentUrl":"https:\/\/lifestyle-immo24.de\/wp-content\/uploads\/2023\/06\/img_hero_6.jpg","width":1440,"height":540,"caption":"Local Expert"},{"@type":"BreadcrumbList","@id":"https:\/\/lifestyle-immo24.de\/es\/become-local-expert\/#breadcrumb","itemListElement":[{"@type":"ListItem","position":1,"name":"Startseite","item":"https:\/\/lifestyle-immo24.de\/es\/"},{"@type":"ListItem","position":2,"name":"Lokaler Experte Werden"}]},{"@type":"WebSite","@id":"https:\/\/lifestyle-immo24.de\/es\/#website","url":"https:\/\/lifestyle-immo24.de\/es\/","name":"Lifestyle Homes","description":"Casas de vacaciones en alquiler o en venta","publisher":{"@id":"https:\/\/lifestyle-immo24.de\/es\/#organization"},"potentialAction":[{"@type":"SearchAction","target":{"@type":"EntryPoint","urlTemplate":"https:\/\/lifestyle-immo24.de\/es\/?s={search_term_string}"},"query-input":{"@type":"PropertyValueSpecification","valueRequired":true,"valueName":"search_term_string"}}],"inLanguage":"es"},{"@type":"Organization","@id":"https:\/\/lifestyle-immo24.de\/es\/#organization","name":"Lifestyle-Immo24","url":"https:\/\/lifestyle-immo24.de\/es\/","logo":{"@type":"ImageObject","inLanguage":"es","@id":"https:\/\/lifestyle-immo24.de\/es\/#\/schema\/logo\/image\/","url":"https:\/\/lifestyle-immo24.de\/wp-content\/uploads\/2017\/05\/LOGO-Michael-Heinze-Immo-1.png","contentUrl":"https:\/\/lifestyle-immo24.de\/wp-content\/uploads\/2017\/05\/LOGO-Michael-Heinze-Immo-1.png","width":1559,"height":482,"caption":"Lifestyle-Immo24"},"image":{"@id":"https:\/\/lifestyle-immo24.de\/es\/#\/schema\/logo\/image\/"},"sameAs":["https:\/\/www.facebook.com\/LifeStyleImmo24\/"]}]}},"_links":{"self":[{"href":"https:\/\/lifestyle-immo24.de\/es\/wp-json\/wp\/v2\/pages\/9165","targetHints":{"allow":["GET"]}}],"collection":[{"href":"https:\/\/lifestyle-immo24.de\/es\/wp-json\/wp\/v2\/pages"}],"about":[{"href":"https:\/\/lifestyle-immo24.de\/es\/wp-json\/wp\/v2\/types\/page"}],"author":[{"embeddable":true,"href":"https:\/\/lifestyle-immo24.de\/es\/wp-json\/wp\/v2\/users\/190"}],"replies":[{"embeddable":true,"href":"https:\/\/lifestyle-immo24.de\/es\/wp-json\/wp\/v2\/comments?post=9165"}],"version-history":[{"count":0,"href":"https:\/\/lifestyle-immo24.de\/es\/wp-json\/wp\/v2\/pages\/9165\/revisions"}],"wp:featuredmedia":[{"embeddable":true,"href":"https:\/\/lifestyle-immo24.de\/es\/wp-json\/wp\/v2\/media\/26545"}],"wp:attachment":[{"href":"https:\/\/lifestyle-immo24.de\/es\/wp-json\/wp\/v2\/media?parent=9165"}],"curies":[{"name":"wp","href":"https:\/\/api.w.org\/{rel}","templated":true}]}}