{"id":8315,"date":"2021-04-05T12:32:43","date_gmt":"2021-04-05T10:32:43","guid":{"rendered":"https:\/\/bookify24.com\/?page_id=8315"},"modified":"2021-04-05T12:32:43","modified_gmt":"2021-04-05T10:32:43","slug":"daenemark","status":"publish","type":"page","link":"https:\/\/lifestyle-immo24.de\/es\/ferienunterkuenfte\/daenemark\/","title":{"rendered":"D\u00e4nemark"},"content":{"rendered":"<p class=\"qtranxs-available-languages-message qtranxs-available-languages-message-es\">Disculpa, pero esta entrada est\u00e1 disponible s\u00f3lo en <a href=\"https:\/\/lifestyle-immo24.de\/de\/wp-json\/wp\/v2\/pages\/8315\" class=\"qtranxs-available-language-link qtranxs-available-language-link-de\" title=\"Deutsch\">Deutsch<\/a> y <a href=\"https:\/\/lifestyle-immo24.de\/en\/wp-json\/wp\/v2\/pages\/8315\" class=\"qtranxs-available-language-link qtranxs-available-language-link-en\" title=\"English\">English<\/a>.<\/p>","protected":false},"excerpt":{"rendered":"<p>Disculpa, pero esta entrada est\u00e1 disponible s\u00f3lo en Deutsch y English.<\/p>\n","protected":false},"author":190,"featured_media":0,"parent":26607,"menu_order":0,"comment_status":"open","ping_status":"closed","template":"templates\/template-home-modern.php","meta":{"_exactmetrics_skip_tracking":false,"_exactmetrics_sitenote_active":false,"_exactmetrics_sitenote_note":"","_exactmetrics_sitenote_category":0,"footnotes":""},"class_list":["post-8315","page","type-page","status-publish","hentry"],"yoast_head":"<!-- This site is optimized with the Yoast SEO plugin v27.3 - https:\/\/yoast.com\/product\/yoast-seo-wordpress\/ -->\n<title>D\u00e4nemark - \u00dcber 20000 Ferienh\u00e4user zum Bestpreis mieten!<\/title>\n<meta name=\"description\" content=\"Alle Ferienh\u00e4user der 5 gr\u00f6\u00dften Anbieter in D\u00e4nemark auf einer Seite \u2705 Buchen mit Bestpreisgarantie \u2705 Str\u00e4nde und Natur \u2705 Urlaub mit Hund\" \/>\n<meta name=\"robots\" content=\"index, follow, max-snippet:-1, max-image-preview:large, max-video-preview:-1\" \/>\n<link rel=\"canonical\" href=\"https:\/\/lifestyle-immo24.de\/es\/ferienunterkuenfte\/daenemark\/\" \/>\n<meta property=\"og:locale\" content=\"es_ES\" \/>\n<meta property=\"og:type\" content=\"article\" \/>\n<meta property=\"og:title\" content=\"D\u00e4nemark - \u00dcber 20000 Ferienh\u00e4user zum Bestpreis mieten!\" \/>\n<meta property=\"og:description\" content=\"Alle Ferienh\u00e4user der 5 gr\u00f6\u00dften Anbieter in D\u00e4nemark auf einer Seite \u2705 Buchen mit Bestpreisgarantie \u2705 Str\u00e4nde und Natur \u2705 Urlaub mit Hund\" \/>\n<meta property=\"og:url\" content=\"https:\/\/lifestyle-immo24.de\/es\/ferienunterkuenfte\/daenemark\/\" \/>\n<meta property=\"og:site_name\" content=\"Lifestyle Homes\" \/>\n<meta property=\"article:publisher\" content=\"https:\/\/www.facebook.com\/LifeStyleImmo24\/\" \/>\n<meta name=\"twitter:card\" content=\"summary_large_image\" \/>\n<meta name=\"twitter:label1\" content=\"Tiempo de lectura\" \/>\n\t<meta name=\"twitter:data1\" content=\"6 minutos\" \/>\n<script type=\"application\/ld+json\" class=\"yoast-schema-graph\">{\"@context\":\"https:\\\/\\\/schema.org\",\"@graph\":[{\"@type\":\"WebPage\",\"@id\":\"https:\\\/\\\/lifestyle-immo24.de\\\/es\\\/ferienunterkuenfte\\\/daenemark\\\/\",\"url\":\"https:\\\/\\\/lifestyle-immo24.de\\\/es\\\/ferienunterkuenfte\\\/daenemark\\\/\",\"name\":\"D\u00e4nemark - \u00dcber 20000 Ferienh\u00e4user zum Bestpreis mieten!\",\"isPartOf\":{\"@id\":\"https:\\\/\\\/lifestyle-immo24.de\\\/es\\\/#website\"},\"datePublished\":\"2021-04-05T10:32:43+00:00\",\"description\":\"Alle Ferienh\u00e4user der 5 gr\u00f6\u00dften Anbieter in D\u00e4nemark auf einer Seite \u2705 Buchen mit Bestpreisgarantie \u2705 Str\u00e4nde und Natur \u2705 Urlaub mit Hund\",\"breadcrumb\":{\"@id\":\"https:\\\/\\\/lifestyle-immo24.de\\\/es\\\/ferienunterkuenfte\\\/daenemark\\\/#breadcrumb\"},\"inLanguage\":\"es\",\"potentialAction\":[{\"@type\":\"ReadAction\",\"target\":[[\"https:\\\/\\\/lifestyle-immo24.de\\\/es\\\/ferienunterkuenfte\\\/daenemark\\\/\"]]}]},{\"@type\":\"BreadcrumbList\",\"@id\":\"https:\\\/\\\/lifestyle-immo24.de\\\/es\\\/ferienunterkuenfte\\\/daenemark\\\/#breadcrumb\",\"itemListElement\":[{\"@type\":\"ListItem\",\"position\":1,\"name\":\"Startseite\",\"item\":\"https:\\\/\\\/lifestyle-immo24.de\\\/es\\\/\"},{\"@type\":\"ListItem\",\"position\":2,\"name\":\"Ferienunterk\u00fcnfte\",\"item\":\"https:\\\/\\\/lifestyle-immo24.de\\\/es\\\/ferienunterkuenfte\\\/\"},{\"@type\":\"ListItem\",\"position\":3,\"name\":\"D\u00e4nemark\"}]},{\"@type\":\"WebSite\",\"@id\":\"https:\\\/\\\/lifestyle-immo24.de\\\/es\\\/#website\",\"url\":\"https:\\\/\\\/lifestyle-immo24.de\\\/es\\\/\",\"name\":\"Lifestyle Homes\",\"description\":\"Casas de vacaciones en alquiler o en venta\",\"publisher\":{\"@id\":\"https:\\\/\\\/lifestyle-immo24.de\\\/es\\\/#organization\"},\"potentialAction\":[{\"@type\":\"SearchAction\",\"target\":{\"@type\":\"EntryPoint\",\"urlTemplate\":\"https:\\\/\\\/lifestyle-immo24.de\\\/es\\\/?s={search_term_string}\"},\"query-input\":{\"@type\":\"PropertyValueSpecification\",\"valueRequired\":true,\"valueName\":\"search_term_string\"}}],\"inLanguage\":\"es\"},{\"@type\":\"Organization\",\"@id\":\"https:\\\/\\\/lifestyle-immo24.de\\\/es\\\/#organization\",\"name\":\"Lifestyle-Immo24\",\"url\":\"https:\\\/\\\/lifestyle-immo24.de\\\/es\\\/\",\"logo\":{\"@type\":\"ImageObject\",\"inLanguage\":\"es\",\"@id\":\"https:\\\/\\\/lifestyle-immo24.de\\\/es\\\/#\\\/schema\\\/logo\\\/image\\\/\",\"url\":\"https:\\\/\\\/lifestyle-immo24.de\\\/wp-content\\\/uploads\\\/2017\\\/05\\\/LOGO-Michael-Heinze-Immo-1.png\",\"contentUrl\":\"https:\\\/\\\/lifestyle-immo24.de\\\/wp-content\\\/uploads\\\/2017\\\/05\\\/LOGO-Michael-Heinze-Immo-1.png\",\"width\":1559,\"height\":482,\"caption\":\"Lifestyle-Immo24\"},\"image\":{\"@id\":\"https:\\\/\\\/lifestyle-immo24.de\\\/es\\\/#\\\/schema\\\/logo\\\/image\\\/\"},\"sameAs\":[\"https:\\\/\\\/www.facebook.com\\\/LifeStyleImmo24\\\/\"]}]}<\/script>\n<!-- \/ Yoast SEO plugin. -->","yoast_head_json":{"title":"D\u00e4nemark - \u00dcber 20000 Ferienh\u00e4user zum Bestpreis mieten!","description":"Alle Ferienh\u00e4user der 5 gr\u00f6\u00dften Anbieter in D\u00e4nemark auf einer Seite \u2705 Buchen mit Bestpreisgarantie \u2705 Str\u00e4nde und Natur \u2705 Urlaub mit Hund","robots":{"index":"index","follow":"follow","max-snippet":"max-snippet:-1","max-image-preview":"max-image-preview:large","max-video-preview":"max-video-preview:-1"},"canonical":"https:\/\/lifestyle-immo24.de\/es\/ferienunterkuenfte\/daenemark\/","og_locale":"es_ES","og_type":"article","og_title":"D\u00e4nemark - \u00dcber 20000 Ferienh\u00e4user zum Bestpreis mieten!","og_description":"Alle Ferienh\u00e4user der 5 gr\u00f6\u00dften Anbieter in D\u00e4nemark auf einer Seite \u2705 Buchen mit Bestpreisgarantie \u2705 Str\u00e4nde und Natur \u2705 Urlaub mit Hund","og_url":"https:\/\/lifestyle-immo24.de\/es\/ferienunterkuenfte\/daenemark\/","og_site_name":"Lifestyle Homes","article_publisher":"https:\/\/www.facebook.com\/LifeStyleImmo24\/","twitter_card":"summary_large_image","twitter_misc":{"Tiempo de lectura":"6 minutos"},"schema":{"@context":"https:\/\/schema.org","@graph":[{"@type":"WebPage","@id":"https:\/\/lifestyle-immo24.de\/es\/ferienunterkuenfte\/daenemark\/","url":"https:\/\/lifestyle-immo24.de\/es\/ferienunterkuenfte\/daenemark\/","name":"D\u00e4nemark - \u00dcber 20000 Ferienh\u00e4user zum Bestpreis mieten!","isPartOf":{"@id":"https:\/\/lifestyle-immo24.de\/es\/#website"},"datePublished":"2021-04-05T10:32:43+00:00","description":"Alle Ferienh\u00e4user der 5 gr\u00f6\u00dften Anbieter in D\u00e4nemark auf einer Seite \u2705 Buchen mit Bestpreisgarantie \u2705 Str\u00e4nde und Natur \u2705 Urlaub mit Hund","breadcrumb":{"@id":"https:\/\/lifestyle-immo24.de\/es\/ferienunterkuenfte\/daenemark\/#breadcrumb"},"inLanguage":"es","potentialAction":[{"@type":"ReadAction","target":[["https:\/\/lifestyle-immo24.de\/es\/ferienunterkuenfte\/daenemark\/"]]}]},{"@type":"BreadcrumbList","@id":"https:\/\/lifestyle-immo24.de\/es\/ferienunterkuenfte\/daenemark\/#breadcrumb","itemListElement":[{"@type":"ListItem","position":1,"name":"Startseite","item":"https:\/\/lifestyle-immo24.de\/es\/"},{"@type":"ListItem","position":2,"name":"Ferienunterk\u00fcnfte","item":"https:\/\/lifestyle-immo24.de\/es\/ferienunterkuenfte\/"},{"@type":"ListItem","position":3,"name":"D\u00e4nemark"}]},{"@type":"WebSite","@id":"https:\/\/lifestyle-immo24.de\/es\/#website","url":"https:\/\/lifestyle-immo24.de\/es\/","name":"Lifestyle Homes","description":"Casas de vacaciones en alquiler o en venta","publisher":{"@id":"https:\/\/lifestyle-immo24.de\/es\/#organization"},"potentialAction":[{"@type":"SearchAction","target":{"@type":"EntryPoint","urlTemplate":"https:\/\/lifestyle-immo24.de\/es\/?s={search_term_string}"},"query-input":{"@type":"PropertyValueSpecification","valueRequired":true,"valueName":"search_term_string"}}],"inLanguage":"es"},{"@type":"Organization","@id":"https:\/\/lifestyle-immo24.de\/es\/#organization","name":"Lifestyle-Immo24","url":"https:\/\/lifestyle-immo24.de\/es\/","logo":{"@type":"ImageObject","inLanguage":"es","@id":"https:\/\/lifestyle-immo24.de\/es\/#\/schema\/logo\/image\/","url":"https:\/\/lifestyle-immo24.de\/wp-content\/uploads\/2017\/05\/LOGO-Michael-Heinze-Immo-1.png","contentUrl":"https:\/\/lifestyle-immo24.de\/wp-content\/uploads\/2017\/05\/LOGO-Michael-Heinze-Immo-1.png","width":1559,"height":482,"caption":"Lifestyle-Immo24"},"image":{"@id":"https:\/\/lifestyle-immo24.de\/es\/#\/schema\/logo\/image\/"},"sameAs":["https:\/\/www.facebook.com\/LifeStyleImmo24\/"]}]}},"_links":{"self":[{"href":"https:\/\/lifestyle-immo24.de\/es\/wp-json\/wp\/v2\/pages\/8315","targetHints":{"allow":["GET"]}}],"collection":[{"href":"https:\/\/lifestyle-immo24.de\/es\/wp-json\/wp\/v2\/pages"}],"about":[{"href":"https:\/\/lifestyle-immo24.de\/es\/wp-json\/wp\/v2\/types\/page"}],"author":[{"embeddable":true,"href":"https:\/\/lifestyle-immo24.de\/es\/wp-json\/wp\/v2\/users\/190"}],"replies":[{"embeddable":true,"href":"https:\/\/lifestyle-immo24.de\/es\/wp-json\/wp\/v2\/comments?post=8315"}],"version-history":[{"count":0,"href":"https:\/\/lifestyle-immo24.de\/es\/wp-json\/wp\/v2\/pages\/8315\/revisions"}],"up":[{"embeddable":true,"href":"https:\/\/lifestyle-immo24.de\/es\/wp-json\/wp\/v2\/pages\/26607"}],"wp:attachment":[{"href":"https:\/\/lifestyle-immo24.de\/es\/wp-json\/wp\/v2\/media?parent=8315"}],"curies":[{"name":"wp","href":"https:\/\/api.w.org\/{rel}","templated":true}]}}