{"id":830,"date":"2017-06-06T07:13:27","date_gmt":"2017-06-06T07:13:27","guid":{"rendered":"http:\/\/inspirythemesdemo.com\/realhomes-backup\/?page_id=830"},"modified":"2019-07-19T16:37:03","modified_gmt":"2019-07-19T14:37:03","slug":"edit-profile","status":"publish","type":"page","link":"https:\/\/lifestyle-immo24.de\/es\/edit-profile\/","title":{"rendered":"Editar Perfil"},"content":{"rendered":"<h2>Bienvenido a la secci\u00f3n de perfil!<\/h2>\n<p>Crear un anuncio de bienes ra\u00edces en 5 pasos: (Si ya ha iniciado sesi\u00f3n, comience en el punto 2)<\/p>\n<p class=\"success\"><div class=\"tick-list\"><\/p>\n<ol>\n<li><strong>Haga clic en <a href=\"https:\/\/lifestyle-immo24.de\/es\/login-or-register\/\">&#8220;Entrar \/ Registro&#8221;<\/a><\/strong><\/li>\n<li><strong>Crear \/ Completar perfiles personales en la secci\u00f3n <a href=\"https:\/\/lifestyle-immo24.de\/es\/edit-profile\/\">&#8220;Editar perfil&#8221;<\/a><\/strong> (los detalles se pueden usar como &#8220;Mi informaci\u00f3n de perfil&#8221; en el anuncio)<\/li>\n<li><strong>Seleccione un paquete de membres\u00eda para su anuncio inmobiliario en la secci\u00f3n <a href=\"https:\/\/lifestyle-immo24.de\/es\/edit-profile\/\">&#8220;Editar perfil&#8221;<\/a><\/strong><\/li>\n<li><strong>Cree un anuncio inmobiliario en la secci\u00f3n <a href=\"https:\/\/lifestyle-immo24.de\/es\/submit-property\/\">&#8220;Enviar propiedad&#8221;<\/a><\/strong><\/li>\n<li><strong>Libera y publica tu propiedad en la secci\u00f3n <a href=\"https:\/\/lifestyle-immo24.de\/es\/my-properties\/\">&#8220;Mis propiedades&#8221;<\/a><\/strong><\/li>\n<\/ol>\n<p><\/div><i class=\"icon-remove\"><\/i><\/p>\n<p>Si necesita un calendario de reserva para el alquiler de vacaciones, escriba un mensaje al revisor en <a href=\"https:\/\/lifestyle-immo24.de\/es\/submit-property\/\"><strong>el \u00e1rea de publicidad<\/strong><\/a>. \u00c9l configurar\u00e1 el calendario de acuerdo con sus deseos y luego lo integrar\u00e1 en su anuncio.<\/p>\n<p>\u00a1Te deseamos mucha diversi\u00f3n!<\/p>\n","protected":false},"excerpt":{"rendered":"<p>Bienvenido a la secci\u00f3n de perfil! Crear un anuncio de bienes ra\u00edces en 5 pasos: (Si ya ha iniciado sesi\u00f3n, comience en el punto 2) Si necesita un calendario de reserva para el alquiler de vacaciones, escriba un mensaje al revisor en el \u00e1rea de publicidad. \u00c9l configurar\u00e1 el calendario de acuerdo con sus deseos&#8230;<\/p>\n","protected":false},"author":1,"featured_media":0,"parent":0,"menu_order":0,"comment_status":"closed","ping_status":"closed","template":"templates\/edit-profile.php","meta":{"_exactmetrics_skip_tracking":false,"_exactmetrics_sitenote_active":false,"_exactmetrics_sitenote_note":"","_exactmetrics_sitenote_category":0,"footnotes":""},"class_list":["post-830","page","type-page","status-publish","hentry"],"yoast_head":"<!-- This site is optimized with the Yoast SEO plugin v27.3 - https:\/\/yoast.com\/product\/yoast-seo-wordpress\/ -->\n<title>Editar Perfil &#8211; Lifestyle Homes<\/title>\n<meta name=\"robots\" content=\"index, follow, max-snippet:-1, max-image-preview:large, max-video-preview:-1\" \/>\n<link rel=\"canonical\" href=\"https:\/\/lifestyle-immo24.de\/es\/edit-profile\/\" \/>\n<meta property=\"og:locale\" content=\"es_ES\" \/>\n<meta property=\"og:type\" content=\"article\" \/>\n<meta property=\"og:title\" content=\"Editar Perfil &#8211; Lifestyle Homes\" \/>\n<meta property=\"og:description\" content=\"Bienvenido a la secci\u00f3n de perfil! Crear un anuncio de bienes ra\u00edces en 5 pasos: (Si ya ha iniciado sesi\u00f3n, comience en el punto 2) Si necesita un calendario de reserva para el alquiler de vacaciones, escriba un mensaje al revisor en el \u00e1rea de publicidad. \u00c9l configurar\u00e1 el calendario de acuerdo con sus deseos...\" \/>\n<meta property=\"og:url\" content=\"https:\/\/lifestyle-immo24.de\/es\/edit-profile\/\" \/>\n<meta property=\"og:site_name\" content=\"Lifestyle Homes\" \/>\n<meta property=\"article:publisher\" content=\"https:\/\/www.facebook.com\/LifeStyleImmo24\/\" \/>\n<meta property=\"article:modified_time\" content=\"2019-07-19T14:37:03+00:00\" \/>\n<meta name=\"twitter:card\" content=\"summary_large_image\" \/>\n<meta name=\"twitter:label1\" content=\"Tiempo de lectura\" \/>\n\t<meta name=\"twitter:data1\" content=\"1 minuto\" \/>\n<script type=\"application\/ld+json\" class=\"yoast-schema-graph\">{\"@context\":\"https:\\\/\\\/schema.org\",\"@graph\":[{\"@type\":\"WebPage\",\"@id\":\"https:\\\/\\\/lifestyle-immo24.de\\\/es\\\/edit-profile\\\/\",\"url\":\"https:\\\/\\\/lifestyle-immo24.de\\\/es\\\/edit-profile\\\/\",\"name\":\"Editar Perfil &#8211; Lifestyle Homes\",\"isPartOf\":{\"@id\":\"https:\\\/\\\/lifestyle-immo24.de\\\/es\\\/#website\"},\"datePublished\":\"2017-06-06T07:13:27+00:00\",\"dateModified\":\"2019-07-19T14:37:03+00:00\",\"breadcrumb\":{\"@id\":\"https:\\\/\\\/lifestyle-immo24.de\\\/es\\\/edit-profile\\\/#breadcrumb\"},\"inLanguage\":\"es\",\"potentialAction\":[{\"@type\":\"ReadAction\",\"target\":[[\"https:\\\/\\\/lifestyle-immo24.de\\\/es\\\/edit-profile\\\/\"]]}]},{\"@type\":\"BreadcrumbList\",\"@id\":\"https:\\\/\\\/lifestyle-immo24.de\\\/es\\\/edit-profile\\\/#breadcrumb\",\"itemListElement\":[{\"@type\":\"ListItem\",\"position\":1,\"name\":\"Startseite\",\"item\":\"https:\\\/\\\/lifestyle-immo24.de\\\/es\\\/\"},{\"@type\":\"ListItem\",\"position\":2,\"name\":\"Mein Profil\"}]},{\"@type\":\"WebSite\",\"@id\":\"https:\\\/\\\/lifestyle-immo24.de\\\/es\\\/#website\",\"url\":\"https:\\\/\\\/lifestyle-immo24.de\\\/es\\\/\",\"name\":\"Lifestyle Homes\",\"description\":\"Casas de vacaciones en alquiler o en venta\",\"publisher\":{\"@id\":\"https:\\\/\\\/lifestyle-immo24.de\\\/es\\\/#organization\"},\"potentialAction\":[{\"@type\":\"SearchAction\",\"target\":{\"@type\":\"EntryPoint\",\"urlTemplate\":\"https:\\\/\\\/lifestyle-immo24.de\\\/es\\\/?s={search_term_string}\"},\"query-input\":{\"@type\":\"PropertyValueSpecification\",\"valueRequired\":true,\"valueName\":\"search_term_string\"}}],\"inLanguage\":\"es\"},{\"@type\":\"Organization\",\"@id\":\"https:\\\/\\\/lifestyle-immo24.de\\\/es\\\/#organization\",\"name\":\"Lifestyle-Immo24\",\"url\":\"https:\\\/\\\/lifestyle-immo24.de\\\/es\\\/\",\"logo\":{\"@type\":\"ImageObject\",\"inLanguage\":\"es\",\"@id\":\"https:\\\/\\\/lifestyle-immo24.de\\\/es\\\/#\\\/schema\\\/logo\\\/image\\\/\",\"url\":\"https:\\\/\\\/lifestyle-immo24.de\\\/wp-content\\\/uploads\\\/2017\\\/05\\\/LOGO-Michael-Heinze-Immo-1.png\",\"contentUrl\":\"https:\\\/\\\/lifestyle-immo24.de\\\/wp-content\\\/uploads\\\/2017\\\/05\\\/LOGO-Michael-Heinze-Immo-1.png\",\"width\":1559,\"height\":482,\"caption\":\"Lifestyle-Immo24\"},\"image\":{\"@id\":\"https:\\\/\\\/lifestyle-immo24.de\\\/es\\\/#\\\/schema\\\/logo\\\/image\\\/\"},\"sameAs\":[\"https:\\\/\\\/www.facebook.com\\\/LifeStyleImmo24\\\/\"]}]}<\/script>\n<!-- \/ Yoast SEO plugin. -->","yoast_head_json":{"title":"Editar Perfil &#8211; Lifestyle Homes","robots":{"index":"index","follow":"follow","max-snippet":"max-snippet:-1","max-image-preview":"max-image-preview:large","max-video-preview":"max-video-preview:-1"},"canonical":"https:\/\/lifestyle-immo24.de\/es\/edit-profile\/","og_locale":"es_ES","og_type":"article","og_title":"Editar Perfil &#8211; Lifestyle Homes","og_description":"Bienvenido a la secci\u00f3n de perfil! Crear un anuncio de bienes ra\u00edces en 5 pasos: (Si ya ha iniciado sesi\u00f3n, comience en el punto 2) Si necesita un calendario de reserva para el alquiler de vacaciones, escriba un mensaje al revisor en el \u00e1rea de publicidad. \u00c9l configurar\u00e1 el calendario de acuerdo con sus deseos...","og_url":"https:\/\/lifestyle-immo24.de\/es\/edit-profile\/","og_site_name":"Lifestyle Homes","article_publisher":"https:\/\/www.facebook.com\/LifeStyleImmo24\/","article_modified_time":"2019-07-19T14:37:03+00:00","twitter_card":"summary_large_image","twitter_misc":{"Tiempo de lectura":"1 minuto"},"schema":{"@context":"https:\/\/schema.org","@graph":[{"@type":"WebPage","@id":"https:\/\/lifestyle-immo24.de\/es\/edit-profile\/","url":"https:\/\/lifestyle-immo24.de\/es\/edit-profile\/","name":"Editar Perfil &#8211; Lifestyle Homes","isPartOf":{"@id":"https:\/\/lifestyle-immo24.de\/es\/#website"},"datePublished":"2017-06-06T07:13:27+00:00","dateModified":"2019-07-19T14:37:03+00:00","breadcrumb":{"@id":"https:\/\/lifestyle-immo24.de\/es\/edit-profile\/#breadcrumb"},"inLanguage":"es","potentialAction":[{"@type":"ReadAction","target":[["https:\/\/lifestyle-immo24.de\/es\/edit-profile\/"]]}]},{"@type":"BreadcrumbList","@id":"https:\/\/lifestyle-immo24.de\/es\/edit-profile\/#breadcrumb","itemListElement":[{"@type":"ListItem","position":1,"name":"Startseite","item":"https:\/\/lifestyle-immo24.de\/es\/"},{"@type":"ListItem","position":2,"name":"Mein Profil"}]},{"@type":"WebSite","@id":"https:\/\/lifestyle-immo24.de\/es\/#website","url":"https:\/\/lifestyle-immo24.de\/es\/","name":"Lifestyle Homes","description":"Casas de vacaciones en alquiler o en venta","publisher":{"@id":"https:\/\/lifestyle-immo24.de\/es\/#organization"},"potentialAction":[{"@type":"SearchAction","target":{"@type":"EntryPoint","urlTemplate":"https:\/\/lifestyle-immo24.de\/es\/?s={search_term_string}"},"query-input":{"@type":"PropertyValueSpecification","valueRequired":true,"valueName":"search_term_string"}}],"inLanguage":"es"},{"@type":"Organization","@id":"https:\/\/lifestyle-immo24.de\/es\/#organization","name":"Lifestyle-Immo24","url":"https:\/\/lifestyle-immo24.de\/es\/","logo":{"@type":"ImageObject","inLanguage":"es","@id":"https:\/\/lifestyle-immo24.de\/es\/#\/schema\/logo\/image\/","url":"https:\/\/lifestyle-immo24.de\/wp-content\/uploads\/2017\/05\/LOGO-Michael-Heinze-Immo-1.png","contentUrl":"https:\/\/lifestyle-immo24.de\/wp-content\/uploads\/2017\/05\/LOGO-Michael-Heinze-Immo-1.png","width":1559,"height":482,"caption":"Lifestyle-Immo24"},"image":{"@id":"https:\/\/lifestyle-immo24.de\/es\/#\/schema\/logo\/image\/"},"sameAs":["https:\/\/www.facebook.com\/LifeStyleImmo24\/"]}]}},"_links":{"self":[{"href":"https:\/\/lifestyle-immo24.de\/es\/wp-json\/wp\/v2\/pages\/830","targetHints":{"allow":["GET"]}}],"collection":[{"href":"https:\/\/lifestyle-immo24.de\/es\/wp-json\/wp\/v2\/pages"}],"about":[{"href":"https:\/\/lifestyle-immo24.de\/es\/wp-json\/wp\/v2\/types\/page"}],"author":[{"embeddable":true,"href":"https:\/\/lifestyle-immo24.de\/es\/wp-json\/wp\/v2\/users\/1"}],"replies":[{"embeddable":true,"href":"https:\/\/lifestyle-immo24.de\/es\/wp-json\/wp\/v2\/comments?post=830"}],"version-history":[{"count":0,"href":"https:\/\/lifestyle-immo24.de\/es\/wp-json\/wp\/v2\/pages\/830\/revisions"}],"wp:attachment":[{"href":"https:\/\/lifestyle-immo24.de\/es\/wp-json\/wp\/v2\/media?parent=830"}],"curies":[{"name":"wp","href":"https:\/\/api.w.org\/{rel}","templated":true}]}}