{"id":4995,"date":"2022-01-27T15:51:06","date_gmt":"2022-01-27T14:51:06","guid":{"rendered":"http:\/\/lifestyle-immo24.de\/?page_id=4995"},"modified":"2022-01-27T20:57:10","modified_gmt":"2022-01-27T19:57:10","slug":"mietkaution","status":"publish","type":"page","link":"https:\/\/lifestyle-immo24.de\/es\/mietkaution\/","title":{"rendered":"Mietkaution Vergleich 2022"},"content":{"rendered":"<h1><strong>B\u00fcrgschaft statt Mietkaution<br \/><\/strong><\/h1>\n<p>In die neue Mietwohnung oder das gemietete Haus zu ziehen kann ziemlich ins Geld gehen. Neue M\u00f6bel, eventuell eine K\u00fcche, die Wohnung renovieren und zu guter Letzt auch noch die dreifache Kaltmiete als Kaution an den Vermieter zahlen! Da kommen schnell mehrere tausend Euro zusammen.<\/p>\n<p>F\u00fcr die Mietkaution gibt es allerdings eine gute Altenative: \u00dcbergeben Sie dem neuen Vermieter einfach eine B\u00fcrgschaft (Police) \u00fcber den geforderten Kautionsbetrag.<br \/>Jeder Vermieter akzeptiert diese Kautions\u00fcbernahme bedenkenlos, da er im Fall einer Mietsch\u00e4digung direkt mit der Versicherung f\u00fcr entstandenen Sch\u00e4den abrechnen kann. Ihr Vorteil ist, da\u00df Sie einen verh\u00e4ltnism\u00e4\u00dfig geringen j\u00e4hrlichen Versicherungsbetrag zahlen und mehr Geld f\u00fcr andere Anschaffungen bleibt. Ausserdem gibt es beim Auszug keinen Kampf mit dem Vermieter um die R\u00fcckzahlung der Kaution, da die Police mit dem Auszugstag automatisch erlischt.<br \/>Die j\u00e4hrlichen Kosten f\u00fcr eine Kautionsversicherung h\u00e4ngen von der Kautionssumme ab. Nutzen Sie zur Berechnung einfach unseren kostenlosen Vergleichsrechner.<\/p>\n<p>\t\t\t<iframe onload=\"fa_iframeresize.do(this);\" src=\"https:\/\/tools.financeads.net\/mietkautionrechner.php?tp=dif&#038;h=1&#038;wf=25192&#038;ntpl=responsive\" scrolling=\"no\" width=\"100%\" style=\"padding:0px;margin:0px;border-width:0px;\" frameborder=\"0\"><\/iframe>\t\t<\/p>\n<h3>Noch keine Rechtschutzversicherung?<\/h3>\n<h4><strong><a style=\"color: #ff0000;\" href=\"https:\/\/lifestyle-immo24.de\/rechtschutzversicherung\/\">Rechtschutzversicherungen vergleichen &#8212;&gt;<\/a><\/strong><\/h4>\n<p>&#8220;Bitte beachten Sie, dass es sich bei dieser Website um eine reine Werbeseite und nicht um einen Online-Shop handelt. Sie k\u00f6nnen \u00fcber diese Seite keine Kaufvertr\u00e4ge \u00fcber die dargestellten Artikel abschlie\u00dfen und auch keine pers\u00f6nliche Beratung hierzu in Anspruch nehmen. \u00dcber diese Seite werden Sie zu den entsprechenden Verk\u00e4ufern bzw. deren Online-Shops weitergeleitet. Kaufvertr\u00e4ge k\u00f6nnen Sie nur auf der Internetseite des jeweiligen Unternehmen abschlie\u00dfen. Wir erhalten im Falle der Vermittlung eine kleine Provision, die f\u00fcr den Betrieb und Erhalt dieser Internetseite verwendet.\u201c<\/p>\n","protected":false},"excerpt":{"rendered":"<p>B\u00fcrgschaft statt Mietkaution In die neue Mietwohnung oder das gemietete Haus zu ziehen kann ziemlich ins Geld gehen. Neue M\u00f6bel, eventuell eine K\u00fcche, die Wohnung renovieren und zu guter Letzt auch noch die dreifache Kaltmiete als Kaution an den Vermieter zahlen! Da kommen schnell mehrere tausend Euro zusammen. F\u00fcr die Mietkaution gibt es allerdings eine&#8230;<\/p>\n","protected":false},"author":1,"featured_media":0,"parent":0,"menu_order":0,"comment_status":"closed","ping_status":"closed","template":"templates\/full-width.php","meta":{"_exactmetrics_skip_tracking":false,"_exactmetrics_sitenote_active":false,"_exactmetrics_sitenote_note":"","_exactmetrics_sitenote_category":0,"footnotes":""},"class_list":["post-4995","page","type-page","status-publish","hentry"],"yoast_head":"<!-- This site is optimized with the Yoast SEO plugin v27.3 - https:\/\/yoast.com\/product\/yoast-seo-wordpress\/ -->\n<title>Mietkaution - Bankb\u00fcrgschaft statt Bargeld - Anbietervergleich 2020<\/title>\n<meta name=\"description\" content=\"Mietkaution: Die clevere Bankb\u00fcrgschaft. Bankb\u00fcrgschaft statt Bar Kaution. Die besten und g\u00fcnstigsten Mietkautions Versicherer im Vergleich.\" \/>\n<meta name=\"robots\" content=\"index, follow, max-snippet:-1, max-image-preview:large, max-video-preview:-1\" \/>\n<link rel=\"canonical\" href=\"https:\/\/lifestyle-immo24.de\/es\/mietkaution\/\" \/>\n<meta property=\"og:locale\" content=\"es_ES\" \/>\n<meta property=\"og:type\" content=\"article\" \/>\n<meta property=\"og:title\" content=\"Mietkaution - Bankb\u00fcrgschaft statt Bargeld - Anbietervergleich 2020\" \/>\n<meta property=\"og:description\" content=\"Mietkaution: Die clevere Bankb\u00fcrgschaft. Bankb\u00fcrgschaft statt Bar Kaution. Die besten und g\u00fcnstigsten Mietkautions Versicherer im Vergleich.\" \/>\n<meta property=\"og:url\" content=\"https:\/\/lifestyle-immo24.de\/es\/mietkaution\/\" \/>\n<meta property=\"og:site_name\" content=\"Lifestyle Homes\" \/>\n<meta property=\"article:publisher\" content=\"https:\/\/www.facebook.com\/LifeStyleImmo24\/\" \/>\n<meta property=\"article:modified_time\" content=\"2022-01-27T19:57:10+00:00\" \/>\n<meta name=\"twitter:card\" content=\"summary_large_image\" \/>\n<meta name=\"twitter:label1\" content=\"Tiempo de lectura\" \/>\n\t<meta name=\"twitter:data1\" content=\"1 minuto\" \/>\n<script type=\"application\/ld+json\" class=\"yoast-schema-graph\">{\"@context\":\"https:\\\/\\\/schema.org\",\"@graph\":[{\"@type\":\"WebPage\",\"@id\":\"https:\\\/\\\/lifestyle-immo24.de\\\/es\\\/mietkaution\\\/\",\"url\":\"https:\\\/\\\/lifestyle-immo24.de\\\/es\\\/mietkaution\\\/\",\"name\":\"Mietkaution - Bankb\u00fcrgschaft statt Bargeld - Anbietervergleich 2020\",\"isPartOf\":{\"@id\":\"https:\\\/\\\/lifestyle-immo24.de\\\/es\\\/#website\"},\"datePublished\":\"2022-01-27T14:51:06+00:00\",\"dateModified\":\"2022-01-27T19:57:10+00:00\",\"description\":\"Mietkaution: Die clevere Bankb\u00fcrgschaft. Bankb\u00fcrgschaft statt Bar Kaution. Die besten und g\u00fcnstigsten Mietkautions Versicherer im Vergleich.\",\"breadcrumb\":{\"@id\":\"https:\\\/\\\/lifestyle-immo24.de\\\/es\\\/mietkaution\\\/#breadcrumb\"},\"inLanguage\":\"es\",\"potentialAction\":[{\"@type\":\"ReadAction\",\"target\":[[\"https:\\\/\\\/lifestyle-immo24.de\\\/es\\\/mietkaution\\\/\"]]}]},{\"@type\":\"BreadcrumbList\",\"@id\":\"https:\\\/\\\/lifestyle-immo24.de\\\/es\\\/mietkaution\\\/#breadcrumb\",\"itemListElement\":[{\"@type\":\"ListItem\",\"position\":1,\"name\":\"Startseite\",\"item\":\"https:\\\/\\\/lifestyle-immo24.de\\\/es\\\/\"},{\"@type\":\"ListItem\",\"position\":2,\"name\":\"Mietkaution Vergleich 2022\"}]},{\"@type\":\"WebSite\",\"@id\":\"https:\\\/\\\/lifestyle-immo24.de\\\/es\\\/#website\",\"url\":\"https:\\\/\\\/lifestyle-immo24.de\\\/es\\\/\",\"name\":\"Lifestyle Homes\",\"description\":\"Casas de vacaciones en alquiler o en venta\",\"publisher\":{\"@id\":\"https:\\\/\\\/lifestyle-immo24.de\\\/es\\\/#organization\"},\"potentialAction\":[{\"@type\":\"SearchAction\",\"target\":{\"@type\":\"EntryPoint\",\"urlTemplate\":\"https:\\\/\\\/lifestyle-immo24.de\\\/es\\\/?s={search_term_string}\"},\"query-input\":{\"@type\":\"PropertyValueSpecification\",\"valueRequired\":true,\"valueName\":\"search_term_string\"}}],\"inLanguage\":\"es\"},{\"@type\":\"Organization\",\"@id\":\"https:\\\/\\\/lifestyle-immo24.de\\\/es\\\/#organization\",\"name\":\"Lifestyle-Immo24\",\"url\":\"https:\\\/\\\/lifestyle-immo24.de\\\/es\\\/\",\"logo\":{\"@type\":\"ImageObject\",\"inLanguage\":\"es\",\"@id\":\"https:\\\/\\\/lifestyle-immo24.de\\\/es\\\/#\\\/schema\\\/logo\\\/image\\\/\",\"url\":\"https:\\\/\\\/lifestyle-immo24.de\\\/wp-content\\\/uploads\\\/2017\\\/05\\\/LOGO-Michael-Heinze-Immo-1.png\",\"contentUrl\":\"https:\\\/\\\/lifestyle-immo24.de\\\/wp-content\\\/uploads\\\/2017\\\/05\\\/LOGO-Michael-Heinze-Immo-1.png\",\"width\":1559,\"height\":482,\"caption\":\"Lifestyle-Immo24\"},\"image\":{\"@id\":\"https:\\\/\\\/lifestyle-immo24.de\\\/es\\\/#\\\/schema\\\/logo\\\/image\\\/\"},\"sameAs\":[\"https:\\\/\\\/www.facebook.com\\\/LifeStyleImmo24\\\/\"]}]}<\/script>\n<!-- \/ Yoast SEO plugin. -->","yoast_head_json":{"title":"Mietkaution - Bankb\u00fcrgschaft statt Bargeld - Anbietervergleich 2020","description":"Mietkaution: Die clevere Bankb\u00fcrgschaft. Bankb\u00fcrgschaft statt Bar Kaution. Die besten und g\u00fcnstigsten Mietkautions Versicherer im Vergleich.","robots":{"index":"index","follow":"follow","max-snippet":"max-snippet:-1","max-image-preview":"max-image-preview:large","max-video-preview":"max-video-preview:-1"},"canonical":"https:\/\/lifestyle-immo24.de\/es\/mietkaution\/","og_locale":"es_ES","og_type":"article","og_title":"Mietkaution - Bankb\u00fcrgschaft statt Bargeld - Anbietervergleich 2020","og_description":"Mietkaution: Die clevere Bankb\u00fcrgschaft. Bankb\u00fcrgschaft statt Bar Kaution. Die besten und g\u00fcnstigsten Mietkautions Versicherer im Vergleich.","og_url":"https:\/\/lifestyle-immo24.de\/es\/mietkaution\/","og_site_name":"Lifestyle Homes","article_publisher":"https:\/\/www.facebook.com\/LifeStyleImmo24\/","article_modified_time":"2022-01-27T19:57:10+00:00","twitter_card":"summary_large_image","twitter_misc":{"Tiempo de lectura":"1 minuto"},"schema":{"@context":"https:\/\/schema.org","@graph":[{"@type":"WebPage","@id":"https:\/\/lifestyle-immo24.de\/es\/mietkaution\/","url":"https:\/\/lifestyle-immo24.de\/es\/mietkaution\/","name":"Mietkaution - Bankb\u00fcrgschaft statt Bargeld - Anbietervergleich 2020","isPartOf":{"@id":"https:\/\/lifestyle-immo24.de\/es\/#website"},"datePublished":"2022-01-27T14:51:06+00:00","dateModified":"2022-01-27T19:57:10+00:00","description":"Mietkaution: Die clevere Bankb\u00fcrgschaft. Bankb\u00fcrgschaft statt Bar Kaution. Die besten und g\u00fcnstigsten Mietkautions Versicherer im Vergleich.","breadcrumb":{"@id":"https:\/\/lifestyle-immo24.de\/es\/mietkaution\/#breadcrumb"},"inLanguage":"es","potentialAction":[{"@type":"ReadAction","target":[["https:\/\/lifestyle-immo24.de\/es\/mietkaution\/"]]}]},{"@type":"BreadcrumbList","@id":"https:\/\/lifestyle-immo24.de\/es\/mietkaution\/#breadcrumb","itemListElement":[{"@type":"ListItem","position":1,"name":"Startseite","item":"https:\/\/lifestyle-immo24.de\/es\/"},{"@type":"ListItem","position":2,"name":"Mietkaution Vergleich 2022"}]},{"@type":"WebSite","@id":"https:\/\/lifestyle-immo24.de\/es\/#website","url":"https:\/\/lifestyle-immo24.de\/es\/","name":"Lifestyle Homes","description":"Casas de vacaciones en alquiler o en venta","publisher":{"@id":"https:\/\/lifestyle-immo24.de\/es\/#organization"},"potentialAction":[{"@type":"SearchAction","target":{"@type":"EntryPoint","urlTemplate":"https:\/\/lifestyle-immo24.de\/es\/?s={search_term_string}"},"query-input":{"@type":"PropertyValueSpecification","valueRequired":true,"valueName":"search_term_string"}}],"inLanguage":"es"},{"@type":"Organization","@id":"https:\/\/lifestyle-immo24.de\/es\/#organization","name":"Lifestyle-Immo24","url":"https:\/\/lifestyle-immo24.de\/es\/","logo":{"@type":"ImageObject","inLanguage":"es","@id":"https:\/\/lifestyle-immo24.de\/es\/#\/schema\/logo\/image\/","url":"https:\/\/lifestyle-immo24.de\/wp-content\/uploads\/2017\/05\/LOGO-Michael-Heinze-Immo-1.png","contentUrl":"https:\/\/lifestyle-immo24.de\/wp-content\/uploads\/2017\/05\/LOGO-Michael-Heinze-Immo-1.png","width":1559,"height":482,"caption":"Lifestyle-Immo24"},"image":{"@id":"https:\/\/lifestyle-immo24.de\/es\/#\/schema\/logo\/image\/"},"sameAs":["https:\/\/www.facebook.com\/LifeStyleImmo24\/"]}]}},"_links":{"self":[{"href":"https:\/\/lifestyle-immo24.de\/es\/wp-json\/wp\/v2\/pages\/4995","targetHints":{"allow":["GET"]}}],"collection":[{"href":"https:\/\/lifestyle-immo24.de\/es\/wp-json\/wp\/v2\/pages"}],"about":[{"href":"https:\/\/lifestyle-immo24.de\/es\/wp-json\/wp\/v2\/types\/page"}],"author":[{"embeddable":true,"href":"https:\/\/lifestyle-immo24.de\/es\/wp-json\/wp\/v2\/users\/1"}],"replies":[{"embeddable":true,"href":"https:\/\/lifestyle-immo24.de\/es\/wp-json\/wp\/v2\/comments?post=4995"}],"version-history":[{"count":0,"href":"https:\/\/lifestyle-immo24.de\/es\/wp-json\/wp\/v2\/pages\/4995\/revisions"}],"wp:attachment":[{"href":"https:\/\/lifestyle-immo24.de\/es\/wp-json\/wp\/v2\/media?parent=4995"}],"curies":[{"name":"wp","href":"https:\/\/api.w.org\/{rel}","templated":true}]}}