{"id":4952,"date":"2022-01-12T14:01:00","date_gmt":"2022-01-12T13:01:00","guid":{"rendered":"http:\/\/lifestyle-immo24.de\/?page_id=4952"},"modified":"2023-01-19T18:32:14","modified_gmt":"2023-01-19T17:32:14","slug":"girokontovergleich","status":"publish","type":"page","link":"https:\/\/lifestyle-immo24.de\/es\/girokontovergleich\/","title":{"rendered":"Girokontovergleich"},"content":{"rendered":"<\/p>\n<h2>Calculadora comparativa TOP 10 &#8211; Cuenta Corriente<\/h2>\n<div class=\"tick-list\"><\/p>\n<ul>\n<li>Calculadora de comparaci\u00f3n gratuita!<\/li>\n<li>\u00a1Tasas de inter\u00e9s actuales!<\/li>\n<li>\u00a1Hasta 200 \u20ac de bonificaci\u00f3n para nuevos clientes!<\/li>\n<li>\u00a1Numerosos ganadores de pruebas!<\/li>\n<li>\u00a1Solicitud de proveedor seguro SSL!<\/li>\n<\/ul>\n<p><\/div>\n<p>\t\t\t<iframe loading=\"lazy\" onload=\"fa_iframeresize.do(this);\" src=\"https:\/\/tools.financeads.net\/girokontorechner.php?tp=dif&#038;wf=36847&#038;ntpl=responsive&#038;country=ES&#038;h=1\" scrolling=\"no\" width=\"650\" height=\"890\" style=\"padding:0px; margin:0px; border-width:0px;\" frameborder=\"0\"><\/iframe>\t\t<\/p>\n<h2>\u00bfRenovar tu casa, una cocina nueva o un coche nuevo?<\/h2>\n<p><strong>Encuentra los pr\u00e9stamos m\u00e1s baratos actualmente de forma r\u00e1pida y sencilla:<\/strong><\/p>\n<a class=\"rh_btn rh_btn--primary btn-large\" href=\"https:\/\/lifestyle-immo24.de\/ratenkreditrechner\/\" target=\"\">Ir a la comparaci\u00f3n de pr\u00e9stamos a plazos-&gt;<\/a>\n<h2>El mejor portal de comparaci\u00f3n de viajes<\/h2>\n<p><strong>Vuelo, hotel, coche de alquiler, cruceros y mucho m\u00e1s &#8211; viaja al mejor precio:<\/strong><\/p>\n<a class=\"rh_btn rh_btn--primary btn-large\" href=\"https:\/\/bookify24,com\" target=\"\">Paquetes tur\u00edsticos BOOKIFY24.COM<\/a>\n<p><em>&#8220;Nota: tenga en cuenta que este sitio web es meramente una p\u00e1gina publicitaria de Financeads.GmbH. Lifestyle-Immo24 no es un corredor de seguros ni un asesor financiero. Despu\u00e9s de usar el bot\u00f3n de proveedor, ser\u00e1 remitido al socio publicitario respectivo y, en el caso de clientes potenciales o ventas verificados, recibiremos una peque\u00f1a comisi\u00f3n que se utilizar\u00e1 para el funcionamiento continuo de este sitio web &#8220;.<\/em><\/p>\n","protected":false},"excerpt":{"rendered":"<p>Calculadora comparativa TOP 10 &#8211; Cuenta Corriente \u00bfRenovar tu casa, una cocina nueva o un coche nuevo? Encuentra los pr\u00e9stamos m\u00e1s baratos actualmente de forma r\u00e1pida y sencilla: El mejor portal de comparaci\u00f3n de viajes Vuelo, hotel, coche de alquiler, cruceros y mucho m\u00e1s &#8211; viaja al mejor precio: &#8220;Nota: tenga en cuenta que este&#8230;<\/p>\n","protected":false},"author":1,"featured_media":0,"parent":0,"menu_order":0,"comment_status":"closed","ping_status":"closed","template":"templates\/fluid-width.php","meta":{"_exactmetrics_skip_tracking":false,"_exactmetrics_sitenote_active":false,"_exactmetrics_sitenote_note":"","_exactmetrics_sitenote_category":0,"footnotes":""},"class_list":["post-4952","page","type-page","status-publish","hentry"],"yoast_head":"<!-- This site is optimized with the Yoast SEO plugin v27.4 - https:\/\/yoast.com\/product\/yoast-seo-wordpress\/ -->\n<title>Girokontovergleich - Schnell und einfach das beste Konto finden.<\/title>\n<meta name=\"description\" content=\"Girokontovergleich f\u00fcr 2023 - Schnell - Einfach - Kostenlos \u2713 Wechselservice \u2713 Neukundenbonus \u2713 Exklusive Pr\u00e4mien \u2713 Digitaler Umzug\" \/>\n<meta name=\"robots\" content=\"index, follow, max-snippet:-1, max-image-preview:large, max-video-preview:-1\" \/>\n<link rel=\"canonical\" href=\"https:\/\/lifestyle-immo24.de\/es\/girokontovergleich\/\" \/>\n<meta property=\"og:locale\" content=\"es_ES\" \/>\n<meta property=\"og:type\" content=\"article\" \/>\n<meta property=\"og:title\" content=\"Girokontovergleich - Schnell und einfach das beste Konto finden.\" \/>\n<meta property=\"og:description\" content=\"Girokontovergleich f\u00fcr 2023 - Schnell - Einfach - Kostenlos \u2713 Wechselservice \u2713 Neukundenbonus \u2713 Exklusive Pr\u00e4mien \u2713 Digitaler Umzug\" \/>\n<meta property=\"og:url\" content=\"https:\/\/lifestyle-immo24.de\/es\/girokontovergleich\/\" \/>\n<meta property=\"og:site_name\" content=\"Lifestyle Homes\" \/>\n<meta property=\"article:publisher\" content=\"https:\/\/www.facebook.com\/LifeStyleImmo24\/\" \/>\n<meta property=\"article:modified_time\" content=\"2023-01-19T17:32:14+00:00\" \/>\n<meta name=\"twitter:card\" content=\"summary_large_image\" \/>\n<meta name=\"twitter:label1\" content=\"Tiempo de lectura\" \/>\n\t<meta name=\"twitter:data1\" content=\"1 minuto\" \/>\n<script type=\"application\/ld+json\" class=\"yoast-schema-graph\">{\"@context\":\"https:\\\/\\\/schema.org\",\"@graph\":[{\"@type\":\"WebPage\",\"@id\":\"https:\\\/\\\/lifestyle-immo24.de\\\/es\\\/girokontovergleich\\\/\",\"url\":\"https:\\\/\\\/lifestyle-immo24.de\\\/es\\\/girokontovergleich\\\/\",\"name\":\"Girokontovergleich - Schnell und einfach das beste Konto finden.\",\"isPartOf\":{\"@id\":\"https:\\\/\\\/lifestyle-immo24.de\\\/es\\\/#website\"},\"datePublished\":\"2022-01-12T13:01:00+00:00\",\"dateModified\":\"2023-01-19T17:32:14+00:00\",\"description\":\"Girokontovergleich f\u00fcr 2023 - Schnell - Einfach - Kostenlos \u2713 Wechselservice \u2713 Neukundenbonus \u2713 Exklusive Pr\u00e4mien \u2713 Digitaler Umzug\",\"breadcrumb\":{\"@id\":\"https:\\\/\\\/lifestyle-immo24.de\\\/es\\\/girokontovergleich\\\/#breadcrumb\"},\"inLanguage\":\"es\",\"potentialAction\":[{\"@type\":\"ReadAction\",\"target\":[[\"https:\\\/\\\/lifestyle-immo24.de\\\/es\\\/girokontovergleich\\\/\"]]}]},{\"@type\":\"BreadcrumbList\",\"@id\":\"https:\\\/\\\/lifestyle-immo24.de\\\/es\\\/girokontovergleich\\\/#breadcrumb\",\"itemListElement\":[{\"@type\":\"ListItem\",\"position\":1,\"name\":\"Startseite\",\"item\":\"https:\\\/\\\/lifestyle-immo24.de\\\/es\\\/\"},{\"@type\":\"ListItem\",\"position\":2,\"name\":\"Girokontovergleich\"}]},{\"@type\":\"WebSite\",\"@id\":\"https:\\\/\\\/lifestyle-immo24.de\\\/es\\\/#website\",\"url\":\"https:\\\/\\\/lifestyle-immo24.de\\\/es\\\/\",\"name\":\"Lifestyle Homes\",\"description\":\"Casas de vacaciones en alquiler o en venta\",\"publisher\":{\"@id\":\"https:\\\/\\\/lifestyle-immo24.de\\\/es\\\/#organization\"},\"potentialAction\":[{\"@type\":\"SearchAction\",\"target\":{\"@type\":\"EntryPoint\",\"urlTemplate\":\"https:\\\/\\\/lifestyle-immo24.de\\\/es\\\/?s={search_term_string}\"},\"query-input\":{\"@type\":\"PropertyValueSpecification\",\"valueRequired\":true,\"valueName\":\"search_term_string\"}}],\"inLanguage\":\"es\"},{\"@type\":\"Organization\",\"@id\":\"https:\\\/\\\/lifestyle-immo24.de\\\/es\\\/#organization\",\"name\":\"Lifestyle-Immo24\",\"url\":\"https:\\\/\\\/lifestyle-immo24.de\\\/es\\\/\",\"logo\":{\"@type\":\"ImageObject\",\"inLanguage\":\"es\",\"@id\":\"https:\\\/\\\/lifestyle-immo24.de\\\/es\\\/#\\\/schema\\\/logo\\\/image\\\/\",\"url\":\"https:\\\/\\\/lifestyle-immo24.de\\\/wp-content\\\/uploads\\\/2017\\\/05\\\/LOGO-Michael-Heinze-Immo-1.png\",\"contentUrl\":\"https:\\\/\\\/lifestyle-immo24.de\\\/wp-content\\\/uploads\\\/2017\\\/05\\\/LOGO-Michael-Heinze-Immo-1.png\",\"width\":1559,\"height\":482,\"caption\":\"Lifestyle-Immo24\"},\"image\":{\"@id\":\"https:\\\/\\\/lifestyle-immo24.de\\\/es\\\/#\\\/schema\\\/logo\\\/image\\\/\"},\"sameAs\":[\"https:\\\/\\\/www.facebook.com\\\/LifeStyleImmo24\\\/\"]}]}<\/script>\n<!-- \/ Yoast SEO plugin. -->","yoast_head_json":{"title":"Girokontovergleich - Schnell und einfach das beste Konto finden.","description":"Girokontovergleich f\u00fcr 2023 - Schnell - Einfach - Kostenlos \u2713 Wechselservice \u2713 Neukundenbonus \u2713 Exklusive Pr\u00e4mien \u2713 Digitaler Umzug","robots":{"index":"index","follow":"follow","max-snippet":"max-snippet:-1","max-image-preview":"max-image-preview:large","max-video-preview":"max-video-preview:-1"},"canonical":"https:\/\/lifestyle-immo24.de\/es\/girokontovergleich\/","og_locale":"es_ES","og_type":"article","og_title":"Girokontovergleich - Schnell und einfach das beste Konto finden.","og_description":"Girokontovergleich f\u00fcr 2023 - Schnell - Einfach - Kostenlos \u2713 Wechselservice \u2713 Neukundenbonus \u2713 Exklusive Pr\u00e4mien \u2713 Digitaler Umzug","og_url":"https:\/\/lifestyle-immo24.de\/es\/girokontovergleich\/","og_site_name":"Lifestyle Homes","article_publisher":"https:\/\/www.facebook.com\/LifeStyleImmo24\/","article_modified_time":"2023-01-19T17:32:14+00:00","twitter_card":"summary_large_image","twitter_misc":{"Tiempo de lectura":"1 minuto"},"schema":{"@context":"https:\/\/schema.org","@graph":[{"@type":"WebPage","@id":"https:\/\/lifestyle-immo24.de\/es\/girokontovergleich\/","url":"https:\/\/lifestyle-immo24.de\/es\/girokontovergleich\/","name":"Girokontovergleich - Schnell und einfach das beste Konto finden.","isPartOf":{"@id":"https:\/\/lifestyle-immo24.de\/es\/#website"},"datePublished":"2022-01-12T13:01:00+00:00","dateModified":"2023-01-19T17:32:14+00:00","description":"Girokontovergleich f\u00fcr 2023 - Schnell - Einfach - Kostenlos \u2713 Wechselservice \u2713 Neukundenbonus \u2713 Exklusive Pr\u00e4mien \u2713 Digitaler Umzug","breadcrumb":{"@id":"https:\/\/lifestyle-immo24.de\/es\/girokontovergleich\/#breadcrumb"},"inLanguage":"es","potentialAction":[{"@type":"ReadAction","target":[["https:\/\/lifestyle-immo24.de\/es\/girokontovergleich\/"]]}]},{"@type":"BreadcrumbList","@id":"https:\/\/lifestyle-immo24.de\/es\/girokontovergleich\/#breadcrumb","itemListElement":[{"@type":"ListItem","position":1,"name":"Startseite","item":"https:\/\/lifestyle-immo24.de\/es\/"},{"@type":"ListItem","position":2,"name":"Girokontovergleich"}]},{"@type":"WebSite","@id":"https:\/\/lifestyle-immo24.de\/es\/#website","url":"https:\/\/lifestyle-immo24.de\/es\/","name":"Lifestyle Homes","description":"Casas de vacaciones en alquiler o en venta","publisher":{"@id":"https:\/\/lifestyle-immo24.de\/es\/#organization"},"potentialAction":[{"@type":"SearchAction","target":{"@type":"EntryPoint","urlTemplate":"https:\/\/lifestyle-immo24.de\/es\/?s={search_term_string}"},"query-input":{"@type":"PropertyValueSpecification","valueRequired":true,"valueName":"search_term_string"}}],"inLanguage":"es"},{"@type":"Organization","@id":"https:\/\/lifestyle-immo24.de\/es\/#organization","name":"Lifestyle-Immo24","url":"https:\/\/lifestyle-immo24.de\/es\/","logo":{"@type":"ImageObject","inLanguage":"es","@id":"https:\/\/lifestyle-immo24.de\/es\/#\/schema\/logo\/image\/","url":"https:\/\/lifestyle-immo24.de\/wp-content\/uploads\/2017\/05\/LOGO-Michael-Heinze-Immo-1.png","contentUrl":"https:\/\/lifestyle-immo24.de\/wp-content\/uploads\/2017\/05\/LOGO-Michael-Heinze-Immo-1.png","width":1559,"height":482,"caption":"Lifestyle-Immo24"},"image":{"@id":"https:\/\/lifestyle-immo24.de\/es\/#\/schema\/logo\/image\/"},"sameAs":["https:\/\/www.facebook.com\/LifeStyleImmo24\/"]}]}},"_links":{"self":[{"href":"https:\/\/lifestyle-immo24.de\/es\/wp-json\/wp\/v2\/pages\/4952","targetHints":{"allow":["GET"]}}],"collection":[{"href":"https:\/\/lifestyle-immo24.de\/es\/wp-json\/wp\/v2\/pages"}],"about":[{"href":"https:\/\/lifestyle-immo24.de\/es\/wp-json\/wp\/v2\/types\/page"}],"author":[{"embeddable":true,"href":"https:\/\/lifestyle-immo24.de\/es\/wp-json\/wp\/v2\/users\/1"}],"replies":[{"embeddable":true,"href":"https:\/\/lifestyle-immo24.de\/es\/wp-json\/wp\/v2\/comments?post=4952"}],"version-history":[{"count":0,"href":"https:\/\/lifestyle-immo24.de\/es\/wp-json\/wp\/v2\/pages\/4952\/revisions"}],"wp:attachment":[{"href":"https:\/\/lifestyle-immo24.de\/es\/wp-json\/wp\/v2\/media?parent=4952"}],"curies":[{"name":"wp","href":"https:\/\/api.w.org\/{rel}","templated":true}]}}