{"id":44,"date":"2017-06-03T23:45:40","date_gmt":"2017-06-03T21:45:40","guid":{"rendered":"http:\/\/realhomes.inspirythemes.com\/?page_id=44"},"modified":"2021-05-05T03:20:37","modified_gmt":"2021-05-05T01:20:37","slug":"startseite","status":"publish","type":"page","link":"https:\/\/lifestyle-immo24.de\/es\/startseite\/","title":{"rendered":"Iniciar"},"content":{"rendered":"<p>[vc_row css=&#8221;.vc_custom_1618927514564{background-color: #37b3d9 !important;}&#8221;][vc_column][vc_column_text]<\/p>\n<h1 style=\"text-align: center;\">Bienes ra\u00edces en los lugares m\u00e1s bellos del mundo<\/h1>\n<p style=\"text-align: center;\">\u00a1Casas de vacaciones, villas, apartamentos y mucho m\u00e1s!<\/p>\n<p>[\/vc_column_text][\/vc_column][\/vc_row][vc_row][vc_column][vc_raw_html]JTVCYWRpbnNlcnRlciUyMGJsb2NrJTNEJTIyMiUyMiU1RA==[\/vc_raw_html][\/vc_column][\/vc_row][vc_row][vc_column][vc_column_text]<\/p>\n<h2 style=\"text-align: center;\">Alquiler de vacaciones en alquiler<\/h2>\n<p style=\"text-align: center;\">* Simplemente cambie la ubicaci\u00f3n preestablecida (Mallorca) y la fecha de viaje. M\u00e1s o menos resultados con la tecla +\/-.<\/p>\n<p>[\/vc_column_text][\/vc_column][\/vc_row][vc_row][vc_column][vc_raw_html]JTNDaW5zJTIwY2xhc3MlM0QlMjJib29raW5nYWZmJTIyJTIwZGF0YS1haWQlM0QlMjIxOTUwNzcyJTIyJTIwZGF0YS10YXJnZXRfYWlkJTNEJTIyMTk1MDc3MiUyMiUyMGRhdGEtcHJvZCUzRCUyMm1hcCUyMiUyMGRhdGEtd2lkdGglM0QlMjIxMDAlMjUlMjIlMjBkYXRhLWhlaWdodCUzRCUyMjU5MCUyMiUyMGRhdGEtbGFuZyUzRCUyMmVzJTIyJTIwZGF0YS1kZXN0X2lkJTNEJTIyMCUyMiUyMGRhdGEtZGVzdF90eXBlJTNEJTIybGFuZG1hcmslMjIlMjBkYXRhLWxhdGl0dWRlJTNEJTIyMzguNTA0MzgzOCUyMiUyMGRhdGEtbG9uZ2l0dWRlJTNEJTIyLTAuMjY0MzQ1NSUyMiUyMGRhdGEtbXdoc2IlM0QlMjIwJTIyJTIwZGF0YS1hZGRyZXNzJTNEJTIyQ29zdGElMjBCbGFuY2ElMkMlMjBTcGFpbiUyMiUyMGRhdGEtem9vbSUzRCUyMjklMjIlM0UlMEElMjAlMjAlMjAlMjAlM0MlMjEtLSUyMEFueXRoaW5nJTIwaW5zaWRlJTIwd2lsbCUyMGdvJTIwYXdheSUyMG9uY2UlMjB3aWRnZXQlMjBpcyUyMGxvYWRlZC4lMjAtLSUzRSUwQSUyMCUyMCUyMCUyMCUyMCUyMCUyMCUyMCUzQ2ElMjBocmVmJTNEJTIyJTJGJTJGd3d3LmJvb2tpbmcuY29tJTNGYWlkJTNEMTk1MDc3MiUyMiUzRUJvb2tpbmcuY29tJTNDJTJGYSUzRSUwQSUzQyUyRmlucyUzRSUwQSUzQ3NjcmlwdCUyMHR5cGUlM0QlMjJ0ZXh0JTJGamF2YXNjcmlwdCUyMiUzRSUwQSUyMCUyMCUyMCUyMCUyOGZ1bmN0aW9uJTI4ZCUyQyUyMHNjJTJDJTIwdSUyOSUyMCU3QiUwQSUyMCUyMCUyMCUyMCUyMCUyMHZhciUyMHMlMjAlM0QlMjBkLmNyZWF0ZUVsZW1lbnQlMjhzYyUyOSUyQyUyMHAlMjAlM0QlMjBkLmdldEVsZW1lbnRzQnlUYWdOYW1lJTI4c2MlMjklNUIwJTVEJTNCJTBBJTIwJTIwJTIwJTIwJTIwJTIwcy50eXBlJTIwJTNEJTIwJTI3dGV4dCUyRmphdmFzY3JpcHQlMjclM0IlMEElMjAlMjAlMjAlMjAlMjAlMjBzLmFzeW5jJTIwJTNEJTIwdHJ1ZSUzQiUwQSUyMCUyMCUyMCUyMCUyMCUyMHMuc3JjJTIwJTNEJTIwdSUyMCUyQiUyMCUyNyUzRnYlM0QlMjclMjAlMkIlMjAlMjglMkJuZXclMjBEYXRlJTI4JTI5JTI5JTNCJTBBJTIwJTIwJTIwJTIwJTIwJTIwcC5wYXJlbnROb2RlLmluc2VydEJlZm9yZSUyOHMlMkNwJTI5JTNCJTBBJTIwJTIwJTIwJTIwJTIwJTIwJTdEJTI5JTI4ZG9jdW1lbnQlMkMlMjAlMjdzY3JpcHQlMjclMkMlMjAlMjclMkYlMkZhZmYuYnN0YXRpYy5jb20lMkZzdGF0aWMlMkZhZmZpbGlhdGVfYmFzZSUyRmpzJTJGZmxleGlwcm9kdWN0LmpzJTI3JTI5JTNCJTBBJTNDJTJGc2NyaXB0JTNF[\/vc_raw_html][\/vc_column][\/vc_row][vc_row][vc_column][vc_column_text]<\/p>\n","protected":false},"excerpt":{"rendered":"<p>[vc_row css=&#8221;.vc_custom_1618927514564{background-color: #37b3d9 !important;}&#8221;][vc_column][vc_column_text] Bienes ra\u00edces en los lugares m\u00e1s bellos del mundo \u00a1Casas de vacaciones, villas, apartamentos y mucho m\u00e1s! [\/vc_column_text][\/vc_column][\/vc_row][vc_row][vc_column][vc_raw_html]JTVCYWRpbnNlcnRlciUyMGJsb2NrJTNEJTIyMiUyMiU1RA==[\/vc_raw_html][\/vc_column][\/vc_row][vc_row][vc_column][vc_column_text] Alquiler de vacaciones en alquiler * Simplemente cambie la ubicaci\u00f3n preestablecida (Mallorca) y la fecha de viaje. M\u00e1s o menos resultados con la tecla +\/-. [\/vc_column_text][\/vc_column][\/vc_row][vc_row][vc_column][vc_raw_html]JTNDaW5zJTIwY2xhc3MlM0QlMjJib29raW5nYWZmJTIyJTIwZGF0YS1haWQlM0QlMjIxOTUwNzcyJTIyJTIwZGF0YS10YXJnZXRfYWlkJTNEJTIyMTk1MDc3MiUyMiUyMGRhdGEtcHJvZCUzRCUyMm1hcCUyMiUyMGRhdGEtd2lkdGglM0QlMjIxMDAlMjUlMjIlMjBkYXRhLWhlaWdodCUzRCUyMjU5MCUyMiUyMGRhdGEtbGFuZyUzRCUyMmVzJTIyJTIwZGF0YS1kZXN0X2lkJTNEJTIyMCUyMiUyMGRhdGEtZGVzdF90eXBlJTNEJTIybGFuZG1hcmslMjIlMjBkYXRhLWxhdGl0dWRlJTNEJTIyMzguNTA0MzgzOCUyMiUyMGRhdGEtbG9uZ2l0dWRlJTNEJTIyLTAuMjY0MzQ1NSUyMiUyMGRhdGEtbXdoc2IlM0QlMjIwJTIyJTIwZGF0YS1hZGRyZXNzJTNEJTIyQ29zdGElMjBCbGFuY2ElMkMlMjBTcGFpbiUyMiUyMGRhdGEtem9vbSUzRCUyMjklMjIlM0UlMEElMjAlMjAlMjAlMjAlM0MlMjEtLSUyMEFueXRoaW5nJTIwaW5zaWRlJTIwd2lsbCUyMGdvJTIwYXdheSUyMG9uY2UlMjB3aWRnZXQlMjBpcyUyMGxvYWRlZC4lMjAtLSUzRSUwQSUyMCUyMCUyMCUyMCUyMCUyMCUyMCUyMCUzQ2ElMjBocmVmJTNEJTIyJTJGJTJGd3d3LmJvb2tpbmcuY29tJTNGYWlkJTNEMTk1MDc3MiUyMiUzRUJvb2tpbmcuY29tJTNDJTJGYSUzRSUwQSUzQyUyRmlucyUzRSUwQSUzQ3NjcmlwdCUyMHR5cGUlM0QlMjJ0ZXh0JTJGamF2YXNjcmlwdCUyMiUzRSUwQSUyMCUyMCUyMCUyMCUyOGZ1bmN0aW9uJTI4ZCUyQyUyMHNjJTJDJTIwdSUyOSUyMCU3QiUwQSUyMCUyMCUyMCUyMCUyMCUyMHZhciUyMHMlMjAlM0QlMjBkLmNyZWF0ZUVsZW1lbnQlMjhzYyUyOSUyQyUyMHAlMjAlM0QlMjBkLmdldEVsZW1lbnRzQnlUYWdOYW1lJTI4c2MlMjklNUIwJTVEJTNCJTBBJTIwJTIwJTIwJTIwJTIwJTIwcy50eXBlJTIwJTNEJTIwJTI3dGV4dCUyRmphdmFzY3JpcHQlMjclM0IlMEElMjAlMjAlMjAlMjAlMjAlMjBzLmFzeW5jJTIwJTNEJTIwdHJ1ZSUzQiUwQSUyMCUyMCUyMCUyMCUyMCUyMHMuc3JjJTIwJTNEJTIwdSUyMCUyQiUyMCUyNyUzRnYlM0QlMjclMjAlMkIlMjAlMjglMkJuZXclMjBEYXRlJTI4JTI5JTI5JTNCJTBBJTIwJTIwJTIwJTIwJTIwJTIwcC5wYXJlbnROb2RlLmluc2VydEJlZm9yZSUyOHMlMkNwJTI5JTNCJTBBJTIwJTIwJTIwJTIwJTIwJTIwJTdEJTI5JTI4ZG9jdW1lbnQlMkMlMjAlMjdzY3JpcHQlMjclMkMlMjAlMjclMkYlMkZhZmYuYnN0YXRpYy5jb20lMkZzdGF0aWMlMkZhZmZpbGlhdGVfYmFzZSUyRmpzJTJGZmxleGlwcm9kdWN0LmpzJTI3JTI5JTNCJTBBJTNDJTJGc2NyaXB0JTNF[\/vc_raw_html][\/vc_column][\/vc_row][vc_row][vc_column][vc_column_text]<\/p>\n","protected":false},"author":1,"featured_media":134,"parent":0,"menu_order":0,"comment_status":"closed","ping_status":"closed","template":"templates\/home.php","meta":{"_exactmetrics_skip_tracking":false,"_exactmetrics_sitenote_active":false,"_exactmetrics_sitenote_note":"","_exactmetrics_sitenote_category":0,"footnotes":""},"class_list":["post-44","page","type-page","status-publish","has-post-thumbnail","hentry"],"yoast_head":"<!-- This site is optimized with the Yoast SEO plugin v27.3 - https:\/\/yoast.com\/product\/yoast-seo-wordpress\/ -->\n<title>Alquile y compre casas de vacaciones - Bienes ra\u00edces - Consejos para ahorrar - Viajes y vacacionesAlquile y compre casas de vacaciones - Bienes ra\u00edces - Consejos para ahorrar - Viajes y vacacionesAlquile y compre casas de vacaciones - Bienes ra\u00edces - Consejos para ahorrar - Viajes y vacacionesAlquile y compre casas de vacaciones - Bienes ra\u00edces - Consejos para ahorrar - Viajes y vacacionesAlquile y compre casas de vacaciones - Bienes ra\u00edces - Consejos para ahorrar - Viajes y vacaciones<\/title>\n<meta name=\"description\" content=\"Alquile o compre casas de vacaciones a particulares y agentes en el lugar m\u00e1s hermoso del mundo. Financiamiento, viajes, vuelos, hoteles, autos de alquiler y m\u00e1s en comparaci\u00f3n.(:}Alquile o compre casas de vacaciones a particulares y agentes en el lugar m\u00e1s hermoso del mundo. Financiamiento, viajes, vuelos, hoteles, autos de alquiler y m\u00e1s en comparaci\u00f3n.(:}Alquile o compre casas de vacaciones a particulares y agentes en el lugar m\u00e1s hermoso del mundo. Financiamiento, viajes, vuelos, hoteles, autos de alquiler y m\u00e1s en comparaci\u00f3n.(:}Alquile o compre casas de vacaciones a particulares y agentes en el lugar m\u00e1s hermoso del mundo. Financiamiento, viajes, vuelos, hoteles, autos de alquiler y m\u00e1s en comparaci\u00f3n.(:}Alquile o compre casas de vacaciones a particulares y agentes en el lugar m\u00e1s hermoso del mundo. Financiamiento, viajes, vuelos, hoteles, autos de alquiler y m\u00e1s en comparaci\u00f3n.(:}\" \/>\n<meta name=\"robots\" content=\"index, follow, max-snippet:-1, max-image-preview:large, max-video-preview:-1\" \/>\n<link rel=\"canonical\" href=\"https:\/\/lifestyle-immo24.de\/es\/startseite\/\" \/>\n<meta property=\"og:locale\" content=\"es_ES\" \/>\n<meta property=\"og:type\" content=\"article\" \/>\n<meta property=\"og:title\" content=\"Alquile y compre casas de vacaciones - Bienes ra\u00edces - Consejos para ahorrar - Viajes y vacacionesAlquile y compre casas de vacaciones - Bienes ra\u00edces - Consejos para ahorrar - Viajes y vacacionesAlquile y compre casas de vacaciones - Bienes ra\u00edces - Consejos para ahorrar - Viajes y vacacionesAlquile y compre casas de vacaciones - Bienes ra\u00edces - Consejos para ahorrar - Viajes y vacacionesAlquile y compre casas de vacaciones - Bienes ra\u00edces - Consejos para ahorrar - Viajes y vacaciones\" \/>\n<meta property=\"og:description\" content=\"Alquile o compre casas de vacaciones a particulares y agentes en el lugar m\u00e1s hermoso del mundo. Financiamiento, viajes, vuelos, hoteles, autos de alquiler y m\u00e1s en comparaci\u00f3n.(:}Alquile o compre casas de vacaciones a particulares y agentes en el lugar m\u00e1s hermoso del mundo. Financiamiento, viajes, vuelos, hoteles, autos de alquiler y m\u00e1s en comparaci\u00f3n.(:}Alquile o compre casas de vacaciones a particulares y agentes en el lugar m\u00e1s hermoso del mundo. Financiamiento, viajes, vuelos, hoteles, autos de alquiler y m\u00e1s en comparaci\u00f3n.(:}Alquile o compre casas de vacaciones a particulares y agentes en el lugar m\u00e1s hermoso del mundo. Financiamiento, viajes, vuelos, hoteles, autos de alquiler y m\u00e1s en comparaci\u00f3n.(:}Alquile o compre casas de vacaciones a particulares y agentes en el lugar m\u00e1s hermoso del mundo. Financiamiento, viajes, vuelos, hoteles, autos de alquiler y m\u00e1s en comparaci\u00f3n.(:}\" \/>\n<meta property=\"og:url\" content=\"https:\/\/lifestyle-immo24.de\/es\/startseite\/\" \/>\n<meta property=\"og:site_name\" content=\"Lifestyle Homes\" \/>\n<meta property=\"article:publisher\" content=\"https:\/\/www.facebook.com\/LifeStyleImmo24\/\" \/>\n<meta property=\"article:modified_time\" content=\"2021-05-05T01:20:37+00:00\" \/>\n<meta property=\"og:image\" content=\"https:\/\/lifestyle-immo24.de\/wp-content\/uploads\/2015\/07\/slide-3.jpg\" \/>\n\t<meta property=\"og:image:width\" content=\"2000\" \/>\n\t<meta property=\"og:image:height\" content=\"1000\" \/>\n\t<meta property=\"og:image:type\" content=\"image\/jpeg\" \/>\n<meta name=\"twitter:card\" content=\"summary_large_image\" \/>\n<meta name=\"twitter:label1\" content=\"Tiempo de lectura\" \/>\n\t<meta name=\"twitter:data1\" content=\"3 minutos\" \/>\n<script type=\"application\/ld+json\" class=\"yoast-schema-graph\">{\"@context\":\"https:\\\/\\\/schema.org\",\"@graph\":[{\"@type\":\"WebPage\",\"@id\":\"https:\\\/\\\/lifestyle-immo24.de\\\/es\\\/startseite\\\/\",\"url\":\"https:\\\/\\\/lifestyle-immo24.de\\\/es\\\/startseite\\\/\",\"name\":\"Alquile y compre casas de vacaciones - Bienes ra\u00edces - Consejos para ahorrar - Viajes y vacacionesAlquile y compre casas de vacaciones - Bienes ra\u00edces - Consejos para ahorrar - Viajes y vacacionesAlquile y compre casas de vacaciones - Bienes ra\u00edces - Consejos para ahorrar - Viajes y vacacionesAlquile y compre casas de vacaciones - Bienes ra\u00edces - Consejos para ahorrar - Viajes y vacacionesAlquile y compre casas de vacaciones - Bienes ra\u00edces - Consejos para ahorrar - Viajes y vacaciones\",\"isPartOf\":{\"@id\":\"https:\\\/\\\/lifestyle-immo24.de\\\/es\\\/#website\"},\"primaryImageOfPage\":{\"@id\":\"https:\\\/\\\/lifestyle-immo24.de\\\/es\\\/startseite\\\/#primaryimage\"},\"image\":{\"@id\":\"https:\\\/\\\/lifestyle-immo24.de\\\/startseite\\\/#primaryimage\"},\"thumbnailUrl\":\"https:\\\/\\\/lifestyle-immo24.de\\\/wp-content\\\/uploads\\\/2015\\\/07\\\/slide-3.jpg\",\"datePublished\":\"2017-06-03T21:45:40+00:00\",\"dateModified\":\"2021-05-05T01:20:37+00:00\",\"description\":\"Alquile o compre casas de vacaciones a particulares y agentes en el lugar m\u00e1s hermoso del mundo. Financiamiento, viajes, vuelos, hoteles, autos de alquiler y m\u00e1s en comparaci\u00f3n.(:}Alquile o compre casas de vacaciones a particulares y agentes en el lugar m\u00e1s hermoso del mundo. Financiamiento, viajes, vuelos, hoteles, autos de alquiler y m\u00e1s en comparaci\u00f3n.(:}Alquile o compre casas de vacaciones a particulares y agentes en el lugar m\u00e1s hermoso del mundo. Financiamiento, viajes, vuelos, hoteles, autos de alquiler y m\u00e1s en comparaci\u00f3n.(:}Alquile o compre casas de vacaciones a particulares y agentes en el lugar m\u00e1s hermoso del mundo. Financiamiento, viajes, vuelos, hoteles, autos de alquiler y m\u00e1s en comparaci\u00f3n.(:}Alquile o compre casas de vacaciones a particulares y agentes en el lugar m\u00e1s hermoso del mundo. Financiamiento, viajes, vuelos, hoteles, autos de alquiler y m\u00e1s en comparaci\u00f3n.(:}\",\"breadcrumb\":{\"@id\":\"https:\\\/\\\/lifestyle-immo24.de\\\/es\\\/startseite\\\/#breadcrumb\"},\"inLanguage\":\"es\",\"potentialAction\":[{\"@type\":\"ReadAction\",\"target\":[[\"https:\\\/\\\/lifestyle-immo24.de\\\/es\\\/startseite\\\/\"]]}]},{\"@type\":\"ImageObject\",\"inLanguage\":\"es\",\"@id\":\"https:\\\/\\\/lifestyle-immo24.de\\\/es\\\/startseite\\\/#primaryimage\",\"url\":\"https:\\\/\\\/lifestyle-immo24.de\\\/wp-content\\\/uploads\\\/2015\\\/07\\\/slide-3.jpg\",\"contentUrl\":\"https:\\\/\\\/lifestyle-immo24.de\\\/wp-content\\\/uploads\\\/2015\\\/07\\\/slide-3.jpg\",\"width\":2000,\"height\":1000,\"caption\":\"Ferienh\u00e4user mieten und kaufen, Finanzvergleich Rechner, billige Fl\u00fcge, Reisepreisvergleich\"},{\"@type\":\"BreadcrumbList\",\"@id\":\"https:\\\/\\\/lifestyle-immo24.de\\\/es\\\/startseite\\\/#breadcrumb\",\"itemListElement\":[{\"@type\":\"ListItem\",\"position\":1,\"name\":\"Startseite\",\"item\":\"https:\\\/\\\/lifestyle-immo24.de\\\/es\\\/\"},{\"@type\":\"ListItem\",\"position\":2,\"name\":\"Startseite\"}]},{\"@type\":\"WebSite\",\"@id\":\"https:\\\/\\\/lifestyle-immo24.de\\\/es\\\/#website\",\"url\":\"https:\\\/\\\/lifestyle-immo24.de\\\/es\\\/\",\"name\":\"Lifestyle Homes\",\"description\":\"Casas de vacaciones en alquiler o en venta\",\"publisher\":{\"@id\":\"https:\\\/\\\/lifestyle-immo24.de\\\/es\\\/#organization\"},\"potentialAction\":[{\"@type\":\"SearchAction\",\"target\":{\"@type\":\"EntryPoint\",\"urlTemplate\":\"https:\\\/\\\/lifestyle-immo24.de\\\/es\\\/?s={search_term_string}\"},\"query-input\":{\"@type\":\"PropertyValueSpecification\",\"valueRequired\":true,\"valueName\":\"search_term_string\"}}],\"inLanguage\":\"es\"},{\"@type\":\"Organization\",\"@id\":\"https:\\\/\\\/lifestyle-immo24.de\\\/es\\\/#organization\",\"name\":\"Lifestyle-Immo24\",\"url\":\"https:\\\/\\\/lifestyle-immo24.de\\\/es\\\/\",\"logo\":{\"@type\":\"ImageObject\",\"inLanguage\":\"es\",\"@id\":\"https:\\\/\\\/lifestyle-immo24.de\\\/es\\\/#\\\/schema\\\/logo\\\/image\\\/\",\"url\":\"https:\\\/\\\/lifestyle-immo24.de\\\/wp-content\\\/uploads\\\/2017\\\/05\\\/LOGO-Michael-Heinze-Immo-1.png\",\"contentUrl\":\"https:\\\/\\\/lifestyle-immo24.de\\\/wp-content\\\/uploads\\\/2017\\\/05\\\/LOGO-Michael-Heinze-Immo-1.png\",\"width\":1559,\"height\":482,\"caption\":\"Lifestyle-Immo24\"},\"image\":{\"@id\":\"https:\\\/\\\/lifestyle-immo24.de\\\/es\\\/#\\\/schema\\\/logo\\\/image\\\/\"},\"sameAs\":[\"https:\\\/\\\/www.facebook.com\\\/LifeStyleImmo24\\\/\"]}]}<\/script>\n<!-- \/ Yoast SEO plugin. -->","yoast_head_json":{"title":"Alquile y compre casas de vacaciones - Bienes ra\u00edces - Consejos para ahorrar - Viajes y vacacionesAlquile y compre casas de vacaciones - Bienes ra\u00edces - Consejos para ahorrar - Viajes y vacacionesAlquile y compre casas de vacaciones - Bienes ra\u00edces - Consejos para ahorrar - Viajes y vacacionesAlquile y compre casas de vacaciones - Bienes ra\u00edces - Consejos para ahorrar - Viajes y vacacionesAlquile y compre casas de vacaciones - Bienes ra\u00edces - Consejos para ahorrar - Viajes y vacaciones","description":"Alquile o compre casas de vacaciones a particulares y agentes en el lugar m\u00e1s hermoso del mundo. Financiamiento, viajes, vuelos, hoteles, autos de alquiler y m\u00e1s en comparaci\u00f3n.(:}Alquile o compre casas de vacaciones a particulares y agentes en el lugar m\u00e1s hermoso del mundo. Financiamiento, viajes, vuelos, hoteles, autos de alquiler y m\u00e1s en comparaci\u00f3n.(:}Alquile o compre casas de vacaciones a particulares y agentes en el lugar m\u00e1s hermoso del mundo. Financiamiento, viajes, vuelos, hoteles, autos de alquiler y m\u00e1s en comparaci\u00f3n.(:}Alquile o compre casas de vacaciones a particulares y agentes en el lugar m\u00e1s hermoso del mundo. Financiamiento, viajes, vuelos, hoteles, autos de alquiler y m\u00e1s en comparaci\u00f3n.(:}Alquile o compre casas de vacaciones a particulares y agentes en el lugar m\u00e1s hermoso del mundo. Financiamiento, viajes, vuelos, hoteles, autos de alquiler y m\u00e1s en comparaci\u00f3n.(:}","robots":{"index":"index","follow":"follow","max-snippet":"max-snippet:-1","max-image-preview":"max-image-preview:large","max-video-preview":"max-video-preview:-1"},"canonical":"https:\/\/lifestyle-immo24.de\/es\/startseite\/","og_locale":"es_ES","og_type":"article","og_title":"Alquile y compre casas de vacaciones - Bienes ra\u00edces - Consejos para ahorrar - Viajes y vacacionesAlquile y compre casas de vacaciones - Bienes ra\u00edces - Consejos para ahorrar - Viajes y vacacionesAlquile y compre casas de vacaciones - Bienes ra\u00edces - Consejos para ahorrar - Viajes y vacacionesAlquile y compre casas de vacaciones - Bienes ra\u00edces - Consejos para ahorrar - Viajes y vacacionesAlquile y compre casas de vacaciones - Bienes ra\u00edces - Consejos para ahorrar - Viajes y vacaciones","og_description":"Alquile o compre casas de vacaciones a particulares y agentes en el lugar m\u00e1s hermoso del mundo. Financiamiento, viajes, vuelos, hoteles, autos de alquiler y m\u00e1s en comparaci\u00f3n.(:}Alquile o compre casas de vacaciones a particulares y agentes en el lugar m\u00e1s hermoso del mundo. Financiamiento, viajes, vuelos, hoteles, autos de alquiler y m\u00e1s en comparaci\u00f3n.(:}Alquile o compre casas de vacaciones a particulares y agentes en el lugar m\u00e1s hermoso del mundo. Financiamiento, viajes, vuelos, hoteles, autos de alquiler y m\u00e1s en comparaci\u00f3n.(:}Alquile o compre casas de vacaciones a particulares y agentes en el lugar m\u00e1s hermoso del mundo. Financiamiento, viajes, vuelos, hoteles, autos de alquiler y m\u00e1s en comparaci\u00f3n.(:}Alquile o compre casas de vacaciones a particulares y agentes en el lugar m\u00e1s hermoso del mundo. Financiamiento, viajes, vuelos, hoteles, autos de alquiler y m\u00e1s en comparaci\u00f3n.(:}","og_url":"https:\/\/lifestyle-immo24.de\/es\/startseite\/","og_site_name":"Lifestyle Homes","article_publisher":"https:\/\/www.facebook.com\/LifeStyleImmo24\/","article_modified_time":"2021-05-05T01:20:37+00:00","og_image":[{"width":2000,"height":1000,"url":"https:\/\/lifestyle-immo24.de\/wp-content\/uploads\/2015\/07\/slide-3.jpg","type":"image\/jpeg"}],"twitter_card":"summary_large_image","twitter_misc":{"Tiempo de lectura":"3 minutos"},"schema":{"@context":"https:\/\/schema.org","@graph":[{"@type":"WebPage","@id":"https:\/\/lifestyle-immo24.de\/es\/startseite\/","url":"https:\/\/lifestyle-immo24.de\/es\/startseite\/","name":"Alquile y compre casas de vacaciones - Bienes ra\u00edces - Consejos para ahorrar - Viajes y vacacionesAlquile y compre casas de vacaciones - Bienes ra\u00edces - Consejos para ahorrar - Viajes y vacacionesAlquile y compre casas de vacaciones - Bienes ra\u00edces - Consejos para ahorrar - Viajes y vacacionesAlquile y compre casas de vacaciones - Bienes ra\u00edces - Consejos para ahorrar - Viajes y vacacionesAlquile y compre casas de vacaciones - Bienes ra\u00edces - Consejos para ahorrar - Viajes y vacaciones","isPartOf":{"@id":"https:\/\/lifestyle-immo24.de\/es\/#website"},"primaryImageOfPage":{"@id":"https:\/\/lifestyle-immo24.de\/es\/startseite\/#primaryimage"},"image":{"@id":"https:\/\/lifestyle-immo24.de\/startseite\/#primaryimage"},"thumbnailUrl":"https:\/\/lifestyle-immo24.de\/wp-content\/uploads\/2015\/07\/slide-3.jpg","datePublished":"2017-06-03T21:45:40+00:00","dateModified":"2021-05-05T01:20:37+00:00","description":"Alquile o compre casas de vacaciones a particulares y agentes en el lugar m\u00e1s hermoso del mundo. Financiamiento, viajes, vuelos, hoteles, autos de alquiler y m\u00e1s en comparaci\u00f3n.(:}Alquile o compre casas de vacaciones a particulares y agentes en el lugar m\u00e1s hermoso del mundo. Financiamiento, viajes, vuelos, hoteles, autos de alquiler y m\u00e1s en comparaci\u00f3n.(:}Alquile o compre casas de vacaciones a particulares y agentes en el lugar m\u00e1s hermoso del mundo. Financiamiento, viajes, vuelos, hoteles, autos de alquiler y m\u00e1s en comparaci\u00f3n.(:}Alquile o compre casas de vacaciones a particulares y agentes en el lugar m\u00e1s hermoso del mundo. Financiamiento, viajes, vuelos, hoteles, autos de alquiler y m\u00e1s en comparaci\u00f3n.(:}Alquile o compre casas de vacaciones a particulares y agentes en el lugar m\u00e1s hermoso del mundo. Financiamiento, viajes, vuelos, hoteles, autos de alquiler y m\u00e1s en comparaci\u00f3n.(:}","breadcrumb":{"@id":"https:\/\/lifestyle-immo24.de\/es\/startseite\/#breadcrumb"},"inLanguage":"es","potentialAction":[{"@type":"ReadAction","target":[["https:\/\/lifestyle-immo24.de\/es\/startseite\/"]]}]},{"@type":"ImageObject","inLanguage":"es","@id":"https:\/\/lifestyle-immo24.de\/es\/startseite\/#primaryimage","url":"https:\/\/lifestyle-immo24.de\/wp-content\/uploads\/2015\/07\/slide-3.jpg","contentUrl":"https:\/\/lifestyle-immo24.de\/wp-content\/uploads\/2015\/07\/slide-3.jpg","width":2000,"height":1000,"caption":"Ferienh\u00e4user mieten und kaufen, Finanzvergleich Rechner, billige Fl\u00fcge, Reisepreisvergleich"},{"@type":"BreadcrumbList","@id":"https:\/\/lifestyle-immo24.de\/es\/startseite\/#breadcrumb","itemListElement":[{"@type":"ListItem","position":1,"name":"Startseite","item":"https:\/\/lifestyle-immo24.de\/es\/"},{"@type":"ListItem","position":2,"name":"Startseite"}]},{"@type":"WebSite","@id":"https:\/\/lifestyle-immo24.de\/es\/#website","url":"https:\/\/lifestyle-immo24.de\/es\/","name":"Lifestyle Homes","description":"Casas de vacaciones en alquiler o en venta","publisher":{"@id":"https:\/\/lifestyle-immo24.de\/es\/#organization"},"potentialAction":[{"@type":"SearchAction","target":{"@type":"EntryPoint","urlTemplate":"https:\/\/lifestyle-immo24.de\/es\/?s={search_term_string}"},"query-input":{"@type":"PropertyValueSpecification","valueRequired":true,"valueName":"search_term_string"}}],"inLanguage":"es"},{"@type":"Organization","@id":"https:\/\/lifestyle-immo24.de\/es\/#organization","name":"Lifestyle-Immo24","url":"https:\/\/lifestyle-immo24.de\/es\/","logo":{"@type":"ImageObject","inLanguage":"es","@id":"https:\/\/lifestyle-immo24.de\/es\/#\/schema\/logo\/image\/","url":"https:\/\/lifestyle-immo24.de\/wp-content\/uploads\/2017\/05\/LOGO-Michael-Heinze-Immo-1.png","contentUrl":"https:\/\/lifestyle-immo24.de\/wp-content\/uploads\/2017\/05\/LOGO-Michael-Heinze-Immo-1.png","width":1559,"height":482,"caption":"Lifestyle-Immo24"},"image":{"@id":"https:\/\/lifestyle-immo24.de\/es\/#\/schema\/logo\/image\/"},"sameAs":["https:\/\/www.facebook.com\/LifeStyleImmo24\/"]}]}},"_links":{"self":[{"href":"https:\/\/lifestyle-immo24.de\/es\/wp-json\/wp\/v2\/pages\/44","targetHints":{"allow":["GET"]}}],"collection":[{"href":"https:\/\/lifestyle-immo24.de\/es\/wp-json\/wp\/v2\/pages"}],"about":[{"href":"https:\/\/lifestyle-immo24.de\/es\/wp-json\/wp\/v2\/types\/page"}],"author":[{"embeddable":true,"href":"https:\/\/lifestyle-immo24.de\/es\/wp-json\/wp\/v2\/users\/1"}],"replies":[{"embeddable":true,"href":"https:\/\/lifestyle-immo24.de\/es\/wp-json\/wp\/v2\/comments?post=44"}],"version-history":[{"count":0,"href":"https:\/\/lifestyle-immo24.de\/es\/wp-json\/wp\/v2\/pages\/44\/revisions"}],"wp:featuredmedia":[{"embeddable":true,"href":"https:\/\/lifestyle-immo24.de\/es\/wp-json\/wp\/v2\/media\/134"}],"wp:attachment":[{"href":"https:\/\/lifestyle-immo24.de\/es\/wp-json\/wp\/v2\/media?parent=44"}],"curies":[{"name":"wp","href":"https:\/\/api.w.org\/{rel}","templated":true}]}}