{"id":4091,"date":"2016-10-18T16:14:55","date_gmt":"2016-10-18T14:14:55","guid":{"rendered":"http:\/\/lifestyle-immo24.de\/?page_id=4091"},"modified":"2021-07-07T21:46:04","modified_gmt":"2021-07-07T19:46:04","slug":"suchauftrag","status":"publish","type":"page","link":"https:\/\/lifestyle-immo24.de\/es\/suchauftrag\/","title":{"rendered":"B\u00fasqueda de Pedidos"},"content":{"rendered":"<\/p>\n<h2>ESTAMOS BUSCANDO SU PROPIEDAD DE SUE\u00d1OS \u00bf<\/h2>\n<p>Est\u00e1 buscando una nueva propiedad, pero a\u00fan no ha encontrado la propiedad adecuada?<\/p>\n<p>\u00a1D\u00e9jenos intentarlo! No hacemos nada m\u00e1s en todo el d\u00eda.<\/p>\n<p>Las propiedades inmobiliarias interesantes en parte ya no est\u00e1n en la venta oficial. Estos se ofrecen a clientes ya registrados y se venden en poco tiempo &#8220;bajo la mano&#8221;. En Internet, las ofertas de &#8220;ganga&#8221; se convierten r\u00e1pidamente en un edificio en ruinas. Por lo tanto, la b\u00fasqueda de la propiedad correcta puede llevar mucho tiempo y ser frustrante.<\/p>\n<p>Debido a nuestra red, nuestros agentes pueden acceder a un contingente de bienes ra\u00edces que es parcialmente inaccesible para el prospecto normal. Antes de contactarnos ahora, debe hacerlo con el socio Reunir a amigos o familiares y discutir el tema de una nueva casa o apartamento. \u00a1Al comprar o alquilar, siempre hay que comprometerse! Haga una lista de las cosas que realmente le importan y lo que es m\u00e1s &#8220;agradable tener&#8221;.<\/p>\n<p>Por cierto, la mayor\u00eda de las compras de bienes ra\u00edces fallan a una financiaci\u00f3n suficiente. Por lo tanto, tambi\u00e9n debe tratar este problema antes de una b\u00fasqueda. Pregunte cr\u00edticamente cu\u00e1nto dinero puede hacer sin un pr\u00e9stamo mensual y cu\u00e1nto capital tiene. Siempre agregue al menos el 10% &#8211; 15% de los costos de compra al precio de compra de una propiedad. Para una evaluaci\u00f3n inicial, le invitamos a utilizar nuestra calculadora gratuita. Esto le muestra a los financieros m\u00e1s favorables actualmente y las tasas de pr\u00e9stamos actuales. Nuestro consejo: \u00a1obtenga al menos tres ofertas en l\u00ednea y luego comp\u00e1relas con la oferta de su banco local!<\/p>\n<p><a href=\"https:\/\/lifestyle-immo24.de\/es\/baufinanzierung\/\">Haga clic aqu\u00ed para ver la comparaci\u00f3n de financiamiento -&gt; <\/a><\/p>\n<p>Si desea ponerse en contacto con nosotros, complete el formulario a continuaci\u00f3n. \u00a1Cuanta m\u00e1s informaci\u00f3n nos proporcione, m\u00e1s r\u00e1pido encontraremos el hogar adecuado para usted!<\/p>\n\n<div class=\"wpcf7 no-js\" id=\"wpcf7-f4093-o1\" lang=\"de-DE\" dir=\"ltr\" data-wpcf7-id=\"4093\">\n<div class=\"screen-reader-response\"><p role=\"status\" aria-live=\"polite\" aria-atomic=\"true\"><\/p> <ul><\/ul><\/div>\n<form action=\"\/es\/wp-json\/wp\/v2\/pages\/4091#wpcf7-f4093-o1\" method=\"post\" class=\"wpcf7-form init\" aria-label=\"Kontaktformular\" novalidate=\"novalidate\" data-status=\"init\">\n<fieldset class=\"hidden-fields-container\"><input type=\"hidden\" name=\"_wpcf7\" value=\"4093\" \/><input type=\"hidden\" name=\"_wpcf7_version\" value=\"6.1.5\" \/><input type=\"hidden\" name=\"_wpcf7_locale\" value=\"de_DE\" \/><input type=\"hidden\" name=\"_wpcf7_unit_tag\" value=\"wpcf7-f4093-o1\" \/><input type=\"hidden\" name=\"_wpcf7_container_post\" value=\"0\" \/><input type=\"hidden\" name=\"_wpcf7_posted_data_hash\" value=\"\" \/><input type=\"hidden\" name=\"_wpcf7_recaptcha_response\" value=\"\" \/>\n<\/fieldset>\n<h3><strong>B\u00fasqueda de Pedidos:<\/strong><strong><\/strong>\n<\/h3>\n<p><strong>Elija el tipo de propiedad:<\/strong>\n<\/p>\n<p><span class=\"wpcf7-form-control-wrap\" data-name=\"checkbox-176\"><span class=\"wpcf7-form-control wpcf7-checkbox wpcf7-exclusive-checkbox\"><span class=\"wpcf7-list-item first\"><label><input type=\"checkbox\" name=\"checkbox-176\" value=\"Casa\" \/><span class=\"wpcf7-list-item-label\">Casa<\/span><\/label><\/span><span class=\"wpcf7-list-item\"><label><input type=\"checkbox\" name=\"checkbox-176\" value=\"Apartamento\" \/><span class=\"wpcf7-list-item-label\">Apartamento<\/span><\/label><\/span><span class=\"wpcf7-list-item\"><label><input type=\"checkbox\" name=\"checkbox-176\" value=\"Parcela\" \/><span class=\"wpcf7-list-item-label\">Parcela<\/span><\/label><\/span><span class=\"wpcf7-list-item last\"><label><input type=\"checkbox\" name=\"checkbox-176\" value=\"Comercio\" \/><span class=\"wpcf7-list-item-label\">Comercio<\/span><\/label><\/span><\/span><\/span>\n<\/p>\n<p><strong>Elige tu preocupaci\u00f3n:<\/strong>\n<\/p>\n<p><span class=\"wpcf7-form-control-wrap\" data-name=\"checkbox-177\"><span class=\"wpcf7-form-control wpcf7-checkbox wpcf7-exclusive-checkbox\"><span class=\"wpcf7-list-item first\"><label><input type=\"checkbox\" name=\"checkbox-177\" value=\"Comprar\" \/><span class=\"wpcf7-list-item-label\">Comprar<\/span><\/label><\/span><span class=\"wpcf7-list-item\"><label><input type=\"checkbox\" name=\"checkbox-177\" value=\"Alquilar\" \/><span class=\"wpcf7-list-item-label\">Alquilar<\/span><\/label><\/span><span class=\"wpcf7-list-item\"><label><input type=\"checkbox\" name=\"checkbox-177\" value=\"Vender\" \/><span class=\"wpcf7-list-item-label\">Vender<\/span><\/label><\/span><span class=\"wpcf7-list-item last\"><label><input type=\"checkbox\" name=\"checkbox-177\" value=\"Alquilar\" \/><span class=\"wpcf7-list-item-label\">Alquilar<\/span><\/label><\/span><\/span><\/span>\n<\/p>\n<p><label> Ubicaci\u00f3n\/Situaci\u00f3n:<br \/>\n<span class=\"wpcf7-form-control-wrap\" data-name=\"your-location\"><input size=\"40\" maxlength=\"400\" class=\"wpcf7-form-control wpcf7-text\" aria-invalid=\"false\" value=\"\" type=\"text\" name=\"your-location\" \/><\/span> <\/label>\n<\/p>\n<p><label> Viviendo\/\u00e1rea efectiva (m\u00b2):<br \/>\n<span class=\"wpcf7-form-control-wrap\" data-name=\"your-size\"><input size=\"40\" maxlength=\"400\" class=\"wpcf7-form-control wpcf7-text\" aria-invalid=\"false\" value=\"\" type=\"text\" name=\"your-size\" \/><\/span> <\/label>\n<\/p>\n<p><label> Tama\u00f1o de lote (m\u00b2):<br \/>\n<span class=\"wpcf7-form-control-wrap\" data-name=\"your-subject\"><input size=\"40\" maxlength=\"400\" class=\"wpcf7-form-control wpcf7-text\" aria-invalid=\"false\" value=\"\" type=\"text\" name=\"your-subject\" \/><\/span> <\/label>\n<\/p>\n<p><label> N\u00famero de habitaciones:<br \/>\n<span class=\"wpcf7-form-control-wrap\" data-name=\"your-size\"><input size=\"40\" maxlength=\"400\" class=\"wpcf7-form-control wpcf7-text\" aria-invalid=\"false\" value=\"\" type=\"text\" name=\"your-size\" \/><\/span> <\/label>\n<\/p>\n<p><label> Precio m\u00e1ximo\/m\u00ednimo (\u20ac):<br \/>\n<span class=\"wpcf7-form-control-wrap\" data-name=\"my-budget\"><input size=\"40\" maxlength=\"400\" class=\"wpcf7-form-control wpcf7-text\" aria-invalid=\"false\" value=\"\" type=\"text\" name=\"my-budget\" \/><\/span> <\/label>\n<\/p>\n<h4><strong>Datos personales:<\/strong><strong><\/strong>\n<\/h4>\n<p>saludo\n<\/p>\n<p><span class=\"wpcf7-form-control-wrap\" data-name=\"checkbox-178\"><span class=\"wpcf7-form-control wpcf7-checkbox wpcf7-exclusive-checkbox\"><span class=\"wpcf7-list-item first\"><label><input type=\"checkbox\" name=\"checkbox-178\" value=\"Se\u00f1or\" \/><span class=\"wpcf7-list-item-label\">Se\u00f1or<\/span><\/label><\/span><span class=\"wpcf7-list-item\"><label><input type=\"checkbox\" name=\"checkbox-178\" value=\"Mujer\" \/><span class=\"wpcf7-list-item-label\">Mujer<\/span><\/label><\/span><span class=\"wpcf7-list-item last\"><label><input type=\"checkbox\" name=\"checkbox-178\" value=\"Empresa\" \/><span class=\"wpcf7-list-item-label\">Empresa<\/span><\/label><\/span><\/span><\/span>\n<\/p>\n<p><label> Nombre y apellido (*)<br \/>\n<span class=\"wpcf7-form-control-wrap\" data-name=\"your-name\"><input size=\"40\" maxlength=\"400\" class=\"wpcf7-form-control wpcf7-text wpcf7-validates-as-required\" aria-required=\"true\" aria-invalid=\"false\" value=\"\" type=\"text\" name=\"your-name\" \/><\/span> <\/label>\n<\/p>\n<p><label> Direcci\u00f3n de correo electr\u00f3nico (*)<br \/>\n<span class=\"wpcf7-form-control-wrap\" data-name=\"your-email\"><input size=\"40\" maxlength=\"400\" class=\"wpcf7-form-control wpcf7-email wpcf7-validates-as-required wpcf7-text wpcf7-validates-as-email\" aria-required=\"true\" aria-invalid=\"false\" value=\"\" type=\"email\" name=\"your-email\" \/><\/span> <\/label>\n<\/p>\n<p><label> N\u00famero de tel\u00e9fono<br \/>\n<span class=\"wpcf7-form-control-wrap\" data-name=\"tel-906\"><input size=\"40\" maxlength=\"400\" class=\"wpcf7-form-control wpcf7-tel wpcf7-validates-as-required wpcf7-text wpcf7-validates-as-tel\" aria-required=\"true\" aria-invalid=\"false\" value=\"\" type=\"tel\" name=\"tel-906\" \/><\/span> <\/label>\n<\/p>\n<p>Mensaje<br \/>\n<span class=\"wpcf7-form-control-wrap\" data-name=\"textarea-762\"><textarea cols=\"40\" rows=\"10\" maxlength=\"2000\" class=\"wpcf7-form-control wpcf7-textarea\" aria-invalid=\"false\" placeholder=\"Por favor escribe tu texto aqu\u00ed!\" name=\"textarea-762\"><\/textarea><\/span>\n<\/p>\n<p>*(Pflichtfelder)<br \/>\n<span class=\"wpcf7-form-control-wrap\" data-name=\"acceptance-696\"><span class=\"wpcf7-form-control wpcf7-acceptance\"><span class=\"wpcf7-list-item\"><input type=\"checkbox\" name=\"acceptance-696\" value=\"1\" checked=\"checked\" aria-invalid=\"false\" \/><\/span><\/span><\/span> Acepto los <a href=\"https:\/\/lifestyle-immo24.de\/agb\/\"> t\u00e9rminos y condiciones <\/a> y la <a href=\"https:\/\/lifestyle-immo24.de\/widerruf\/\">pol\u00edtica de cancelaci\u00f3n<\/a> y por favor contactame<br \/>\n[wpgdprc \"Al usar este formulario, acepta el almacenamiento y procesamiento de sus datos a trav\u00e9s de este sitio.\"]<br \/>\n\n<\/p>\n<p><input class=\"wpcf7-form-control wpcf7-submit has-spinner\" type=\"submit\" value=\"Senden\" \/>\n<\/p><div class=\"wpcf7-response-output\" aria-hidden=\"true\"><\/div>\n<\/form>\n<\/div>\n\n<h2>\u00a1Tambi\u00e9n vendemos sus bienes ra\u00edces anteriores!<\/h2>\n<p>Para financiar el precio de compra, primero tendr\u00eda que aclarar c\u00f3mo \u00bfSigue vendiendo, qu\u00e9 aporta y qu\u00e9 tan r\u00e1pido funciona? Es posible que ya tengamos el cliente adecuado para quien estamos buscando. Solo cont\u00e1ctenos y experimente una transici\u00f3n sin problemas sin estr\u00e9s.<\/p>\n<p>\u00bfEst\u00e1 interesado en aprender m\u00e1s?<\/p>\n<p>Simplemente llame o env\u00ede un correo electr\u00f3nico o utilice el formulario de esta p\u00e1gina.<\/p><\/p>\n","protected":false},"excerpt":{"rendered":"<p>ESTAMOS BUSCANDO SU PROPIEDAD DE SUE\u00d1OS \u00bf Est\u00e1 buscando una nueva propiedad, pero a\u00fan no ha encontrado la propiedad adecuada? \u00a1D\u00e9jenos intentarlo! No hacemos nada m\u00e1s en todo el d\u00eda. Las propiedades inmobiliarias interesantes en parte ya no est\u00e1n en la venta oficial. Estos se ofrecen a clientes ya registrados y se venden en poco&#8230;<\/p>\n","protected":false},"author":1,"featured_media":0,"parent":0,"menu_order":0,"comment_status":"closed","ping_status":"closed","template":"templates\/full-width.php","meta":{"_exactmetrics_skip_tracking":false,"_exactmetrics_sitenote_active":false,"_exactmetrics_sitenote_note":"","_exactmetrics_sitenote_category":0,"footnotes":""},"class_list":["post-4091","page","type-page","status-publish","hentry"],"yoast_head":"<!-- This site is optimized with the Yoast SEO plugin v27.4 - https:\/\/yoast.com\/product\/yoast-seo-wordpress\/ -->\n<title>B\u00fasqueda de Pedidos &#8211; Lifestyle Homes<\/title>\n<meta name=\"robots\" content=\"index, follow, max-snippet:-1, max-image-preview:large, max-video-preview:-1\" \/>\n<link rel=\"canonical\" href=\"https:\/\/lifestyle-immo24.de\/es\/suchauftrag\/\" \/>\n<meta property=\"og:locale\" content=\"es_ES\" \/>\n<meta property=\"og:type\" content=\"article\" \/>\n<meta property=\"og:title\" content=\"B\u00fasqueda de Pedidos &#8211; Lifestyle Homes\" \/>\n<meta property=\"og:description\" content=\"ESTAMOS BUSCANDO SU PROPIEDAD DE SUE\u00d1OS \u00bf Est\u00e1 buscando una nueva propiedad, pero a\u00fan no ha encontrado la propiedad adecuada? \u00a1D\u00e9jenos intentarlo! No hacemos nada m\u00e1s en todo el d\u00eda. Las propiedades inmobiliarias interesantes en parte ya no est\u00e1n en la venta oficial. Estos se ofrecen a clientes ya registrados y se venden en poco...\" \/>\n<meta property=\"og:url\" content=\"https:\/\/lifestyle-immo24.de\/es\/suchauftrag\/\" \/>\n<meta property=\"og:site_name\" content=\"Lifestyle Homes\" \/>\n<meta property=\"article:publisher\" content=\"https:\/\/www.facebook.com\/LifeStyleImmo24\/\" \/>\n<meta property=\"article:modified_time\" content=\"2021-07-07T19:46:04+00:00\" \/>\n<meta name=\"twitter:card\" content=\"summary_large_image\" \/>\n<meta name=\"twitter:label1\" content=\"Tiempo de lectura\" \/>\n\t<meta name=\"twitter:data1\" content=\"6 minutos\" \/>\n<script type=\"application\/ld+json\" class=\"yoast-schema-graph\">{\"@context\":\"https:\\\/\\\/schema.org\",\"@graph\":[{\"@type\":\"WebPage\",\"@id\":\"https:\\\/\\\/lifestyle-immo24.de\\\/es\\\/suchauftrag\\\/\",\"url\":\"https:\\\/\\\/lifestyle-immo24.de\\\/es\\\/suchauftrag\\\/\",\"name\":\"B\u00fasqueda de Pedidos &#8211; Lifestyle Homes\",\"isPartOf\":{\"@id\":\"https:\\\/\\\/lifestyle-immo24.de\\\/es\\\/#website\"},\"datePublished\":\"2016-10-18T14:14:55+00:00\",\"dateModified\":\"2021-07-07T19:46:04+00:00\",\"breadcrumb\":{\"@id\":\"https:\\\/\\\/lifestyle-immo24.de\\\/es\\\/suchauftrag\\\/#breadcrumb\"},\"inLanguage\":\"es\",\"potentialAction\":[{\"@type\":\"ReadAction\",\"target\":[[\"https:\\\/\\\/lifestyle-immo24.de\\\/es\\\/suchauftrag\\\/\"]]}]},{\"@type\":\"BreadcrumbList\",\"@id\":\"https:\\\/\\\/lifestyle-immo24.de\\\/es\\\/suchauftrag\\\/#breadcrumb\",\"itemListElement\":[{\"@type\":\"ListItem\",\"position\":1,\"name\":\"Startseite\",\"item\":\"https:\\\/\\\/lifestyle-immo24.de\\\/es\\\/\"},{\"@type\":\"ListItem\",\"position\":2,\"name\":\"Ihr Suchauftrag\"}]},{\"@type\":\"WebSite\",\"@id\":\"https:\\\/\\\/lifestyle-immo24.de\\\/es\\\/#website\",\"url\":\"https:\\\/\\\/lifestyle-immo24.de\\\/es\\\/\",\"name\":\"Lifestyle Homes\",\"description\":\"Casas de vacaciones en alquiler o en venta\",\"publisher\":{\"@id\":\"https:\\\/\\\/lifestyle-immo24.de\\\/es\\\/#organization\"},\"potentialAction\":[{\"@type\":\"SearchAction\",\"target\":{\"@type\":\"EntryPoint\",\"urlTemplate\":\"https:\\\/\\\/lifestyle-immo24.de\\\/es\\\/?s={search_term_string}\"},\"query-input\":{\"@type\":\"PropertyValueSpecification\",\"valueRequired\":true,\"valueName\":\"search_term_string\"}}],\"inLanguage\":\"es\"},{\"@type\":\"Organization\",\"@id\":\"https:\\\/\\\/lifestyle-immo24.de\\\/es\\\/#organization\",\"name\":\"Lifestyle-Immo24\",\"url\":\"https:\\\/\\\/lifestyle-immo24.de\\\/es\\\/\",\"logo\":{\"@type\":\"ImageObject\",\"inLanguage\":\"es\",\"@id\":\"https:\\\/\\\/lifestyle-immo24.de\\\/es\\\/#\\\/schema\\\/logo\\\/image\\\/\",\"url\":\"https:\\\/\\\/lifestyle-immo24.de\\\/wp-content\\\/uploads\\\/2017\\\/05\\\/LOGO-Michael-Heinze-Immo-1.png\",\"contentUrl\":\"https:\\\/\\\/lifestyle-immo24.de\\\/wp-content\\\/uploads\\\/2017\\\/05\\\/LOGO-Michael-Heinze-Immo-1.png\",\"width\":1559,\"height\":482,\"caption\":\"Lifestyle-Immo24\"},\"image\":{\"@id\":\"https:\\\/\\\/lifestyle-immo24.de\\\/es\\\/#\\\/schema\\\/logo\\\/image\\\/\"},\"sameAs\":[\"https:\\\/\\\/www.facebook.com\\\/LifeStyleImmo24\\\/\"]}]}<\/script>\n<!-- \/ Yoast SEO plugin. -->","yoast_head_json":{"title":"B\u00fasqueda de Pedidos &#8211; Lifestyle Homes","robots":{"index":"index","follow":"follow","max-snippet":"max-snippet:-1","max-image-preview":"max-image-preview:large","max-video-preview":"max-video-preview:-1"},"canonical":"https:\/\/lifestyle-immo24.de\/es\/suchauftrag\/","og_locale":"es_ES","og_type":"article","og_title":"B\u00fasqueda de Pedidos &#8211; Lifestyle Homes","og_description":"ESTAMOS BUSCANDO SU PROPIEDAD DE SUE\u00d1OS \u00bf Est\u00e1 buscando una nueva propiedad, pero a\u00fan no ha encontrado la propiedad adecuada? \u00a1D\u00e9jenos intentarlo! No hacemos nada m\u00e1s en todo el d\u00eda. Las propiedades inmobiliarias interesantes en parte ya no est\u00e1n en la venta oficial. Estos se ofrecen a clientes ya registrados y se venden en poco...","og_url":"https:\/\/lifestyle-immo24.de\/es\/suchauftrag\/","og_site_name":"Lifestyle Homes","article_publisher":"https:\/\/www.facebook.com\/LifeStyleImmo24\/","article_modified_time":"2021-07-07T19:46:04+00:00","twitter_card":"summary_large_image","twitter_misc":{"Tiempo de lectura":"6 minutos"},"schema":{"@context":"https:\/\/schema.org","@graph":[{"@type":"WebPage","@id":"https:\/\/lifestyle-immo24.de\/es\/suchauftrag\/","url":"https:\/\/lifestyle-immo24.de\/es\/suchauftrag\/","name":"B\u00fasqueda de Pedidos &#8211; Lifestyle Homes","isPartOf":{"@id":"https:\/\/lifestyle-immo24.de\/es\/#website"},"datePublished":"2016-10-18T14:14:55+00:00","dateModified":"2021-07-07T19:46:04+00:00","breadcrumb":{"@id":"https:\/\/lifestyle-immo24.de\/es\/suchauftrag\/#breadcrumb"},"inLanguage":"es","potentialAction":[{"@type":"ReadAction","target":[["https:\/\/lifestyle-immo24.de\/es\/suchauftrag\/"]]}]},{"@type":"BreadcrumbList","@id":"https:\/\/lifestyle-immo24.de\/es\/suchauftrag\/#breadcrumb","itemListElement":[{"@type":"ListItem","position":1,"name":"Startseite","item":"https:\/\/lifestyle-immo24.de\/es\/"},{"@type":"ListItem","position":2,"name":"Ihr Suchauftrag"}]},{"@type":"WebSite","@id":"https:\/\/lifestyle-immo24.de\/es\/#website","url":"https:\/\/lifestyle-immo24.de\/es\/","name":"Lifestyle Homes","description":"Casas de vacaciones en alquiler o en venta","publisher":{"@id":"https:\/\/lifestyle-immo24.de\/es\/#organization"},"potentialAction":[{"@type":"SearchAction","target":{"@type":"EntryPoint","urlTemplate":"https:\/\/lifestyle-immo24.de\/es\/?s={search_term_string}"},"query-input":{"@type":"PropertyValueSpecification","valueRequired":true,"valueName":"search_term_string"}}],"inLanguage":"es"},{"@type":"Organization","@id":"https:\/\/lifestyle-immo24.de\/es\/#organization","name":"Lifestyle-Immo24","url":"https:\/\/lifestyle-immo24.de\/es\/","logo":{"@type":"ImageObject","inLanguage":"es","@id":"https:\/\/lifestyle-immo24.de\/es\/#\/schema\/logo\/image\/","url":"https:\/\/lifestyle-immo24.de\/wp-content\/uploads\/2017\/05\/LOGO-Michael-Heinze-Immo-1.png","contentUrl":"https:\/\/lifestyle-immo24.de\/wp-content\/uploads\/2017\/05\/LOGO-Michael-Heinze-Immo-1.png","width":1559,"height":482,"caption":"Lifestyle-Immo24"},"image":{"@id":"https:\/\/lifestyle-immo24.de\/es\/#\/schema\/logo\/image\/"},"sameAs":["https:\/\/www.facebook.com\/LifeStyleImmo24\/"]}]}},"_links":{"self":[{"href":"https:\/\/lifestyle-immo24.de\/es\/wp-json\/wp\/v2\/pages\/4091","targetHints":{"allow":["GET"]}}],"collection":[{"href":"https:\/\/lifestyle-immo24.de\/es\/wp-json\/wp\/v2\/pages"}],"about":[{"href":"https:\/\/lifestyle-immo24.de\/es\/wp-json\/wp\/v2\/types\/page"}],"author":[{"embeddable":true,"href":"https:\/\/lifestyle-immo24.de\/es\/wp-json\/wp\/v2\/users\/1"}],"replies":[{"embeddable":true,"href":"https:\/\/lifestyle-immo24.de\/es\/wp-json\/wp\/v2\/comments?post=4091"}],"version-history":[{"count":0,"href":"https:\/\/lifestyle-immo24.de\/es\/wp-json\/wp\/v2\/pages\/4091\/revisions"}],"wp:attachment":[{"href":"https:\/\/lifestyle-immo24.de\/es\/wp-json\/wp\/v2\/media?parent=4091"}],"curies":[{"name":"wp","href":"https:\/\/api.w.org\/{rel}","templated":true}]}}