{"id":3883,"date":"2016-09-21T21:39:02","date_gmt":"2016-09-21T19:39:02","guid":{"rendered":"http:\/\/lifestyle-immo24.de\/?page_id=3883"},"modified":"2017-02-17T15:59:56","modified_gmt":"2017-02-17T13:59:56","slug":"der-beste-preis","status":"publish","type":"page","link":"https:\/\/lifestyle-immo24.de\/es\/der-beste-preis\/","title":{"rendered":"Der beste Preis"},"content":{"rendered":"<p><strong><\/p>\n<h3>Wohnung oder Haus verkaufen: So bekommen Sie den besten Preis<\/strong><\/h3>\n<p>Die eigene Wohnung oder das geerbte Haus &#8211; wegen der gestiegenen Preise denken viele dar\u00fcber nach, eine Immobilie zu verkaufen. Doch einen K\u00e4ufer zu finden, der den Wunschpreis bezahlt, ist kein Selbstl\u00e4ufer. <strong>LIFESTYLE-IMMO24.DE<\/strong> erkl\u00e4rt, was Sie beim Hausverkauf beachten sollten.<\/p>\n<p><strong>Wie viel Zeit muss ich einplanen?<\/strong><\/p>\n<p>F\u00fcr den Verkauf einer Immobilie brauchen Sie ausreichend Zeit. \u201eEr sollte langfristig geplant werden\u201c. In den Ballungszentren sind Wohnungen knapp, weswegen die Nachfrage gr\u00f6\u00dfer ist. Hier reichen f\u00fcr einen Verkauf in der Regel drei bis sechs Monate. In weniger gefragten Lagen und auf dem Land ist das Interesse wesentlich geringer. Hier sollte man mit einem halben bis einem Jahr oder sogar noch l\u00e4nger rechnen.<\/p>\n<p><strong>Wie finde ich einen marktgerechten Preis?<\/strong><\/p>\n<p>Die meisten Eigent\u00fcmer \u00fcbersch\u00e4tzen den Wert ihrer Immobilie. Einbauk\u00fcche oder neue Tapete bringen keine Mehreinnahmen, denn die Kaufinteressenten haben meist sowieso einen anderen Geschmack.<br \/>\nWichtig sind Raumaufteilung und technischer Zustand. Ist die K\u00fcche der Wohnung gro\u00df genug? Wurde das Bad modernisiert?<br \/>\nDaneben spielt die Lage eine wichtige Rolle. Abstriche m\u00fcssen Sie zum Beispiel machen, wenn Ihre Wohnung an einer starkbefahrenen Stra\u00dfe liegt.<br \/>\n<strong>Tipp: <\/strong>Beobachten Sie Anzeigen in der Zeitung oder im Internet und erkundigen Sie sich, zu welchem Preis vergleichbare Wohnungen in der Nachbarschaft verkauft wurden.<\/p>\n<p><strong>Welche Vorteile bietet ein Makler?<\/strong><\/p>\n<p>Sie haben wesentlich weniger Arbeit, wenn Sie einen Makler mit dem Verkauf Ihrer Wohnung beauftragen. Er schreibt ein Expos\u00e9, schaltet Anzeigen zeigt Interessenten das Objekt und k\u00fcmmert sich um Vertragsformalit\u00e4ten. Ein Problem: Manche Makler werben mit zu hohen Verkaufspreisen, um den Auftrag zu bekommen. Deshalb ist es ratsam, sich im Freundes- und Bekanntenkreis nach Empfehlungen zu erkundigen.<\/p>\n<p><strong>Welche Maklervertr\u00e4ge gibt es?<\/strong><\/p>\n<p>Es gibt verschiedenen M\u00f6glichkeiten, einen Makler zu beauftragen:<\/p>\n<ul>\n<li>Vereinbaren Sie einen \u201eeinfachen Maklervertrag\u201c, d\u00fcrfen auch andere Makler Ihre Wohnung anbieten.<\/li>\n<li>Wurde hingegen ein \u201eAlleinvertrag\u201c abgeschossen, d\u00fcrfen nur Sie und der Vermittler verkaufen.<\/li>\n<li>Dritte Variante: Bei einem \u201equalifizierten Alleinauftrag\u201c darf nur der Makler verkaufen.<\/li>\n<\/ul>\n<p>Achten Sie in jedem Fall darauf, wie hoch die Provision f\u00fcr den Makler ist und wer sie zahlt. In der Regel sollte das der K\u00e4ufer sein. Alternativ kann sie auch der Verk\u00e4ufer oder beide tragen.<\/p>\n<p><strong>Tipp: <\/strong>Wollen Sie auch eine neue Wohnung kaufen, sollten Sie alles \u00fcber denselben Makler abwickeln. Dann k\u00f6nnen Sie mit einem Rabatt bei der Courtage rechnen.<\/p>\n<p><strong>An wen sollte ich verkaufen?<\/strong><\/p>\n<p>Wer den h\u00f6chsten Preis zahlt, bekommt in der Regel den Zuschlag. Um auf Nummer sicher zu gehen, sollten Sie sich die Finanzierungszusage der Bank zeigen lassen. Vielen Verk\u00e4ufern ist au\u00dferdem wichtig, dass ihr Haus in gute H\u00e4nde kommt. Hierbei m\u00fcssen Sie sich nat\u00fcrlich auf Ihre Menschenkenntnis verlassen.<\/p>\n","protected":false},"excerpt":{"rendered":"<p>Wohnung oder Haus verkaufen: So bekommen Sie den besten Preis Die eigene Wohnung oder das geerbte Haus &#8211; wegen der gestiegenen Preise denken viele dar\u00fcber nach, eine Immobilie zu verkaufen. Doch einen K\u00e4ufer zu finden, der den Wunschpreis bezahlt, ist kein Selbstl\u00e4ufer. LIFESTYLE-IMMO24.DE erkl\u00e4rt, was Sie beim Hausverkauf beachten sollten. Wie viel Zeit muss ich&#8230;<\/p>\n","protected":false},"author":1,"featured_media":0,"parent":0,"menu_order":0,"comment_status":"closed","ping_status":"closed","template":"","meta":{"_exactmetrics_skip_tracking":false,"_exactmetrics_sitenote_active":false,"_exactmetrics_sitenote_note":"","_exactmetrics_sitenote_category":0,"footnotes":""},"class_list":["post-3883","page","type-page","status-publish","hentry"],"yoast_head":"<!-- This site is optimized with the Yoast SEO plugin v27.4 - https:\/\/yoast.com\/product\/yoast-seo-wordpress\/ -->\n<title>Der beste Preis &#8211; Lifestyle Homes<\/title>\n<meta name=\"robots\" content=\"index, follow, max-snippet:-1, max-image-preview:large, max-video-preview:-1\" \/>\n<link rel=\"canonical\" href=\"https:\/\/lifestyle-immo24.de\/es\/der-beste-preis\/\" \/>\n<meta property=\"og:locale\" content=\"es_ES\" \/>\n<meta property=\"og:type\" content=\"article\" \/>\n<meta property=\"og:title\" content=\"Der beste Preis &#8211; Lifestyle Homes\" \/>\n<meta property=\"og:description\" content=\"Wohnung oder Haus verkaufen: So bekommen Sie den besten Preis Die eigene Wohnung oder das geerbte Haus &#8211; wegen der gestiegenen Preise denken viele dar\u00fcber nach, eine Immobilie zu verkaufen. Doch einen K\u00e4ufer zu finden, der den Wunschpreis bezahlt, ist kein Selbstl\u00e4ufer. LIFESTYLE-IMMO24.DE erkl\u00e4rt, was Sie beim Hausverkauf beachten sollten. Wie viel Zeit muss ich...\" \/>\n<meta property=\"og:url\" content=\"https:\/\/lifestyle-immo24.de\/es\/der-beste-preis\/\" \/>\n<meta property=\"og:site_name\" content=\"Lifestyle Homes\" \/>\n<meta property=\"article:publisher\" content=\"https:\/\/www.facebook.com\/LifeStyleImmo24\/\" \/>\n<meta property=\"article:modified_time\" content=\"2017-02-17T13:59:56+00:00\" \/>\n<meta name=\"twitter:card\" content=\"summary_large_image\" \/>\n<meta name=\"twitter:label1\" content=\"Tiempo de lectura\" \/>\n\t<meta name=\"twitter:data1\" content=\"2 minutos\" \/>\n<script type=\"application\/ld+json\" class=\"yoast-schema-graph\">{\"@context\":\"https:\\\/\\\/schema.org\",\"@graph\":[{\"@type\":\"WebPage\",\"@id\":\"https:\\\/\\\/lifestyle-immo24.de\\\/es\\\/der-beste-preis\\\/\",\"url\":\"https:\\\/\\\/lifestyle-immo24.de\\\/es\\\/der-beste-preis\\\/\",\"name\":\"Der beste Preis &#8211; Lifestyle Homes\",\"isPartOf\":{\"@id\":\"https:\\\/\\\/lifestyle-immo24.de\\\/es\\\/#website\"},\"datePublished\":\"2016-09-21T19:39:02+00:00\",\"dateModified\":\"2017-02-17T13:59:56+00:00\",\"breadcrumb\":{\"@id\":\"https:\\\/\\\/lifestyle-immo24.de\\\/es\\\/der-beste-preis\\\/#breadcrumb\"},\"inLanguage\":\"es\",\"potentialAction\":[{\"@type\":\"ReadAction\",\"target\":[[\"https:\\\/\\\/lifestyle-immo24.de\\\/es\\\/der-beste-preis\\\/\"]]}]},{\"@type\":\"BreadcrumbList\",\"@id\":\"https:\\\/\\\/lifestyle-immo24.de\\\/es\\\/der-beste-preis\\\/#breadcrumb\",\"itemListElement\":[{\"@type\":\"ListItem\",\"position\":1,\"name\":\"Startseite\",\"item\":\"https:\\\/\\\/lifestyle-immo24.de\\\/es\\\/\"},{\"@type\":\"ListItem\",\"position\":2,\"name\":\"Der beste Preis\"}]},{\"@type\":\"WebSite\",\"@id\":\"https:\\\/\\\/lifestyle-immo24.de\\\/es\\\/#website\",\"url\":\"https:\\\/\\\/lifestyle-immo24.de\\\/es\\\/\",\"name\":\"Lifestyle Homes\",\"description\":\"Casas de vacaciones en alquiler o en venta\",\"publisher\":{\"@id\":\"https:\\\/\\\/lifestyle-immo24.de\\\/es\\\/#organization\"},\"potentialAction\":[{\"@type\":\"SearchAction\",\"target\":{\"@type\":\"EntryPoint\",\"urlTemplate\":\"https:\\\/\\\/lifestyle-immo24.de\\\/es\\\/?s={search_term_string}\"},\"query-input\":{\"@type\":\"PropertyValueSpecification\",\"valueRequired\":true,\"valueName\":\"search_term_string\"}}],\"inLanguage\":\"es\"},{\"@type\":\"Organization\",\"@id\":\"https:\\\/\\\/lifestyle-immo24.de\\\/es\\\/#organization\",\"name\":\"Lifestyle-Immo24\",\"url\":\"https:\\\/\\\/lifestyle-immo24.de\\\/es\\\/\",\"logo\":{\"@type\":\"ImageObject\",\"inLanguage\":\"es\",\"@id\":\"https:\\\/\\\/lifestyle-immo24.de\\\/es\\\/#\\\/schema\\\/logo\\\/image\\\/\",\"url\":\"https:\\\/\\\/lifestyle-immo24.de\\\/wp-content\\\/uploads\\\/2017\\\/05\\\/LOGO-Michael-Heinze-Immo-1.png\",\"contentUrl\":\"https:\\\/\\\/lifestyle-immo24.de\\\/wp-content\\\/uploads\\\/2017\\\/05\\\/LOGO-Michael-Heinze-Immo-1.png\",\"width\":1559,\"height\":482,\"caption\":\"Lifestyle-Immo24\"},\"image\":{\"@id\":\"https:\\\/\\\/lifestyle-immo24.de\\\/es\\\/#\\\/schema\\\/logo\\\/image\\\/\"},\"sameAs\":[\"https:\\\/\\\/www.facebook.com\\\/LifeStyleImmo24\\\/\"]}]}<\/script>\n<!-- \/ Yoast SEO plugin. -->","yoast_head_json":{"title":"Der beste Preis &#8211; Lifestyle Homes","robots":{"index":"index","follow":"follow","max-snippet":"max-snippet:-1","max-image-preview":"max-image-preview:large","max-video-preview":"max-video-preview:-1"},"canonical":"https:\/\/lifestyle-immo24.de\/es\/der-beste-preis\/","og_locale":"es_ES","og_type":"article","og_title":"Der beste Preis &#8211; Lifestyle Homes","og_description":"Wohnung oder Haus verkaufen: So bekommen Sie den besten Preis Die eigene Wohnung oder das geerbte Haus &#8211; wegen der gestiegenen Preise denken viele dar\u00fcber nach, eine Immobilie zu verkaufen. Doch einen K\u00e4ufer zu finden, der den Wunschpreis bezahlt, ist kein Selbstl\u00e4ufer. LIFESTYLE-IMMO24.DE erkl\u00e4rt, was Sie beim Hausverkauf beachten sollten. Wie viel Zeit muss ich...","og_url":"https:\/\/lifestyle-immo24.de\/es\/der-beste-preis\/","og_site_name":"Lifestyle Homes","article_publisher":"https:\/\/www.facebook.com\/LifeStyleImmo24\/","article_modified_time":"2017-02-17T13:59:56+00:00","twitter_card":"summary_large_image","twitter_misc":{"Tiempo de lectura":"2 minutos"},"schema":{"@context":"https:\/\/schema.org","@graph":[{"@type":"WebPage","@id":"https:\/\/lifestyle-immo24.de\/es\/der-beste-preis\/","url":"https:\/\/lifestyle-immo24.de\/es\/der-beste-preis\/","name":"Der beste Preis &#8211; Lifestyle Homes","isPartOf":{"@id":"https:\/\/lifestyle-immo24.de\/es\/#website"},"datePublished":"2016-09-21T19:39:02+00:00","dateModified":"2017-02-17T13:59:56+00:00","breadcrumb":{"@id":"https:\/\/lifestyle-immo24.de\/es\/der-beste-preis\/#breadcrumb"},"inLanguage":"es","potentialAction":[{"@type":"ReadAction","target":[["https:\/\/lifestyle-immo24.de\/es\/der-beste-preis\/"]]}]},{"@type":"BreadcrumbList","@id":"https:\/\/lifestyle-immo24.de\/es\/der-beste-preis\/#breadcrumb","itemListElement":[{"@type":"ListItem","position":1,"name":"Startseite","item":"https:\/\/lifestyle-immo24.de\/es\/"},{"@type":"ListItem","position":2,"name":"Der beste Preis"}]},{"@type":"WebSite","@id":"https:\/\/lifestyle-immo24.de\/es\/#website","url":"https:\/\/lifestyle-immo24.de\/es\/","name":"Lifestyle Homes","description":"Casas de vacaciones en alquiler o en venta","publisher":{"@id":"https:\/\/lifestyle-immo24.de\/es\/#organization"},"potentialAction":[{"@type":"SearchAction","target":{"@type":"EntryPoint","urlTemplate":"https:\/\/lifestyle-immo24.de\/es\/?s={search_term_string}"},"query-input":{"@type":"PropertyValueSpecification","valueRequired":true,"valueName":"search_term_string"}}],"inLanguage":"es"},{"@type":"Organization","@id":"https:\/\/lifestyle-immo24.de\/es\/#organization","name":"Lifestyle-Immo24","url":"https:\/\/lifestyle-immo24.de\/es\/","logo":{"@type":"ImageObject","inLanguage":"es","@id":"https:\/\/lifestyle-immo24.de\/es\/#\/schema\/logo\/image\/","url":"https:\/\/lifestyle-immo24.de\/wp-content\/uploads\/2017\/05\/LOGO-Michael-Heinze-Immo-1.png","contentUrl":"https:\/\/lifestyle-immo24.de\/wp-content\/uploads\/2017\/05\/LOGO-Michael-Heinze-Immo-1.png","width":1559,"height":482,"caption":"Lifestyle-Immo24"},"image":{"@id":"https:\/\/lifestyle-immo24.de\/es\/#\/schema\/logo\/image\/"},"sameAs":["https:\/\/www.facebook.com\/LifeStyleImmo24\/"]}]}},"_links":{"self":[{"href":"https:\/\/lifestyle-immo24.de\/es\/wp-json\/wp\/v2\/pages\/3883","targetHints":{"allow":["GET"]}}],"collection":[{"href":"https:\/\/lifestyle-immo24.de\/es\/wp-json\/wp\/v2\/pages"}],"about":[{"href":"https:\/\/lifestyle-immo24.de\/es\/wp-json\/wp\/v2\/types\/page"}],"author":[{"embeddable":true,"href":"https:\/\/lifestyle-immo24.de\/es\/wp-json\/wp\/v2\/users\/1"}],"replies":[{"embeddable":true,"href":"https:\/\/lifestyle-immo24.de\/es\/wp-json\/wp\/v2\/comments?post=3883"}],"version-history":[{"count":0,"href":"https:\/\/lifestyle-immo24.de\/es\/wp-json\/wp\/v2\/pages\/3883\/revisions"}],"wp:attachment":[{"href":"https:\/\/lifestyle-immo24.de\/es\/wp-json\/wp\/v2\/media?parent=3883"}],"curies":[{"name":"wp","href":"https:\/\/api.w.org\/{rel}","templated":true}]}}