{"id":26606,"date":"2021-01-21T15:15:00","date_gmt":"2021-01-21T14:15:00","guid":{"rendered":"http:\/\/travelerdata.wpengine.com\/?page_id=7448"},"modified":"2021-01-21T15:15:00","modified_gmt":"2021-01-21T14:15:00","slug":"footer-page-neu","status":"publish","type":"page","link":"https:\/\/lifestyle-immo24.de\/es\/home-2\/footer-page-neu\/","title":{"rendered":"Footer page nuevo"},"content":{"rendered":"<p>[vc_row full_width=&#8221;stretch_row_content&#8221; css=&#8221;.vc_custom_1671029158714{padding-bottom: 10px !important;background-color: #e1f0ff !important;}&#8221;][vc_column width=&#8221;1\/4&#8243;][vc_column_text css=&#8221;.vc_custom_1671029054849{border-bottom-width: 1px !important;padding-bottom: 5px !important;border-bottom-color: #5191fa !important;border-bottom-style: solid !important;}&#8221;]<\/p>\n<h4 style=\"font-size: 14px;\"><strong>BUENO SABER<br \/>\n<\/strong><\/h4>\n<p>[\/vc_column_text][vc_empty_space height=&#8221;5px&#8221;][vc_column_text]<span style=\"font-size: 14px; font-weight: 500;\">Bookify24 es un motor de b\u00fasqueda de viajes que compara y encuentra las mejores ofertas en vuelos, hoteles, alquiler de autos y paquetes tur\u00edsticos. Como un sitio de b\u00fasqueda de viajes gratuito, nunca cobramos tarifas adicionales y no le mostramos precios excesivos basados \u200b\u200ben cookies. Nos financiamos exclusivamente a trav\u00e9s de publicidad y comisiones de afiliados, las cuales no afectan su precio de ninguna manera.<\/span>[\/vc_column_text][\/vc_column][vc_column width=&#8221;1\/4&#8243;][vc_column_text css=&#8221;.vc_custom_1671029063430{border-bottom-width: 1px !important;padding-bottom: 5px !important;border-bottom-color: #1e73be !important;border-bottom-style: solid !important;}&#8221;]<\/p>\n<h4 style=\"font-size: 14px;\"><strong>EMPRESA<\/strong><\/h4>\n<p>[\/vc_column_text][vc_empty_space height=&#8221;5px&#8221;][st_custom_menu menu=&#8221;footer-unternehmen&#8221; title=&#8221;Company&#8221;][\/vc_column][vc_column width=&#8221;1\/4&#8243;][vc_column_text css=&#8221;.vc_custom_1671029071527{border-bottom-width: 1px !important;padding-bottom: 5px !important;border-bottom-color: #1e73be !important;border-bottom-style: solid !important;}&#8221;]<\/p>\n<h4 style=\"font-size: 14px;\"><strong>CATEGOR\u00cdAS<\/strong><\/h4>\n<p>[\/vc_column_text][vc_empty_space height=&#8221;5px&#8221;][st_custom_menu menu=&#8221;footer-kategorien&#8221; title=&#8221;Kategorien&#8221;][\/vc_column][vc_column width=&#8221;1\/4&#8243;][vc_column_text css=&#8221;.vc_custom_1671029081512{border-bottom-width: 1px !important;padding-bottom: 5px !important;border-bottom-color: #5191fa !important;border-bottom-style: solid !important;}&#8221;]<\/p>\n<h4 style=\"font-size: 14px;\"><strong>TRAVEL &#8211; APP<\/strong><\/h4>\n<p>[\/vc_column_text][vc_empty_space height=&#8221;25px&#8221;][vc_row_inner][vc_column_inner width=&#8221;1\/2&#8243; offset=&#8221;vc_col-xs-6&#8243;][vc_single_image image=&#8221;21782&#8243; img_size=&#8221;200&#215;50&#8243; onclick=&#8221;custom_link&#8221; img_link_target=&#8221;_blank&#8221; link=&#8221;http:\/\/search.bookify24.com\/app\/ios\/&#8221; css=&#8221;.vc_custom_1685627242027{background-color: #000000 !important;background-position: center !important;background-repeat: no-repeat !important;background-size: cover !important;border: 1px solid #666666 !important;border-radius: 5px !important;}&#8221;][\/vc_column_inner][vc_column_inner width=&#8221;1\/2&#8243; offset=&#8221;vc_col-xs-6&#8243;][vc_single_image image=&#8221;21783&#8243; img_size=&#8221;200&#215;50&#8243; alignment=&#8221;right&#8221; onclick=&#8221;custom_link&#8221; img_link_target=&#8221;_blank&#8221; link=&#8221;https:\/\/play.google.com\/store\/apps\/details?id=com.bookify24.travel.app&#8221; css=&#8221;.vc_custom_1685627082113{background-color: #000000 !important;background-position: center !important;background-repeat: no-repeat !important;background-size: cover !important;border: 1px solid #666666 !important;border-radius: 5px !important;}&#8221;][\/vc_column_inner][\/vc_row_inner][vc_empty_space height=&#8221;35px&#8221;][st_custom_menu menu=&#8221;footer-sprachen&#8221;][\/vc_column][\/vc_row]<\/p>\n","protected":false},"excerpt":{"rendered":"<p>[vc_row full_width=&#8221;stretch_row_content&#8221; css=&#8221;.vc_custom_1671029158714{padding-bottom: 10px !important;background-color: #e1f0ff !important;}&#8221;][vc_column width=&#8221;1\/4&#8243;][vc_column_text css=&#8221;.vc_custom_1671029054849{border-bottom-width: 1px !important;padding-bottom: 5px !important;border-bottom-color: #5191fa !important;border-bottom-style: solid !important;}&#8221;] BUENO SABER [\/vc_column_text][vc_empty_space height=&#8221;5px&#8221;][vc_column_text]Bookify24 es un motor de b\u00fasqueda de viajes que compara y encuentra las mejores ofertas en vuelos, hoteles, alquiler de autos y paquetes tur\u00edsticos. Como un sitio de b\u00fasqueda de viajes gratuito, nunca cobramos tarifas&#8230;<\/p>\n","protected":false},"author":190,"featured_media":0,"parent":9580,"menu_order":0,"comment_status":"closed","ping_status":"closed","template":"templates\/template-home-modern.php","meta":{"_exactmetrics_skip_tracking":false,"_exactmetrics_sitenote_active":false,"_exactmetrics_sitenote_note":"","_exactmetrics_sitenote_category":0,"footnotes":""},"class_list":["post-26606","page","type-page","status-publish","hentry"],"yoast_head":"<!-- This site is optimized with the Yoast SEO plugin v27.3 - https:\/\/yoast.com\/product\/yoast-seo-wordpress\/ -->\n<title>Footer page nuevo &#8211; Lifestyle Homes<\/title>\n<meta name=\"robots\" content=\"index, follow, max-snippet:-1, max-image-preview:large, max-video-preview:-1\" \/>\n<link rel=\"canonical\" href=\"https:\/\/lifestyle-immo24.de\/es\/home-2\/footer-page-neu\/\" \/>\n<meta property=\"og:locale\" content=\"es_ES\" \/>\n<meta property=\"og:type\" content=\"article\" \/>\n<meta property=\"og:title\" content=\"Footer page nuevo &#8211; Lifestyle Homes\" \/>\n<meta property=\"og:description\" content=\"[vc_row full_width=&#8221;stretch_row_content&#8221; css=&#8221;.vc_custom_1671029158714{padding-bottom: 10px !important;background-color: #e1f0ff !important;}&#8221;][vc_column width=&#8221;1\/4&#8243;][vc_column_text css=&#8221;.vc_custom_1671029054849{border-bottom-width: 1px !important;padding-bottom: 5px !important;border-bottom-color: #5191fa !important;border-bottom-style: solid !important;}&#8221;] BUENO SABER [\/vc_column_text][vc_empty_space height=&#8221;5px&#8221;][vc_column_text]Bookify24 es un motor de b\u00fasqueda de viajes que compara y encuentra las mejores ofertas en vuelos, hoteles, alquiler de autos y paquetes tur\u00edsticos. Como un sitio de b\u00fasqueda de viajes gratuito, nunca cobramos tarifas...\" \/>\n<meta property=\"og:url\" content=\"https:\/\/lifestyle-immo24.de\/es\/home-2\/footer-page-neu\/\" \/>\n<meta property=\"og:site_name\" content=\"Lifestyle Homes\" \/>\n<meta property=\"article:publisher\" content=\"https:\/\/www.facebook.com\/LifeStyleImmo24\/\" \/>\n<meta name=\"twitter:card\" content=\"summary_large_image\" \/>\n<meta name=\"twitter:label1\" content=\"Tiempo de lectura\" \/>\n\t<meta name=\"twitter:data1\" content=\"1 minuto\" \/>\n<script type=\"application\/ld+json\" class=\"yoast-schema-graph\">{\"@context\":\"https:\\\/\\\/schema.org\",\"@graph\":[{\"@type\":\"WebPage\",\"@id\":\"https:\\\/\\\/lifestyle-immo24.de\\\/es\\\/home-2\\\/footer-page-neu\\\/\",\"url\":\"https:\\\/\\\/lifestyle-immo24.de\\\/es\\\/home-2\\\/footer-page-neu\\\/\",\"name\":\"Footer page nuevo &#8211; Lifestyle Homes\",\"isPartOf\":{\"@id\":\"https:\\\/\\\/lifestyle-immo24.de\\\/es\\\/#website\"},\"datePublished\":\"2021-01-21T14:15:00+00:00\",\"breadcrumb\":{\"@id\":\"https:\\\/\\\/lifestyle-immo24.de\\\/es\\\/home-2\\\/footer-page-neu\\\/#breadcrumb\"},\"inLanguage\":\"es\",\"potentialAction\":[{\"@type\":\"ReadAction\",\"target\":[[\"https:\\\/\\\/lifestyle-immo24.de\\\/es\\\/home-2\\\/footer-page-neu\\\/\"]]}]},{\"@type\":\"BreadcrumbList\",\"@id\":\"https:\\\/\\\/lifestyle-immo24.de\\\/es\\\/home-2\\\/footer-page-neu\\\/#breadcrumb\",\"itemListElement\":[{\"@type\":\"ListItem\",\"position\":1,\"name\":\"Startseite\",\"item\":\"https:\\\/\\\/lifestyle-immo24.de\\\/es\\\/\"},{\"@type\":\"ListItem\",\"position\":2,\"name\":\"Startseite\",\"item\":\"https:\\\/\\\/lifestyle-immo24.de\\\/es\\\/home-2\\\/\"},{\"@type\":\"ListItem\",\"position\":3,\"name\":\"Footer page neu\"}]},{\"@type\":\"WebSite\",\"@id\":\"https:\\\/\\\/lifestyle-immo24.de\\\/es\\\/#website\",\"url\":\"https:\\\/\\\/lifestyle-immo24.de\\\/es\\\/\",\"name\":\"Lifestyle Homes\",\"description\":\"Casas de vacaciones en alquiler o en venta\",\"publisher\":{\"@id\":\"https:\\\/\\\/lifestyle-immo24.de\\\/es\\\/#organization\"},\"potentialAction\":[{\"@type\":\"SearchAction\",\"target\":{\"@type\":\"EntryPoint\",\"urlTemplate\":\"https:\\\/\\\/lifestyle-immo24.de\\\/es\\\/?s={search_term_string}\"},\"query-input\":{\"@type\":\"PropertyValueSpecification\",\"valueRequired\":true,\"valueName\":\"search_term_string\"}}],\"inLanguage\":\"es\"},{\"@type\":\"Organization\",\"@id\":\"https:\\\/\\\/lifestyle-immo24.de\\\/es\\\/#organization\",\"name\":\"Lifestyle-Immo24\",\"url\":\"https:\\\/\\\/lifestyle-immo24.de\\\/es\\\/\",\"logo\":{\"@type\":\"ImageObject\",\"inLanguage\":\"es\",\"@id\":\"https:\\\/\\\/lifestyle-immo24.de\\\/es\\\/#\\\/schema\\\/logo\\\/image\\\/\",\"url\":\"https:\\\/\\\/lifestyle-immo24.de\\\/wp-content\\\/uploads\\\/2017\\\/05\\\/LOGO-Michael-Heinze-Immo-1.png\",\"contentUrl\":\"https:\\\/\\\/lifestyle-immo24.de\\\/wp-content\\\/uploads\\\/2017\\\/05\\\/LOGO-Michael-Heinze-Immo-1.png\",\"width\":1559,\"height\":482,\"caption\":\"Lifestyle-Immo24\"},\"image\":{\"@id\":\"https:\\\/\\\/lifestyle-immo24.de\\\/es\\\/#\\\/schema\\\/logo\\\/image\\\/\"},\"sameAs\":[\"https:\\\/\\\/www.facebook.com\\\/LifeStyleImmo24\\\/\"]}]}<\/script>\n<!-- \/ Yoast SEO plugin. -->","yoast_head_json":{"title":"Footer page nuevo &#8211; Lifestyle Homes","robots":{"index":"index","follow":"follow","max-snippet":"max-snippet:-1","max-image-preview":"max-image-preview:large","max-video-preview":"max-video-preview:-1"},"canonical":"https:\/\/lifestyle-immo24.de\/es\/home-2\/footer-page-neu\/","og_locale":"es_ES","og_type":"article","og_title":"Footer page nuevo &#8211; Lifestyle Homes","og_description":"[vc_row full_width=&#8221;stretch_row_content&#8221; css=&#8221;.vc_custom_1671029158714{padding-bottom: 10px !important;background-color: #e1f0ff !important;}&#8221;][vc_column width=&#8221;1\/4&#8243;][vc_column_text css=&#8221;.vc_custom_1671029054849{border-bottom-width: 1px !important;padding-bottom: 5px !important;border-bottom-color: #5191fa !important;border-bottom-style: solid !important;}&#8221;] BUENO SABER [\/vc_column_text][vc_empty_space height=&#8221;5px&#8221;][vc_column_text]Bookify24 es un motor de b\u00fasqueda de viajes que compara y encuentra las mejores ofertas en vuelos, hoteles, alquiler de autos y paquetes tur\u00edsticos. Como un sitio de b\u00fasqueda de viajes gratuito, nunca cobramos tarifas...","og_url":"https:\/\/lifestyle-immo24.de\/es\/home-2\/footer-page-neu\/","og_site_name":"Lifestyle Homes","article_publisher":"https:\/\/www.facebook.com\/LifeStyleImmo24\/","twitter_card":"summary_large_image","twitter_misc":{"Tiempo de lectura":"1 minuto"},"schema":{"@context":"https:\/\/schema.org","@graph":[{"@type":"WebPage","@id":"https:\/\/lifestyle-immo24.de\/es\/home-2\/footer-page-neu\/","url":"https:\/\/lifestyle-immo24.de\/es\/home-2\/footer-page-neu\/","name":"Footer page nuevo &#8211; Lifestyle Homes","isPartOf":{"@id":"https:\/\/lifestyle-immo24.de\/es\/#website"},"datePublished":"2021-01-21T14:15:00+00:00","breadcrumb":{"@id":"https:\/\/lifestyle-immo24.de\/es\/home-2\/footer-page-neu\/#breadcrumb"},"inLanguage":"es","potentialAction":[{"@type":"ReadAction","target":[["https:\/\/lifestyle-immo24.de\/es\/home-2\/footer-page-neu\/"]]}]},{"@type":"BreadcrumbList","@id":"https:\/\/lifestyle-immo24.de\/es\/home-2\/footer-page-neu\/#breadcrumb","itemListElement":[{"@type":"ListItem","position":1,"name":"Startseite","item":"https:\/\/lifestyle-immo24.de\/es\/"},{"@type":"ListItem","position":2,"name":"Startseite","item":"https:\/\/lifestyle-immo24.de\/es\/home-2\/"},{"@type":"ListItem","position":3,"name":"Footer page neu"}]},{"@type":"WebSite","@id":"https:\/\/lifestyle-immo24.de\/es\/#website","url":"https:\/\/lifestyle-immo24.de\/es\/","name":"Lifestyle Homes","description":"Casas de vacaciones en alquiler o en venta","publisher":{"@id":"https:\/\/lifestyle-immo24.de\/es\/#organization"},"potentialAction":[{"@type":"SearchAction","target":{"@type":"EntryPoint","urlTemplate":"https:\/\/lifestyle-immo24.de\/es\/?s={search_term_string}"},"query-input":{"@type":"PropertyValueSpecification","valueRequired":true,"valueName":"search_term_string"}}],"inLanguage":"es"},{"@type":"Organization","@id":"https:\/\/lifestyle-immo24.de\/es\/#organization","name":"Lifestyle-Immo24","url":"https:\/\/lifestyle-immo24.de\/es\/","logo":{"@type":"ImageObject","inLanguage":"es","@id":"https:\/\/lifestyle-immo24.de\/es\/#\/schema\/logo\/image\/","url":"https:\/\/lifestyle-immo24.de\/wp-content\/uploads\/2017\/05\/LOGO-Michael-Heinze-Immo-1.png","contentUrl":"https:\/\/lifestyle-immo24.de\/wp-content\/uploads\/2017\/05\/LOGO-Michael-Heinze-Immo-1.png","width":1559,"height":482,"caption":"Lifestyle-Immo24"},"image":{"@id":"https:\/\/lifestyle-immo24.de\/es\/#\/schema\/logo\/image\/"},"sameAs":["https:\/\/www.facebook.com\/LifeStyleImmo24\/"]}]}},"_links":{"self":[{"href":"https:\/\/lifestyle-immo24.de\/es\/wp-json\/wp\/v2\/pages\/26606","targetHints":{"allow":["GET"]}}],"collection":[{"href":"https:\/\/lifestyle-immo24.de\/es\/wp-json\/wp\/v2\/pages"}],"about":[{"href":"https:\/\/lifestyle-immo24.de\/es\/wp-json\/wp\/v2\/types\/page"}],"author":[{"embeddable":true,"href":"https:\/\/lifestyle-immo24.de\/es\/wp-json\/wp\/v2\/users\/190"}],"replies":[{"embeddable":true,"href":"https:\/\/lifestyle-immo24.de\/es\/wp-json\/wp\/v2\/comments?post=26606"}],"version-history":[{"count":0,"href":"https:\/\/lifestyle-immo24.de\/es\/wp-json\/wp\/v2\/pages\/26606\/revisions"}],"up":[{"embeddable":true,"href":"https:\/\/lifestyle-immo24.de\/es\/wp-json\/wp\/v2\/pages\/9580"}],"wp:attachment":[{"href":"https:\/\/lifestyle-immo24.de\/es\/wp-json\/wp\/v2\/media?parent=26606"}],"curies":[{"name":"wp","href":"https:\/\/api.w.org\/{rel}","templated":true}]}}