{"id":26599,"date":"2018-12-10T03:06:47","date_gmt":"2018-12-10T03:06:47","guid":{"rendered":"https:\/\/bookify24.com\/acerca-de-nosotros\/"},"modified":"2018-12-10T03:06:47","modified_gmt":"2018-12-10T03:06:47","slug":"acerca-de-nosotros","status":"publish","type":"page","link":"https:\/\/lifestyle-immo24.de\/es\/acerca-de-nosotros\/","title":{"rendered":"Acerca de nosotros"},"content":{"rendered":"<p>[vc_row][vc_column][vc_empty_space height=&#8221;60px&#8221;][\/vc_column][\/vc_row][vc_row][vc_column width=&#8221;1\/2&#8243;][vc_column_text el_class=&#8221;st-aboutus-title&#8221;]<\/p>\n<h3>Nuestra historia<\/h3>\n<p>[\/vc_column_text][vc_column_text el_class=&#8221;st-aboutus-content&#8221;]Bookify24 es un sitio de b\u00fasqueda de viajes global gratuito e inspirador que compara ofertas en vuelos baratos, hoteles, paquetes de vacaciones y alquiler de autos.<br \/>\nOfrecemos a los viajeros una descripci\u00f3n completa de todas las opciones de viaje disponibles sin agregar tarifas adicionales, y no vendemos boletos de avi\u00f3n, alojamiento en hoteles u ofertas de alquiler de autom\u00f3viles. Le mostramos los precios disponibles y le permitimos elegir la oferta que prefiera. Con un clic, ser\u00e1 redirigido a la p\u00e1gina seleccionada, donde puede completar su reserva.[\/vc_column_text][vc_empty_space height=&#8221;30px&#8221;][\/vc_column][vc_column width=&#8221;1\/2&#8243;][vc_column_text el_class=&#8221;st-aboutus-title&#8221;]<\/p>\n<h3>Nuestra misi\u00f3n<\/h3>\n<p>[\/vc_column_text][vc_column_text el_class=&#8221;st-aboutus-content&#8221;]Bookify24 es un motor de b\u00fasqueda de viajes que compara y encuentra las mejores ofertas en vuelos, hoteles, autos de alquiler y paquetes de vacaciones. Como un sitio de b\u00fasqueda de viajes gratuito, nunca cobramos tarifas adicionales y no le mostramos precios excesivos basados en cookies. Nos financiamos exclusivamente a trav\u00e9s de publicidad y comisiones de afiliados, que no afectan su precio de ninguna manera.<\/p>\n<p>Creemos que todos deber\u00edan poder viajar por el mundo. Nuestro objetivo es mostrar coraje y alentar a las personas a ser curiosas y de mente abierta para que todos podamos disfrutar de un mundo mejor y m\u00e1s diverso.[\/vc_column_text][vc_column_text el_class=&#8221;st-aboutus-title&#8221;]<\/p>\n<h3>Por favor tenlo en cuenta<\/h3>\n<p>[\/vc_column_text][vc_column_text el_class=&#8221;st-aboutus-content&#8221;]No somos una agencia de viajes y no vendemos boletos de avi\u00f3n. Si tiene alguna pregunta sobre una reserva, comun\u00edquese directamente con el agente de viajes donde realiz\u00f3 su reserva. Muchas gracias[\/vc_column_text][vc_empty_space height=&#8221;30px&#8221;][\/vc_column][\/vc_row][vc_row][vc_column][vc_empty_space height=&#8221;20px&#8221;][st_about_us_statistic list_statistic=&#8221;%5B%7B%22main_text%22%3A%22100%2B%22%2C%22sub_text%22%3A%22partner%22%2C%22desc%22%3A%22Nam%20dapibus%20nisl%20vitae%20elit%20fringilla%20rutrum.%20Aenean%20sollicitudin%2C%20erat%20a%20elementum%20rutrum%2C%20neque%20sem%20pretium%20metus%2C%20quis%20mollis%20nisl%20nunc%20et%20massa.%22%7D%2C%7B%22main_text%22%3A%222k%2B%22%2C%22sub_text%22%3A%22properties%22%2C%22desc%22%3A%22Nam%20dapibus%20nisl%20vitae%20elit%20fringilla%20rutrum.%20Aenean%20sollicitudin%2C%20erat%20a%20elementum%20rutrum%2C%20neque%20sem%20pretium%20metus%2C%20quis%20mollis%20nisl%20nunc%20et%20massa.%22%7D%2C%7B%22main_text%22%3A%22300%2B%22%2C%22sub_text%22%3A%22destinations%22%2C%22desc%22%3A%22Nam%20dapibus%20nisl%20vitae%20elit%20fringilla%20rutrum.%20Aenean%20sollicitudin%2C%20erat%20a%20elementum%20rutrum%2C%20neque%20sem%20pretium%20metus%2C%20quis%20mollis%20nisl%20nunc%20et%20massa.%22%7D%2C%7B%22main_text%22%3A%2240k%2B%22%2C%22sub_text%22%3A%22booking%22%2C%22desc%22%3A%22Nam%20dapibus%20nisl%20vitae%20elit%20fringilla%20rutrum.%20Aenean%20sollicitudin%2C%20erat%20a%20elementum%20rutrum%2C%20neque%20sem%20pretium%20metus%2C%20quis%20mollis%20nisl%20nunc%20et%20massa.%22%7D%5D&#8221; undefined=&#8221;&#8221;][vc_empty_space height=&#8221;65px&#8221;][st_about_us_info_new name=&#8221;Michael Heinze&#8221; position=&#8221;Fundador&#8221; more_info=&#8221;Nuestra visi\u00f3n del mundo es que nuestras diferencias son una fuente de inspiraci\u00f3n y desarrollo, no de intolerancia y prejuicio.&#8221;][vc_empty_space height=&#8221;65px&#8221;][\/vc_column][\/vc_row][vc_row full_width=&#8221;stretch_row_content_no_spaces&#8221; row_fullwidth=&#8221;yes&#8221;][vc_column css=&#8221;.vc_custom_1543386510262{padding-right: 0px !important;padding-left: 0px !important;}&#8221;][st_about_us_gallery_new images=&#8221;14179,14178,14177,14176,14084,14083,14072&#8243; title=&#8221;Life auf Bookify24&#8243; link=&#8221;url:%23link-to|title:Join%20Our%20Team||&#8221;][\/vc_column][\/vc_row][vc_row disable_element=&#8221;yes&#8221;][vc_column][vc_empty_space height=&#8221;130px&#8221;][st_about_us_team_new list_team=&#8221;%5B%7B%22photo%22%3A%2214551%22%2C%22name%22%3A%22Michael%20Heinze%22%2C%22position%22%3A%22CEO%22%2C%22list_social%22%3A%22%255B%257B%2522icon%2522%253A%2522fa%2520fa-facebook%2522%252C%2522link%2522%253A%2522url%253A%252523face%257C%257C%257C%2522%257D%252C%257B%2522icon%2522%253A%2522fa%2520fa-twitter%2522%252C%2522link%2522%253A%2522url%253A%252523tw%257C%257C%257C%2522%257D%252C%257B%2522icon%2522%253A%2522fa%2520fa-instagram%2522%252C%2522link%2522%253A%2522url%253A%252523ins%257C%257C%257C%2522%257D%255D%22%7D%2C%7B%22photo%22%3A%229183%22%2C%22name%22%3A%22Evan%20Porter%22%2C%22position%22%3A%22COO%22%2C%22list_social%22%3A%22%255B%257B%2522icon%2522%253A%2522fa%2520fa-facebook%2522%252C%2522link%2522%253A%2522url%253A%252523face%257C%257C%257C%2522%257D%252C%257B%2522icon%2522%253A%2522fa%2520fa-twitter%2522%252C%2522link%2522%253A%2522url%253A%252523tw%257C%257C%257C%2522%257D%252C%257B%2522icon%2522%253A%2522fa%2520fa-instagram%2522%252C%2522link%2522%253A%2522url%253A%252523ins%257C%257C%257C%2522%257D%255D%22%7D%2C%7B%22photo%22%3A%229183%22%2C%22name%22%3A%22Donald%20Wolf%22%2C%22position%22%3A%22Account%20Manager%22%2C%22list_social%22%3A%22%255B%257B%2522icon%2522%253A%2522fa%2520fa-facebook%2522%252C%2522link%2522%253A%2522url%253A%252523face%257C%257C%257C%2522%257D%252C%257B%2522icon%2522%253A%2522fa%2520fa-twitter%2522%252C%2522link%2522%253A%2522url%253A%252523tw%257C%257C%257C%2522%257D%252C%257B%2522icon%2522%253A%2522fa%2520fa-instagram%2522%252C%2522link%2522%253A%2522url%253A%252523ins%257C%257C%257C%2522%257D%255D%22%7D%2C%7B%22photo%22%3A%229183%22%2C%22name%22%3A%22Charlie%20Harrington%22%2C%22position%22%3A%22Sales%20Support%22%2C%22list_social%22%3A%22%255B%257B%2522icon%2522%253A%2522fa%2520fa-facebook%2522%252C%2522link%2522%253A%2522url%253A%252523face%257C%257C%257C%2522%257D%252C%257B%2522icon%2522%253A%2522fa%2520fa-twitter%2522%252C%2522link%2522%253A%2522url%253A%252523tw%257C%257C%257C%2522%257D%252C%257B%2522icon%2522%253A%2522fa%2520fa-instagram%2522%252C%2522link%2522%253A%2522url%253A%252523ins%257C%257C%257C%2522%257D%255D%22%7D%2C%7B%22photo%22%3A%229183%22%2C%22name%22%3A%22Melody%20Marshall%22%2C%22position%22%3A%22Order%20Manager%22%2C%22list_social%22%3A%22%255B%257B%2522icon%2522%253A%2522fa%2520fa-facebook%2522%252C%2522link%2522%253A%2522url%253A%252523face%257C%257C%257C%2522%257D%252C%257B%2522icon%2522%253A%2522fa%2520fa-twitter%2522%252C%2522link%2522%253A%2522url%253A%252523tw%257C%257C%257C%2522%257D%252C%257B%2522icon%2522%253A%2522fa%2520fa-instagram%2522%252C%2522link%2522%253A%2522url%253A%252523ins%257C%257C%257C%2522%257D%255D%22%7D%2C%7B%22photo%22%3A%229183%22%2C%22name%22%3A%22Lee%20Cunningham%22%2C%22position%22%3A%22Designer%22%2C%22list_social%22%3A%22%255B%257B%2522icon%2522%253A%2522fa%2520fa-facebook%2522%252C%2522link%2522%253A%2522url%253A%252523face%257C%257C%257C%2522%257D%252C%257B%2522icon%2522%253A%2522fa%2520fa-twitter%2522%252C%2522link%2522%253A%2522url%253A%252523tw%257C%257C%257C%2522%257D%252C%257B%2522icon%2522%253A%2522fa%2520fa-instagram%2522%252C%2522link%2522%253A%2522url%253A%252523ins%257C%257C%257C%2522%257D%255D%22%7D%2C%7B%22photo%22%3A%229183%22%2C%22name%22%3A%22Kody%20Byrd%22%2C%22position%22%3A%22QC%20Manager%22%2C%22list_social%22%3A%22%255B%257B%2522icon%2522%253A%2522fa%2520fa-facebook%2522%252C%2522link%2522%253A%2522url%253A%252523face%257C%257C%257C%2522%257D%252C%257B%2522icon%2522%253A%2522fa%2520fa-twitter%2522%252C%2522link%2522%253A%2522url%253A%252523tw%257C%257C%257C%2522%257D%252C%257B%2522icon%2522%253A%2522fa%2520fa-instagram%2522%252C%2522link%2522%253A%2522url%253A%252523ins%257C%257C%257C%2522%257D%255D%22%7D%2C%7B%22photo%22%3A%229183%22%2C%22name%22%3A%22Breanna%20French%22%2C%22position%22%3A%22Head%20of%20Design%22%2C%22list_social%22%3A%22%255B%257B%2522icon%2522%253A%2522fa%2520fa-facebook%2522%252C%2522link%2522%253A%2522url%253A%252523face%257C%257C%257C%2522%257D%252C%257B%2522icon%2522%253A%2522fa%2520fa-twitter%2522%252C%2522link%2522%253A%2522url%253A%252523tw%257C%257C%257C%2522%257D%252C%257B%2522icon%2522%253A%2522fa%2520fa-instagram%2522%252C%2522link%2522%253A%2522url%253A%252523ins%257C%257C%257C%2522%257D%255D%22%7D%5D&#8221; title=&#8221;Leadership Team&#8221;][\/vc_column][\/vc_row]<\/p>\n","protected":false},"excerpt":{"rendered":"<p>[vc_row][vc_column][vc_empty_space height=&#8221;60px&#8221;][\/vc_column][\/vc_row][vc_row][vc_column width=&#8221;1\/2&#8243;][vc_column_text el_class=&#8221;st-aboutus-title&#8221;] Nuestra historia [\/vc_column_text][vc_column_text el_class=&#8221;st-aboutus-content&#8221;]Bookify24 es un sitio de b\u00fasqueda de viajes global gratuito e inspirador que compara ofertas en vuelos baratos, hoteles, paquetes de vacaciones y alquiler de autos. Ofrecemos a los viajeros una descripci\u00f3n completa de todas las opciones de viaje disponibles sin agregar tarifas adicionales, y no vendemos boletos&#8230;<\/p>\n","protected":false},"author":190,"featured_media":0,"parent":0,"menu_order":0,"comment_status":"closed","ping_status":"closed","template":"templates\/template-home-modern.php","meta":{"_exactmetrics_skip_tracking":false,"_exactmetrics_sitenote_active":false,"_exactmetrics_sitenote_note":"","_exactmetrics_sitenote_category":0,"footnotes":""},"class_list":["post-26599","page","type-page","status-publish","hentry"],"yoast_head":"<!-- This site is optimized with the Yoast SEO plugin v27.3 - https:\/\/yoast.com\/product\/yoast-seo-wordpress\/ -->\n<title>Acerca de nosotros &#8211; Lifestyle Homes<\/title>\n<meta name=\"robots\" content=\"index, follow, max-snippet:-1, max-image-preview:large, max-video-preview:-1\" \/>\n<link rel=\"canonical\" href=\"https:\/\/lifestyle-immo24.de\/es\/acerca-de-nosotros\/\" \/>\n<meta property=\"og:locale\" content=\"es_ES\" \/>\n<meta property=\"og:type\" content=\"article\" \/>\n<meta property=\"og:title\" content=\"Acerca de nosotros &#8211; Lifestyle Homes\" \/>\n<meta property=\"og:description\" content=\"[vc_row][vc_column][vc_empty_space height=&#8221;60px&#8221;][\/vc_column][\/vc_row][vc_row][vc_column width=&#8221;1\/2&#8243;][vc_column_text el_class=&#8221;st-aboutus-title&#8221;] Nuestra historia [\/vc_column_text][vc_column_text el_class=&#8221;st-aboutus-content&#8221;]Bookify24 es un sitio de b\u00fasqueda de viajes global gratuito e inspirador que compara ofertas en vuelos baratos, hoteles, paquetes de vacaciones y alquiler de autos. Ofrecemos a los viajeros una descripci\u00f3n completa de todas las opciones de viaje disponibles sin agregar tarifas adicionales, y no vendemos boletos...\" \/>\n<meta property=\"og:url\" content=\"https:\/\/lifestyle-immo24.de\/es\/acerca-de-nosotros\/\" \/>\n<meta property=\"og:site_name\" content=\"Lifestyle Homes\" \/>\n<meta property=\"article:publisher\" content=\"https:\/\/www.facebook.com\/LifeStyleImmo24\/\" \/>\n<meta name=\"twitter:card\" content=\"summary_large_image\" \/>\n<meta name=\"twitter:label1\" content=\"Tiempo de lectura\" \/>\n\t<meta name=\"twitter:data1\" content=\"2 minutos\" \/>\n<script type=\"application\/ld+json\" class=\"yoast-schema-graph\">{\"@context\":\"https:\\\/\\\/schema.org\",\"@graph\":[{\"@type\":\"WebPage\",\"@id\":\"https:\\\/\\\/lifestyle-immo24.de\\\/es\\\/acerca-de-nosotros\\\/\",\"url\":\"https:\\\/\\\/lifestyle-immo24.de\\\/es\\\/acerca-de-nosotros\\\/\",\"name\":\"Acerca de nosotros &#8211; Lifestyle Homes\",\"isPartOf\":{\"@id\":\"https:\\\/\\\/lifestyle-immo24.de\\\/es\\\/#website\"},\"datePublished\":\"2018-12-10T03:06:47+00:00\",\"breadcrumb\":{\"@id\":\"https:\\\/\\\/lifestyle-immo24.de\\\/es\\\/acerca-de-nosotros\\\/#breadcrumb\"},\"inLanguage\":\"es\",\"potentialAction\":[{\"@type\":\"ReadAction\",\"target\":[[\"https:\\\/\\\/lifestyle-immo24.de\\\/es\\\/acerca-de-nosotros\\\/\"]]}]},{\"@type\":\"BreadcrumbList\",\"@id\":\"https:\\\/\\\/lifestyle-immo24.de\\\/es\\\/acerca-de-nosotros\\\/#breadcrumb\",\"itemListElement\":[{\"@type\":\"ListItem\",\"position\":1,\"name\":\"Startseite\",\"item\":\"https:\\\/\\\/lifestyle-immo24.de\\\/es\\\/\"},{\"@type\":\"ListItem\",\"position\":2,\"name\":\"Acerca de nosotros\"}]},{\"@type\":\"WebSite\",\"@id\":\"https:\\\/\\\/lifestyle-immo24.de\\\/es\\\/#website\",\"url\":\"https:\\\/\\\/lifestyle-immo24.de\\\/es\\\/\",\"name\":\"Lifestyle Homes\",\"description\":\"Casas de vacaciones en alquiler o en venta\",\"publisher\":{\"@id\":\"https:\\\/\\\/lifestyle-immo24.de\\\/es\\\/#organization\"},\"potentialAction\":[{\"@type\":\"SearchAction\",\"target\":{\"@type\":\"EntryPoint\",\"urlTemplate\":\"https:\\\/\\\/lifestyle-immo24.de\\\/es\\\/?s={search_term_string}\"},\"query-input\":{\"@type\":\"PropertyValueSpecification\",\"valueRequired\":true,\"valueName\":\"search_term_string\"}}],\"inLanguage\":\"es\"},{\"@type\":\"Organization\",\"@id\":\"https:\\\/\\\/lifestyle-immo24.de\\\/es\\\/#organization\",\"name\":\"Lifestyle-Immo24\",\"url\":\"https:\\\/\\\/lifestyle-immo24.de\\\/es\\\/\",\"logo\":{\"@type\":\"ImageObject\",\"inLanguage\":\"es\",\"@id\":\"https:\\\/\\\/lifestyle-immo24.de\\\/es\\\/#\\\/schema\\\/logo\\\/image\\\/\",\"url\":\"https:\\\/\\\/lifestyle-immo24.de\\\/wp-content\\\/uploads\\\/2017\\\/05\\\/LOGO-Michael-Heinze-Immo-1.png\",\"contentUrl\":\"https:\\\/\\\/lifestyle-immo24.de\\\/wp-content\\\/uploads\\\/2017\\\/05\\\/LOGO-Michael-Heinze-Immo-1.png\",\"width\":1559,\"height\":482,\"caption\":\"Lifestyle-Immo24\"},\"image\":{\"@id\":\"https:\\\/\\\/lifestyle-immo24.de\\\/es\\\/#\\\/schema\\\/logo\\\/image\\\/\"},\"sameAs\":[\"https:\\\/\\\/www.facebook.com\\\/LifeStyleImmo24\\\/\"]}]}<\/script>\n<!-- \/ Yoast SEO plugin. -->","yoast_head_json":{"title":"Acerca de nosotros &#8211; Lifestyle Homes","robots":{"index":"index","follow":"follow","max-snippet":"max-snippet:-1","max-image-preview":"max-image-preview:large","max-video-preview":"max-video-preview:-1"},"canonical":"https:\/\/lifestyle-immo24.de\/es\/acerca-de-nosotros\/","og_locale":"es_ES","og_type":"article","og_title":"Acerca de nosotros &#8211; Lifestyle Homes","og_description":"[vc_row][vc_column][vc_empty_space height=&#8221;60px&#8221;][\/vc_column][\/vc_row][vc_row][vc_column width=&#8221;1\/2&#8243;][vc_column_text el_class=&#8221;st-aboutus-title&#8221;] Nuestra historia [\/vc_column_text][vc_column_text el_class=&#8221;st-aboutus-content&#8221;]Bookify24 es un sitio de b\u00fasqueda de viajes global gratuito e inspirador que compara ofertas en vuelos baratos, hoteles, paquetes de vacaciones y alquiler de autos. Ofrecemos a los viajeros una descripci\u00f3n completa de todas las opciones de viaje disponibles sin agregar tarifas adicionales, y no vendemos boletos...","og_url":"https:\/\/lifestyle-immo24.de\/es\/acerca-de-nosotros\/","og_site_name":"Lifestyle Homes","article_publisher":"https:\/\/www.facebook.com\/LifeStyleImmo24\/","twitter_card":"summary_large_image","twitter_misc":{"Tiempo de lectura":"2 minutos"},"schema":{"@context":"https:\/\/schema.org","@graph":[{"@type":"WebPage","@id":"https:\/\/lifestyle-immo24.de\/es\/acerca-de-nosotros\/","url":"https:\/\/lifestyle-immo24.de\/es\/acerca-de-nosotros\/","name":"Acerca de nosotros &#8211; Lifestyle Homes","isPartOf":{"@id":"https:\/\/lifestyle-immo24.de\/es\/#website"},"datePublished":"2018-12-10T03:06:47+00:00","breadcrumb":{"@id":"https:\/\/lifestyle-immo24.de\/es\/acerca-de-nosotros\/#breadcrumb"},"inLanguage":"es","potentialAction":[{"@type":"ReadAction","target":[["https:\/\/lifestyle-immo24.de\/es\/acerca-de-nosotros\/"]]}]},{"@type":"BreadcrumbList","@id":"https:\/\/lifestyle-immo24.de\/es\/acerca-de-nosotros\/#breadcrumb","itemListElement":[{"@type":"ListItem","position":1,"name":"Startseite","item":"https:\/\/lifestyle-immo24.de\/es\/"},{"@type":"ListItem","position":2,"name":"Acerca de nosotros"}]},{"@type":"WebSite","@id":"https:\/\/lifestyle-immo24.de\/es\/#website","url":"https:\/\/lifestyle-immo24.de\/es\/","name":"Lifestyle Homes","description":"Casas de vacaciones en alquiler o en venta","publisher":{"@id":"https:\/\/lifestyle-immo24.de\/es\/#organization"},"potentialAction":[{"@type":"SearchAction","target":{"@type":"EntryPoint","urlTemplate":"https:\/\/lifestyle-immo24.de\/es\/?s={search_term_string}"},"query-input":{"@type":"PropertyValueSpecification","valueRequired":true,"valueName":"search_term_string"}}],"inLanguage":"es"},{"@type":"Organization","@id":"https:\/\/lifestyle-immo24.de\/es\/#organization","name":"Lifestyle-Immo24","url":"https:\/\/lifestyle-immo24.de\/es\/","logo":{"@type":"ImageObject","inLanguage":"es","@id":"https:\/\/lifestyle-immo24.de\/es\/#\/schema\/logo\/image\/","url":"https:\/\/lifestyle-immo24.de\/wp-content\/uploads\/2017\/05\/LOGO-Michael-Heinze-Immo-1.png","contentUrl":"https:\/\/lifestyle-immo24.de\/wp-content\/uploads\/2017\/05\/LOGO-Michael-Heinze-Immo-1.png","width":1559,"height":482,"caption":"Lifestyle-Immo24"},"image":{"@id":"https:\/\/lifestyle-immo24.de\/es\/#\/schema\/logo\/image\/"},"sameAs":["https:\/\/www.facebook.com\/LifeStyleImmo24\/"]}]}},"_links":{"self":[{"href":"https:\/\/lifestyle-immo24.de\/es\/wp-json\/wp\/v2\/pages\/26599","targetHints":{"allow":["GET"]}}],"collection":[{"href":"https:\/\/lifestyle-immo24.de\/es\/wp-json\/wp\/v2\/pages"}],"about":[{"href":"https:\/\/lifestyle-immo24.de\/es\/wp-json\/wp\/v2\/types\/page"}],"author":[{"embeddable":true,"href":"https:\/\/lifestyle-immo24.de\/es\/wp-json\/wp\/v2\/users\/190"}],"replies":[{"embeddable":true,"href":"https:\/\/lifestyle-immo24.de\/es\/wp-json\/wp\/v2\/comments?post=26599"}],"version-history":[{"count":0,"href":"https:\/\/lifestyle-immo24.de\/es\/wp-json\/wp\/v2\/pages\/26599\/revisions"}],"wp:attachment":[{"href":"https:\/\/lifestyle-immo24.de\/es\/wp-json\/wp\/v2\/media?parent=26599"}],"curies":[{"name":"wp","href":"https:\/\/api.w.org\/{rel}","templated":true}]}}