{"id":26591,"date":"2018-12-10T03:06:47","date_gmt":"2018-12-10T03:06:47","guid":{"rendered":"http:\/\/travelhotel.wpengine.com\/?page_id=8028"},"modified":"2018-12-10T03:06:47","modified_gmt":"2018-12-10T03:06:47","slug":"about-us","status":"publish","type":"page","link":"https:\/\/lifestyle-immo24.de\/es\/about-us\/","title":{"rendered":"Sobre Nosotros"},"content":{"rendered":"<p>[vc_row][vc_column][vc_empty_space height=&#8221;60px&#8221;][\/vc_column][\/vc_row][vc_row][vc_column width=&#8221;1\/2&#8243;][vc_column_text el_class=&#8221;st-aboutus-title&#8221;]<\/p>\n<h3>Nuestra historia<\/h3>\n<p>[\/vc_column_text][vc_column_text el_class=&#8221;st-aboutus-content&#8221;]Bookify24.com es un proyecto de Michael Heinze y es un sitio de b\u00fasqueda de viajes global gratuito e inspirador que compara ofertas de vuelos, hoteles, paquetes de vacaciones y alquiler de autos.<br \/>\nOfrecemos a los viajeros una descripci\u00f3n completa de todas las opciones de viaje disponibles sin agregar tarifas adicionales. No vendemos billetes de avi\u00f3n, alojamiento en hoteles ni ofertas de alquiler de coches. Solo te mostramos los precios disponibles y te dejamos elegir qu\u00e9 oferta prefieres. Con un clic, ser\u00e1 redirigido directamente a la p\u00e1gina seleccionada, donde podr\u00e1 completar su reserva.[\/vc_column_text][vc_empty_space height=&#8221;30px&#8221;][\/vc_column][vc_column width=&#8221;1\/2&#8243;][vc_column_text el_class=&#8221;st-aboutus-title&#8221;]<\/p>\n<h3>Nuestra misi\u00f3n<\/h3>\n<p>[\/vc_column_text][vc_column_text el_class=&#8221;st-aboutus-content&#8221;]Bookify24 es un motor de b\u00fasqueda de viajes que compara y encuentra de forma transparente las mejores ofertas en vuelos, hoteles, coches de alquiler y paquetes vacacionales. Como un sitio de b\u00fasqueda de viajes gratuito, nunca le cobramos extra ni le mostramos precios inflados basados \u200b\u200ben cookies. Nos financiamos exclusivamente a trav\u00e9s de publicidad y comisiones de afiliados, que no afectan en modo alguno a su precio.<\/p>\n<p>Creemos que todo el mundo deber\u00eda tener la oportunidad de viajar por el mundo. Nuestro objetivo es mostrar coraje y alentar a las personas a ser curiosas y de mente abierta para que todos podamos disfrutar de un mundo mejor y m\u00e1s diverso.[\/vc_column_text][vc_column_text el_class=&#8221;st-aboutus-title&#8221;]<\/p>\n<h3>Por favor recuerda siempre<\/h3>\n<p>[\/vc_column_text][vc_column_text el_class=&#8221;st-aboutus-content&#8221;]No somos una agencia de viajes y no vendemos boletos de avi\u00f3n. Si tiene preguntas sobre una reserva, comun\u00edquese directamente con el proveedor de viajes con el que realiz\u00f3 la reserva. \u00a1Muchas gracias![\/vc_column_text][vc_empty_space height=&#8221;30px&#8221;][\/vc_column][\/vc_row][vc_row][vc_column][vc_empty_space height=&#8221;20px&#8221;][st_about_us_statistic list_statistic=&#8221;%5B%7B%22main_text%22%3A%22100%2B%22%2C%22sub_text%22%3A%22partner%22%2C%22desc%22%3A%22Nam%20dapibus%20nisl%20vitae%20elit%20fringilla%20rutrum.%20Aenean%20sollicitudin%2C%20erat%20a%20elementum%20rutrum%2C%20neque%20sem%20pretium%20metus%2C%20quis%20mollis%20nisl%20nunc%20et%20massa.%22%7D%2C%7B%22main_text%22%3A%222k%2B%22%2C%22sub_text%22%3A%22properties%22%2C%22desc%22%3A%22Nam%20dapibus%20nisl%20vitae%20elit%20fringilla%20rutrum.%20Aenean%20sollicitudin%2C%20erat%20a%20elementum%20rutrum%2C%20neque%20sem%20pretium%20metus%2C%20quis%20mollis%20nisl%20nunc%20et%20massa.%22%7D%2C%7B%22main_text%22%3A%22300%2B%22%2C%22sub_text%22%3A%22destinations%22%2C%22desc%22%3A%22Nam%20dapibus%20nisl%20vitae%20elit%20fringilla%20rutrum.%20Aenean%20sollicitudin%2C%20erat%20a%20elementum%20rutrum%2C%20neque%20sem%20pretium%20metus%2C%20quis%20mollis%20nisl%20nunc%20et%20massa.%22%7D%2C%7B%22main_text%22%3A%2240k%2B%22%2C%22sub_text%22%3A%22booking%22%2C%22desc%22%3A%22Nam%20dapibus%20nisl%20vitae%20elit%20fringilla%20rutrum.%20Aenean%20sollicitudin%2C%20erat%20a%20elementum%20rutrum%2C%20neque%20sem%20pretium%20metus%2C%20quis%20mollis%20nisl%20nunc%20et%20massa.%22%7D%5D&#8221; undefined=&#8221;&#8221;][vc_empty_space height=&#8221;65px&#8221;][st_about_us_info_new name=&#8221;Michael Heinze&#8221; position=&#8221;Founder&#8221; more_info=&#8221;Nuestra visi\u00f3n del mundo es que nuestras diferencias son fuente de inspiraci\u00f3n y avance, no de intolerancia y prejuicio.&#8221;][vc_empty_space height=&#8221;65px&#8221;][\/vc_column][\/vc_row][vc_row full_width=&#8221;stretch_row_content_no_spaces&#8221; row_fullwidth=&#8221;yes&#8221;][vc_column css=&#8221;.vc_custom_1543386510262{padding-right: 0px !important;padding-left: 0px !important;}&#8221;][st_about_us_gallery_new title=&#8221;Convi\u00e9rtase en nuestro socio y ofrezca su casa de vacaciones, hotel, coche de alquiler o recorrido en nuestro sitio&#8221; link=&#8221;url:https%3A%2F%2Fbookify24.com%2Fes%2Fbecome-local-expert%2F|title:Zur%20Bookify24%20Partner%20Anmeldung|target:_blank&#8221; images=&#8221;21502,21709,21678,21651,21662&#8243;][vc_empty_space height=&#8221;60px&#8221;][\/vc_column][\/vc_row]<\/p>\n","protected":false},"excerpt":{"rendered":"<p>[vc_row][vc_column][vc_empty_space height=&#8221;60px&#8221;][\/vc_column][\/vc_row][vc_row][vc_column width=&#8221;1\/2&#8243;][vc_column_text el_class=&#8221;st-aboutus-title&#8221;] Nuestra historia [\/vc_column_text][vc_column_text el_class=&#8221;st-aboutus-content&#8221;]Bookify24.com es un proyecto de Michael Heinze y es un sitio de b\u00fasqueda de viajes global gratuito e inspirador que compara ofertas de vuelos, hoteles, paquetes de vacaciones y alquiler de autos. Ofrecemos a los viajeros una descripci\u00f3n completa de todas las opciones de viaje disponibles sin agregar&#8230;<\/p>\n","protected":false},"author":190,"featured_media":26545,"parent":0,"menu_order":0,"comment_status":"closed","ping_status":"closed","template":"templates\/template-home-modern.php","meta":{"_exactmetrics_skip_tracking":false,"_exactmetrics_sitenote_active":false,"_exactmetrics_sitenote_note":"","_exactmetrics_sitenote_category":0,"footnotes":""},"class_list":["post-26591","page","type-page","status-publish","has-post-thumbnail","hentry"],"yoast_head":"<!-- This site is optimized with the Yoast SEO plugin v27.4 - https:\/\/yoast.com\/product\/yoast-seo-wordpress\/ -->\n<title>Sobre Nosotros &#8211; Lifestyle Homes<\/title>\n<meta name=\"robots\" content=\"index, follow, max-snippet:-1, max-image-preview:large, max-video-preview:-1\" \/>\n<link rel=\"canonical\" href=\"https:\/\/lifestyle-immo24.de\/es\/about-us\/\" \/>\n<meta property=\"og:locale\" content=\"es_ES\" \/>\n<meta property=\"og:type\" content=\"article\" \/>\n<meta property=\"og:title\" content=\"Sobre Nosotros &#8211; Lifestyle Homes\" \/>\n<meta property=\"og:description\" content=\"[vc_row][vc_column][vc_empty_space height=&#8221;60px&#8221;][\/vc_column][\/vc_row][vc_row][vc_column width=&#8221;1\/2&#8243;][vc_column_text el_class=&#8221;st-aboutus-title&#8221;] Nuestra historia [\/vc_column_text][vc_column_text el_class=&#8221;st-aboutus-content&#8221;]Bookify24.com es un proyecto de Michael Heinze y es un sitio de b\u00fasqueda de viajes global gratuito e inspirador que compara ofertas de vuelos, hoteles, paquetes de vacaciones y alquiler de autos. Ofrecemos a los viajeros una descripci\u00f3n completa de todas las opciones de viaje disponibles sin agregar...\" \/>\n<meta property=\"og:url\" content=\"https:\/\/lifestyle-immo24.de\/es\/about-us\/\" \/>\n<meta property=\"og:site_name\" content=\"Lifestyle Homes\" \/>\n<meta property=\"article:publisher\" content=\"https:\/\/www.facebook.com\/LifeStyleImmo24\/\" \/>\n<meta property=\"og:image\" content=\"https:\/\/lifestyle-immo24.de\/wp-content\/uploads\/2023\/06\/img_hero_6.jpg\" \/>\n\t<meta property=\"og:image:width\" content=\"1440\" \/>\n\t<meta property=\"og:image:height\" content=\"540\" \/>\n\t<meta property=\"og:image:type\" content=\"image\/jpeg\" \/>\n<meta name=\"twitter:card\" content=\"summary_large_image\" \/>\n<meta name=\"twitter:label1\" content=\"Tiempo de lectura\" \/>\n\t<meta name=\"twitter:data1\" content=\"2 minutos\" \/>\n<script type=\"application\/ld+json\" class=\"yoast-schema-graph\">{\"@context\":\"https:\\\/\\\/schema.org\",\"@graph\":[{\"@type\":\"WebPage\",\"@id\":\"https:\\\/\\\/lifestyle-immo24.de\\\/es\\\/about-us\\\/\",\"url\":\"https:\\\/\\\/lifestyle-immo24.de\\\/es\\\/about-us\\\/\",\"name\":\"Sobre Nosotros &#8211; Lifestyle Homes\",\"isPartOf\":{\"@id\":\"https:\\\/\\\/lifestyle-immo24.de\\\/es\\\/#website\"},\"primaryImageOfPage\":{\"@id\":\"https:\\\/\\\/lifestyle-immo24.de\\\/es\\\/about-us\\\/#primaryimage\"},\"image\":{\"@id\":\"https:\\\/\\\/lifestyle-immo24.de\\\/about-us\\\/#primaryimage\"},\"thumbnailUrl\":\"https:\\\/\\\/lifestyle-immo24.de\\\/wp-content\\\/uploads\\\/2023\\\/06\\\/img_hero_6.jpg\",\"datePublished\":\"2018-12-10T03:06:47+00:00\",\"breadcrumb\":{\"@id\":\"https:\\\/\\\/lifestyle-immo24.de\\\/es\\\/about-us\\\/#breadcrumb\"},\"inLanguage\":\"es\",\"potentialAction\":[{\"@type\":\"ReadAction\",\"target\":[[\"https:\\\/\\\/lifestyle-immo24.de\\\/es\\\/about-us\\\/\"]]}]},{\"@type\":\"ImageObject\",\"inLanguage\":\"es\",\"@id\":\"https:\\\/\\\/lifestyle-immo24.de\\\/es\\\/about-us\\\/#primaryimage\",\"url\":\"https:\\\/\\\/lifestyle-immo24.de\\\/wp-content\\\/uploads\\\/2023\\\/06\\\/img_hero_6.jpg\",\"contentUrl\":\"https:\\\/\\\/lifestyle-immo24.de\\\/wp-content\\\/uploads\\\/2023\\\/06\\\/img_hero_6.jpg\",\"width\":1440,\"height\":540,\"caption\":\"Local Expert\"},{\"@type\":\"BreadcrumbList\",\"@id\":\"https:\\\/\\\/lifestyle-immo24.de\\\/es\\\/about-us\\\/#breadcrumb\",\"itemListElement\":[{\"@type\":\"ListItem\",\"position\":1,\"name\":\"Startseite\",\"item\":\"https:\\\/\\\/lifestyle-immo24.de\\\/es\\\/\"},{\"@type\":\"ListItem\",\"position\":2,\"name\":\"\u00dcber Uns\"}]},{\"@type\":\"WebSite\",\"@id\":\"https:\\\/\\\/lifestyle-immo24.de\\\/es\\\/#website\",\"url\":\"https:\\\/\\\/lifestyle-immo24.de\\\/es\\\/\",\"name\":\"Lifestyle Homes\",\"description\":\"Casas de vacaciones en alquiler o en venta\",\"publisher\":{\"@id\":\"https:\\\/\\\/lifestyle-immo24.de\\\/es\\\/#organization\"},\"potentialAction\":[{\"@type\":\"SearchAction\",\"target\":{\"@type\":\"EntryPoint\",\"urlTemplate\":\"https:\\\/\\\/lifestyle-immo24.de\\\/es\\\/?s={search_term_string}\"},\"query-input\":{\"@type\":\"PropertyValueSpecification\",\"valueRequired\":true,\"valueName\":\"search_term_string\"}}],\"inLanguage\":\"es\"},{\"@type\":\"Organization\",\"@id\":\"https:\\\/\\\/lifestyle-immo24.de\\\/es\\\/#organization\",\"name\":\"Lifestyle-Immo24\",\"url\":\"https:\\\/\\\/lifestyle-immo24.de\\\/es\\\/\",\"logo\":{\"@type\":\"ImageObject\",\"inLanguage\":\"es\",\"@id\":\"https:\\\/\\\/lifestyle-immo24.de\\\/es\\\/#\\\/schema\\\/logo\\\/image\\\/\",\"url\":\"https:\\\/\\\/lifestyle-immo24.de\\\/wp-content\\\/uploads\\\/2017\\\/05\\\/LOGO-Michael-Heinze-Immo-1.png\",\"contentUrl\":\"https:\\\/\\\/lifestyle-immo24.de\\\/wp-content\\\/uploads\\\/2017\\\/05\\\/LOGO-Michael-Heinze-Immo-1.png\",\"width\":1559,\"height\":482,\"caption\":\"Lifestyle-Immo24\"},\"image\":{\"@id\":\"https:\\\/\\\/lifestyle-immo24.de\\\/es\\\/#\\\/schema\\\/logo\\\/image\\\/\"},\"sameAs\":[\"https:\\\/\\\/www.facebook.com\\\/LifeStyleImmo24\\\/\"]}]}<\/script>\n<!-- \/ Yoast SEO plugin. -->","yoast_head_json":{"title":"Sobre Nosotros &#8211; Lifestyle Homes","robots":{"index":"index","follow":"follow","max-snippet":"max-snippet:-1","max-image-preview":"max-image-preview:large","max-video-preview":"max-video-preview:-1"},"canonical":"https:\/\/lifestyle-immo24.de\/es\/about-us\/","og_locale":"es_ES","og_type":"article","og_title":"Sobre Nosotros &#8211; Lifestyle Homes","og_description":"[vc_row][vc_column][vc_empty_space height=&#8221;60px&#8221;][\/vc_column][\/vc_row][vc_row][vc_column width=&#8221;1\/2&#8243;][vc_column_text el_class=&#8221;st-aboutus-title&#8221;] Nuestra historia [\/vc_column_text][vc_column_text el_class=&#8221;st-aboutus-content&#8221;]Bookify24.com es un proyecto de Michael Heinze y es un sitio de b\u00fasqueda de viajes global gratuito e inspirador que compara ofertas de vuelos, hoteles, paquetes de vacaciones y alquiler de autos. Ofrecemos a los viajeros una descripci\u00f3n completa de todas las opciones de viaje disponibles sin agregar...","og_url":"https:\/\/lifestyle-immo24.de\/es\/about-us\/","og_site_name":"Lifestyle Homes","article_publisher":"https:\/\/www.facebook.com\/LifeStyleImmo24\/","og_image":[{"width":1440,"height":540,"url":"https:\/\/lifestyle-immo24.de\/wp-content\/uploads\/2023\/06\/img_hero_6.jpg","type":"image\/jpeg"}],"twitter_card":"summary_large_image","twitter_misc":{"Tiempo de lectura":"2 minutos"},"schema":{"@context":"https:\/\/schema.org","@graph":[{"@type":"WebPage","@id":"https:\/\/lifestyle-immo24.de\/es\/about-us\/","url":"https:\/\/lifestyle-immo24.de\/es\/about-us\/","name":"Sobre Nosotros &#8211; Lifestyle Homes","isPartOf":{"@id":"https:\/\/lifestyle-immo24.de\/es\/#website"},"primaryImageOfPage":{"@id":"https:\/\/lifestyle-immo24.de\/es\/about-us\/#primaryimage"},"image":{"@id":"https:\/\/lifestyle-immo24.de\/about-us\/#primaryimage"},"thumbnailUrl":"https:\/\/lifestyle-immo24.de\/wp-content\/uploads\/2023\/06\/img_hero_6.jpg","datePublished":"2018-12-10T03:06:47+00:00","breadcrumb":{"@id":"https:\/\/lifestyle-immo24.de\/es\/about-us\/#breadcrumb"},"inLanguage":"es","potentialAction":[{"@type":"ReadAction","target":[["https:\/\/lifestyle-immo24.de\/es\/about-us\/"]]}]},{"@type":"ImageObject","inLanguage":"es","@id":"https:\/\/lifestyle-immo24.de\/es\/about-us\/#primaryimage","url":"https:\/\/lifestyle-immo24.de\/wp-content\/uploads\/2023\/06\/img_hero_6.jpg","contentUrl":"https:\/\/lifestyle-immo24.de\/wp-content\/uploads\/2023\/06\/img_hero_6.jpg","width":1440,"height":540,"caption":"Local Expert"},{"@type":"BreadcrumbList","@id":"https:\/\/lifestyle-immo24.de\/es\/about-us\/#breadcrumb","itemListElement":[{"@type":"ListItem","position":1,"name":"Startseite","item":"https:\/\/lifestyle-immo24.de\/es\/"},{"@type":"ListItem","position":2,"name":"\u00dcber Uns"}]},{"@type":"WebSite","@id":"https:\/\/lifestyle-immo24.de\/es\/#website","url":"https:\/\/lifestyle-immo24.de\/es\/","name":"Lifestyle Homes","description":"Casas de vacaciones en alquiler o en venta","publisher":{"@id":"https:\/\/lifestyle-immo24.de\/es\/#organization"},"potentialAction":[{"@type":"SearchAction","target":{"@type":"EntryPoint","urlTemplate":"https:\/\/lifestyle-immo24.de\/es\/?s={search_term_string}"},"query-input":{"@type":"PropertyValueSpecification","valueRequired":true,"valueName":"search_term_string"}}],"inLanguage":"es"},{"@type":"Organization","@id":"https:\/\/lifestyle-immo24.de\/es\/#organization","name":"Lifestyle-Immo24","url":"https:\/\/lifestyle-immo24.de\/es\/","logo":{"@type":"ImageObject","inLanguage":"es","@id":"https:\/\/lifestyle-immo24.de\/es\/#\/schema\/logo\/image\/","url":"https:\/\/lifestyle-immo24.de\/wp-content\/uploads\/2017\/05\/LOGO-Michael-Heinze-Immo-1.png","contentUrl":"https:\/\/lifestyle-immo24.de\/wp-content\/uploads\/2017\/05\/LOGO-Michael-Heinze-Immo-1.png","width":1559,"height":482,"caption":"Lifestyle-Immo24"},"image":{"@id":"https:\/\/lifestyle-immo24.de\/es\/#\/schema\/logo\/image\/"},"sameAs":["https:\/\/www.facebook.com\/LifeStyleImmo24\/"]}]}},"_links":{"self":[{"href":"https:\/\/lifestyle-immo24.de\/es\/wp-json\/wp\/v2\/pages\/26591","targetHints":{"allow":["GET"]}}],"collection":[{"href":"https:\/\/lifestyle-immo24.de\/es\/wp-json\/wp\/v2\/pages"}],"about":[{"href":"https:\/\/lifestyle-immo24.de\/es\/wp-json\/wp\/v2\/types\/page"}],"author":[{"embeddable":true,"href":"https:\/\/lifestyle-immo24.de\/es\/wp-json\/wp\/v2\/users\/190"}],"replies":[{"embeddable":true,"href":"https:\/\/lifestyle-immo24.de\/es\/wp-json\/wp\/v2\/comments?post=26591"}],"version-history":[{"count":0,"href":"https:\/\/lifestyle-immo24.de\/es\/wp-json\/wp\/v2\/pages\/26591\/revisions"}],"wp:featuredmedia":[{"embeddable":true,"href":"https:\/\/lifestyle-immo24.de\/es\/wp-json\/wp\/v2\/media\/26545"}],"wp:attachment":[{"href":"https:\/\/lifestyle-immo24.de\/es\/wp-json\/wp\/v2\/media?parent=26591"}],"curies":[{"name":"wp","href":"https:\/\/api.w.org\/{rel}","templated":true}]}}