{"id":18034,"date":"2022-01-30T15:10:00","date_gmt":"2022-01-30T14:10:00","guid":{"rendered":"https:\/\/lifestyle-immo24.de\/?page_id=18034"},"modified":"2022-03-10T16:55:47","modified_gmt":"2022-03-10T15:55:47","slug":"kreditkartenzahlung-storno","status":"publish","type":"page","link":"https:\/\/lifestyle-immo24.de\/es\/kreditkartenzahlung-storno\/","title":{"rendered":"Kreditkartenzahlung stornieren"},"content":{"rendered":"<h1>Stornierung bei Kreditkartenzahlung<\/h1>\t\t\n\t\t<p>Auch wenn viele Millionen Verbraucher heutzutage eine Kreditkarte nutzen, so gibt es dennoch auch von vielen Verbrauchern einige Bedenken bez\u00fcglich der Sicherheit einer Kreditkarte. Was kann zum Beispiel passieren wenn die Kreditkarte gestohlen wird oder wenn eine missbr\u00e4uchliche Verwendung auf andere Art und Weise stattfinden sollte? Im Allgemeinen ist die Zahlungsart Kreditkarte inzwischen eine relativ sichere Zahlungsmethode. Vor einigen Jahren war es zum Beispiel noch der Fall, dass Zahlungen mittels der Kreditkarte bei einem H\u00e4ndler als \u201enicht r\u00fcckg\u00e4ngig zu machen\u201c galten. Das ist heutzutage nicht mehr so. Der Karteninhaber hat sehr wohl das Recht, dass er eine unberechtigte Kreditkartenzahlung durch R\u00fcckbuchung wieder stornieren kann.<\/p>\n<h3>Die 8 Wochen Frist<\/h3>\n<p>Die R\u00fcckbuchung bzw. das Stornieren einer Kreditkartenzahlung ist also durchaus m\u00f6glich. Allerdings nur aus einem Grund: Aufgrund von Widerspruch durch den Kreditkarteninhaber wegen unberechtigter Abbuchung. Die Bank kann die Zahlung zum Beispiel mangels Deckung des Kontos in der Regel nicht zur\u00fcckgeben, wie es beim \u201enormalen\u201c Lastschrifteinzug der Fall ist. Die R\u00fcckbuchung einer Lastschrift aufgrund von einer Kreditkartenzahlung wird in der Fachsprache \u00fcbrigens als &#8220;<strong>Chargeback<\/strong>&#8221; bezeichnet. Der Karteninhaber hat f\u00fcr die Veranlassung der R\u00fcckbuchung einen bestimmten Zeitraum ab der Belastung auf dem Konto zur Verf\u00fcgung. Diese Frist wurde gesetzlich auf 8 wochen festgelegt. Durch die M\u00f6glichkeit der R\u00fccklastschrift ist auch bei Kreditkartenzahlungen gew\u00e4hrleistet, dass der Kunde bei unberechtigten Zahlungen mit seiner Kreditkarte keinen Schaden hat. Diese M\u00f6glichkeit der R\u00fccklastschrift besteht \u00fcbrigens nur bei erfolgten bargeldlosen Zahlungen. Wurde die Kreditkarte beispielsweise gestohlen und die \u201eT\u00e4ter\u201c sind zudem an die Geheimzahl gelangt und t\u00e4tigen Bargeldabhebungen am Geldautomaten, so k\u00f6nnen diese Abbuchungen nicht zur\u00fcckgegeben werden. Auch wenn die Abbuchung als solche wie bei der bargeldlosen Zahlung als Lastschrift erfolgt.<\/p>\n<h3>Schadensbegrenzung<\/h3>\n<p>Allerdings haftet der Kunde in solchen F\u00e4llen nur mit einem \u00fcberschaubaren Eigenanteil f\u00fcr den Schaden. Als Grund f\u00fcr die R\u00fcckbuchung einer Lastschrift aufgrund einer Kreditkartenzahlung muss aber nicht immer ein Diebstahl oder offensichtlicher Missbrauch vorhanden sein. Es gibt zum Beispiel sicherlich \u00f6fter die Situation, dass man etwas im Internet mit der Kreditkarte bezahlt und der H\u00e4ndler die bestellte Ware dann nicht in einer angemessenen Zeit liefern kann. Auch hier kann die R\u00fcckbuchung der bereits erfolgten Zahlung mittels Kreditkarte veranlasst werden. Sollte \u00fcbrigens eine vors\u00e4tzlich missbr\u00e4uchliche Abbuchung vorhanden sein, sollte man neben der R\u00fcckbuchung auch sofort eine Anzeige bei der Polizei erstatten. Kreditkartenbetrug ist inzwischen in Deutschland eine relativ schwerwiegende Straftat und muss auf jeden Fall geahndet werden.<\/p>\n<h3>So stornieren Sie die Kreditkartenzahlung<\/h3>\nKreditkarten gelten auch deshalb als sicheres Zahlungsmittel, weil zu Unrecht abgebuchte Betr\u00e4ge recht problemlos storniert werden k\u00f6nnen. Zu unrechtm\u00e4\u00dfigen Abbuchungen z\u00e4hlen nicht nur \u00dcberweisungen, die Sie nicht selbst veranlasst haben. Auch doppelt gebuchte Betr\u00e4ge oder zu hohe Summen k\u00f6nnen Sie wieder zur\u00fcckbuchen lassen.\n<ul>\n<li>K\u00f6nnen Sie eine Kartenzahlung nicht nachvollziehen, sollten Sie zeitnah handeln. Die gesetzliche Frist f\u00fcr eine Zur\u00fcckbuchung betr\u00e4gt acht Wochen.<\/li>\n<li>Danach ist eine Stornierung nur noch auf Kulanzbasis des Kartenanbieters m\u00f6glich. Einen gesetzlichen Anspruch darauf haben Sie dann nicht mehr.<\/li>\n<li>Um die Frist nicht verstreichen zu lassen, sollten Sie Ihre Kreditkartenabrechnung regelm\u00e4\u00dfig \u00fcberpr\u00fcfen. Nur so entdecken Sie unrechtm\u00e4\u00dfige Abbuchungen rechtzeitig.<\/li>\n<li>M\u00f6chten Sie eine Abbuchung stornieren, setzen Sie sich mit Ihrem Kreditkartenanbieter in Verbindung. Der einfachste Weg ist der Griff zum Telefon, aber auch eine E-Mail ist eine Option.<\/li>\n<li>In beiden F\u00e4llen bekommen Sie von den Mitarbeitern ein spezielles Formular, das Sie ausf\u00fcllen m\u00fcssen.<\/li>\n<li>Manche Kreditkartenanbieter bieten auch einen Online-Banking-Zugang. Ist dies der Fall, k\u00f6nnen Sie eine Buchung auch online r\u00fcckg\u00e4ngig machen.<\/li>\n<li>Sind Sie nicht sicher, ob jemand Ihre Kreditkarte missbr\u00e4uchlich genutzt hat, sollten Sie \u00fcber eine Sperrung der Karte nachdenken.<\/li>\n<\/ul>\n<p><\/p>\n\n<p><!-- \/wp:post-content --><\/p><p>(*Nutzen Sie ein Smartphone und sehen nur den oberen Teil des unteren Vergleichrechners, drehen sie es bitte in die Queransicht!)<\/p>\t\t\n\t\t\t<iframe loading=\"lazy\" onload=\"fa_iframeresize.do(this);\" src=\"https:\/\/tools.financeads.net\/kreditkarterechner.php?tp=dif&#038;wf=25192&#038;ntpl=responsive&#038;h=1\" scrolling=\"no\" width=\"650\" height=\"890\" style=\"padding:0px; margin:0px; border-width:0px;\" frameborder=\"0\"><\/iframe>\t\t\n\t\t<h4>Gro\u00dfer Kreditkarten Anbietervergleich<\/h4>\n<p>Zeit \u00fcber eine kostenlose Zweitkarte oder Anbieterwechsel nachzudenken. Kreditkarten ab 0\u20ac Jahresgeb\u00fchr!<\/p>\n<a href=\"https:\/\/lifestyle-immo24.de\/kreditkartenrechner\/\">Zum Kreditkarten Vergleich &gt;&gt;<\/a>\n<h4>Pauschalreisen jetzt bis zu 60% reduziert!<\/h4>\n<p>Zeit f\u00fcr einen g\u00fcnstigen Urlaub. Last Minute, Fr\u00fchbucher oder All Inklusive Pauschalreisen mit Flug &amp; Hotel<\/p>\n<a href=\"https:\/\/bookify24.com\/pauschalreisen\/\">Zu den Reiseangeboten &gt;&gt;<\/a>","protected":false},"excerpt":{"rendered":"<p>Stornierung bei Kreditkartenzahlung Auch wenn viele Millionen Verbraucher heutzutage eine Kreditkarte nutzen, so gibt es dennoch auch von vielen Verbrauchern einige Bedenken bez\u00fcglich der Sicherheit einer Kreditkarte. Was kann zum Beispiel passieren wenn die Kreditkarte gestohlen wird oder wenn eine missbr\u00e4uchliche Verwendung auf andere Art und Weise stattfinden sollte? Im Allgemeinen ist die Zahlungsart Kreditkarte&#8230;<\/p>\n","protected":false},"author":1,"featured_media":17720,"parent":0,"menu_order":0,"comment_status":"closed","ping_status":"closed","template":"templates\/fluid-width.php","meta":{"_exactmetrics_skip_tracking":false,"_exactmetrics_sitenote_active":false,"_exactmetrics_sitenote_note":"","_exactmetrics_sitenote_category":0,"footnotes":""},"class_list":["post-18034","page","type-page","status-publish","has-post-thumbnail","hentry"],"yoast_head":"<!-- This site is optimized with the Yoast SEO plugin v27.3 - https:\/\/yoast.com\/product\/yoast-seo-wordpress\/ -->\n<title>Kreditkartenzahlung stornieren &#8211; Lifestyle Homes<\/title>\n<meta name=\"description\" content=\"So stornieren Sie Ihre Kreditkartenzahlung und erhalten bereits gezahltes Geld zur\u00fcck.Ware nicht geschickt, falsche Ware erhalten oder Karte geklaut.\" \/>\n<meta name=\"robots\" content=\"index, follow, max-snippet:-1, max-image-preview:large, max-video-preview:-1\" \/>\n<link rel=\"canonical\" href=\"https:\/\/lifestyle-immo24.de\/es\/kreditkartenzahlung-storno\/\" \/>\n<meta property=\"og:locale\" content=\"es_ES\" \/>\n<meta property=\"og:type\" content=\"article\" \/>\n<meta property=\"og:title\" content=\"Kreditkartenzahlung stornieren &#8211; Lifestyle Homes\" \/>\n<meta property=\"og:description\" content=\"So stornieren Sie Ihre Kreditkartenzahlung und erhalten bereits gezahltes Geld zur\u00fcck.Ware nicht geschickt, falsche Ware erhalten oder Karte geklaut.\" \/>\n<meta property=\"og:url\" content=\"https:\/\/lifestyle-immo24.de\/es\/kreditkartenzahlung-storno\/\" \/>\n<meta property=\"og:site_name\" content=\"Lifestyle Homes\" \/>\n<meta property=\"article:publisher\" content=\"https:\/\/www.facebook.com\/LifeStyleImmo24\/\" \/>\n<meta property=\"article:modified_time\" content=\"2022-03-10T15:55:47+00:00\" \/>\n<meta property=\"og:image\" content=\"https:\/\/lifestyle-immo24.de\/wp-content\/uploads\/2019\/08\/kostenlose-kreditkarten-im-vergleich-e1564673760717.jpg\" \/>\n\t<meta property=\"og:image:width\" content=\"749\" \/>\n\t<meta property=\"og:image:height\" content=\"319\" \/>\n\t<meta property=\"og:image:type\" content=\"image\/jpeg\" \/>\n<meta name=\"twitter:card\" content=\"summary_large_image\" \/>\n<meta name=\"twitter:label1\" content=\"Tiempo de lectura\" \/>\n\t<meta name=\"twitter:data1\" content=\"4 minutos\" \/>\n<script type=\"application\/ld+json\" class=\"yoast-schema-graph\">{\"@context\":\"https:\\\/\\\/schema.org\",\"@graph\":[{\"@type\":\"WebPage\",\"@id\":\"https:\\\/\\\/lifestyle-immo24.de\\\/es\\\/kreditkartenzahlung-storno\\\/\",\"url\":\"https:\\\/\\\/lifestyle-immo24.de\\\/es\\\/kreditkartenzahlung-storno\\\/\",\"name\":\"Kreditkartenzahlung stornieren &#8211; Lifestyle Homes\",\"isPartOf\":{\"@id\":\"https:\\\/\\\/lifestyle-immo24.de\\\/es\\\/#website\"},\"primaryImageOfPage\":{\"@id\":\"https:\\\/\\\/lifestyle-immo24.de\\\/es\\\/kreditkartenzahlung-storno\\\/#primaryimage\"},\"image\":{\"@id\":\"https:\\\/\\\/lifestyle-immo24.de\\\/kreditkartenzahlung-storno\\\/#primaryimage\"},\"thumbnailUrl\":\"https:\\\/\\\/lifestyle-immo24.de\\\/wp-content\\\/uploads\\\/2019\\\/08\\\/kostenlose-kreditkarten-im-vergleich-e1564673760717.jpg\",\"datePublished\":\"2022-01-30T14:10:00+00:00\",\"dateModified\":\"2022-03-10T15:55:47+00:00\",\"description\":\"So stornieren Sie Ihre Kreditkartenzahlung und erhalten bereits gezahltes Geld zur\u00fcck.Ware nicht geschickt, falsche Ware erhalten oder Karte geklaut.\",\"breadcrumb\":{\"@id\":\"https:\\\/\\\/lifestyle-immo24.de\\\/es\\\/kreditkartenzahlung-storno\\\/#breadcrumb\"},\"inLanguage\":\"es\",\"potentialAction\":[{\"@type\":\"ReadAction\",\"target\":[[\"https:\\\/\\\/lifestyle-immo24.de\\\/es\\\/kreditkartenzahlung-storno\\\/\"]]}]},{\"@type\":\"ImageObject\",\"inLanguage\":\"es\",\"@id\":\"https:\\\/\\\/lifestyle-immo24.de\\\/es\\\/kreditkartenzahlung-storno\\\/#primaryimage\",\"url\":\"https:\\\/\\\/lifestyle-immo24.de\\\/wp-content\\\/uploads\\\/2019\\\/08\\\/kostenlose-kreditkarten-im-vergleich-e1564673760717.jpg\",\"contentUrl\":\"https:\\\/\\\/lifestyle-immo24.de\\\/wp-content\\\/uploads\\\/2019\\\/08\\\/kostenlose-kreditkarten-im-vergleich-e1564673760717.jpg\",\"width\":749,\"height\":319,\"caption\":\"Kreditkartenzahlung Stornierung Kreditkartenvergleich 2021\"},{\"@type\":\"BreadcrumbList\",\"@id\":\"https:\\\/\\\/lifestyle-immo24.de\\\/es\\\/kreditkartenzahlung-storno\\\/#breadcrumb\",\"itemListElement\":[{\"@type\":\"ListItem\",\"position\":1,\"name\":\"Startseite\",\"item\":\"https:\\\/\\\/lifestyle-immo24.de\\\/es\\\/\"},{\"@type\":\"ListItem\",\"position\":2,\"name\":\"Kreditkartenzahlung stornieren\"}]},{\"@type\":\"WebSite\",\"@id\":\"https:\\\/\\\/lifestyle-immo24.de\\\/es\\\/#website\",\"url\":\"https:\\\/\\\/lifestyle-immo24.de\\\/es\\\/\",\"name\":\"Lifestyle Homes\",\"description\":\"Casas de vacaciones en alquiler o en venta\",\"publisher\":{\"@id\":\"https:\\\/\\\/lifestyle-immo24.de\\\/es\\\/#organization\"},\"potentialAction\":[{\"@type\":\"SearchAction\",\"target\":{\"@type\":\"EntryPoint\",\"urlTemplate\":\"https:\\\/\\\/lifestyle-immo24.de\\\/es\\\/?s={search_term_string}\"},\"query-input\":{\"@type\":\"PropertyValueSpecification\",\"valueRequired\":true,\"valueName\":\"search_term_string\"}}],\"inLanguage\":\"es\"},{\"@type\":\"Organization\",\"@id\":\"https:\\\/\\\/lifestyle-immo24.de\\\/es\\\/#organization\",\"name\":\"Lifestyle-Immo24\",\"url\":\"https:\\\/\\\/lifestyle-immo24.de\\\/es\\\/\",\"logo\":{\"@type\":\"ImageObject\",\"inLanguage\":\"es\",\"@id\":\"https:\\\/\\\/lifestyle-immo24.de\\\/es\\\/#\\\/schema\\\/logo\\\/image\\\/\",\"url\":\"https:\\\/\\\/lifestyle-immo24.de\\\/wp-content\\\/uploads\\\/2017\\\/05\\\/LOGO-Michael-Heinze-Immo-1.png\",\"contentUrl\":\"https:\\\/\\\/lifestyle-immo24.de\\\/wp-content\\\/uploads\\\/2017\\\/05\\\/LOGO-Michael-Heinze-Immo-1.png\",\"width\":1559,\"height\":482,\"caption\":\"Lifestyle-Immo24\"},\"image\":{\"@id\":\"https:\\\/\\\/lifestyle-immo24.de\\\/es\\\/#\\\/schema\\\/logo\\\/image\\\/\"},\"sameAs\":[\"https:\\\/\\\/www.facebook.com\\\/LifeStyleImmo24\\\/\"]}]}<\/script>\n<!-- \/ Yoast SEO plugin. -->","yoast_head_json":{"title":"Kreditkartenzahlung stornieren &#8211; Lifestyle Homes","description":"So stornieren Sie Ihre Kreditkartenzahlung und erhalten bereits gezahltes Geld zur\u00fcck.Ware nicht geschickt, falsche Ware erhalten oder Karte geklaut.","robots":{"index":"index","follow":"follow","max-snippet":"max-snippet:-1","max-image-preview":"max-image-preview:large","max-video-preview":"max-video-preview:-1"},"canonical":"https:\/\/lifestyle-immo24.de\/es\/kreditkartenzahlung-storno\/","og_locale":"es_ES","og_type":"article","og_title":"Kreditkartenzahlung stornieren &#8211; Lifestyle Homes","og_description":"So stornieren Sie Ihre Kreditkartenzahlung und erhalten bereits gezahltes Geld zur\u00fcck.Ware nicht geschickt, falsche Ware erhalten oder Karte geklaut.","og_url":"https:\/\/lifestyle-immo24.de\/es\/kreditkartenzahlung-storno\/","og_site_name":"Lifestyle Homes","article_publisher":"https:\/\/www.facebook.com\/LifeStyleImmo24\/","article_modified_time":"2022-03-10T15:55:47+00:00","og_image":[{"width":749,"height":319,"url":"https:\/\/lifestyle-immo24.de\/wp-content\/uploads\/2019\/08\/kostenlose-kreditkarten-im-vergleich-e1564673760717.jpg","type":"image\/jpeg"}],"twitter_card":"summary_large_image","twitter_misc":{"Tiempo de lectura":"4 minutos"},"schema":{"@context":"https:\/\/schema.org","@graph":[{"@type":"WebPage","@id":"https:\/\/lifestyle-immo24.de\/es\/kreditkartenzahlung-storno\/","url":"https:\/\/lifestyle-immo24.de\/es\/kreditkartenzahlung-storno\/","name":"Kreditkartenzahlung stornieren &#8211; Lifestyle Homes","isPartOf":{"@id":"https:\/\/lifestyle-immo24.de\/es\/#website"},"primaryImageOfPage":{"@id":"https:\/\/lifestyle-immo24.de\/es\/kreditkartenzahlung-storno\/#primaryimage"},"image":{"@id":"https:\/\/lifestyle-immo24.de\/kreditkartenzahlung-storno\/#primaryimage"},"thumbnailUrl":"https:\/\/lifestyle-immo24.de\/wp-content\/uploads\/2019\/08\/kostenlose-kreditkarten-im-vergleich-e1564673760717.jpg","datePublished":"2022-01-30T14:10:00+00:00","dateModified":"2022-03-10T15:55:47+00:00","description":"So stornieren Sie Ihre Kreditkartenzahlung und erhalten bereits gezahltes Geld zur\u00fcck.Ware nicht geschickt, falsche Ware erhalten oder Karte geklaut.","breadcrumb":{"@id":"https:\/\/lifestyle-immo24.de\/es\/kreditkartenzahlung-storno\/#breadcrumb"},"inLanguage":"es","potentialAction":[{"@type":"ReadAction","target":[["https:\/\/lifestyle-immo24.de\/es\/kreditkartenzahlung-storno\/"]]}]},{"@type":"ImageObject","inLanguage":"es","@id":"https:\/\/lifestyle-immo24.de\/es\/kreditkartenzahlung-storno\/#primaryimage","url":"https:\/\/lifestyle-immo24.de\/wp-content\/uploads\/2019\/08\/kostenlose-kreditkarten-im-vergleich-e1564673760717.jpg","contentUrl":"https:\/\/lifestyle-immo24.de\/wp-content\/uploads\/2019\/08\/kostenlose-kreditkarten-im-vergleich-e1564673760717.jpg","width":749,"height":319,"caption":"Kreditkartenzahlung Stornierung Kreditkartenvergleich 2021"},{"@type":"BreadcrumbList","@id":"https:\/\/lifestyle-immo24.de\/es\/kreditkartenzahlung-storno\/#breadcrumb","itemListElement":[{"@type":"ListItem","position":1,"name":"Startseite","item":"https:\/\/lifestyle-immo24.de\/es\/"},{"@type":"ListItem","position":2,"name":"Kreditkartenzahlung stornieren"}]},{"@type":"WebSite","@id":"https:\/\/lifestyle-immo24.de\/es\/#website","url":"https:\/\/lifestyle-immo24.de\/es\/","name":"Lifestyle Homes","description":"Casas de vacaciones en alquiler o en venta","publisher":{"@id":"https:\/\/lifestyle-immo24.de\/es\/#organization"},"potentialAction":[{"@type":"SearchAction","target":{"@type":"EntryPoint","urlTemplate":"https:\/\/lifestyle-immo24.de\/es\/?s={search_term_string}"},"query-input":{"@type":"PropertyValueSpecification","valueRequired":true,"valueName":"search_term_string"}}],"inLanguage":"es"},{"@type":"Organization","@id":"https:\/\/lifestyle-immo24.de\/es\/#organization","name":"Lifestyle-Immo24","url":"https:\/\/lifestyle-immo24.de\/es\/","logo":{"@type":"ImageObject","inLanguage":"es","@id":"https:\/\/lifestyle-immo24.de\/es\/#\/schema\/logo\/image\/","url":"https:\/\/lifestyle-immo24.de\/wp-content\/uploads\/2017\/05\/LOGO-Michael-Heinze-Immo-1.png","contentUrl":"https:\/\/lifestyle-immo24.de\/wp-content\/uploads\/2017\/05\/LOGO-Michael-Heinze-Immo-1.png","width":1559,"height":482,"caption":"Lifestyle-Immo24"},"image":{"@id":"https:\/\/lifestyle-immo24.de\/es\/#\/schema\/logo\/image\/"},"sameAs":["https:\/\/www.facebook.com\/LifeStyleImmo24\/"]}]}},"_links":{"self":[{"href":"https:\/\/lifestyle-immo24.de\/es\/wp-json\/wp\/v2\/pages\/18034","targetHints":{"allow":["GET"]}}],"collection":[{"href":"https:\/\/lifestyle-immo24.de\/es\/wp-json\/wp\/v2\/pages"}],"about":[{"href":"https:\/\/lifestyle-immo24.de\/es\/wp-json\/wp\/v2\/types\/page"}],"author":[{"embeddable":true,"href":"https:\/\/lifestyle-immo24.de\/es\/wp-json\/wp\/v2\/users\/1"}],"replies":[{"embeddable":true,"href":"https:\/\/lifestyle-immo24.de\/es\/wp-json\/wp\/v2\/comments?post=18034"}],"version-history":[{"count":0,"href":"https:\/\/lifestyle-immo24.de\/es\/wp-json\/wp\/v2\/pages\/18034\/revisions"}],"wp:featuredmedia":[{"embeddable":true,"href":"https:\/\/lifestyle-immo24.de\/es\/wp-json\/wp\/v2\/media\/17720"}],"wp:attachment":[{"href":"https:\/\/lifestyle-immo24.de\/es\/wp-json\/wp\/v2\/media?parent=18034"}],"curies":[{"name":"wp","href":"https:\/\/api.w.org\/{rel}","templated":true}]}}