{"id":171,"date":"2017-06-29T02:11:01","date_gmt":"2017-06-29T02:11:01","guid":{"rendered":"http:\/\/alt-realhomes.inspirythemes.com\/?page_id=171"},"modified":"2021-06-11T13:47:34","modified_gmt":"2021-06-11T11:47:34","slug":"login-or-register","status":"publish","type":"page","link":"https:\/\/lifestyle-immo24.de\/es\/login-or-register\/","title":{"rendered":"GRATIS Iniciar o Registrarse"},"content":{"rendered":"<p>[vc_row][vc_column][vc_column_text]<\/p>\n<h1>Su propiedad en Lifestyle-Immo24.<\/h1>\n<h3>Creaci\u00f3n de anuncios en l\u00ednea f\u00e1cil y r\u00e1pida para bienes ra\u00edces.<\/h3>\n<p><strong>No importa si es casa de vacaciones o garaje. Simplemente alquilar o vender con y sin corredores.<\/strong><\/p>\n<h5><span style=\"color: #ff0000;\">\u00a1La inscripci\u00f3n es gratuita y puede ser cancelada en cualquier momento! Paquete de prueba gratis de 30 d\u00edas!<\/span><\/h5>\n<p>* Al utilizar este formulario, acepta que sus datos se almacenar\u00e1n en cach\u00e9 y se procesar\u00e1n en nuestros servidores durante el per\u00edodo de registro.[\/vc_column_text][vc_row_inner][vc_column_inner width=&#8221;1\/2&#8243;][vc_single_image image=&#8221;3578&#8243; img_size=&#8221;250&#215;250&#8243; title=&#8221;Oferta desde Privado&#8221;][\/vc_column_inner][vc_column_inner width=&#8221;1\/2&#8243;][vc_single_image image=&#8221;3577&#8243; img_size=&#8221;250&#215;250&#8243; onclick=&#8221;custom_link&#8221; title=&#8221;Oferta con Agente&#8221; link=&#8221;https:\/\/lifestyle-immo24.de\/es\/lifestyle-immo24-makler\/&#8221;][\/vc_column_inner][\/vc_row_inner][\/vc_column][\/vc_row]<\/p>\n","protected":false},"excerpt":{"rendered":"<p>[vc_row][vc_column][vc_column_text] Su propiedad en Lifestyle-Immo24. Creaci\u00f3n de anuncios en l\u00ednea f\u00e1cil y r\u00e1pida para bienes ra\u00edces. No importa si es casa de vacaciones o garaje. Simplemente alquilar o vender con y sin corredores. \u00a1La inscripci\u00f3n es gratuita y puede ser cancelada en cualquier momento! Paquete de prueba gratis de 30 d\u00edas! * Al utilizar este&#8230;<\/p>\n","protected":false},"author":1,"featured_media":196,"parent":0,"menu_order":0,"comment_status":"closed","ping_status":"closed","template":"templates\/login-register.php","meta":{"_exactmetrics_skip_tracking":false,"_exactmetrics_sitenote_active":false,"_exactmetrics_sitenote_note":"","_exactmetrics_sitenote_category":0,"footnotes":""},"class_list":["post-171","page","type-page","status-publish","has-post-thumbnail","hentry"],"yoast_head":"<!-- This site is optimized with the Yoast SEO plugin v27.3 - https:\/\/yoast.com\/product\/yoast-seo-wordpress\/ -->\n<title>Ferienhaus Vermieten oder Verkaufen auf Lifestyle Homes<\/title>\n<meta name=\"description\" content=\"Ferienhaus oder Eigenheim online vermieten oder verkaufen. Einfache Anzeigenerstellung f\u00fcr private oder gewerbliche Immobilien.\" \/>\n<meta name=\"robots\" content=\"index, follow, max-snippet:-1, max-image-preview:large, max-video-preview:-1\" \/>\n<link rel=\"canonical\" href=\"https:\/\/lifestyle-immo24.de\/es\/login-or-register\/\" \/>\n<meta property=\"og:locale\" content=\"es_ES\" \/>\n<meta property=\"og:type\" content=\"article\" \/>\n<meta property=\"og:title\" content=\"Ferienhaus Vermieten oder Verkaufen auf Lifestyle Homes\" \/>\n<meta property=\"og:description\" content=\"Ferienhaus oder Eigenheim online vermieten oder verkaufen. Einfache Anzeigenerstellung f\u00fcr private oder gewerbliche Immobilien.\" \/>\n<meta property=\"og:url\" content=\"https:\/\/lifestyle-immo24.de\/es\/login-or-register\/\" \/>\n<meta property=\"og:site_name\" content=\"Lifestyle Homes\" \/>\n<meta property=\"article:publisher\" content=\"https:\/\/www.facebook.com\/LifeStyleImmo24\/\" \/>\n<meta property=\"article:modified_time\" content=\"2021-06-11T11:47:34+00:00\" \/>\n<meta property=\"og:image\" content=\"https:\/\/lifestyle-immo24.de\/wp-content\/uploads\/2015\/07\/property-interior-5.jpg\" \/>\n\t<meta property=\"og:image:width\" content=\"1000\" \/>\n\t<meta property=\"og:image:height\" content=\"706\" \/>\n\t<meta property=\"og:image:type\" content=\"image\/jpeg\" \/>\n<meta name=\"twitter:card\" content=\"summary_large_image\" \/>\n<meta name=\"twitter:label1\" content=\"Tiempo de lectura\" \/>\n\t<meta name=\"twitter:data1\" content=\"1 minuto\" \/>\n<script type=\"application\/ld+json\" class=\"yoast-schema-graph\">{\"@context\":\"https:\\\/\\\/schema.org\",\"@graph\":[{\"@type\":\"WebPage\",\"@id\":\"https:\\\/\\\/lifestyle-immo24.de\\\/es\\\/login-or-register\\\/\",\"url\":\"https:\\\/\\\/lifestyle-immo24.de\\\/es\\\/login-or-register\\\/\",\"name\":\"Ferienhaus Vermieten oder Verkaufen auf Lifestyle Homes\",\"isPartOf\":{\"@id\":\"https:\\\/\\\/lifestyle-immo24.de\\\/es\\\/#website\"},\"primaryImageOfPage\":{\"@id\":\"https:\\\/\\\/lifestyle-immo24.de\\\/es\\\/login-or-register\\\/#primaryimage\"},\"image\":{\"@id\":\"https:\\\/\\\/lifestyle-immo24.de\\\/login-or-register\\\/#primaryimage\"},\"thumbnailUrl\":\"https:\\\/\\\/lifestyle-immo24.de\\\/wp-content\\\/uploads\\\/2015\\\/07\\\/property-interior-5.jpg\",\"datePublished\":\"2017-06-29T02:11:01+00:00\",\"dateModified\":\"2021-06-11T11:47:34+00:00\",\"description\":\"Ferienhaus oder Eigenheim online vermieten oder verkaufen. Einfache Anzeigenerstellung f\u00fcr private oder gewerbliche Immobilien.\",\"breadcrumb\":{\"@id\":\"https:\\\/\\\/lifestyle-immo24.de\\\/es\\\/login-or-register\\\/#breadcrumb\"},\"inLanguage\":\"es\",\"potentialAction\":[{\"@type\":\"ReadAction\",\"target\":[[\"https:\\\/\\\/lifestyle-immo24.de\\\/es\\\/login-or-register\\\/\"]]}]},{\"@type\":\"ImageObject\",\"inLanguage\":\"es\",\"@id\":\"https:\\\/\\\/lifestyle-immo24.de\\\/es\\\/login-or-register\\\/#primaryimage\",\"url\":\"https:\\\/\\\/lifestyle-immo24.de\\\/wp-content\\\/uploads\\\/2015\\\/07\\\/property-interior-5.jpg\",\"contentUrl\":\"https:\\\/\\\/lifestyle-immo24.de\\\/wp-content\\\/uploads\\\/2015\\\/07\\\/property-interior-5.jpg\",\"width\":1000,\"height\":706,\"caption\":\"Ferienh\u00e4user vermieten auf Lifestyle-Immo24\"},{\"@type\":\"BreadcrumbList\",\"@id\":\"https:\\\/\\\/lifestyle-immo24.de\\\/es\\\/login-or-register\\\/#breadcrumb\",\"itemListElement\":[{\"@type\":\"ListItem\",\"position\":1,\"name\":\"Startseite\",\"item\":\"https:\\\/\\\/lifestyle-immo24.de\\\/es\\\/\"},{\"@type\":\"ListItem\",\"position\":2,\"name\":\"Anmelden\\\/Registrieren\"}]},{\"@type\":\"WebSite\",\"@id\":\"https:\\\/\\\/lifestyle-immo24.de\\\/es\\\/#website\",\"url\":\"https:\\\/\\\/lifestyle-immo24.de\\\/es\\\/\",\"name\":\"Lifestyle Homes\",\"description\":\"Casas de vacaciones en alquiler o en venta\",\"publisher\":{\"@id\":\"https:\\\/\\\/lifestyle-immo24.de\\\/es\\\/#organization\"},\"potentialAction\":[{\"@type\":\"SearchAction\",\"target\":{\"@type\":\"EntryPoint\",\"urlTemplate\":\"https:\\\/\\\/lifestyle-immo24.de\\\/es\\\/?s={search_term_string}\"},\"query-input\":{\"@type\":\"PropertyValueSpecification\",\"valueRequired\":true,\"valueName\":\"search_term_string\"}}],\"inLanguage\":\"es\"},{\"@type\":\"Organization\",\"@id\":\"https:\\\/\\\/lifestyle-immo24.de\\\/es\\\/#organization\",\"name\":\"Lifestyle-Immo24\",\"url\":\"https:\\\/\\\/lifestyle-immo24.de\\\/es\\\/\",\"logo\":{\"@type\":\"ImageObject\",\"inLanguage\":\"es\",\"@id\":\"https:\\\/\\\/lifestyle-immo24.de\\\/es\\\/#\\\/schema\\\/logo\\\/image\\\/\",\"url\":\"https:\\\/\\\/lifestyle-immo24.de\\\/wp-content\\\/uploads\\\/2017\\\/05\\\/LOGO-Michael-Heinze-Immo-1.png\",\"contentUrl\":\"https:\\\/\\\/lifestyle-immo24.de\\\/wp-content\\\/uploads\\\/2017\\\/05\\\/LOGO-Michael-Heinze-Immo-1.png\",\"width\":1559,\"height\":482,\"caption\":\"Lifestyle-Immo24\"},\"image\":{\"@id\":\"https:\\\/\\\/lifestyle-immo24.de\\\/es\\\/#\\\/schema\\\/logo\\\/image\\\/\"},\"sameAs\":[\"https:\\\/\\\/www.facebook.com\\\/LifeStyleImmo24\\\/\"]}]}<\/script>\n<!-- \/ Yoast SEO plugin. -->","yoast_head_json":{"title":"Ferienhaus Vermieten oder Verkaufen auf Lifestyle Homes","description":"Ferienhaus oder Eigenheim online vermieten oder verkaufen. Einfache Anzeigenerstellung f\u00fcr private oder gewerbliche Immobilien.","robots":{"index":"index","follow":"follow","max-snippet":"max-snippet:-1","max-image-preview":"max-image-preview:large","max-video-preview":"max-video-preview:-1"},"canonical":"https:\/\/lifestyle-immo24.de\/es\/login-or-register\/","og_locale":"es_ES","og_type":"article","og_title":"Ferienhaus Vermieten oder Verkaufen auf Lifestyle Homes","og_description":"Ferienhaus oder Eigenheim online vermieten oder verkaufen. Einfache Anzeigenerstellung f\u00fcr private oder gewerbliche Immobilien.","og_url":"https:\/\/lifestyle-immo24.de\/es\/login-or-register\/","og_site_name":"Lifestyle Homes","article_publisher":"https:\/\/www.facebook.com\/LifeStyleImmo24\/","article_modified_time":"2021-06-11T11:47:34+00:00","og_image":[{"width":1000,"height":706,"url":"https:\/\/lifestyle-immo24.de\/wp-content\/uploads\/2015\/07\/property-interior-5.jpg","type":"image\/jpeg"}],"twitter_card":"summary_large_image","twitter_misc":{"Tiempo de lectura":"1 minuto"},"schema":{"@context":"https:\/\/schema.org","@graph":[{"@type":"WebPage","@id":"https:\/\/lifestyle-immo24.de\/es\/login-or-register\/","url":"https:\/\/lifestyle-immo24.de\/es\/login-or-register\/","name":"Ferienhaus Vermieten oder Verkaufen auf Lifestyle Homes","isPartOf":{"@id":"https:\/\/lifestyle-immo24.de\/es\/#website"},"primaryImageOfPage":{"@id":"https:\/\/lifestyle-immo24.de\/es\/login-or-register\/#primaryimage"},"image":{"@id":"https:\/\/lifestyle-immo24.de\/login-or-register\/#primaryimage"},"thumbnailUrl":"https:\/\/lifestyle-immo24.de\/wp-content\/uploads\/2015\/07\/property-interior-5.jpg","datePublished":"2017-06-29T02:11:01+00:00","dateModified":"2021-06-11T11:47:34+00:00","description":"Ferienhaus oder Eigenheim online vermieten oder verkaufen. Einfache Anzeigenerstellung f\u00fcr private oder gewerbliche Immobilien.","breadcrumb":{"@id":"https:\/\/lifestyle-immo24.de\/es\/login-or-register\/#breadcrumb"},"inLanguage":"es","potentialAction":[{"@type":"ReadAction","target":[["https:\/\/lifestyle-immo24.de\/es\/login-or-register\/"]]}]},{"@type":"ImageObject","inLanguage":"es","@id":"https:\/\/lifestyle-immo24.de\/es\/login-or-register\/#primaryimage","url":"https:\/\/lifestyle-immo24.de\/wp-content\/uploads\/2015\/07\/property-interior-5.jpg","contentUrl":"https:\/\/lifestyle-immo24.de\/wp-content\/uploads\/2015\/07\/property-interior-5.jpg","width":1000,"height":706,"caption":"Ferienh\u00e4user vermieten auf Lifestyle-Immo24"},{"@type":"BreadcrumbList","@id":"https:\/\/lifestyle-immo24.de\/es\/login-or-register\/#breadcrumb","itemListElement":[{"@type":"ListItem","position":1,"name":"Startseite","item":"https:\/\/lifestyle-immo24.de\/es\/"},{"@type":"ListItem","position":2,"name":"Anmelden\/Registrieren"}]},{"@type":"WebSite","@id":"https:\/\/lifestyle-immo24.de\/es\/#website","url":"https:\/\/lifestyle-immo24.de\/es\/","name":"Lifestyle Homes","description":"Casas de vacaciones en alquiler o en venta","publisher":{"@id":"https:\/\/lifestyle-immo24.de\/es\/#organization"},"potentialAction":[{"@type":"SearchAction","target":{"@type":"EntryPoint","urlTemplate":"https:\/\/lifestyle-immo24.de\/es\/?s={search_term_string}"},"query-input":{"@type":"PropertyValueSpecification","valueRequired":true,"valueName":"search_term_string"}}],"inLanguage":"es"},{"@type":"Organization","@id":"https:\/\/lifestyle-immo24.de\/es\/#organization","name":"Lifestyle-Immo24","url":"https:\/\/lifestyle-immo24.de\/es\/","logo":{"@type":"ImageObject","inLanguage":"es","@id":"https:\/\/lifestyle-immo24.de\/es\/#\/schema\/logo\/image\/","url":"https:\/\/lifestyle-immo24.de\/wp-content\/uploads\/2017\/05\/LOGO-Michael-Heinze-Immo-1.png","contentUrl":"https:\/\/lifestyle-immo24.de\/wp-content\/uploads\/2017\/05\/LOGO-Michael-Heinze-Immo-1.png","width":1559,"height":482,"caption":"Lifestyle-Immo24"},"image":{"@id":"https:\/\/lifestyle-immo24.de\/es\/#\/schema\/logo\/image\/"},"sameAs":["https:\/\/www.facebook.com\/LifeStyleImmo24\/"]}]}},"_links":{"self":[{"href":"https:\/\/lifestyle-immo24.de\/es\/wp-json\/wp\/v2\/pages\/171","targetHints":{"allow":["GET"]}}],"collection":[{"href":"https:\/\/lifestyle-immo24.de\/es\/wp-json\/wp\/v2\/pages"}],"about":[{"href":"https:\/\/lifestyle-immo24.de\/es\/wp-json\/wp\/v2\/types\/page"}],"author":[{"embeddable":true,"href":"https:\/\/lifestyle-immo24.de\/es\/wp-json\/wp\/v2\/users\/1"}],"replies":[{"embeddable":true,"href":"https:\/\/lifestyle-immo24.de\/es\/wp-json\/wp\/v2\/comments?post=171"}],"version-history":[{"count":0,"href":"https:\/\/lifestyle-immo24.de\/es\/wp-json\/wp\/v2\/pages\/171\/revisions"}],"wp:featuredmedia":[{"embeddable":true,"href":"https:\/\/lifestyle-immo24.de\/es\/wp-json\/wp\/v2\/media\/196"}],"wp:attachment":[{"href":"https:\/\/lifestyle-immo24.de\/es\/wp-json\/wp\/v2\/media?parent=171"}],"curies":[{"name":"wp","href":"https:\/\/api.w.org\/{rel}","templated":true}]}}