{"id":16730,"date":"2019-01-28T17:04:40","date_gmt":"2019-01-28T16:04:40","guid":{"rendered":"https:\/\/lifestyle-immo24.de\/?page_id=16730"},"modified":"2021-06-02T17:41:44","modified_gmt":"2021-06-02T15:41:44","slug":"meine-buchung","status":"publish","type":"page","link":"https:\/\/lifestyle-immo24.de\/es\/meine-buchung\/","title":{"rendered":"Mi Reserva"},"content":{"rendered":"<\/p>\n<h3>Sus fechas de viaje:<\/h3>\n<p>[abc-bookingform]<\/p>\n<h2>\u00bfNo es lo correcto?<\/h2>\n<p>En este momento estamos ofreciendo alquileres de vacaciones en la Costa Blanca en Espa\u00f1a en nuestro sitio web. \u00a1Como socio de <strong>Booking.com<\/strong>, puede reservar otras habitaciones de hotel baratas o villas privadas de lujo en todo el mundo a trav\u00e9s de nuestro sitio web!<\/p>\n<p>Puede encontrar esto en la descripci\u00f3n general del mapa a continuaci\u00f3n. Simplemente ingrese su ubicaci\u00f3n de vacaciones, elija su per\u00edodo de viaje y reserve uno de los 2,200,000 alojamientos directamente a trav\u00e9s de <strong>Booking.com<\/strong>.<\/p>\n<h2>Mapa de b\u00fasqueda de casas de vacaciones<\/h2>\n<p>\t\t\t<ins data-aid=\"1950772\" data-target_aid=\"1950772\" data-prod=\"map\" data-width=\"100%\" data-height=\"590\" data-lang=\"es\" data-dest_id=\"0\" data-dest_type=\"landmark\" data-latitude=\"38.5043838\" data-longitude=\"-0.2643455\" data-mwhsb=\"0\" data-address=\"Costa Blanca, Spain\" data-zoom=\"9\"><br \/>\n    <!-- Anything inside will go away once widget is loaded. --><br \/>\n        <a href=\"\/\/www.booking.com?aid=1950772\">Booking.com<\/a><br \/>\n<\/ins><\/p>\n<h3>Su casa de vacaciones en nuestro sitio web!<\/h3>\n<p>Simplemente inicie <strong><a href=\"https:\/\/lifestyle-immo24.de\/es\/login-or-register\/\" target=\"_blank\" rel=\"noopener noreferrer\">sesi\u00f3n \/ reg\u00edstrese<\/a><\/strong> y comience de inmediato. \u00a1Aprovecha nuestro mes de prueba gratis! Ofrezca su casa de vacaciones sin Risioko en nuestro portal y espere con inter\u00e9s los primeros ingresos de alquiler.<\/p>\n","protected":false},"excerpt":{"rendered":"<p>Sus fechas de viaje: [abc-bookingform] \u00bfNo es lo correcto? En este momento estamos ofreciendo alquileres de vacaciones en la Costa Blanca en Espa\u00f1a en nuestro sitio web. \u00a1Como socio de Booking.com, puede reservar otras habitaciones de hotel baratas o villas privadas de lujo en todo el mundo a trav\u00e9s de nuestro sitio web! Puede encontrar&#8230;<\/p>\n","protected":false},"author":1,"featured_media":0,"parent":0,"menu_order":0,"comment_status":"closed","ping_status":"closed","template":"templates\/full-width.php","meta":{"_exactmetrics_skip_tracking":false,"_exactmetrics_sitenote_active":false,"_exactmetrics_sitenote_note":"","_exactmetrics_sitenote_category":0,"footnotes":""},"class_list":["post-16730","page","type-page","status-publish","hentry"],"yoast_head":"<!-- This site is optimized with the Yoast SEO plugin v27.3 - https:\/\/yoast.com\/product\/yoast-seo-wordpress\/ -->\n<title>Mi Reserva &#8211; Lifestyle Homes<\/title>\n<meta name=\"robots\" content=\"index, follow, max-snippet:-1, max-image-preview:large, max-video-preview:-1\" \/>\n<link rel=\"canonical\" href=\"https:\/\/lifestyle-immo24.de\/es\/meine-buchung\/\" \/>\n<meta property=\"og:locale\" content=\"es_ES\" \/>\n<meta property=\"og:type\" content=\"article\" \/>\n<meta property=\"og:title\" content=\"Mi Reserva &#8211; Lifestyle Homes\" \/>\n<meta property=\"og:description\" content=\"Sus fechas de viaje: [abc-bookingform] \u00bfNo es lo correcto? En este momento estamos ofreciendo alquileres de vacaciones en la Costa Blanca en Espa\u00f1a en nuestro sitio web. \u00a1Como socio de Booking.com, puede reservar otras habitaciones de hotel baratas o villas privadas de lujo en todo el mundo a trav\u00e9s de nuestro sitio web! Puede encontrar...\" \/>\n<meta property=\"og:url\" content=\"https:\/\/lifestyle-immo24.de\/es\/meine-buchung\/\" \/>\n<meta property=\"og:site_name\" content=\"Lifestyle Homes\" \/>\n<meta property=\"article:publisher\" content=\"https:\/\/www.facebook.com\/LifeStyleImmo24\/\" \/>\n<meta property=\"article:modified_time\" content=\"2021-06-02T15:41:44+00:00\" \/>\n<meta name=\"twitter:card\" content=\"summary_large_image\" \/>\n<meta name=\"twitter:label1\" content=\"Tiempo de lectura\" \/>\n\t<meta name=\"twitter:data1\" content=\"1 minuto\" \/>\n<script type=\"application\/ld+json\" class=\"yoast-schema-graph\">{\"@context\":\"https:\\\/\\\/schema.org\",\"@graph\":[{\"@type\":\"WebPage\",\"@id\":\"https:\\\/\\\/lifestyle-immo24.de\\\/es\\\/meine-buchung\\\/\",\"url\":\"https:\\\/\\\/lifestyle-immo24.de\\\/es\\\/meine-buchung\\\/\",\"name\":\"Mi Reserva &#8211; Lifestyle Homes\",\"isPartOf\":{\"@id\":\"https:\\\/\\\/lifestyle-immo24.de\\\/es\\\/#website\"},\"datePublished\":\"2019-01-28T16:04:40+00:00\",\"dateModified\":\"2021-06-02T15:41:44+00:00\",\"breadcrumb\":{\"@id\":\"https:\\\/\\\/lifestyle-immo24.de\\\/es\\\/meine-buchung\\\/#breadcrumb\"},\"inLanguage\":\"es\",\"potentialAction\":[{\"@type\":\"ReadAction\",\"target\":[[\"https:\\\/\\\/lifestyle-immo24.de\\\/es\\\/meine-buchung\\\/\"]]}]},{\"@type\":\"BreadcrumbList\",\"@id\":\"https:\\\/\\\/lifestyle-immo24.de\\\/es\\\/meine-buchung\\\/#breadcrumb\",\"itemListElement\":[{\"@type\":\"ListItem\",\"position\":1,\"name\":\"Startseite\",\"item\":\"https:\\\/\\\/lifestyle-immo24.de\\\/es\\\/\"},{\"@type\":\"ListItem\",\"position\":2,\"name\":\"Buchungsanfrage\"}]},{\"@type\":\"WebSite\",\"@id\":\"https:\\\/\\\/lifestyle-immo24.de\\\/es\\\/#website\",\"url\":\"https:\\\/\\\/lifestyle-immo24.de\\\/es\\\/\",\"name\":\"Lifestyle Homes\",\"description\":\"Casas de vacaciones en alquiler o en venta\",\"publisher\":{\"@id\":\"https:\\\/\\\/lifestyle-immo24.de\\\/es\\\/#organization\"},\"potentialAction\":[{\"@type\":\"SearchAction\",\"target\":{\"@type\":\"EntryPoint\",\"urlTemplate\":\"https:\\\/\\\/lifestyle-immo24.de\\\/es\\\/?s={search_term_string}\"},\"query-input\":{\"@type\":\"PropertyValueSpecification\",\"valueRequired\":true,\"valueName\":\"search_term_string\"}}],\"inLanguage\":\"es\"},{\"@type\":\"Organization\",\"@id\":\"https:\\\/\\\/lifestyle-immo24.de\\\/es\\\/#organization\",\"name\":\"Lifestyle-Immo24\",\"url\":\"https:\\\/\\\/lifestyle-immo24.de\\\/es\\\/\",\"logo\":{\"@type\":\"ImageObject\",\"inLanguage\":\"es\",\"@id\":\"https:\\\/\\\/lifestyle-immo24.de\\\/es\\\/#\\\/schema\\\/logo\\\/image\\\/\",\"url\":\"https:\\\/\\\/lifestyle-immo24.de\\\/wp-content\\\/uploads\\\/2017\\\/05\\\/LOGO-Michael-Heinze-Immo-1.png\",\"contentUrl\":\"https:\\\/\\\/lifestyle-immo24.de\\\/wp-content\\\/uploads\\\/2017\\\/05\\\/LOGO-Michael-Heinze-Immo-1.png\",\"width\":1559,\"height\":482,\"caption\":\"Lifestyle-Immo24\"},\"image\":{\"@id\":\"https:\\\/\\\/lifestyle-immo24.de\\\/es\\\/#\\\/schema\\\/logo\\\/image\\\/\"},\"sameAs\":[\"https:\\\/\\\/www.facebook.com\\\/LifeStyleImmo24\\\/\"]}]}<\/script>\n<!-- \/ Yoast SEO plugin. -->","yoast_head_json":{"title":"Mi Reserva &#8211; Lifestyle Homes","robots":{"index":"index","follow":"follow","max-snippet":"max-snippet:-1","max-image-preview":"max-image-preview:large","max-video-preview":"max-video-preview:-1"},"canonical":"https:\/\/lifestyle-immo24.de\/es\/meine-buchung\/","og_locale":"es_ES","og_type":"article","og_title":"Mi Reserva &#8211; Lifestyle Homes","og_description":"Sus fechas de viaje: [abc-bookingform] \u00bfNo es lo correcto? En este momento estamos ofreciendo alquileres de vacaciones en la Costa Blanca en Espa\u00f1a en nuestro sitio web. \u00a1Como socio de Booking.com, puede reservar otras habitaciones de hotel baratas o villas privadas de lujo en todo el mundo a trav\u00e9s de nuestro sitio web! Puede encontrar...","og_url":"https:\/\/lifestyle-immo24.de\/es\/meine-buchung\/","og_site_name":"Lifestyle Homes","article_publisher":"https:\/\/www.facebook.com\/LifeStyleImmo24\/","article_modified_time":"2021-06-02T15:41:44+00:00","twitter_card":"summary_large_image","twitter_misc":{"Tiempo de lectura":"1 minuto"},"schema":{"@context":"https:\/\/schema.org","@graph":[{"@type":"WebPage","@id":"https:\/\/lifestyle-immo24.de\/es\/meine-buchung\/","url":"https:\/\/lifestyle-immo24.de\/es\/meine-buchung\/","name":"Mi Reserva &#8211; Lifestyle Homes","isPartOf":{"@id":"https:\/\/lifestyle-immo24.de\/es\/#website"},"datePublished":"2019-01-28T16:04:40+00:00","dateModified":"2021-06-02T15:41:44+00:00","breadcrumb":{"@id":"https:\/\/lifestyle-immo24.de\/es\/meine-buchung\/#breadcrumb"},"inLanguage":"es","potentialAction":[{"@type":"ReadAction","target":[["https:\/\/lifestyle-immo24.de\/es\/meine-buchung\/"]]}]},{"@type":"BreadcrumbList","@id":"https:\/\/lifestyle-immo24.de\/es\/meine-buchung\/#breadcrumb","itemListElement":[{"@type":"ListItem","position":1,"name":"Startseite","item":"https:\/\/lifestyle-immo24.de\/es\/"},{"@type":"ListItem","position":2,"name":"Buchungsanfrage"}]},{"@type":"WebSite","@id":"https:\/\/lifestyle-immo24.de\/es\/#website","url":"https:\/\/lifestyle-immo24.de\/es\/","name":"Lifestyle Homes","description":"Casas de vacaciones en alquiler o en venta","publisher":{"@id":"https:\/\/lifestyle-immo24.de\/es\/#organization"},"potentialAction":[{"@type":"SearchAction","target":{"@type":"EntryPoint","urlTemplate":"https:\/\/lifestyle-immo24.de\/es\/?s={search_term_string}"},"query-input":{"@type":"PropertyValueSpecification","valueRequired":true,"valueName":"search_term_string"}}],"inLanguage":"es"},{"@type":"Organization","@id":"https:\/\/lifestyle-immo24.de\/es\/#organization","name":"Lifestyle-Immo24","url":"https:\/\/lifestyle-immo24.de\/es\/","logo":{"@type":"ImageObject","inLanguage":"es","@id":"https:\/\/lifestyle-immo24.de\/es\/#\/schema\/logo\/image\/","url":"https:\/\/lifestyle-immo24.de\/wp-content\/uploads\/2017\/05\/LOGO-Michael-Heinze-Immo-1.png","contentUrl":"https:\/\/lifestyle-immo24.de\/wp-content\/uploads\/2017\/05\/LOGO-Michael-Heinze-Immo-1.png","width":1559,"height":482,"caption":"Lifestyle-Immo24"},"image":{"@id":"https:\/\/lifestyle-immo24.de\/es\/#\/schema\/logo\/image\/"},"sameAs":["https:\/\/www.facebook.com\/LifeStyleImmo24\/"]}]}},"_links":{"self":[{"href":"https:\/\/lifestyle-immo24.de\/es\/wp-json\/wp\/v2\/pages\/16730","targetHints":{"allow":["GET"]}}],"collection":[{"href":"https:\/\/lifestyle-immo24.de\/es\/wp-json\/wp\/v2\/pages"}],"about":[{"href":"https:\/\/lifestyle-immo24.de\/es\/wp-json\/wp\/v2\/types\/page"}],"author":[{"embeddable":true,"href":"https:\/\/lifestyle-immo24.de\/es\/wp-json\/wp\/v2\/users\/1"}],"replies":[{"embeddable":true,"href":"https:\/\/lifestyle-immo24.de\/es\/wp-json\/wp\/v2\/comments?post=16730"}],"version-history":[{"count":0,"href":"https:\/\/lifestyle-immo24.de\/es\/wp-json\/wp\/v2\/pages\/16730\/revisions"}],"wp:attachment":[{"href":"https:\/\/lifestyle-immo24.de\/es\/wp-json\/wp\/v2\/media?parent=16730"}],"curies":[{"name":"wp","href":"https:\/\/api.w.org\/{rel}","templated":true}]}}