{"id":16337,"date":"2019-01-11T18:18:52","date_gmt":"2019-01-11T17:18:52","guid":{"rendered":"https:\/\/lifestyle-immo24.de\/?page_id=16337"},"modified":"2023-05-23T13:08:36","modified_gmt":"2023-05-23T11:08:36","slug":"kartensuche-ferienhaus","status":"publish","type":"page","link":"https:\/\/lifestyle-immo24.de\/es\/kartensuche-ferienhaus\/","title":{"rendered":"Hoteles &#038; Vacaciones"},"content":{"rendered":"<h1>Encuentra habitaciones con hasta un 60% de descuento<\/h1>\t\t\n  &nbsp;\n\t\t\n<h3 class=\"wp-block-heading\"><strong>Ferienhaus,Hotel oder\u00a0 Ferienwohnung mieten<\/strong><\/h3>\n\n\n<p>Lifestyle-Immo24 hat Kooperationen mit den gr\u00f6\u00dften Vergleichsportalen f\u00fcr Ferienh\u00e4user, Ferienwohnungen &amp; Apartments mit \u00fcber 2.000.000 Unterk\u00fcnften an den beliebtesten Ferien Regionen der Welt. Mit unserer \u00fcbersichtlichen Kartensuche finden Sie Ihr Ferienhaus oder Ferienwohnung ganz nach Ihren W\u00fcnschen. Die beliebtesten Regionen um Ferienh\u00e4user zu mieten sind Deutschland, Spanien, Italien, Frankreich oder Kroatien, Florida, \u00d6sterreich und Niederlande. Bei uns finden Sie weltweit eine Unterkunft um Ihren\u00a0 Jahresurlaub zu erholsamen Preisen zu genie\u00dfen. Besonders beliebt in den Ferien sind Ferienh\u00e4user in den Regionen Spanien, Italien, ein Ferienhaus in Cape Coral, Florida, oder Deutschland. Finden sie bei uns das passende Ferienhaus , Ferienvilla oder Finca.<\/p>\n\n\n<h4 class=\"wp-block-heading\"><strong>Ferienhaus<\/strong><\/h4>\n\n\n<p>Ferienh\u00e4user sind oft f\u00fcr mehr als 2 Personen und bieten Platz f\u00fcr die ganze Familie. Ein Ferienhaus ist meist darauf ausgelegt einen l\u00e4ngeren Urlaub an einer und der selben Stelle zu verbringen. Voll Ausgestattet f\u00fchlt man sich wie zuhause und es fehlt einem an Nichts.<\/p>\n\n\n<h4 class=\"wp-block-heading\"><strong>Ferienwohnung<\/strong><\/h4>\n\n\n<p>Eine Ferienwohnung, gerne auch Fewo genannt, ist eine gute und g\u00fcnstige Alternative als Unterkunft im Urlaub. In vielen Regionen gibt es wenige Ferienh\u00e4user daf\u00fcr mehr Ferienwohnungen. Oftmals gehen die Wohnungen \u00fcber ein ganzes Stockwerk und somit hat man auch hier Privatsph\u00e4re.<\/p>\n\n\n<h4 class=\"wp-block-heading\"><strong>Villa<\/strong><\/h4>\n\n\n<p>Ferienvillas gibt es oft in den s\u00fcdlichen Urlaubregionen wie z.b. Finkas in Spanien. Diese haben eine gro\u00dfe Wohnfl\u00e4che und sind mit h\u00f6herem Standard ausgestattet und somit auch nicht so g\u00fcnstig wie eine Ferienwohnung oder Apartment.<\/p>\n\n\n<h4 class=\"wp-block-heading\"><strong>Apartment<\/strong><\/h4>\n\n\n<p>Ein Apartment ist meist die beste L\u00f6sungen f\u00fcr St\u00e4dtereisen oder kurze Unterk\u00fcnfte. Hier spielt der Platz und die Ausstattung weniger eine Rolle, sondern eher der Platz zum reinem \u00dcbernachten.<\/p>\n\n\n<h4 class=\"wp-block-heading\"><strong>Bed &amp; Breakfast<\/strong><\/h4>\n\n\n<p>Wie der Name schon sagt gibt es bei diesen Unterk\u00fcnften nur ein Bett zum Schlafen und Fr\u00fchst\u00fcck. Dies ist meist die kosteng\u00fcnstige Variante wenn man Urlaub machen m\u00f6chte sich aber selten in der Pension aufh\u00e4lt.<\/p>\n\n\n<h4 class=\"wp-block-heading\"><strong>Finca<\/strong><\/h4>\n\n\n<p>Fincas sind die s\u00fcdl\u00e4ndischen Varianten von Ferienh\u00e4usern. Meist mit einem gro\u00dfen Grundst\u00fcck und etwas abgelegen hat man dort seine absolut Ruhe.<\/p>\n<p><\/p>\n<h3><\/p>\n<!-- \/wp:post-content -->\t\t\n\t\t\t<h3>Hoteles &#038; Hustales<\/h3>\t\t\n\t\t\t<h3>Casa de vacaciones o apartamento de vacaciones<\/h3>\t\t\n\t\t\t<ins data-aid=\"1732967\" data-target_aid=\"1732967\" data-prod=\"map\" data-width=\"100%\" data-height=\"590\" data-lang=\"Browserabh\u00e4ngige Standardeinstellung\" data-dest_id=\"0\" data-dest_type=\"landmark\" data-latitude=\"38.5043838\" data-longitude=\"-0.2643455\" data-mwhsb=\"0\" data-address=\"Costa Blanca, Spain\" data-zoom=\"9\"> <!-- Anything inside will go away once widget is loaded. --> <a href=\"\/\/www.booking.com?aid=1732967\">Booking.com<\/a> <\/ins> \t\t\n\t\t<!-- wp:heading {\"level\":3} \/--><!-- wp:html -->\n<h3><strong>Alquile una casa de vacaciones, un hotel o un apartamento de vacaciones<\/strong><\/h3>\n<p>Lifestyle Homes coopera con los mayores portales de comparaci\u00f3n de casas, pisos y apartamentos de vacaciones con m\u00e1s de 2 000 000 de alojamientos en las regiones de vacaciones m\u00e1s populares del mundo. Con nuestra clara b\u00fasqueda en el mapa, encontrar\u00e1 su casa o apartamento de vacaciones de acuerdo con sus deseos. Las regiones m\u00e1s populares para alquilar casas de vacaciones son Alemania, Espa\u00f1a, Italia, Francia o Croacia, Florida, Austria y los Pa\u00edses Bajos. Con nosotros encontrar\u00e1s alojamiento en todo el mundo para disfrutar de tus vacaciones anuales a precios relajantes. Las casas de vacaciones en las regiones de Espa\u00f1a, Italia, una casa de vacaciones en Cape Coral, Florida o Alemania son particularmente populares durante las vacaciones. Encuentre la casa de vacaciones, la villa de vacaciones o la finca adecuada con nosotros.<\/p>\n<h4>Casa de vacaciones<\/h4>\n<p>Las casas de vacaciones suelen ser para m\u00e1s de 2 personas y ofrecen espacio para toda la familia. Una casa de vacaciones suele estar dise\u00f1ada para pasar unas vacaciones m\u00e1s largas en un mismo lugar. Completamente equipado, te sientes como en casa y no falta de nada.<\/p>\n<h4>Apartamento de vacaciones<\/h4>\n<p>Un apartamento de vacaciones, tambi\u00e9n conocido como casa de vacaciones, es una alternativa buena y econ\u00f3mica al alojamiento de vacaciones. En muchas regiones hay menos casas de vacaciones pero m\u00e1s apartamentos de vacaciones. A menudo, los apartamentos ocupan un piso completo y, por lo tanto, aqu\u00ed tambi\u00e9n tiene privacidad.<\/p>\n<h4>Villa<\/h4>\n<p>A menudo hay villas de vacaciones en las regiones de vacaciones del sur, como p. Fincas en Espa\u00f1a. Estos tienen un gran espacio habitable y est\u00e1n equipados con un est\u00e1ndar m\u00e1s alto y, por lo tanto, no son tan baratos como un piso o apartamento de vacaciones.<\/p>\n<h4>Apartamentos<\/h4>\n<p>Un apartamento suele ser la mejor soluci\u00f3n para viajes a la ciudad o estancias cortas. Aqu\u00ed el espacio y el equipamiento juegan un papel menor, sino m\u00e1s bien el espacio para pernoctaciones puras.<\/p>\n<h4>B &amp; B<\/h4>\n<p>Como su nombre indica, estos alojamientos cuentan con una sola cama para dormir y desayunar. Esta suele ser la opci\u00f3n m\u00e1s barata si quieres irte de vacaciones pero rara vez te quedas en la pensi\u00f3n.<\/p>\n<h4>Finca<\/h4>\n<p>Las fincas son las variantes sure\u00f1as de las casas de vacaciones. En su mayor\u00eda con una gran parcela de tierra y un poco aislado, tienes tu paz absoluta all\u00ed.<\/p>\n<!-- \/wp:html --><!-- wp:heading \/-->","protected":false},"excerpt":{"rendered":"<p>Encuentra habitaciones con hasta un 60% de descuento &nbsp; Ferienhaus,Hotel oder\u00a0 Ferienwohnung mieten Lifestyle-Immo24 hat Kooperationen mit den gr\u00f6\u00dften Vergleichsportalen f\u00fcr Ferienh\u00e4user, Ferienwohnungen &amp; Apartments mit \u00fcber 2.000.000 Unterk\u00fcnften an den beliebtesten Ferien Regionen der Welt. Mit unserer \u00fcbersichtlichen Kartensuche finden Sie Ihr Ferienhaus oder Ferienwohnung ganz nach Ihren W\u00fcnschen. Die beliebtesten Regionen um Ferienh\u00e4user&#8230;<\/p>\n","protected":false},"author":1,"featured_media":5354,"parent":0,"menu_order":0,"comment_status":"closed","ping_status":"closed","template":"templates\/home.php","meta":{"_exactmetrics_skip_tracking":false,"_exactmetrics_sitenote_active":false,"_exactmetrics_sitenote_note":"","_exactmetrics_sitenote_category":0,"footnotes":""},"class_list":["post-16337","page","type-page","status-publish","has-post-thumbnail","hentry"],"yoast_head":"<!-- This site is optimized with the Yoast SEO plugin v27.3 - https:\/\/yoast.com\/product\/yoast-seo-wordpress\/ -->\n<title>Kartensuche mit Preisen f\u00fcr Ferienwohnung und Ferienhaus<\/title>\n<meta name=\"description\" content=\"Mit Hilfe unserer \u00fcbersichtlichen Kartensuche finden Sie schnell ein g\u00fcnstiges Ferienhaus f\u00fcr Ihren Traumurlaub.\" \/>\n<meta name=\"robots\" content=\"index, follow, max-snippet:-1, max-image-preview:large, max-video-preview:-1\" \/>\n<link rel=\"canonical\" href=\"https:\/\/lifestyle-immo24.de\/es\/kartensuche-ferienhaus\/\" \/>\n<meta property=\"og:locale\" content=\"es_ES\" \/>\n<meta property=\"og:type\" content=\"article\" \/>\n<meta property=\"og:title\" content=\"Kartensuche mit Preisen f\u00fcr Ferienwohnung und Ferienhaus\" \/>\n<meta property=\"og:description\" content=\"Mit Hilfe unserer \u00fcbersichtlichen Kartensuche finden Sie schnell ein g\u00fcnstiges Ferienhaus f\u00fcr Ihren Traumurlaub.\" \/>\n<meta property=\"og:url\" content=\"https:\/\/lifestyle-immo24.de\/es\/kartensuche-ferienhaus\/\" \/>\n<meta property=\"og:site_name\" content=\"Lifestyle Homes\" \/>\n<meta property=\"article:publisher\" content=\"https:\/\/www.facebook.com\/LifeStyleImmo24\/\" \/>\n<meta property=\"article:modified_time\" content=\"2023-05-23T11:08:36+00:00\" \/>\n<meta property=\"og:image\" content=\"https:\/\/lifestyle-immo24.de\/wp-content\/uploads\/2020\/11\/dining-00.jpg\" \/>\n\t<meta property=\"og:image:width\" content=\"1240\" \/>\n\t<meta property=\"og:image:height\" content=\"720\" \/>\n\t<meta property=\"og:image:type\" content=\"image\/jpeg\" \/>\n<meta name=\"twitter:card\" content=\"summary_large_image\" \/>\n<meta name=\"twitter:label1\" content=\"Tiempo de lectura\" \/>\n\t<meta name=\"twitter:data1\" content=\"3 minutos\" \/>\n<script type=\"application\/ld+json\" class=\"yoast-schema-graph\">{\"@context\":\"https:\\\/\\\/schema.org\",\"@graph\":[{\"@type\":\"WebPage\",\"@id\":\"https:\\\/\\\/lifestyle-immo24.de\\\/es\\\/kartensuche-ferienhaus\\\/\",\"url\":\"https:\\\/\\\/lifestyle-immo24.de\\\/es\\\/kartensuche-ferienhaus\\\/\",\"name\":\"Kartensuche mit Preisen f\u00fcr Ferienwohnung und Ferienhaus\",\"isPartOf\":{\"@id\":\"https:\\\/\\\/lifestyle-immo24.de\\\/es\\\/#website\"},\"primaryImageOfPage\":{\"@id\":\"https:\\\/\\\/lifestyle-immo24.de\\\/es\\\/kartensuche-ferienhaus\\\/#primaryimage\"},\"image\":{\"@id\":\"https:\\\/\\\/lifestyle-immo24.de\\\/kartensuche-ferienhaus\\\/#primaryimage\"},\"thumbnailUrl\":\"https:\\\/\\\/lifestyle-immo24.de\\\/wp-content\\\/uploads\\\/2020\\\/11\\\/dining-00.jpg\",\"datePublished\":\"2019-01-11T17:18:52+00:00\",\"dateModified\":\"2023-05-23T11:08:36+00:00\",\"description\":\"Mit Hilfe unserer \u00fcbersichtlichen Kartensuche finden Sie schnell ein g\u00fcnstiges Ferienhaus f\u00fcr Ihren Traumurlaub.\",\"breadcrumb\":{\"@id\":\"https:\\\/\\\/lifestyle-immo24.de\\\/es\\\/kartensuche-ferienhaus\\\/#breadcrumb\"},\"inLanguage\":\"es\",\"potentialAction\":[{\"@type\":\"ReadAction\",\"target\":[[\"https:\\\/\\\/lifestyle-immo24.de\\\/es\\\/kartensuche-ferienhaus\\\/\"]]}]},{\"@type\":\"ImageObject\",\"inLanguage\":\"es\",\"@id\":\"https:\\\/\\\/lifestyle-immo24.de\\\/es\\\/kartensuche-ferienhaus\\\/#primaryimage\",\"url\":\"https:\\\/\\\/lifestyle-immo24.de\\\/wp-content\\\/uploads\\\/2020\\\/11\\\/dining-00.jpg\",\"contentUrl\":\"https:\\\/\\\/lifestyle-immo24.de\\\/wp-content\\\/uploads\\\/2020\\\/11\\\/dining-00.jpg\",\"width\":1240,\"height\":720},{\"@type\":\"BreadcrumbList\",\"@id\":\"https:\\\/\\\/lifestyle-immo24.de\\\/es\\\/kartensuche-ferienhaus\\\/#breadcrumb\",\"itemListElement\":[{\"@type\":\"ListItem\",\"position\":1,\"name\":\"Startseite\",\"item\":\"https:\\\/\\\/lifestyle-immo24.de\\\/es\\\/\"},{\"@type\":\"ListItem\",\"position\":2,\"name\":\"Hotels &#038; Rentals\"}]},{\"@type\":\"WebSite\",\"@id\":\"https:\\\/\\\/lifestyle-immo24.de\\\/es\\\/#website\",\"url\":\"https:\\\/\\\/lifestyle-immo24.de\\\/es\\\/\",\"name\":\"Lifestyle Homes\",\"description\":\"Casas de vacaciones en alquiler o en venta\",\"publisher\":{\"@id\":\"https:\\\/\\\/lifestyle-immo24.de\\\/es\\\/#organization\"},\"potentialAction\":[{\"@type\":\"SearchAction\",\"target\":{\"@type\":\"EntryPoint\",\"urlTemplate\":\"https:\\\/\\\/lifestyle-immo24.de\\\/es\\\/?s={search_term_string}\"},\"query-input\":{\"@type\":\"PropertyValueSpecification\",\"valueRequired\":true,\"valueName\":\"search_term_string\"}}],\"inLanguage\":\"es\"},{\"@type\":\"Organization\",\"@id\":\"https:\\\/\\\/lifestyle-immo24.de\\\/es\\\/#organization\",\"name\":\"Lifestyle-Immo24\",\"url\":\"https:\\\/\\\/lifestyle-immo24.de\\\/es\\\/\",\"logo\":{\"@type\":\"ImageObject\",\"inLanguage\":\"es\",\"@id\":\"https:\\\/\\\/lifestyle-immo24.de\\\/es\\\/#\\\/schema\\\/logo\\\/image\\\/\",\"url\":\"https:\\\/\\\/lifestyle-immo24.de\\\/wp-content\\\/uploads\\\/2017\\\/05\\\/LOGO-Michael-Heinze-Immo-1.png\",\"contentUrl\":\"https:\\\/\\\/lifestyle-immo24.de\\\/wp-content\\\/uploads\\\/2017\\\/05\\\/LOGO-Michael-Heinze-Immo-1.png\",\"width\":1559,\"height\":482,\"caption\":\"Lifestyle-Immo24\"},\"image\":{\"@id\":\"https:\\\/\\\/lifestyle-immo24.de\\\/es\\\/#\\\/schema\\\/logo\\\/image\\\/\"},\"sameAs\":[\"https:\\\/\\\/www.facebook.com\\\/LifeStyleImmo24\\\/\"]}]}<\/script>\n<!-- \/ Yoast SEO plugin. -->","yoast_head_json":{"title":"Kartensuche mit Preisen f\u00fcr Ferienwohnung und Ferienhaus","description":"Mit Hilfe unserer \u00fcbersichtlichen Kartensuche finden Sie schnell ein g\u00fcnstiges Ferienhaus f\u00fcr Ihren Traumurlaub.","robots":{"index":"index","follow":"follow","max-snippet":"max-snippet:-1","max-image-preview":"max-image-preview:large","max-video-preview":"max-video-preview:-1"},"canonical":"https:\/\/lifestyle-immo24.de\/es\/kartensuche-ferienhaus\/","og_locale":"es_ES","og_type":"article","og_title":"Kartensuche mit Preisen f\u00fcr Ferienwohnung und Ferienhaus","og_description":"Mit Hilfe unserer \u00fcbersichtlichen Kartensuche finden Sie schnell ein g\u00fcnstiges Ferienhaus f\u00fcr Ihren Traumurlaub.","og_url":"https:\/\/lifestyle-immo24.de\/es\/kartensuche-ferienhaus\/","og_site_name":"Lifestyle Homes","article_publisher":"https:\/\/www.facebook.com\/LifeStyleImmo24\/","article_modified_time":"2023-05-23T11:08:36+00:00","og_image":[{"width":1240,"height":720,"url":"https:\/\/lifestyle-immo24.de\/wp-content\/uploads\/2020\/11\/dining-00.jpg","type":"image\/jpeg"}],"twitter_card":"summary_large_image","twitter_misc":{"Tiempo de lectura":"3 minutos"},"schema":{"@context":"https:\/\/schema.org","@graph":[{"@type":"WebPage","@id":"https:\/\/lifestyle-immo24.de\/es\/kartensuche-ferienhaus\/","url":"https:\/\/lifestyle-immo24.de\/es\/kartensuche-ferienhaus\/","name":"Kartensuche mit Preisen f\u00fcr Ferienwohnung und Ferienhaus","isPartOf":{"@id":"https:\/\/lifestyle-immo24.de\/es\/#website"},"primaryImageOfPage":{"@id":"https:\/\/lifestyle-immo24.de\/es\/kartensuche-ferienhaus\/#primaryimage"},"image":{"@id":"https:\/\/lifestyle-immo24.de\/kartensuche-ferienhaus\/#primaryimage"},"thumbnailUrl":"https:\/\/lifestyle-immo24.de\/wp-content\/uploads\/2020\/11\/dining-00.jpg","datePublished":"2019-01-11T17:18:52+00:00","dateModified":"2023-05-23T11:08:36+00:00","description":"Mit Hilfe unserer \u00fcbersichtlichen Kartensuche finden Sie schnell ein g\u00fcnstiges Ferienhaus f\u00fcr Ihren Traumurlaub.","breadcrumb":{"@id":"https:\/\/lifestyle-immo24.de\/es\/kartensuche-ferienhaus\/#breadcrumb"},"inLanguage":"es","potentialAction":[{"@type":"ReadAction","target":[["https:\/\/lifestyle-immo24.de\/es\/kartensuche-ferienhaus\/"]]}]},{"@type":"ImageObject","inLanguage":"es","@id":"https:\/\/lifestyle-immo24.de\/es\/kartensuche-ferienhaus\/#primaryimage","url":"https:\/\/lifestyle-immo24.de\/wp-content\/uploads\/2020\/11\/dining-00.jpg","contentUrl":"https:\/\/lifestyle-immo24.de\/wp-content\/uploads\/2020\/11\/dining-00.jpg","width":1240,"height":720},{"@type":"BreadcrumbList","@id":"https:\/\/lifestyle-immo24.de\/es\/kartensuche-ferienhaus\/#breadcrumb","itemListElement":[{"@type":"ListItem","position":1,"name":"Startseite","item":"https:\/\/lifestyle-immo24.de\/es\/"},{"@type":"ListItem","position":2,"name":"Hotels &#038; Rentals"}]},{"@type":"WebSite","@id":"https:\/\/lifestyle-immo24.de\/es\/#website","url":"https:\/\/lifestyle-immo24.de\/es\/","name":"Lifestyle Homes","description":"Casas de vacaciones en alquiler o en venta","publisher":{"@id":"https:\/\/lifestyle-immo24.de\/es\/#organization"},"potentialAction":[{"@type":"SearchAction","target":{"@type":"EntryPoint","urlTemplate":"https:\/\/lifestyle-immo24.de\/es\/?s={search_term_string}"},"query-input":{"@type":"PropertyValueSpecification","valueRequired":true,"valueName":"search_term_string"}}],"inLanguage":"es"},{"@type":"Organization","@id":"https:\/\/lifestyle-immo24.de\/es\/#organization","name":"Lifestyle-Immo24","url":"https:\/\/lifestyle-immo24.de\/es\/","logo":{"@type":"ImageObject","inLanguage":"es","@id":"https:\/\/lifestyle-immo24.de\/es\/#\/schema\/logo\/image\/","url":"https:\/\/lifestyle-immo24.de\/wp-content\/uploads\/2017\/05\/LOGO-Michael-Heinze-Immo-1.png","contentUrl":"https:\/\/lifestyle-immo24.de\/wp-content\/uploads\/2017\/05\/LOGO-Michael-Heinze-Immo-1.png","width":1559,"height":482,"caption":"Lifestyle-Immo24"},"image":{"@id":"https:\/\/lifestyle-immo24.de\/es\/#\/schema\/logo\/image\/"},"sameAs":["https:\/\/www.facebook.com\/LifeStyleImmo24\/"]}]}},"_links":{"self":[{"href":"https:\/\/lifestyle-immo24.de\/es\/wp-json\/wp\/v2\/pages\/16337","targetHints":{"allow":["GET"]}}],"collection":[{"href":"https:\/\/lifestyle-immo24.de\/es\/wp-json\/wp\/v2\/pages"}],"about":[{"href":"https:\/\/lifestyle-immo24.de\/es\/wp-json\/wp\/v2\/types\/page"}],"author":[{"embeddable":true,"href":"https:\/\/lifestyle-immo24.de\/es\/wp-json\/wp\/v2\/users\/1"}],"replies":[{"embeddable":true,"href":"https:\/\/lifestyle-immo24.de\/es\/wp-json\/wp\/v2\/comments?post=16337"}],"version-history":[{"count":0,"href":"https:\/\/lifestyle-immo24.de\/es\/wp-json\/wp\/v2\/pages\/16337\/revisions"}],"wp:featuredmedia":[{"embeddable":true,"href":"https:\/\/lifestyle-immo24.de\/es\/wp-json\/wp\/v2\/media\/5354"}],"wp:attachment":[{"href":"https:\/\/lifestyle-immo24.de\/es\/wp-json\/wp\/v2\/media?parent=16337"}],"curies":[{"name":"wp","href":"https:\/\/api.w.org\/{rel}","templated":true}]}}