{"id":16294,"date":"2021-10-22T17:06:07","date_gmt":"2021-10-22T15:06:07","guid":{"rendered":"https:\/\/lifestyle-immo24.de\/?page_id=16294"},"modified":"2021-10-22T23:25:38","modified_gmt":"2021-10-22T21:25:38","slug":"ferienhaus-daenemark","status":"publish","type":"page","link":"https:\/\/lifestyle-immo24.de\/es\/ferienhaus-daenemark\/","title":{"rendered":"Ferienh\u00e4user D\u00e4nemark"},"content":{"rendered":"<\/p>\n<h2><strong>Casas de vacaciones en Dinamarca: \u00a1las vacaciones perfectas en la playa!<\/strong><\/h2>\n<p>La regi\u00f3n costera danesa es conocida por sus vacaciones econ\u00f3micas y fant\u00e1sticas, especialmente con familias o parejas. Los daneses son personas hospitalarias y de mente abierta, y la naturaleza \u00fanica del pa\u00eds te cautiva de inmediato. La selecci\u00f3n de casas de vacaciones es particularmente amplia en la regi\u00f3n costera. Desde caba\u00f1as de madera sencillas y econ\u00f3micas hasta villas de lujo con piscina y sauna, hay algo para todos los gustos. La mayor\u00eda de las casas de vacaciones en Dinamarca est\u00e1n completamente equipadas para que no tengas que llevar nada contigo. Incluso las familias numerosas o los due\u00f1os de perros siempre encontrar\u00e1n suficiente espacio. Adem\u00e1s, se puede llegar a Dinamarca, como vecino de Alemania, en coche en muy poco tiempo. Y cuanto m\u00e1s corto sea el viaje hacia y desde el hotel, \u00a1m\u00e1s tiempo habr\u00e1 para sus vacaciones!Elija la casa de sus sue\u00f1os perfecta en Dinamarca entre m\u00e1s de 20.000 ofertas en varios tama\u00f1os y ubicaciones. Simplemente ingrese su per\u00edodo de viaje y seleccione el equipo deseado con la funci\u00f3n de filtro, listo. \u00a1Solo se muestran las casas desocupadas durante su tiempo de viaje!<\/p>\n<h2><strong>Caracter\u00edsticas especiales para una visita a la playa en Dinamarca<\/strong><\/h2>\n<p>\u00bfPor qu\u00e9 los hu\u00e9spedes alemanes encuentran la playa en Dinamarca tan \u00fanica?Lo que los daneses perciben como normal, lamentablemente, no es una cuesti\u00f3n de rutina en todo el mundo.Hemos descrito algunas de las caracter\u00edsticas especiales y si hemos olvidado algo, no dude en agregar un comentario a la lista.<\/p>\n<h3><strong>Sin tarifas de playa<\/strong><\/h3>\n<p>El acceso a la playa danesa del Mar del Norte es gratuito en todas partes (por supuesto, todav\u00eda hay socorristas en las playas m\u00e1s populares, que garantizan la seguridad de los ba\u00f1istas en verano).Tampoco hay tarifas por el uso de sillas de playa, porque no las hay. Pero puedes traer tu propio refugio de playa o tumbona de playa contigo a todas partes \ud83d\ude09La playa del Mar del Norte tampoco tiene horarios de apertura y puede disfrutar del relajante sonido de las olas durante todo el d\u00eda, ver la puesta de sol en el horizonte por la noche o ir a nadar a la luz de la luna por la noche.<\/p>\n<h3><strong>Sin tarifas de estacionamiento<\/strong><\/h3>\n<p>Y mientras est\u00e1 en la playa, su coche est\u00e1 aparcado de forma gratuita (incluso si est\u00e1 all\u00ed con su coche. Quiz\u00e1s haya reservado una de nuestras muchas casas de vacaciones frente al mar en Dinamarca y prefiera caminar el camino m\u00e1s corto hasta la playa; o)Los aparcamientos de la playa est\u00e1n bien se\u00f1alizados desde la carretera rural con nombres de lugares + playa (por ejemplo, &#8216;Houvig Strand&#8217;, &#8216;\u00c5rgab Strand&#8217;, etc.) y no tiene que preocuparse por si las tarifas de estacionamiento deben pagarse en uno o en el otro aparcamiento de playa, en realidad es gratis en todas partes.<\/p>\n<h3><strong>Sin secciones de playa cercadas<\/strong><\/h3>\n<p>Cuando decimos &#8220;playas&#8221;, en realidad es enga\u00f1oso. Porque la playa es realmente interminable y no encontrar\u00e1s una valla o un tramo de playa donde no puedas llegar m\u00e1s lejos.Por ejemplo, no hay secciones solo para perros, ni\u00f1os, entusiastas de los deportes acu\u00e1ticos, amantes del sol, etc. Hay espacio para todos y toda la familia puede estar junta en la playa, sin importar lo que est\u00e9n haciendo los miembros de la familia.<\/p>\n<h3><strong>Sin se\u00f1ales de prohibici\u00f3n<\/strong><\/h3>\n<p>Tampoco hay se\u00f1ales de prohibici\u00f3n en la playa del Mar del Norte. Pero eso no significa que nos comportemos de manera desconsiderada con otros hu\u00e9spedes de la playa. Simplemente significa que los daneses realmente valoran su libertad y conf\u00edan unos en otros.Uno conf\u00eda en que todos ser\u00e1n considerados unos con otros; Due\u00f1os de perros en hu\u00e9spedes de la playa sin perro, atletas en hu\u00e9spedes de relajaci\u00f3n, etc.Y realmente no deber\u00eda ser dif\u00edcil. Porque en la interminable y amplia playa de arena hay suficiente espacio para que todos puedan desenvolverse sin molestar a nadie. Independientemente de si se trata de volar cometas, construir castillos de arena, tomar el sol, nadar, correr o retozar con el perro.Eso es todo por ahora. \u00a1Le deseamos mucha diversi\u00f3n para sus pr\u00f3ximas vacaciones en Dinamarca!<\/p><\/p>\n","protected":false},"excerpt":{"rendered":"<p>Casas de vacaciones en Dinamarca: \u00a1las vacaciones perfectas en la playa! La regi\u00f3n costera danesa es conocida por sus vacaciones econ\u00f3micas y fant\u00e1sticas, especialmente con familias o parejas. Los daneses son personas hospitalarias y de mente abierta, y la naturaleza \u00fanica del pa\u00eds te cautiva de inmediato. La selecci\u00f3n de casas de vacaciones es particularmente&#8230;<\/p>\n","protected":false},"author":1,"featured_media":18827,"parent":0,"menu_order":0,"comment_status":"closed","ping_status":"closed","template":"templates\/fluid-width.php","meta":{"_exactmetrics_skip_tracking":false,"_exactmetrics_sitenote_active":false,"_exactmetrics_sitenote_note":"","_exactmetrics_sitenote_category":0,"footnotes":""},"class_list":["post-16294","page","type-page","status-publish","has-post-thumbnail","hentry"],"yoast_head":"<!-- This site is optimized with the Yoast SEO plugin v27.4 - https:\/\/yoast.com\/product\/yoast-seo-wordpress\/ -->\n<title>Ferienh\u00e4user D\u00e4nemark &#8211; Mehr als 20.000 Unterk\u00fcnfte!<\/title>\n<meta name=\"description\" content=\"Urlaub bei unseren Nachbarn in D\u00e4nemark wird immer beliebter! Finde jetzt Dein Ferienhaus mit oder ohne Hund zu vern\u00fcnftigen Preisen!\" \/>\n<meta name=\"robots\" content=\"index, follow, max-snippet:-1, max-image-preview:large, max-video-preview:-1\" \/>\n<link rel=\"canonical\" href=\"https:\/\/lifestyle-immo24.de\/es\/ferienhaus-daenemark\/\" \/>\n<meta property=\"og:locale\" content=\"es_ES\" \/>\n<meta property=\"og:type\" content=\"article\" \/>\n<meta property=\"og:title\" content=\"Ferienh\u00e4user D\u00e4nemark &#8211; Mehr als 20.000 Unterk\u00fcnfte!\" \/>\n<meta property=\"og:description\" content=\"Urlaub bei unseren Nachbarn in D\u00e4nemark wird immer beliebter! Finde jetzt Dein Ferienhaus mit oder ohne Hund zu vern\u00fcnftigen Preisen!\" \/>\n<meta property=\"og:url\" content=\"https:\/\/lifestyle-immo24.de\/es\/ferienhaus-daenemark\/\" \/>\n<meta property=\"og:site_name\" content=\"Lifestyle Homes\" \/>\n<meta property=\"article:publisher\" content=\"https:\/\/www.facebook.com\/LifeStyleImmo24\/\" \/>\n<meta property=\"article:modified_time\" content=\"2021-10-22T21:25:38+00:00\" \/>\n<meta property=\"og:image\" content=\"https:\/\/lifestyle-immo24.de\/wp-content\/uploads\/2020\/04\/Ferienh\u00e4user-D\u00e4nemark.jpg\" \/>\n\t<meta property=\"og:image:width\" content=\"770\" \/>\n\t<meta property=\"og:image:height\" content=\"490\" \/>\n\t<meta property=\"og:image:type\" content=\"image\/jpeg\" \/>\n<meta name=\"twitter:card\" content=\"summary_large_image\" \/>\n<meta name=\"twitter:label1\" content=\"Tiempo de lectura\" \/>\n\t<meta name=\"twitter:data1\" content=\"9 minutos\" \/>\n<script type=\"application\/ld+json\" class=\"yoast-schema-graph\">{\"@context\":\"https:\\\/\\\/schema.org\",\"@graph\":[{\"@type\":\"WebPage\",\"@id\":\"https:\\\/\\\/lifestyle-immo24.de\\\/es\\\/ferienhaus-daenemark\\\/\",\"url\":\"https:\\\/\\\/lifestyle-immo24.de\\\/es\\\/ferienhaus-daenemark\\\/\",\"name\":\"Ferienh\u00e4user D\u00e4nemark &#8211; Mehr als 20.000 Unterk\u00fcnfte!\",\"isPartOf\":{\"@id\":\"https:\\\/\\\/lifestyle-immo24.de\\\/es\\\/#website\"},\"primaryImageOfPage\":{\"@id\":\"https:\\\/\\\/lifestyle-immo24.de\\\/es\\\/ferienhaus-daenemark\\\/#primaryimage\"},\"image\":{\"@id\":\"https:\\\/\\\/lifestyle-immo24.de\\\/ferienhaus-daenemark\\\/#primaryimage\"},\"thumbnailUrl\":\"https:\\\/\\\/lifestyle-immo24.de\\\/wp-content\\\/uploads\\\/2020\\\/04\\\/Ferienh\u00e4user-D\u00e4nemark.jpg\",\"datePublished\":\"2021-10-22T15:06:07+00:00\",\"dateModified\":\"2021-10-22T21:25:38+00:00\",\"description\":\"Urlaub bei unseren Nachbarn in D\u00e4nemark wird immer beliebter! Finde jetzt Dein Ferienhaus mit oder ohne Hund zu vern\u00fcnftigen Preisen!\",\"breadcrumb\":{\"@id\":\"https:\\\/\\\/lifestyle-immo24.de\\\/es\\\/ferienhaus-daenemark\\\/#breadcrumb\"},\"inLanguage\":\"es\",\"potentialAction\":[{\"@type\":\"ReadAction\",\"target\":[[\"https:\\\/\\\/lifestyle-immo24.de\\\/es\\\/ferienhaus-daenemark\\\/\"]]}]},{\"@type\":\"ImageObject\",\"inLanguage\":\"es\",\"@id\":\"https:\\\/\\\/lifestyle-immo24.de\\\/es\\\/ferienhaus-daenemark\\\/#primaryimage\",\"url\":\"https:\\\/\\\/lifestyle-immo24.de\\\/wp-content\\\/uploads\\\/2020\\\/04\\\/Ferienh\u00e4user-D\u00e4nemark.jpg\",\"contentUrl\":\"https:\\\/\\\/lifestyle-immo24.de\\\/wp-content\\\/uploads\\\/2020\\\/04\\\/Ferienh\u00e4user-D\u00e4nemark.jpg\",\"width\":770,\"height\":490,\"caption\":\"D\u00e4nemark Urlaub Ferienh\u00e4user\"},{\"@type\":\"BreadcrumbList\",\"@id\":\"https:\\\/\\\/lifestyle-immo24.de\\\/es\\\/ferienhaus-daenemark\\\/#breadcrumb\",\"itemListElement\":[{\"@type\":\"ListItem\",\"position\":1,\"name\":\"Startseite\",\"item\":\"https:\\\/\\\/lifestyle-immo24.de\\\/es\\\/\"},{\"@type\":\"ListItem\",\"position\":2,\"name\":\"Ferienhaus in D\u00e4nemark mieten\"}]},{\"@type\":\"WebSite\",\"@id\":\"https:\\\/\\\/lifestyle-immo24.de\\\/es\\\/#website\",\"url\":\"https:\\\/\\\/lifestyle-immo24.de\\\/es\\\/\",\"name\":\"Lifestyle Homes\",\"description\":\"Casas de vacaciones en alquiler o en venta\",\"publisher\":{\"@id\":\"https:\\\/\\\/lifestyle-immo24.de\\\/es\\\/#organization\"},\"potentialAction\":[{\"@type\":\"SearchAction\",\"target\":{\"@type\":\"EntryPoint\",\"urlTemplate\":\"https:\\\/\\\/lifestyle-immo24.de\\\/es\\\/?s={search_term_string}\"},\"query-input\":{\"@type\":\"PropertyValueSpecification\",\"valueRequired\":true,\"valueName\":\"search_term_string\"}}],\"inLanguage\":\"es\"},{\"@type\":\"Organization\",\"@id\":\"https:\\\/\\\/lifestyle-immo24.de\\\/es\\\/#organization\",\"name\":\"Lifestyle-Immo24\",\"url\":\"https:\\\/\\\/lifestyle-immo24.de\\\/es\\\/\",\"logo\":{\"@type\":\"ImageObject\",\"inLanguage\":\"es\",\"@id\":\"https:\\\/\\\/lifestyle-immo24.de\\\/es\\\/#\\\/schema\\\/logo\\\/image\\\/\",\"url\":\"https:\\\/\\\/lifestyle-immo24.de\\\/wp-content\\\/uploads\\\/2017\\\/05\\\/LOGO-Michael-Heinze-Immo-1.png\",\"contentUrl\":\"https:\\\/\\\/lifestyle-immo24.de\\\/wp-content\\\/uploads\\\/2017\\\/05\\\/LOGO-Michael-Heinze-Immo-1.png\",\"width\":1559,\"height\":482,\"caption\":\"Lifestyle-Immo24\"},\"image\":{\"@id\":\"https:\\\/\\\/lifestyle-immo24.de\\\/es\\\/#\\\/schema\\\/logo\\\/image\\\/\"},\"sameAs\":[\"https:\\\/\\\/www.facebook.com\\\/LifeStyleImmo24\\\/\"]}]}<\/script>\n<!-- \/ Yoast SEO plugin. -->","yoast_head_json":{"title":"Ferienh\u00e4user D\u00e4nemark &#8211; Mehr als 20.000 Unterk\u00fcnfte!","description":"Urlaub bei unseren Nachbarn in D\u00e4nemark wird immer beliebter! Finde jetzt Dein Ferienhaus mit oder ohne Hund zu vern\u00fcnftigen Preisen!","robots":{"index":"index","follow":"follow","max-snippet":"max-snippet:-1","max-image-preview":"max-image-preview:large","max-video-preview":"max-video-preview:-1"},"canonical":"https:\/\/lifestyle-immo24.de\/es\/ferienhaus-daenemark\/","og_locale":"es_ES","og_type":"article","og_title":"Ferienh\u00e4user D\u00e4nemark &#8211; Mehr als 20.000 Unterk\u00fcnfte!","og_description":"Urlaub bei unseren Nachbarn in D\u00e4nemark wird immer beliebter! Finde jetzt Dein Ferienhaus mit oder ohne Hund zu vern\u00fcnftigen Preisen!","og_url":"https:\/\/lifestyle-immo24.de\/es\/ferienhaus-daenemark\/","og_site_name":"Lifestyle Homes","article_publisher":"https:\/\/www.facebook.com\/LifeStyleImmo24\/","article_modified_time":"2021-10-22T21:25:38+00:00","og_image":[{"width":770,"height":490,"url":"https:\/\/lifestyle-immo24.de\/wp-content\/uploads\/2020\/04\/Ferienh\u00e4user-D\u00e4nemark.jpg","type":"image\/jpeg"}],"twitter_card":"summary_large_image","twitter_misc":{"Tiempo de lectura":"9 minutos"},"schema":{"@context":"https:\/\/schema.org","@graph":[{"@type":"WebPage","@id":"https:\/\/lifestyle-immo24.de\/es\/ferienhaus-daenemark\/","url":"https:\/\/lifestyle-immo24.de\/es\/ferienhaus-daenemark\/","name":"Ferienh\u00e4user D\u00e4nemark &#8211; Mehr als 20.000 Unterk\u00fcnfte!","isPartOf":{"@id":"https:\/\/lifestyle-immo24.de\/es\/#website"},"primaryImageOfPage":{"@id":"https:\/\/lifestyle-immo24.de\/es\/ferienhaus-daenemark\/#primaryimage"},"image":{"@id":"https:\/\/lifestyle-immo24.de\/ferienhaus-daenemark\/#primaryimage"},"thumbnailUrl":"https:\/\/lifestyle-immo24.de\/wp-content\/uploads\/2020\/04\/Ferienh\u00e4user-D\u00e4nemark.jpg","datePublished":"2021-10-22T15:06:07+00:00","dateModified":"2021-10-22T21:25:38+00:00","description":"Urlaub bei unseren Nachbarn in D\u00e4nemark wird immer beliebter! Finde jetzt Dein Ferienhaus mit oder ohne Hund zu vern\u00fcnftigen Preisen!","breadcrumb":{"@id":"https:\/\/lifestyle-immo24.de\/es\/ferienhaus-daenemark\/#breadcrumb"},"inLanguage":"es","potentialAction":[{"@type":"ReadAction","target":[["https:\/\/lifestyle-immo24.de\/es\/ferienhaus-daenemark\/"]]}]},{"@type":"ImageObject","inLanguage":"es","@id":"https:\/\/lifestyle-immo24.de\/es\/ferienhaus-daenemark\/#primaryimage","url":"https:\/\/lifestyle-immo24.de\/wp-content\/uploads\/2020\/04\/Ferienh\u00e4user-D\u00e4nemark.jpg","contentUrl":"https:\/\/lifestyle-immo24.de\/wp-content\/uploads\/2020\/04\/Ferienh\u00e4user-D\u00e4nemark.jpg","width":770,"height":490,"caption":"D\u00e4nemark Urlaub Ferienh\u00e4user"},{"@type":"BreadcrumbList","@id":"https:\/\/lifestyle-immo24.de\/es\/ferienhaus-daenemark\/#breadcrumb","itemListElement":[{"@type":"ListItem","position":1,"name":"Startseite","item":"https:\/\/lifestyle-immo24.de\/es\/"},{"@type":"ListItem","position":2,"name":"Ferienhaus in D\u00e4nemark mieten"}]},{"@type":"WebSite","@id":"https:\/\/lifestyle-immo24.de\/es\/#website","url":"https:\/\/lifestyle-immo24.de\/es\/","name":"Lifestyle Homes","description":"Casas de vacaciones en alquiler o en venta","publisher":{"@id":"https:\/\/lifestyle-immo24.de\/es\/#organization"},"potentialAction":[{"@type":"SearchAction","target":{"@type":"EntryPoint","urlTemplate":"https:\/\/lifestyle-immo24.de\/es\/?s={search_term_string}"},"query-input":{"@type":"PropertyValueSpecification","valueRequired":true,"valueName":"search_term_string"}}],"inLanguage":"es"},{"@type":"Organization","@id":"https:\/\/lifestyle-immo24.de\/es\/#organization","name":"Lifestyle-Immo24","url":"https:\/\/lifestyle-immo24.de\/es\/","logo":{"@type":"ImageObject","inLanguage":"es","@id":"https:\/\/lifestyle-immo24.de\/es\/#\/schema\/logo\/image\/","url":"https:\/\/lifestyle-immo24.de\/wp-content\/uploads\/2017\/05\/LOGO-Michael-Heinze-Immo-1.png","contentUrl":"https:\/\/lifestyle-immo24.de\/wp-content\/uploads\/2017\/05\/LOGO-Michael-Heinze-Immo-1.png","width":1559,"height":482,"caption":"Lifestyle-Immo24"},"image":{"@id":"https:\/\/lifestyle-immo24.de\/es\/#\/schema\/logo\/image\/"},"sameAs":["https:\/\/www.facebook.com\/LifeStyleImmo24\/"]}]}},"_links":{"self":[{"href":"https:\/\/lifestyle-immo24.de\/es\/wp-json\/wp\/v2\/pages\/16294","targetHints":{"allow":["GET"]}}],"collection":[{"href":"https:\/\/lifestyle-immo24.de\/es\/wp-json\/wp\/v2\/pages"}],"about":[{"href":"https:\/\/lifestyle-immo24.de\/es\/wp-json\/wp\/v2\/types\/page"}],"author":[{"embeddable":true,"href":"https:\/\/lifestyle-immo24.de\/es\/wp-json\/wp\/v2\/users\/1"}],"replies":[{"embeddable":true,"href":"https:\/\/lifestyle-immo24.de\/es\/wp-json\/wp\/v2\/comments?post=16294"}],"version-history":[{"count":0,"href":"https:\/\/lifestyle-immo24.de\/es\/wp-json\/wp\/v2\/pages\/16294\/revisions"}],"wp:featuredmedia":[{"embeddable":true,"href":"https:\/\/lifestyle-immo24.de\/es\/wp-json\/wp\/v2\/media\/18827"}],"wp:attachment":[{"href":"https:\/\/lifestyle-immo24.de\/es\/wp-json\/wp\/v2\/media?parent=16294"}],"curies":[{"name":"wp","href":"https:\/\/api.w.org\/{rel}","templated":true}]}}