{"id":11587,"date":"2019-03-04T18:07:23","date_gmt":"2019-03-04T17:07:23","guid":{"rendered":"https:\/\/bookify24.com\/?page_id=11587"},"modified":"2019-03-04T18:07:23","modified_gmt":"2019-03-04T17:07:23","slug":"fruehbucher","status":"publish","type":"page","link":"https:\/\/lifestyle-immo24.de\/es\/pauschalreisen\/fruehbucher\/","title":{"rendered":"Fr\u00fchbucher Reiseangebote"},"content":{"rendered":"<p class=\"qtranxs-available-languages-message qtranxs-available-languages-message-es\">Disculpa, pero esta entrada est\u00e1 disponible s\u00f3lo en <a href=\"https:\/\/lifestyle-immo24.de\/de\/wp-json\/wp\/v2\/pages\/11587\" class=\"qtranxs-available-language-link qtranxs-available-language-link-de\" title=\"Deutsch\">Deutsch<\/a>.<\/p>","protected":false},"excerpt":{"rendered":"<p>Disculpa, pero esta entrada est\u00e1 disponible s\u00f3lo en Deutsch.<\/p>\n","protected":false},"author":190,"featured_media":0,"parent":26597,"menu_order":0,"comment_status":"closed","ping_status":"closed","template":"templates\/template-home-modern.php","meta":{"_exactmetrics_skip_tracking":false,"_exactmetrics_sitenote_active":false,"_exactmetrics_sitenote_note":"","_exactmetrics_sitenote_category":0,"footnotes":""},"class_list":["post-11587","page","type-page","status-publish","hentry"],"yoast_head":"<!-- This site is optimized with the Yoast SEO plugin v27.3 - https:\/\/yoast.com\/product\/yoast-seo-wordpress\/ -->\n<title>Pauschalreisen mit Fr\u00fchbucher Rabatt finden<\/title>\n<meta name=\"description\" content=\"Spare bis zu 50% auf den Reisepreis mit einer Fr\u00fchbucher Pauschalreise. Urlaub mit Flug und Hotel zum Schn\u00e4ppchenpreis finden !\" \/>\n<meta name=\"robots\" content=\"index, follow, max-snippet:-1, max-image-preview:large, max-video-preview:-1\" \/>\n<link rel=\"canonical\" href=\"https:\/\/lifestyle-immo24.de\/es\/pauschalreisen\/fruehbucher\/\" \/>\n<meta property=\"og:locale\" content=\"es_ES\" \/>\n<meta property=\"og:type\" content=\"article\" \/>\n<meta property=\"og:title\" content=\"Pauschalreisen mit Fr\u00fchbucher Rabatt finden\" \/>\n<meta property=\"og:description\" content=\"Spare bis zu 50% auf den Reisepreis mit einer Fr\u00fchbucher Pauschalreise. Urlaub mit Flug und Hotel zum Schn\u00e4ppchenpreis finden !\" \/>\n<meta property=\"og:url\" content=\"https:\/\/lifestyle-immo24.de\/es\/pauschalreisen\/fruehbucher\/\" \/>\n<meta property=\"og:site_name\" content=\"Lifestyle Homes\" \/>\n<meta property=\"article:publisher\" content=\"https:\/\/www.facebook.com\/LifeStyleImmo24\/\" \/>\n<meta name=\"twitter:card\" content=\"summary_large_image\" \/>\n<meta name=\"twitter:label1\" content=\"Tiempo de lectura\" \/>\n\t<meta name=\"twitter:data1\" content=\"1 minuto\" \/>\n<script type=\"application\/ld+json\" class=\"yoast-schema-graph\">{\"@context\":\"https:\\\/\\\/schema.org\",\"@graph\":[{\"@type\":\"WebPage\",\"@id\":\"https:\\\/\\\/lifestyle-immo24.de\\\/es\\\/pauschalreisen\\\/fruehbucher\\\/\",\"url\":\"https:\\\/\\\/lifestyle-immo24.de\\\/es\\\/pauschalreisen\\\/fruehbucher\\\/\",\"name\":\"Pauschalreisen mit Fr\u00fchbucher Rabatt finden\",\"isPartOf\":{\"@id\":\"https:\\\/\\\/lifestyle-immo24.de\\\/es\\\/#website\"},\"datePublished\":\"2019-03-04T17:07:23+00:00\",\"description\":\"Spare bis zu 50% auf den Reisepreis mit einer Fr\u00fchbucher Pauschalreise. Urlaub mit Flug und Hotel zum Schn\u00e4ppchenpreis finden !\",\"breadcrumb\":{\"@id\":\"https:\\\/\\\/lifestyle-immo24.de\\\/es\\\/pauschalreisen\\\/fruehbucher\\\/#breadcrumb\"},\"inLanguage\":\"es\",\"potentialAction\":[{\"@type\":\"ReadAction\",\"target\":[[\"https:\\\/\\\/lifestyle-immo24.de\\\/es\\\/pauschalreisen\\\/fruehbucher\\\/\"]]}]},{\"@type\":\"BreadcrumbList\",\"@id\":\"https:\\\/\\\/lifestyle-immo24.de\\\/es\\\/pauschalreisen\\\/fruehbucher\\\/#breadcrumb\",\"itemListElement\":[{\"@type\":\"ListItem\",\"position\":1,\"name\":\"Startseite\",\"item\":\"https:\\\/\\\/lifestyle-immo24.de\\\/es\\\/\"},{\"@type\":\"ListItem\",\"position\":2,\"name\":\"Pauschalreisen\",\"item\":\"https:\\\/\\\/lifestyle-immo24.de\\\/es\\\/pauschalreisen\\\/\"},{\"@type\":\"ListItem\",\"position\":3,\"name\":\"Fr\u00fchbucher Reiseangebote\"}]},{\"@type\":\"WebSite\",\"@id\":\"https:\\\/\\\/lifestyle-immo24.de\\\/es\\\/#website\",\"url\":\"https:\\\/\\\/lifestyle-immo24.de\\\/es\\\/\",\"name\":\"Lifestyle Homes\",\"description\":\"Casas de vacaciones en alquiler o en venta\",\"publisher\":{\"@id\":\"https:\\\/\\\/lifestyle-immo24.de\\\/es\\\/#organization\"},\"potentialAction\":[{\"@type\":\"SearchAction\",\"target\":{\"@type\":\"EntryPoint\",\"urlTemplate\":\"https:\\\/\\\/lifestyle-immo24.de\\\/es\\\/?s={search_term_string}\"},\"query-input\":{\"@type\":\"PropertyValueSpecification\",\"valueRequired\":true,\"valueName\":\"search_term_string\"}}],\"inLanguage\":\"es\"},{\"@type\":\"Organization\",\"@id\":\"https:\\\/\\\/lifestyle-immo24.de\\\/es\\\/#organization\",\"name\":\"Lifestyle-Immo24\",\"url\":\"https:\\\/\\\/lifestyle-immo24.de\\\/es\\\/\",\"logo\":{\"@type\":\"ImageObject\",\"inLanguage\":\"es\",\"@id\":\"https:\\\/\\\/lifestyle-immo24.de\\\/es\\\/#\\\/schema\\\/logo\\\/image\\\/\",\"url\":\"https:\\\/\\\/lifestyle-immo24.de\\\/wp-content\\\/uploads\\\/2017\\\/05\\\/LOGO-Michael-Heinze-Immo-1.png\",\"contentUrl\":\"https:\\\/\\\/lifestyle-immo24.de\\\/wp-content\\\/uploads\\\/2017\\\/05\\\/LOGO-Michael-Heinze-Immo-1.png\",\"width\":1559,\"height\":482,\"caption\":\"Lifestyle-Immo24\"},\"image\":{\"@id\":\"https:\\\/\\\/lifestyle-immo24.de\\\/es\\\/#\\\/schema\\\/logo\\\/image\\\/\"},\"sameAs\":[\"https:\\\/\\\/www.facebook.com\\\/LifeStyleImmo24\\\/\"]}]}<\/script>\n<!-- \/ Yoast SEO plugin. -->","yoast_head_json":{"title":"Pauschalreisen mit Fr\u00fchbucher Rabatt finden","description":"Spare bis zu 50% auf den Reisepreis mit einer Fr\u00fchbucher Pauschalreise. Urlaub mit Flug und Hotel zum Schn\u00e4ppchenpreis finden !","robots":{"index":"index","follow":"follow","max-snippet":"max-snippet:-1","max-image-preview":"max-image-preview:large","max-video-preview":"max-video-preview:-1"},"canonical":"https:\/\/lifestyle-immo24.de\/es\/pauschalreisen\/fruehbucher\/","og_locale":"es_ES","og_type":"article","og_title":"Pauschalreisen mit Fr\u00fchbucher Rabatt finden","og_description":"Spare bis zu 50% auf den Reisepreis mit einer Fr\u00fchbucher Pauschalreise. Urlaub mit Flug und Hotel zum Schn\u00e4ppchenpreis finden !","og_url":"https:\/\/lifestyle-immo24.de\/es\/pauschalreisen\/fruehbucher\/","og_site_name":"Lifestyle Homes","article_publisher":"https:\/\/www.facebook.com\/LifeStyleImmo24\/","twitter_card":"summary_large_image","twitter_misc":{"Tiempo de lectura":"1 minuto"},"schema":{"@context":"https:\/\/schema.org","@graph":[{"@type":"WebPage","@id":"https:\/\/lifestyle-immo24.de\/es\/pauschalreisen\/fruehbucher\/","url":"https:\/\/lifestyle-immo24.de\/es\/pauschalreisen\/fruehbucher\/","name":"Pauschalreisen mit Fr\u00fchbucher Rabatt finden","isPartOf":{"@id":"https:\/\/lifestyle-immo24.de\/es\/#website"},"datePublished":"2019-03-04T17:07:23+00:00","description":"Spare bis zu 50% auf den Reisepreis mit einer Fr\u00fchbucher Pauschalreise. Urlaub mit Flug und Hotel zum Schn\u00e4ppchenpreis finden !","breadcrumb":{"@id":"https:\/\/lifestyle-immo24.de\/es\/pauschalreisen\/fruehbucher\/#breadcrumb"},"inLanguage":"es","potentialAction":[{"@type":"ReadAction","target":[["https:\/\/lifestyle-immo24.de\/es\/pauschalreisen\/fruehbucher\/"]]}]},{"@type":"BreadcrumbList","@id":"https:\/\/lifestyle-immo24.de\/es\/pauschalreisen\/fruehbucher\/#breadcrumb","itemListElement":[{"@type":"ListItem","position":1,"name":"Startseite","item":"https:\/\/lifestyle-immo24.de\/es\/"},{"@type":"ListItem","position":2,"name":"Pauschalreisen","item":"https:\/\/lifestyle-immo24.de\/es\/pauschalreisen\/"},{"@type":"ListItem","position":3,"name":"Fr\u00fchbucher Reiseangebote"}]},{"@type":"WebSite","@id":"https:\/\/lifestyle-immo24.de\/es\/#website","url":"https:\/\/lifestyle-immo24.de\/es\/","name":"Lifestyle Homes","description":"Casas de vacaciones en alquiler o en venta","publisher":{"@id":"https:\/\/lifestyle-immo24.de\/es\/#organization"},"potentialAction":[{"@type":"SearchAction","target":{"@type":"EntryPoint","urlTemplate":"https:\/\/lifestyle-immo24.de\/es\/?s={search_term_string}"},"query-input":{"@type":"PropertyValueSpecification","valueRequired":true,"valueName":"search_term_string"}}],"inLanguage":"es"},{"@type":"Organization","@id":"https:\/\/lifestyle-immo24.de\/es\/#organization","name":"Lifestyle-Immo24","url":"https:\/\/lifestyle-immo24.de\/es\/","logo":{"@type":"ImageObject","inLanguage":"es","@id":"https:\/\/lifestyle-immo24.de\/es\/#\/schema\/logo\/image\/","url":"https:\/\/lifestyle-immo24.de\/wp-content\/uploads\/2017\/05\/LOGO-Michael-Heinze-Immo-1.png","contentUrl":"https:\/\/lifestyle-immo24.de\/wp-content\/uploads\/2017\/05\/LOGO-Michael-Heinze-Immo-1.png","width":1559,"height":482,"caption":"Lifestyle-Immo24"},"image":{"@id":"https:\/\/lifestyle-immo24.de\/es\/#\/schema\/logo\/image\/"},"sameAs":["https:\/\/www.facebook.com\/LifeStyleImmo24\/"]}]}},"_links":{"self":[{"href":"https:\/\/lifestyle-immo24.de\/es\/wp-json\/wp\/v2\/pages\/11587","targetHints":{"allow":["GET"]}}],"collection":[{"href":"https:\/\/lifestyle-immo24.de\/es\/wp-json\/wp\/v2\/pages"}],"about":[{"href":"https:\/\/lifestyle-immo24.de\/es\/wp-json\/wp\/v2\/types\/page"}],"author":[{"embeddable":true,"href":"https:\/\/lifestyle-immo24.de\/es\/wp-json\/wp\/v2\/users\/190"}],"replies":[{"embeddable":true,"href":"https:\/\/lifestyle-immo24.de\/es\/wp-json\/wp\/v2\/comments?post=11587"}],"version-history":[{"count":0,"href":"https:\/\/lifestyle-immo24.de\/es\/wp-json\/wp\/v2\/pages\/11587\/revisions"}],"up":[{"embeddable":true,"href":"https:\/\/lifestyle-immo24.de\/es\/wp-json\/wp\/v2\/pages\/26597"}],"wp:attachment":[{"href":"https:\/\/lifestyle-immo24.de\/es\/wp-json\/wp\/v2\/media?parent=11587"}],"curies":[{"name":"wp","href":"https:\/\/api.w.org\/{rel}","templated":true}]}}