{"id":10338,"date":"2018-01-13T16:25:29","date_gmt":"2018-01-13T14:25:29","guid":{"rendered":"https:\/\/lifestyle-immo24.de\/?page_id=10338"},"modified":"2023-01-18T18:58:31","modified_gmt":"2023-01-18T17:58:31","slug":"booking","status":"publish","type":"page","link":"https:\/\/lifestyle-immo24.de\/es\/viajes-y-vacaciones\/","title":{"rendered":"Viajes y vacaciones"},"content":{"rendered":"<\/p>\n<h2>\u00bfEst\u00e1s buscando ofertas de viajes baratos?<\/h2>\n<h3>\u00c9rase una vez una agencia de viajes: no solo Internet es m\u00e1s transparente hoy en d\u00eda en lo que respecta a los precios, sino que tambi\u00e9n es m\u00e1s r\u00e1pido y c\u00f3modo reservar desde el sof\u00e1.<\/h3>\n<p>Encuentre las vacaciones de sus sue\u00f1os en unos minutos y utilice nuestra cooperaci\u00f3n con los portales de viajes m\u00e1s grandes del mundo. Al reservar, no paga tarifas adicionales y siempre obtiene el mejor precio.<\/p>\n<p>\u00a0<\/p>\n<\/p>\n<figure>\n\t\t\t\t\t\t\t\t\t\t\t<a href=\"https:\/\/lifestyle-immo24.de\/kartensuche-ferienhaus\/\"><br \/>\n\t\t\t\t\t\t\t<img decoding=\"async\" width=\"488\" height=\"326\" src=\"https:\/\/lifestyle-immo24.de\/wp-content\/uploads\/2019\/01\/hotel_porto_bay_liberdade_2048x1293-800x600-488x326.jpg\" alt=\"Homestaging, home staging\" loading=\"lazy\" \/>\t\t\t\t\t\t\t\t<\/a><figcaption>Hoteles<\/figcaption><\/figure>\n<figure>\n\t\t\t\t\t\t\t\t\t\t\t<a href=\"https:\/\/lifestyle-immo24.de\/fluege\/\"><br \/>\n\t\t\t\t\t\t\t<img decoding=\"async\" width=\"488\" height=\"326\" src=\"https:\/\/lifestyle-immo24.de\/wp-content\/uploads\/2020\/11\/travel-safe-488x326.jpg\" alt=\"\" loading=\"lazy\" \/>\t\t\t\t\t\t\t\t<\/a><figcaption>Vuelos<\/figcaption><\/figure>\n<figure>\n\t\t\t\t\t\t\t\t\t\t\t<a href=\"https:\/\/lifestyle-immo24.de\/pauschalreise\/\"><br \/>\n\t\t\t\t\t\t\t<img decoding=\"async\" width=\"488\" height=\"326\" src=\"https:\/\/lifestyle-immo24.de\/wp-content\/uploads\/2020\/11\/better-host-488x326.jpg\" alt=\"\" loading=\"lazy\" \/>\t\t\t\t\t\t\t\t<\/a><figcaption>Vuelos+Hoteles<\/figcaption><\/figure>\n<figure>\n\t\t\t\t\t\t\t\t\t\t\t<a href=\"https:\/\/lifestyle-immo24.de\/mietwagen\/\"><br \/>\n\t\t\t\t\t\t\t<img decoding=\"async\" width=\"488\" height=\"326\" src=\"https:\/\/lifestyle-immo24.de\/wp-content\/uploads\/2019\/05\/2016-Chevrolet-Camaro-Convertible-026-800x600-488x326.jpg\" alt=\"g\u00fcnstige Mietwagen, rental cars\" loading=\"lazy\" \/>\t\t\t\t\t\t\t\t<\/a><figcaption>Coche de alquiler<\/figcaption><\/figure>\n<figure>\n\t\t\t\t\t\t\t\t\t\t\t<a href=\"https:\/\/www.booking.com\/holiday-homes\/index.html?aid=1646509\"><br \/>\n\t\t\t\t\t\t\t<img decoding=\"async\" width=\"488\" height=\"326\" src=\"https:\/\/lifestyle-immo24.de\/wp-content\/uploads\/2019\/07\/Ferienh\u00e4user-D\u00e4nemark-488x326.jpg\" alt=\"Ferienhaus D\u00e4nemark\" loading=\"lazy\" \/>\t\t\t\t\t\t\t\t<\/a><figcaption>Casa de vacaciones<\/figcaption><\/figure>\n<figure>\n\t\t\t\t\t\t\t\t\t\t\t<a href=\"https:\/\/www.booking.com\/apartments\/index.de.html?aid=1646617\"><br \/>\n\t\t\t\t\t\t\t<img decoding=\"async\" width=\"488\" height=\"326\" src=\"https:\/\/lifestyle-immo24.de\/wp-content\/uploads\/2021\/06\/img-04-488x326.jpg\" alt=\"\" loading=\"lazy\" \/>\t\t\t\t\t\t\t\t<\/a><figcaption>Apartamentos<\/figcaption><\/figure>\n<figure>\n\t\t\t\t\t\t\t\t\t\t\t<a href=\"https:\/\/www.booking.com\/resorts\/index.html?aid=1646509%20_blank\"><br \/>\n\t\t\t\t\t\t\t<img decoding=\"async\" width=\"488\" height=\"326\" src=\"https:\/\/lifestyle-immo24.de\/wp-content\/uploads\/2021\/07\/Maledives-488x326.jpg\" alt=\"\" loading=\"lazy\" srcset=\"https:\/\/lifestyle-immo24.de\/wp-content\/uploads\/2021\/07\/Maledives-488x326.jpg 488w, https:\/\/lifestyle-immo24.de\/wp-content\/uploads\/2021\/07\/Maledives-300x200.jpg 300w, https:\/\/lifestyle-immo24.de\/wp-content\/uploads\/2021\/07\/Maledives-1024x681.jpg 1024w, https:\/\/lifestyle-immo24.de\/wp-content\/uploads\/2021\/07\/Maledives-768x511.jpg 768w, https:\/\/lifestyle-immo24.de\/wp-content\/uploads\/2021\/07\/Maledives-1536x1022.jpg 1536w, https:\/\/lifestyle-immo24.de\/wp-content\/uploads\/2021\/07\/Maledives-2048x1362.jpg 2048w, https:\/\/lifestyle-immo24.de\/wp-content\/uploads\/2021\/07\/Maledives-150x100.jpg 150w\" sizes=\"auto, (max-width: 488px) 100vw, 488px\" \/>\t\t\t\t\t\t\t\t<\/a><figcaption>Resorts<\/figcaption><\/figure>\n<figure>\n\t\t\t\t\t\t\t\t\t\t\t<a href=\"https:\/\/www.booking.com\/resorts\/index.html?aid=1646509%20_blank\"><br \/>\n\t\t\t\t\t\t\t<img decoding=\"async\" width=\"488\" height=\"326\" src=\"https:\/\/lifestyle-immo24.de\/wp-content\/uploads\/2021\/06\/img-03-488x326.jpg\" alt=\"\" loading=\"lazy\" \/>\t\t\t\t\t\t\t\t<\/a><figcaption>Villa<\/figcaption><\/figure>\n<figure>\n\t\t\t\t\t\t\t\t\t\t\t<a href=\"https:\/\/www.booking.com\/chalet\/index.de.html?aid=1646617\"><br \/>\n\t\t\t\t\t\t\t<img decoding=\"async\" width=\"488\" height=\"326\" src=\"https:\/\/lifestyle-immo24.de\/wp-content\/uploads\/2021\/07\/Chalet-488x326.jpg\" alt=\"Chalets\" loading=\"lazy\" \/>\t\t\t\t\t\t\t\t<\/a><figcaption>Chalets<\/figcaption><\/figure>\n<h2>Aloje f\u00e1cilmente su lugar y gane con Lifestyle-Homes<\/h2>\n<p>Alojar un lugar nunca ha sido tan f\u00e1cil. Est\u00e1s a solo unos pasos de ganar dinero y llegar a muchos viajeros.<\/p>\n<h3>Convi\u00e9rtete en anfitriona<\/h3>\n<form id=\"rhea-hero-widget-f9932e0-form\"\n                                  method=\"get\"\n                                  action=\"https:\/\/lifestyle-immo24.de\/dashboard\/\"><br \/>\n                                <input type=\"hidden\" name=\"module\" value=\"properties\"><br \/>\n                                <input type=\"hidden\" name=\"submodule\" value=\"submit-property\"><br \/>\n                                            <label for=\"rhea-hero-widget-f9932e0-select-location\"\n                                                  ><br \/>\n\t\t\t\t\t\t\t\t\t\t\t\tLocalizaci\u00f3n                                            <\/label><br \/>\n                                            <select name=\"location\"\n                                                    id=\"rhea-hero-widget-f9932e0-select-location\"\n                                                   ><option value=\"\" selected=\"selected\"><br \/>\n\t\t\t\t\t\t\t\t\t\t\t\t\tElegir la ubicaci\u00f3n                                                <\/option><option value=\"any\" selected=\"selected\">Todo<\/option><option value=\"deutschland\">Deutschland<\/option><option value=\"baden-wuerttemberg\">&#8211; B.- W\u00fcrttemberg<\/option><option value=\"bayern\">&#8211; Bayern<\/option><option value=\"berlin\">&#8211; Berlin<\/option><option value=\"brandenburg\">&#8211; Brandenburg<\/option><option value=\"bremen\">&#8211; Bremen<\/option><option value=\"hamburg\">&#8211; Hamburg<\/option><option value=\"hessen\">&#8211; Hessen<\/option><option value=\"mecklenburg-vorpommern\">&#8211; Meckl. Vorpommern<\/option><option value=\"niedersachsen\">&#8211; Niedersachsen<\/option><option value=\"nordrhein-westfalen\">&#8211; Nordr. Westfalen<\/option><option value=\"rheinland-pfalz\">&#8211; Rheinland Pfalz<\/option><option value=\"sachsen\">&#8211; Sachsen<\/option><option value=\"sachsen-anhalt\">&#8211; Sachsen Anhalt<\/option><option value=\"schleswig-holstein\">&#8211; Schleswig-Holstein<\/option><option value=\"oeversee\">&#8211; &#8211; \u00d6versee<\/option><option value=\"thueringen\">&#8211; Th\u00fcringen<\/option><option value=\"portugal\">Italien<\/option><option value=\"schweiz\">Schweiz<\/option><option value=\"es\">Spanien<\/option><option value=\"alicante\">&#8211; Costa Blanca<\/option><option value=\"alfaz-del-pi-lalfas-del-pi\">&#8211; &#8211; Alfaz del Pi \/ l&#039;Alf\u00e0s del Pi<\/option><option value=\"alfaz-centro\">&#8211; &#8211; &#8211; Alfaz Centro<\/option><option value=\"foia-blanca\">&#8211; &#8211; &#8211; foia blanca<\/option><option value=\"urb-belmonte\">&#8211; &#8211; &#8211; Urb. Belmonte<\/option><option value=\"alicante-es\">&#8211; &#8211; Alicante<\/option><option value=\"altea\">&#8211; &#8211; Altea<\/option><option value=\"altea-hills\">&#8211; &#8211; &#8211; Altea Hills<\/option><option value=\"altea-la-vella\">&#8211; &#8211; &#8211; Altea la Vella<\/option><option value=\"la-galera-del-mar\">&#8211; &#8211; &#8211; La Galera del Mar<\/option><option value=\"benidorm\">&#8211; &#8211; Benidorm<\/option><option value=\"benissa\">&#8211; &#8211; Benissa<\/option><option value=\"bolulla-alicante\">&#8211; &#8211; Bolulla<\/option><option value=\"callosa-den-sarria\">&#8211; &#8211; Callosa<\/option><option value=\"calpe-calp\">&#8211; &#8211; Calpe<\/option><option value=\"calp\">&#8211; &#8211; &#8211; Calp<\/option><option value=\"denia\">&#8211; &#8211; Denia<\/option><option value=\"el-albir\">&#8211; &#8211; El Albir<\/option><option value=\"el-albir-lalbir\">&#8211; &#8211; El Albir \/ L&#039;Albir<\/option><option value=\"el-campello\">&#8211; &#8211; El Campello<\/option><option value=\"finestrat\">&#8211; &#8211; Finestrat<\/option><option value=\"javea\">&#8211; &#8211; J\u00e1vea<\/option><option value=\"lalfas-del-pi\">&#8211; &#8211; l&#039;Alf\u00e0s del Pi<\/option><option value=\"la-nucia\">&#8211; &#8211; La Nuc\u00eda<\/option><option value=\"moraira\">&#8211; &#8211; Moraira<\/option><option value=\"el-portet\">&#8211; &#8211; &#8211; el portet<\/option><option value=\"parcent\">&#8211; &#8211; Parcent<\/option><option value=\"polop-alicante\">&#8211; &#8211; Polop<\/option><option value=\"polop-de-la-marina\">&#8211; &#8211; Polop de la Marina<\/option><option value=\"polop-de-marina\">&#8211; &#8211; Polop de Marina<\/option><option value=\"sella\">&#8211; &#8211; Sella<\/option><option value=\"valencia\">&#8211; &#8211; Valencia<\/option><option value=\"mallorca\">&#8211; Mallorca<\/option><option value=\"usa\">USA<\/option><option value=\"chicago\">&#8211; Chicago<\/option><option value=\"los-angeles\">&#8211; Los Angeles<\/option><option value=\"miami\">&#8211; Miami<\/option><option value=\"new-york\">&#8211; New York<\/option><option value=\"orlando\">&#8211; Orlando<\/option><option value=\"san-francisco\">&#8211; San Francisco<\/option><\/select><br \/>\n                                            <label for=\"rhea-hero-widget-f9932e0-select-type\"\n                                                  ><br \/>\n\t\t\t\t\t\t\t\t\t\t\t\tTipo                                            <\/label><br \/>\n                                            <select name=\"type\" id=\"rhea-hero-widget-f9932e0-select-type\"\n                                                   ><option value=\"\" selected=\"selected\">Seleccione tipo<\/option><option value=\"232\">Grundst\u00fcck<\/option><option value=\"370\">Haus<\/option><option value=\"203\">&#8211; Einfamilienhaus<\/option><option value=\"374\">&#8211; Ferienhaus<\/option><option value=\"375\">&#8211; Landhaus<\/option><option value=\"166\">&#8211; Mehrfamilienhaus<\/option><option value=\"797\">&#8211; Neubau<\/option><option value=\"378\">&#8211; Reihenhaus<\/option><option value=\"193\">&#8211; Stadt\/Townhaus<\/option><option value=\"811\">&#8211; Triplex<\/option><option value=\"198\">&#8211; Villa<\/option><option value=\"75\">Wohnung<\/option><option value=\"840\">&#8211; Apartment<\/option><option value=\"841\">&#8211; Bungalow<\/option><option value=\"800\">&#8211; Ferienwohnung<\/option><option value=\"157\">&#8211; Loft<\/option><option value=\"58\">&#8211; Penthaus<\/option><option value=\"862\">&#8211; Studio Apartment<\/option><option value=\"123\">XGesch\u00e4ftslokale<\/option><option value=\"124\">&#8211; B\u00fcro<\/option><option value=\"125\">&#8211; Ladengesch\u00e4ft<\/option><option value=\"97\">&#8211; Restaurant<\/option><option value=\"434\">&#8211; Wohngeb\u00e4ude<\/option><option value=\"798\">Zwangsversteigerung<\/option><\/select><br \/>\n                                            <label for=\"rhea-hero-widget-f9932e0-guests-capacity\"\n                                                  ><br \/>\n\t\t\t\t\t\t\t\t\t\t\t\tMax Invitados                                            <\/label><br \/>\n                                            <input id=\"rhea-hero-widget-f9932e0-guests-capacity\"\n                                                   type=\"text\" name=\"rvr_guests_capacity\"\n                                                   placeholder=\"N\u00famero de invitados\"\n                                                   autocomplete=\"off\"><br \/>\n                                    <!-- .rhea-hero-widget-form-fields --><br \/>\n\t\t\t\t\t\t\t\t\t\t                                        <input type=\"submit\" value=\"Enviar\"\n                                              ><br \/>\n                                <!-- .rhea-hero-widget-form-fields-wrapper --><br \/>\n                            <\/form>\n<p><!-- .rhea-hero-widget-form --><br \/>\n                        <!-- .rhea-hero-widget-form-wrapper --><br \/>\n\t\t\t\t\t\t\t\t\t<img width=\"150\" height=\"150\" src=\"https:\/\/lifestyle-immo24.de\/wp-content\/uploads\/2020\/01\/olivia-ryan-150x150.jpg\" alt=\"Olivia Ryan\" decoding=\"async\" loading=\"lazy\" srcset=\"https:\/\/lifestyle-immo24.de\/wp-content\/uploads\/2020\/01\/olivia-ryan-150x150.jpg 150w, https:\/\/lifestyle-immo24.de\/wp-content\/uploads\/2020\/01\/olivia-ryan-300x300.jpg 300w, https:\/\/lifestyle-immo24.de\/wp-content\/uploads\/2020\/01\/olivia-ryan-210x210.jpg 210w, https:\/\/lifestyle-immo24.de\/wp-content\/uploads\/2020\/01\/olivia-ryan.jpg 600w\" sizes=\"auto, (max-width: 150px) 100vw, 150px\" \/>                                <\/p>\n<blockquote><p>Lifestyle-Homes me ha permitido crear mi propio trabajo hospedando mi lugar y obteniendo ingresos por alquiler<cite\n                                       > &#8211; Charlotte<\/cite>                            <\/p><\/blockquote>\n<p>                        <!-- .rhea-hero-widget-testimonial-wrapper --><br \/>\n\t\t\t\t\t                <!-- .rhea-hero-widget-col-left --><br \/>\n\t\t\t\t\t\t\t<img width=\"600\" height=\"720\" src=\"https:\/\/lifestyle-immo24.de\/wp-content\/uploads\/2020\/11\/studio-apartment-04-600x720.jpg\" alt=\"\" decoding=\"async\" loading=\"lazy\" \/><br \/>\n                    <!-- .rhea-hero-widget-col-right --><br \/>\n\t\t\t\t            <!-- .rhea-hero-widget-inner-wrapper --><br \/>\n        <!-- .rhea-hero-widget-wrapper --><\/p>\n","protected":false},"excerpt":{"rendered":"<p>\u00bfEst\u00e1s buscando ofertas de viajes baratos? \u00c9rase una vez una agencia de viajes: no solo Internet es m\u00e1s transparente hoy en d\u00eda en lo que respecta a los precios, sino que tambi\u00e9n es m\u00e1s r\u00e1pido y c\u00f3modo reservar desde el sof\u00e1. Encuentre las vacaciones de sus sue\u00f1os en unos minutos y utilice nuestra cooperaci\u00f3n con&#8230;<\/p>\n","protected":false},"author":1,"featured_media":20577,"parent":0,"menu_order":0,"comment_status":"closed","ping_status":"closed","template":"templates\/full-width.php","meta":{"_exactmetrics_skip_tracking":false,"_exactmetrics_sitenote_active":false,"_exactmetrics_sitenote_note":"","_exactmetrics_sitenote_category":0,"footnotes":""},"class_list":["post-10338","page","type-page","status-publish","has-post-thumbnail","hentry"],"yoast_head":"<!-- This site is optimized with the Yoast SEO plugin v27.4 - https:\/\/yoast.com\/product\/yoast-seo-wordpress\/ -->\n<title>Reiseangebote vergleichen - Fl\u00fcge, Hotels, Mietwagen...<\/title>\n<meta name=\"description\" content=\"G\u00fcnstige Reiseangebote vergleichen und finden. Die beste Reise zum besten Preis finden und direkt buchen. So einfach kann Urlaub sein.\" \/>\n<meta name=\"robots\" content=\"index, follow, max-snippet:-1, max-image-preview:large, max-video-preview:-1\" \/>\n<link rel=\"canonical\" href=\"https:\/\/lifestyle-immo24.de\/es\/reisen-urlaub\/\" \/>\n<meta property=\"og:locale\" content=\"es_ES\" \/>\n<meta property=\"og:type\" content=\"article\" \/>\n<meta property=\"og:title\" content=\"Reiseangebote vergleichen - Fl\u00fcge, Hotels, Mietwagen...\" \/>\n<meta property=\"og:description\" content=\"G\u00fcnstige Reiseangebote vergleichen und finden. Die beste Reise zum besten Preis finden und direkt buchen. So einfach kann Urlaub sein.\" \/>\n<meta property=\"og:url\" content=\"https:\/\/lifestyle-immo24.de\/es\/reisen-urlaub\/\" \/>\n<meta property=\"og:site_name\" content=\"Lifestyle Homes\" \/>\n<meta property=\"article:publisher\" content=\"https:\/\/www.facebook.com\/LifeStyleImmo24\/\" \/>\n<meta property=\"article:modified_time\" content=\"2023-01-18T17:58:31+00:00\" \/>\n<meta property=\"og:image\" content=\"https:\/\/lifestyle-immo24.de\/wp-content\/uploads\/2021\/06\/img-04.jpg\" \/>\n\t<meta property=\"og:image:width\" content=\"1885\" \/>\n\t<meta property=\"og:image:height\" content=\"1060\" \/>\n\t<meta property=\"og:image:type\" content=\"image\/jpeg\" \/>\n<meta name=\"twitter:card\" content=\"summary_large_image\" \/>\n<meta name=\"twitter:label1\" content=\"Tiempo de lectura\" \/>\n\t<meta name=\"twitter:data1\" content=\"5 minutos\" \/>\n<script type=\"application\/ld+json\" class=\"yoast-schema-graph\">{\"@context\":\"https:\\\/\\\/schema.org\",\"@graph\":[{\"@type\":\"WebPage\",\"@id\":\"https:\\\/\\\/lifestyle-immo24.de\\\/es\\\/reisen-urlaub\\\/\",\"url\":\"https:\\\/\\\/lifestyle-immo24.de\\\/es\\\/reisen-urlaub\\\/\",\"name\":\"Reiseangebote vergleichen - Fl\u00fcge, Hotels, Mietwagen...\",\"isPartOf\":{\"@id\":\"https:\\\/\\\/lifestyle-immo24.de\\\/es\\\/#website\"},\"primaryImageOfPage\":{\"@id\":\"https:\\\/\\\/lifestyle-immo24.de\\\/es\\\/reisen-urlaub\\\/#primaryimage\"},\"image\":{\"@id\":\"https:\\\/\\\/lifestyle-immo24.de\\\/reisen-urlaub\\\/#primaryimage\"},\"thumbnailUrl\":\"https:\\\/\\\/lifestyle-immo24.de\\\/wp-content\\\/uploads\\\/2021\\\/06\\\/img-04.jpg\",\"datePublished\":\"2018-01-13T14:25:29+00:00\",\"dateModified\":\"2023-01-18T17:58:31+00:00\",\"description\":\"G\u00fcnstige Reiseangebote vergleichen und finden. Die beste Reise zum besten Preis finden und direkt buchen. So einfach kann Urlaub sein.\",\"breadcrumb\":{\"@id\":\"https:\\\/\\\/lifestyle-immo24.de\\\/es\\\/reisen-urlaub\\\/#breadcrumb\"},\"inLanguage\":\"es\",\"potentialAction\":[{\"@type\":\"ReadAction\",\"target\":[[\"https:\\\/\\\/lifestyle-immo24.de\\\/es\\\/reisen-urlaub\\\/\"]]}]},{\"@type\":\"ImageObject\",\"inLanguage\":\"es\",\"@id\":\"https:\\\/\\\/lifestyle-immo24.de\\\/es\\\/reisen-urlaub\\\/#primaryimage\",\"url\":\"https:\\\/\\\/lifestyle-immo24.de\\\/wp-content\\\/uploads\\\/2021\\\/06\\\/img-04.jpg\",\"contentUrl\":\"https:\\\/\\\/lifestyle-immo24.de\\\/wp-content\\\/uploads\\\/2021\\\/06\\\/img-04.jpg\",\"width\":1885,\"height\":1060},{\"@type\":\"BreadcrumbList\",\"@id\":\"https:\\\/\\\/lifestyle-immo24.de\\\/es\\\/reisen-urlaub\\\/#breadcrumb\",\"itemListElement\":[{\"@type\":\"ListItem\",\"position\":1,\"name\":\"Startseite\",\"item\":\"https:\\\/\\\/lifestyle-immo24.de\\\/es\\\/\"},{\"@type\":\"ListItem\",\"position\":2,\"name\":\"Reisen &#038; Urlaub\"}]},{\"@type\":\"WebSite\",\"@id\":\"https:\\\/\\\/lifestyle-immo24.de\\\/es\\\/#website\",\"url\":\"https:\\\/\\\/lifestyle-immo24.de\\\/es\\\/\",\"name\":\"Lifestyle Homes\",\"description\":\"Casas de vacaciones en alquiler o en venta\",\"publisher\":{\"@id\":\"https:\\\/\\\/lifestyle-immo24.de\\\/es\\\/#organization\"},\"potentialAction\":[{\"@type\":\"SearchAction\",\"target\":{\"@type\":\"EntryPoint\",\"urlTemplate\":\"https:\\\/\\\/lifestyle-immo24.de\\\/es\\\/?s={search_term_string}\"},\"query-input\":{\"@type\":\"PropertyValueSpecification\",\"valueRequired\":true,\"valueName\":\"search_term_string\"}}],\"inLanguage\":\"es\"},{\"@type\":\"Organization\",\"@id\":\"https:\\\/\\\/lifestyle-immo24.de\\\/es\\\/#organization\",\"name\":\"Lifestyle-Immo24\",\"url\":\"https:\\\/\\\/lifestyle-immo24.de\\\/es\\\/\",\"logo\":{\"@type\":\"ImageObject\",\"inLanguage\":\"es\",\"@id\":\"https:\\\/\\\/lifestyle-immo24.de\\\/es\\\/#\\\/schema\\\/logo\\\/image\\\/\",\"url\":\"https:\\\/\\\/lifestyle-immo24.de\\\/wp-content\\\/uploads\\\/2017\\\/05\\\/LOGO-Michael-Heinze-Immo-1.png\",\"contentUrl\":\"https:\\\/\\\/lifestyle-immo24.de\\\/wp-content\\\/uploads\\\/2017\\\/05\\\/LOGO-Michael-Heinze-Immo-1.png\",\"width\":1559,\"height\":482,\"caption\":\"Lifestyle-Immo24\"},\"image\":{\"@id\":\"https:\\\/\\\/lifestyle-immo24.de\\\/es\\\/#\\\/schema\\\/logo\\\/image\\\/\"},\"sameAs\":[\"https:\\\/\\\/www.facebook.com\\\/LifeStyleImmo24\\\/\"]}]}<\/script>\n<!-- \/ Yoast SEO plugin. -->","yoast_head_json":{"title":"Reiseangebote vergleichen - Fl\u00fcge, Hotels, Mietwagen...","description":"G\u00fcnstige Reiseangebote vergleichen und finden. Die beste Reise zum besten Preis finden und direkt buchen. So einfach kann Urlaub sein.","robots":{"index":"index","follow":"follow","max-snippet":"max-snippet:-1","max-image-preview":"max-image-preview:large","max-video-preview":"max-video-preview:-1"},"canonical":"https:\/\/lifestyle-immo24.de\/es\/reisen-urlaub\/","og_locale":"es_ES","og_type":"article","og_title":"Reiseangebote vergleichen - Fl\u00fcge, Hotels, Mietwagen...","og_description":"G\u00fcnstige Reiseangebote vergleichen und finden. Die beste Reise zum besten Preis finden und direkt buchen. So einfach kann Urlaub sein.","og_url":"https:\/\/lifestyle-immo24.de\/es\/reisen-urlaub\/","og_site_name":"Lifestyle Homes","article_publisher":"https:\/\/www.facebook.com\/LifeStyleImmo24\/","article_modified_time":"2023-01-18T17:58:31+00:00","og_image":[{"width":1885,"height":1060,"url":"https:\/\/lifestyle-immo24.de\/wp-content\/uploads\/2021\/06\/img-04.jpg","type":"image\/jpeg"}],"twitter_card":"summary_large_image","twitter_misc":{"Tiempo de lectura":"5 minutos"},"schema":{"@context":"https:\/\/schema.org","@graph":[{"@type":"WebPage","@id":"https:\/\/lifestyle-immo24.de\/es\/reisen-urlaub\/","url":"https:\/\/lifestyle-immo24.de\/es\/reisen-urlaub\/","name":"Reiseangebote vergleichen - Fl\u00fcge, Hotels, Mietwagen...","isPartOf":{"@id":"https:\/\/lifestyle-immo24.de\/es\/#website"},"primaryImageOfPage":{"@id":"https:\/\/lifestyle-immo24.de\/es\/reisen-urlaub\/#primaryimage"},"image":{"@id":"https:\/\/lifestyle-immo24.de\/reisen-urlaub\/#primaryimage"},"thumbnailUrl":"https:\/\/lifestyle-immo24.de\/wp-content\/uploads\/2021\/06\/img-04.jpg","datePublished":"2018-01-13T14:25:29+00:00","dateModified":"2023-01-18T17:58:31+00:00","description":"G\u00fcnstige Reiseangebote vergleichen und finden. Die beste Reise zum besten Preis finden und direkt buchen. So einfach kann Urlaub sein.","breadcrumb":{"@id":"https:\/\/lifestyle-immo24.de\/es\/reisen-urlaub\/#breadcrumb"},"inLanguage":"es","potentialAction":[{"@type":"ReadAction","target":[["https:\/\/lifestyle-immo24.de\/es\/reisen-urlaub\/"]]}]},{"@type":"ImageObject","inLanguage":"es","@id":"https:\/\/lifestyle-immo24.de\/es\/reisen-urlaub\/#primaryimage","url":"https:\/\/lifestyle-immo24.de\/wp-content\/uploads\/2021\/06\/img-04.jpg","contentUrl":"https:\/\/lifestyle-immo24.de\/wp-content\/uploads\/2021\/06\/img-04.jpg","width":1885,"height":1060},{"@type":"BreadcrumbList","@id":"https:\/\/lifestyle-immo24.de\/es\/reisen-urlaub\/#breadcrumb","itemListElement":[{"@type":"ListItem","position":1,"name":"Startseite","item":"https:\/\/lifestyle-immo24.de\/es\/"},{"@type":"ListItem","position":2,"name":"Reisen &#038; Urlaub"}]},{"@type":"WebSite","@id":"https:\/\/lifestyle-immo24.de\/es\/#website","url":"https:\/\/lifestyle-immo24.de\/es\/","name":"Lifestyle Homes","description":"Casas de vacaciones en alquiler o en venta","publisher":{"@id":"https:\/\/lifestyle-immo24.de\/es\/#organization"},"potentialAction":[{"@type":"SearchAction","target":{"@type":"EntryPoint","urlTemplate":"https:\/\/lifestyle-immo24.de\/es\/?s={search_term_string}"},"query-input":{"@type":"PropertyValueSpecification","valueRequired":true,"valueName":"search_term_string"}}],"inLanguage":"es"},{"@type":"Organization","@id":"https:\/\/lifestyle-immo24.de\/es\/#organization","name":"Lifestyle-Immo24","url":"https:\/\/lifestyle-immo24.de\/es\/","logo":{"@type":"ImageObject","inLanguage":"es","@id":"https:\/\/lifestyle-immo24.de\/es\/#\/schema\/logo\/image\/","url":"https:\/\/lifestyle-immo24.de\/wp-content\/uploads\/2017\/05\/LOGO-Michael-Heinze-Immo-1.png","contentUrl":"https:\/\/lifestyle-immo24.de\/wp-content\/uploads\/2017\/05\/LOGO-Michael-Heinze-Immo-1.png","width":1559,"height":482,"caption":"Lifestyle-Immo24"},"image":{"@id":"https:\/\/lifestyle-immo24.de\/es\/#\/schema\/logo\/image\/"},"sameAs":["https:\/\/www.facebook.com\/LifeStyleImmo24\/"]}]}},"_links":{"self":[{"href":"https:\/\/lifestyle-immo24.de\/es\/wp-json\/wp\/v2\/pages\/10338","targetHints":{"allow":["GET"]}}],"collection":[{"href":"https:\/\/lifestyle-immo24.de\/es\/wp-json\/wp\/v2\/pages"}],"about":[{"href":"https:\/\/lifestyle-immo24.de\/es\/wp-json\/wp\/v2\/types\/page"}],"author":[{"embeddable":true,"href":"https:\/\/lifestyle-immo24.de\/es\/wp-json\/wp\/v2\/users\/1"}],"replies":[{"embeddable":true,"href":"https:\/\/lifestyle-immo24.de\/es\/wp-json\/wp\/v2\/comments?post=10338"}],"version-history":[{"count":0,"href":"https:\/\/lifestyle-immo24.de\/es\/wp-json\/wp\/v2\/pages\/10338\/revisions"}],"wp:featuredmedia":[{"embeddable":true,"href":"https:\/\/lifestyle-immo24.de\/es\/wp-json\/wp\/v2\/media\/20577"}],"wp:attachment":[{"href":"https:\/\/lifestyle-immo24.de\/es\/wp-json\/wp\/v2\/media?parent=10338"}],"curies":[{"name":"wp","href":"https:\/\/api.w.org\/{rel}","templated":true}]}}