{"id":26615,"date":"2022-11-28T23:57:49","date_gmt":"2022-11-28T22:57:49","guid":{"rendered":"https:\/\/bookify24.com\/?page_id=8097"},"modified":"2022-11-28T23:57:49","modified_gmt":"2022-11-28T22:57:49","slug":"flights","status":"publish","type":"page","link":"https:\/\/lifestyle-immo24.de\/en\/flights\/","title":{"rendered":"Flights"},"content":{"rendered":"<p>[vc_column][\/vc_column][vc_row full_width=&#8221;stretch_row&#8221; row_fullwidth=&#8221;yes&#8221; css=&#8221;.vc_custom_1684170110799{background-image: url(https:\/\/bookify24.com\/wp-content\/uploads\/2019\/08\/themen_mitflug.jpg?id=21473) !important;background-position: center !important;background-repeat: no-repeat !important;background-size: cover !important;}&#8221;][vc_column css=&#8221;.vc_custom_1672761125686{margin-top: 50px !important;margin-bottom: 100px !important;}&#8221; offset=&#8221;vc_hidden-lg vc_hidden-md vc_hidden-sm&#8221;][vc_column_text css=&#8221;.vc_custom_1672761251806{margin-bottom: 50px !important;padding-top: 10px !important;padding-bottom: 30px !important;background-color: rgba(255,255,255,0.85) !important;*background-color: rgb(255,255,255) !important;border-radius: 5px !important;}&#8221;]<\/p>\n<h1 style=\"text-align: center;\"><span style=\"color: #073590; font-family: verdana, geneva, sans-serif; font-size: 24pt;\"><strong>The best Flight for the best Price<\/strong><\/span><\/h1>\n<p style=\"text-align: center;\"><span style=\"color: #073590; font-family: Verdana, Arial, Helvetica, sans-serif; font-size: 10pt;\"><strong>Find cheap flights with airfare comparison<\/strong><\/span><\/p>\n<p>[\/vc_column_text][vc_raw_html css=&#8221;.vc_custom_1608651902144{padding-bottom: 15px !important;}&#8221;]JTNDc2NyaXB0JTIwY2hhcnNldCUzRCUyMnV0Zi04JTIyJTIwc3JjJTNEJTIyJTJGJTJGd3d3LnRyYXZlbHBheW91dHMuY29tJTJGd2lkZ2V0cyUyRjBjNDcyNjAwNmI0YmZiNzllOTM5NDRlYTJiMGQwYjAwLmpzJTNGdiUzRDIxMTAlMjIlMjBhc3luYyUzRSUzQyUyRnNjcmlwdCUzRQ==[\/vc_raw_html][vc_single_image source=&#8221;external_link&#8221; alignment=&#8221;center&#8221; onclick=&#8221;custom_link&#8221; custom_src=&#8221;https:\/\/www.awin1.com\/cshow.php?s=2445995&amp;v=13681&amp;q=368997&amp;r=427991&#8243; link=&#8221;https:\/\/www.awin1.com\/cread.php?s=2445995&amp;v=13681&amp;q=368997&amp;r=427991&#8243; css=&#8221;.vc_custom_1672761682889{border-top-width: 2px !important;border-right-width: 2px !important;border-bottom-width: 2px !important;border-left-width: 2px !important;padding-top: 7px !important;padding-bottom: 8px !important;background-color: #ffffff !important;border-left-color: #e0e0e0 !important;border-right-color: #e0e0e0 !important;border-top-color: #e0e0e0 !important;border-bottom-color: #e0e0e0 !important;border-radius: 5px !important;}&#8221;][\/vc_column][\/vc_row][vc_row full_width=&#8221;stretch_row&#8221; row_fullwidth=&#8221;yes&#8221; css=&#8221;.vc_custom_1684170365521{background-image: url(https:\/\/bookify24.com\/wp-content\/uploads\/2019\/08\/themen_mitflug.jpg?id=21473) !important;background-position: center !important;background-repeat: no-repeat !important;background-size: cover !important;}&#8221;][vc_column css=&#8221;.vc_custom_1672761114491{margin-top: 50px !important;margin-bottom: 100px !important;}&#8221; offset=&#8221;vc_hidden-xs&#8221;][vc_column_text css=&#8221;.vc_custom_1672757959666{margin-bottom: 50px !important;padding-top: 10px !important;padding-bottom: 30px !important;background-color: rgba(255,255,255,0.85) !important;*background-color: rgb(255,255,255) !important;border-radius: 5px !important;}&#8221;]<\/p>\n<h1 style=\"text-align: center;\"><span style=\"color: #073590; font-family: verdana, geneva, sans-serif; font-size: 36pt;\"><strong>The best Flight for the best Price<\/strong><\/span><\/h1>\n<p style=\"text-align: center;\"><span style=\"color: #073590; font: bold 22px \/ 26px Verdana, Arial, Helvetica, sans-serif;\"><strong>Find cheap flights with airfare comparison<\/strong><\/span><\/p>\n<p>[\/vc_column_text][vc_raw_html css=&#8221;.vc_custom_1608651902144{padding-bottom: 15px !important;}&#8221;]JTNDc2NyaXB0JTIwY2hhcnNldCUzRCUyMnV0Zi04JTIyJTIwc3JjJTNEJTIyJTJGJTJGd3d3LnRyYXZlbHBheW91dHMuY29tJTJGd2lkZ2V0cyUyRjBjNDcyNjAwNmI0YmZiNzllOTM5NDRlYTJiMGQwYjAwLmpzJTNGdiUzRDIxMTAlMjIlMjBhc3luYyUzRSUzQyUyRnNjcmlwdCUzRQ==[\/vc_raw_html][vc_row_inner css=&#8221;.vc_custom_1663260780895{margin-top: 20px !important;margin-bottom: 20px !important;}&#8221;][vc_column_inner width=&#8221;1\/6&#8243; css=&#8221;.vc_custom_1663258773827{padding-bottom: 5px !important;}&#8221; offset=&#8221;vc_col-xs-6&#8243;][\/vc_column_inner][vc_column_inner width=&#8221;2\/3&#8243; css=&#8221;.vc_custom_1663259057225{padding-bottom: 10px !important;}&#8221; offset=&#8221;vc_hidden-xs&#8221;][vc_single_image source=&#8221;external_link&#8221; alignment=&#8221;center&#8221; onclick=&#8221;custom_link&#8221; custom_src=&#8221;https:\/\/www.awin1.com\/cshow.php?s=2445995&amp;v=13681&amp;q=368997&amp;r=427991&#8243; link=&#8221;https:\/\/www.awin1.com\/cread.php?s=2445995&amp;v=13681&amp;q=368997&amp;r=427991&#8243; css=&#8221;.vc_custom_1672761630433{border-top-width: 2px !important;border-right-width: 2px !important;border-bottom-width: 2px !important;border-left-width: 2px !important;padding-top: 7px !important;padding-bottom: 8px !important;background-color: #ffffff !important;border-left-color: #e0e0e0 !important;border-right-color: #e0e0e0 !important;border-top-color: #e0e0e0 !important;border-bottom-color: #e0e0e0 !important;border-radius: 10px !important;}&#8221;][\/vc_column_inner][vc_column_inner width=&#8221;1\/6&#8243; offset=&#8221;vc_col-xs-6&#8243;][\/vc_column_inner][\/vc_row_inner][\/vc_column][\/vc_row][vc_row][vc_column][vc_column_text css=&#8221;.vc_custom_1672758347511{margin-bottom: 20px !important;}&#8221;]<\/p>\n<h2 style=\"text-align: left;\"><span style=\"font: bold 26px \/ 30px Verdana, Arial, Helvetica, sans-serif; color: #073590;\"><strong>Low Fare Calendar<\/strong><\/span><\/h2>\n<p><span style=\"font-size: 8pt;\">Find the best day for your flight!<\/span>[\/vc_column_text][vc_raw_js]JTNDc2NyaXB0JTIwY2hhcnNldCUzRCUyMnV0Zi04JTIyJTIwc3JjJTNEJTIyJTJGJTJGd3d3LnRyYXZlbHBheW91dHMuY29tJTJGY2FsZW5kYXJfd2lkZ2V0JTJGaWZyYW1lLmpzJTNGbWFya2VyJTNEMTk0Njk3LiUyNm9yaWdpbiUzREhBTSUyNmRlc3RpbmF0aW9uJTNEQktLJTI2Y3VycmVuY3klM0RldXIlMjZzZWFyY2hVcmwlM0RzZWFyY2guYm9va2lmeTI0LmNvbSUyNTJGZmxpZ2h0cyUyNm9uZV93YXklM0RmYWxzZSUyNm9ubHlfZGlyZWN0JTNEZmFsc2UlMjZsb2NhbGUlM0RlbiUyNnBlcmlvZCUzRHllYXIlMjZyYW5nZSUzRDclMjUyQzE0JTI2cG93ZXJlZF9ieSUzRHRydWUlMjIlMjBhc3luYyUzRSUzQyUyRnNjcmlwdCUzRQ==[\/vc_raw_js][vc_column_text]<span style=\"font-size: 8pt;\">* The displayed fares are based on previous searches and are sometimes out of date. Significant are the fares on the respective provider side.<\/span>[\/vc_column_text][\/vc_column][\/vc_row][vc_row][vc_column][vc_column_text css=&#8221;.vc_custom_1672758423575{margin-bottom: 20px !important;}&#8221;]<\/p>\n<h2 style=\"text-align: left;\"><span style=\"font: bold 26px \/ 30px Verdana, Arial, Helvetica, sans-serif; color: #073590;\"><strong>City Trips<\/strong><\/span><\/h2>\n<p style=\"text-align: left;\"><strong>Popular city flights<\/strong><\/p>\n<p>[\/vc_column_text][vc_row_inner][vc_column_inner width=&#8221;1\/3&#8243;][vc_raw_html]JTNDc2NyaXB0JTIwc3JjJTNEJTIyaHR0cHMlM0ElMkYlMkZ3d3cudHJhdmVscGF5b3V0cy5jb20lMkZ3ZWVkbGUlMkZ3aWRnZXQuanMlM0Z2JTNEMSUyNm1hcmtlciUzRDE5NDY5NyUyNmhvc3QlM0RmbGlnaHRzLmJvb2tpZnkyNC5jb20lMjUyRmZsaWdodHMlMjZsb2NhbGUlM0RlbiUyNmN1cnJlbmN5JTNEZXVyJTI2cG93ZXJlZF9ieSUzRGZhbHNlJTI2ZGVzdGluYXRpb24lM0RNTEUlMjIlMjBjaGFyc2V0JTNEJTIydXRmLTglMjIlM0UlM0MlMkZzY3JpcHQlM0U=[\/vc_raw_html][\/vc_column_inner][vc_column_inner width=&#8221;1\/3&#8243;][vc_raw_html]JTNDc2NyaXB0JTIwc3JjJTNEJTIyaHR0cHMlM0ElMkYlMkZ3d3cudHJhdmVscGF5b3V0cy5jb20lMkZ3ZWVkbGUlMkZ3aWRnZXQuanMlM0Z2JTNEMSUyNm1hcmtlciUzRDE5NDY5NyUyNmhvc3QlM0RmbGlnaHRzLmJvb2tpZnkyNC5jb20lMjUyRmZsaWdodHMlMjZsb2NhbGUlM0RlbiUyNmN1cnJlbmN5JTNEZXVyJTI2cG93ZXJlZF9ieSUzRGZhbHNlJTI2ZGVzdGluYXRpb24lM0RCQ04lMjIlMjBjaGFyc2V0JTNEJTIydXRmLTglMjIlM0UlM0MlMkZzY3JpcHQlM0U=[\/vc_raw_html][\/vc_column_inner][vc_column_inner width=&#8221;1\/3&#8243;][vc_raw_html]JTNDc2NyaXB0JTIwc3JjJTNEJTIyaHR0cHMlM0ElMkYlMkZ3d3cudHJhdmVscGF5b3V0cy5jb20lMkZ3ZWVkbGUlMkZ3aWRnZXQuanMlM0Z2JTNEMSUyNm1hcmtlciUzRDE5NDY5NyUyNmhvc3QlM0RmbGlnaHRzLmJvb2tpZnkyNC5jb20lMjUyRmZsaWdodHMlMjZsb2NhbGUlM0RlbiUyNmN1cnJlbmN5JTNEZXVyJTI2cG93ZXJlZF9ieSUzRGZhbHNlJTI2ZGVzdGluYXRpb24lM0RCS0slMjIlMjBjaGFyc2V0JTNEJTIydXRmLTglMjIlM0UlM0MlMkZzY3JpcHQlM0U=[\/vc_raw_html][\/vc_column_inner][\/vc_row_inner][vc_row_inner][vc_column_inner width=&#8221;1\/3&#8243;][vc_raw_html]JTNDc2NyaXB0JTIwc3JjJTNEJTIyaHR0cHMlM0ElMkYlMkZ3d3cudHJhdmVscGF5b3V0cy5jb20lMkZ3ZWVkbGUlMkZ3aWRnZXQuanMlM0Z2JTNEMSUyNm1hcmtlciUzRDE5NDY5NyUyNmhvc3QlM0RmbGlnaHRzLmJvb2tpZnkyNC5jb20lMjUyRmZsaWdodHMlMjZsb2NhbGUlM0RlbiUyNmN1cnJlbmN5JTNEZXVyJTI2cG93ZXJlZF9ieSUzRGZhbHNlJTI2ZGVzdGluYXRpb24lM0RSSU8lMjIlMjBjaGFyc2V0JTNEJTIydXRmLTglMjIlM0UlM0MlMkZzY3JpcHQlM0U=[\/vc_raw_html][\/vc_column_inner][vc_column_inner width=&#8221;1\/3&#8243;][vc_raw_html]JTNDc2NyaXB0JTIwc3JjJTNEJTIyaHR0cHMlM0ElMkYlMkZ3d3cudHJhdmVscGF5b3V0cy5jb20lMkZ3ZWVkbGUlMkZ3aWRnZXQuanMlM0Z2JTNEMSUyNm1hcmtlciUzRDE5NDY5NyUyNmhvc3QlM0RmbGlnaHRzLmJvb2tpZnkyNC5jb20lMjUyRmZsaWdodHMlMjZsb2NhbGUlM0RlbiUyNmN1cnJlbmN5JTNEZXVyJTI2cG93ZXJlZF9ieSUzRGZhbHNlJTI2ZGVzdGluYXRpb24lM0RST00lMjIlMjBjaGFyc2V0JTNEJTIydXRmLTglMjIlM0UlM0MlMkZzY3JpcHQlM0U=[\/vc_raw_html][\/vc_column_inner][vc_column_inner width=&#8221;1\/3&#8243;][vc_raw_html]JTNDc2NyaXB0JTIwc3JjJTNEJTIyaHR0cHMlM0ElMkYlMkZ3d3cudHJhdmVscGF5b3V0cy5jb20lMkZ3ZWVkbGUlMkZ3aWRnZXQuanMlM0Z2JTNEMSUyNm1hcmtlciUzRDE5NDY5NyUyNmhvc3QlM0RmbGlnaHRzLmJvb2tpZnkyNC5jb20lMjUyRmZsaWdodHMlMjZsb2NhbGUlM0RlbiUyNmN1cnJlbmN5JTNEZXVyJTI2cG93ZXJlZF9ieSUzRGZhbHNlJTI2ZGVzdGluYXRpb24lM0REWEIlMjIlMjBjaGFyc2V0JTNEJTIydXRmLTglMjIlM0UlM0MlMkZzY3JpcHQlM0U=[\/vc_raw_html][\/vc_column_inner][\/vc_row_inner][vc_row_inner][vc_column_inner width=&#8221;1\/3&#8243;][vc_raw_html]JTNDc2NyaXB0JTIwc3JjJTNEJTIyaHR0cHMlM0ElMkYlMkZ3d3cudHJhdmVscGF5b3V0cy5jb20lMkZ3ZWVkbGUlMkZ3aWRnZXQuanMlM0Z2JTNEMSUyNm1hcmtlciUzRDE5NDY5NyUyNmhvc3QlM0RmbGlnaHRzLmJvb2tpZnkyNC5jb20lMjUyRmZsaWdodHMlMjZsb2NhbGUlM0RlbiUyNmN1cnJlbmN5JTNEZXVyJTI2cG93ZXJlZF9ieSUzRGZhbHNlJTI2ZGVzdGluYXRpb24lM0RQQVIlMjIlMjBjaGFyc2V0JTNEJTIydXRmLTglMjIlM0UlM0MlMkZzY3JpcHQlM0U=[\/vc_raw_html][\/vc_column_inner][vc_column_inner width=&#8221;1\/3&#8243;][vc_raw_html]JTNDc2NyaXB0JTIwc3JjJTNEJTIyaHR0cHMlM0ElMkYlMkZ3d3cudHJhdmVscGF5b3V0cy5jb20lMkZ3ZWVkbGUlMkZ3aWRnZXQuanMlM0Z2JTNEMSUyNm1hcmtlciUzRDE5NDY5NyUyNmhvc3QlM0RmbGlnaHRzLmJvb2tpZnkyNC5jb20lMjUyRmZsaWdodHMlMjZsb2NhbGUlM0RlbiUyNmN1cnJlbmN5JTNEZXVyJTI2cG93ZXJlZF9ieSUzRGZhbHNlJTI2ZGVzdGluYXRpb24lM0RNT1clMjIlMjBjaGFyc2V0JTNEJTIydXRmLTglMjIlM0UlM0MlMkZzY3JpcHQlM0U=[\/vc_raw_html][\/vc_column_inner][vc_column_inner width=&#8221;1\/3&#8243;][vc_raw_html]JTNDc2NyaXB0JTIwc3JjJTNEJTIyaHR0cHMlM0ElMkYlMkZ3d3cudHJhdmVscGF5b3V0cy5jb20lMkZ3ZWVkbGUlMkZ3aWRnZXQuanMlM0Z2JTNEMSUyNm1hcmtlciUzRDE5NDY5NyUyNmhvc3QlM0RmbGlnaHRzLmJvb2tpZnkyNC5jb20lMjUyRmZsaWdodHMlMjZsb2NhbGUlM0RlbiUyNmN1cnJlbmN5JTNEZXVyJTI2cG93ZXJlZF9ieSUzRGZhbHNlJTI2ZGVzdGluYXRpb24lM0RNVUMlMjIlMjBjaGFyc2V0JTNEJTIydXRmLTglMjIlM0UlM0MlMkZzY3JpcHQlM0U=[\/vc_raw_html][\/vc_column_inner][\/vc_row_inner][\/vc_column][\/vc_row][vc_row full_width=&#8221;stretch_row&#8221; css=&#8221;.vc_custom_1684170318048{background-image: url(https:\/\/bookify24.com\/wp-content\/uploads\/2023\/05\/background.png?id=21574) !important;background-position: center !important;background-repeat: no-repeat !important;background-size: cover !important;}&#8221;][vc_column width=&#8221;2\/3&#8243;][vc_column_text]<\/p>\n<div class=\"advantages__inner\">\n<h2><span style=\"color: #ffffff;\">5 REASONS TO SEARCH FLIGHTS ON BOOKIFY24<\/span><\/h2>\n<p>&nbsp;<\/p>\n<h3><strong><span style=\"color: #ffffff;\">1. We find the cheapest, fastest and best flight and you just choose the right deal.<\/span><\/strong><\/h3>\n<h3><strong><span style=\"color: #ffffff;\">2. We do not charge commissions or extra fees from our users.<\/span><\/strong><\/h3>\n<h3><strong><span style=\"color: #ffffff;\">3. We work with multiple travel partners to give you the best and largest selection of destinations, offers and discounts.<\/span><\/strong><\/h3>\n<h3><strong><span style=\"color: #ffffff;\">4. We only have cooperations with certified and reliable companies.<\/span><\/strong><\/h3>\n<h3><strong><span style=\"color: #ffffff;\">5. We keep you up to date with the latest travel deals and bargains. <\/span><\/strong><strong><span style=\"color: #ffffff;\">Simply subscribe to our newsletter and we will always inform you exclusively.<\/span><\/strong><\/h3>\n<\/div>\n<p>[\/vc_column_text][\/vc_column][vc_column width=&#8221;1\/3&#8243; css=&#8221;.vc_custom_1565704816976{padding-top: 20px !important;}&#8221;][vc_single_image image=&#8221;21790&#8243; img_size=&#8221;full&#8221;][\/vc_column][\/vc_row][vc_row css=&#8221;.vc_custom_1560434713713{background-position: center !important;background-repeat: no-repeat !important;background-size: cover !important;}&#8221;][vc_column][vc_empty_space height=&#8221;20px&#8221;][vc_column_text]<\/p>\n<h2 style=\"text-align: left;\"><span style=\"font: bold 26px \/ 30px Verdana, Arial, Helvetica, sans-serif; color: #073590;\"><strong>How do I find cheap flights?<\/strong><\/span><\/h2>\n<p>How do you book and fly the cheapest? A good question that we can answer. Bookify24 has once examined cheap flights for you. For example, did you know that flights are often cheaper in the morning? Take a look at the 6 tips below.<\/p>\n<h3><span style=\"font: bold 18px \/ 24px Verdana, Arial, Helvetica, sans-serif; color: #073590;\">1. Save money with stops<\/span><\/h3>\n<p>It is often cheaper to fly with stops. So you can usually save a lot of money. Often, as an early bird, you can find the best prices about three months in advance. So: Become an early riser, save money and book your summer vacation now!<\/p>\n<h3><span style=\"font: bold 18px \/ 24px Verdana, Arial, Helvetica, sans-serif; color: #073590;\">2. Early booking<\/span><\/h3>\n<p>Speaking of early &#8230; In the morning, flights are often the cheapest. Of course, it might take a little more effort to get out of bed, but it pays off! Once you have arrived on holiday, you can then drink your coffee in the best weather in another city. Or go to the beach when it gets too hot.<\/p>\n<h3><span style=\"font: bold 18px \/ 24px Verdana, Arial, Helvetica, sans-serif; color: #073590;\">3. See on which day you book and fly<\/span><\/h3>\n<p>The cheapest day to fly is Wednesday. Our own research shows that most people fly on Wednesday. However, the best day to book is Tuesday. But: low prices are of course not guaranteed. Stay in the fast lane and always get the best tips through our Bookify24 newsletter.<\/p>\n<h3><span style=\"font: bold 18px \/ 24px Verdana, Arial, Helvetica, sans-serif; color: #073590;\">4. last minute holiday<\/span><\/h3>\n<p>Sometimes, airlines can not sell their tickets at the price they want. This leaves enough time for you to book your last minute ticket as one of the cheap flights. Take advantage of our website if you want to plan a spontaneous city break. Within the next five days to two weeks, you can already lie on the beach or stroll in a strange city.<\/p>\n<h3><span style=\"font: bold 18px \/ 24px Verdana, Arial, Helvetica, sans-serif; color: #073590;\">5. Stay up to date on social media<\/span><\/h3>\n<p>We regularly offer a Super Sale on our social media channel. This way, you always stay informed. Have not you liked our Facebook page yet? Then you should take your chance now.<\/p>\n<h3><span style=\"font: bold 18px \/ 24px Verdana, Arial, Helvetica, sans-serif; color: #073590;\">6. Be flexible with the travel days<\/span><\/h3>\n<p>Make sure you can travel flexibly. Our tip is also the filters! If you have chosen a flight on our website, you can select the &#8220;Best flight ticket&#8221; option on the results page. Furthermore, the price calendar is useful to find the cheapest flight day of the month. With the filters you miss deals for cheap flights under any circumstances![\/vc_column_text][vc_empty_space height=&#8221;20px&#8221;][\/vc_column][\/vc_row][vc_row][vc_column][vc_column_text css=&#8221;.vc_custom_1672761793282{border-top-width: 1px !important;border-right-width: 1px !important;border-bottom-width: 1px !important;border-left-width: 1px !important;padding-bottom: 15px !important;border-left-color: #ededed !important;border-left-style: solid !important;border-right-color: #ededed !important;border-right-style: solid !important;border-top-color: #ededed !important;border-top-style: solid !important;border-bottom-color: #ededed !important;border-bottom-style: solid !important;border-radius: 5px !important;}&#8221;]<\/p>\n<h2 style=\"text-align: center;\"><span style=\"font: bold 26px \/ 30px Verdana, Arial, Helvetica, sans-serif; color: #073590;\"><strong>Cheap Hotels at your destination<\/strong><\/span><\/h2>\n<h4 style=\"text-align: center;\"><span style=\"font-size: 14pt;\"><strong><a href=\"https:\/\/bookify24.com\/en\/hotels\/\" target=\"_blank\" rel=\"noopener\"><span style=\"color: #ff0000;\">Hotel or Hostel search &gt;<\/span><\/a><\/strong><\/span><\/h4>\n<p>[\/vc_column_text][vc_empty_space height=&#8221;20px&#8221;][\/vc_column][\/vc_row]<\/p>\n","protected":false},"excerpt":{"rendered":"<p>[vc_column][\/vc_column][vc_row full_width=&#8221;stretch_row&#8221; row_fullwidth=&#8221;yes&#8221; css=&#8221;.vc_custom_1684170110799{background-image: url(https:\/\/bookify24.com\/wp-content\/uploads\/2019\/08\/themen_mitflug.jpg?id=21473) !important;background-position: center !important;background-repeat: no-repeat !important;background-size: cover !important;}&#8221;][vc_column css=&#8221;.vc_custom_1672761125686{margin-top: 50px !important;margin-bottom: 100px !important;}&#8221; offset=&#8221;vc_hidden-lg vc_hidden-md vc_hidden-sm&#8221;][vc_column_text css=&#8221;.vc_custom_1672761251806{margin-bottom: 50px !important;padding-top: 10px !important;padding-bottom: 30px !important;background-color: rgba(255,255,255,0.85) !important;*background-color: rgb(255,255,255) !important;border-radius: 5px !important;}&#8221;] The best Flight for the best Price Find cheap flights with airfare comparison [\/vc_column_text][vc_raw_html css=&#8221;.vc_custom_1608651902144{padding-bottom: 15px !important;}&#8221;]JTNDc2NyaXB0JTIwY2hhcnNldCUzRCUyMnV0Zi04JTIyJTIwc3JjJTNEJTIyJTJGJTJGd3d3LnRyYXZlbHBheW91dHMuY29tJTJGd2lkZ2V0cyUyRjBjNDcyNjAwNmI0YmZiNzllOTM5NDRlYTJiMGQwYjAwLmpzJTNGdiUzRDIxMTAlMjIlMjBhc3luYyUzRSUzQyUyRnNjcmlwdCUzRQ==[\/vc_raw_html][vc_single_image source=&#8221;external_link&#8221; alignment=&#8221;center&#8221; onclick=&#8221;custom_link&#8221; custom_src=&#8221;https:\/\/www.awin1.com\/cshow.php?s=2445995&amp;v=13681&amp;q=368997&amp;r=427991&#8243; link=&#8221;https:\/\/www.awin1.com\/cread.php?s=2445995&amp;v=13681&amp;q=368997&amp;r=427991&#8243;&#8230;<\/p>\n","protected":false},"author":190,"featured_media":0,"parent":0,"menu_order":0,"comment_status":"closed","ping_status":"closed","template":"templates\/template-home-modern.php","meta":{"_exactmetrics_skip_tracking":false,"_exactmetrics_sitenote_active":false,"_exactmetrics_sitenote_note":"","_exactmetrics_sitenote_category":0,"footnotes":""},"class_list":["post-26615","page","type-page","status-publish","hentry"],"yoast_head":"<!-- This site is optimized with the Yoast SEO plugin v27.3 - https:\/\/yoast.com\/product\/yoast-seo-wordpress\/ -->\n<title>Billigfl\u00fcge buchen - Flugpreisvergleich auf Bookify24.com<\/title>\n<meta name=\"description\" content=\"Flugpreise vergleichen. Billigfl\u00fcge zum Bestpreis finden. Angebote von \u00fcber 1000 Reiseanbietern, Fluggesellschaften und Vergleichsportalen\" \/>\n<meta name=\"robots\" content=\"index, follow, max-snippet:-1, max-image-preview:large, max-video-preview:-1\" \/>\n<link rel=\"canonical\" href=\"https:\/\/lifestyle-immo24.de\/en\/flights\/\" \/>\n<meta property=\"og:locale\" content=\"en_US\" \/>\n<meta property=\"og:type\" content=\"article\" \/>\n<meta property=\"og:title\" content=\"Billigfl\u00fcge buchen - Flugpreisvergleich auf Bookify24.com\" \/>\n<meta property=\"og:description\" content=\"Flugpreise vergleichen. Billigfl\u00fcge zum Bestpreis finden. Angebote von \u00fcber 1000 Reiseanbietern, Fluggesellschaften und Vergleichsportalen\" \/>\n<meta property=\"og:url\" content=\"https:\/\/lifestyle-immo24.de\/en\/flights\/\" \/>\n<meta property=\"og:site_name\" content=\"Lifestyle Homes\" \/>\n<meta property=\"article:publisher\" content=\"https:\/\/www.facebook.com\/LifeStyleImmo24\/\" \/>\n<meta name=\"twitter:card\" content=\"summary_large_image\" \/>\n<meta name=\"twitter:label1\" content=\"Est. reading time\" \/>\n\t<meta name=\"twitter:data1\" content=\"5 minutes\" \/>\n<script type=\"application\/ld+json\" class=\"yoast-schema-graph\">{\"@context\":\"https:\\\/\\\/schema.org\",\"@graph\":[{\"@type\":\"WebPage\",\"@id\":\"https:\\\/\\\/lifestyle-immo24.de\\\/en\\\/flights\\\/\",\"url\":\"https:\\\/\\\/lifestyle-immo24.de\\\/en\\\/flights\\\/\",\"name\":\"Billigfl\u00fcge buchen - Flugpreisvergleich auf Bookify24.com\",\"isPartOf\":{\"@id\":\"https:\\\/\\\/lifestyle-immo24.de\\\/en\\\/#website\"},\"datePublished\":\"2022-11-28T22:57:49+00:00\",\"description\":\"Flugpreise vergleichen. Billigfl\u00fcge zum Bestpreis finden. Angebote von \u00fcber 1000 Reiseanbietern, Fluggesellschaften und Vergleichsportalen\",\"breadcrumb\":{\"@id\":\"https:\\\/\\\/lifestyle-immo24.de\\\/en\\\/flights\\\/#breadcrumb\"},\"inLanguage\":\"en-US\",\"potentialAction\":[{\"@type\":\"ReadAction\",\"target\":[[\"https:\\\/\\\/lifestyle-immo24.de\\\/en\\\/flights\\\/\"]]}]},{\"@type\":\"BreadcrumbList\",\"@id\":\"https:\\\/\\\/lifestyle-immo24.de\\\/en\\\/flights\\\/#breadcrumb\",\"itemListElement\":[{\"@type\":\"ListItem\",\"position\":1,\"name\":\"Startseite\",\"item\":\"https:\\\/\\\/lifestyle-immo24.de\\\/en\\\/\"},{\"@type\":\"ListItem\",\"position\":2,\"name\":\"Fl\u00fcge\"}]},{\"@type\":\"WebSite\",\"@id\":\"https:\\\/\\\/lifestyle-immo24.de\\\/en\\\/#website\",\"url\":\"https:\\\/\\\/lifestyle-immo24.de\\\/en\\\/\",\"name\":\"Lifestyle Homes\",\"description\":\"Holiday Homes for rent or for sale\",\"publisher\":{\"@id\":\"https:\\\/\\\/lifestyle-immo24.de\\\/en\\\/#organization\"},\"potentialAction\":[{\"@type\":\"SearchAction\",\"target\":{\"@type\":\"EntryPoint\",\"urlTemplate\":\"https:\\\/\\\/lifestyle-immo24.de\\\/en\\\/?s={search_term_string}\"},\"query-input\":{\"@type\":\"PropertyValueSpecification\",\"valueRequired\":true,\"valueName\":\"search_term_string\"}}],\"inLanguage\":\"en-US\"},{\"@type\":\"Organization\",\"@id\":\"https:\\\/\\\/lifestyle-immo24.de\\\/en\\\/#organization\",\"name\":\"Lifestyle-Immo24\",\"url\":\"https:\\\/\\\/lifestyle-immo24.de\\\/en\\\/\",\"logo\":{\"@type\":\"ImageObject\",\"inLanguage\":\"en-US\",\"@id\":\"https:\\\/\\\/lifestyle-immo24.de\\\/en\\\/#\\\/schema\\\/logo\\\/image\\\/\",\"url\":\"https:\\\/\\\/lifestyle-immo24.de\\\/wp-content\\\/uploads\\\/2017\\\/05\\\/LOGO-Michael-Heinze-Immo-1.png\",\"contentUrl\":\"https:\\\/\\\/lifestyle-immo24.de\\\/wp-content\\\/uploads\\\/2017\\\/05\\\/LOGO-Michael-Heinze-Immo-1.png\",\"width\":1559,\"height\":482,\"caption\":\"Lifestyle-Immo24\"},\"image\":{\"@id\":\"https:\\\/\\\/lifestyle-immo24.de\\\/en\\\/#\\\/schema\\\/logo\\\/image\\\/\"},\"sameAs\":[\"https:\\\/\\\/www.facebook.com\\\/LifeStyleImmo24\\\/\"]}]}<\/script>\n<!-- \/ Yoast SEO plugin. -->","yoast_head_json":{"title":"Billigfl\u00fcge buchen - Flugpreisvergleich auf Bookify24.com","description":"Flugpreise vergleichen. Billigfl\u00fcge zum Bestpreis finden. Angebote von \u00fcber 1000 Reiseanbietern, Fluggesellschaften und Vergleichsportalen","robots":{"index":"index","follow":"follow","max-snippet":"max-snippet:-1","max-image-preview":"max-image-preview:large","max-video-preview":"max-video-preview:-1"},"canonical":"https:\/\/lifestyle-immo24.de\/en\/flights\/","og_locale":"en_US","og_type":"article","og_title":"Billigfl\u00fcge buchen - Flugpreisvergleich auf Bookify24.com","og_description":"Flugpreise vergleichen. Billigfl\u00fcge zum Bestpreis finden. Angebote von \u00fcber 1000 Reiseanbietern, Fluggesellschaften und Vergleichsportalen","og_url":"https:\/\/lifestyle-immo24.de\/en\/flights\/","og_site_name":"Lifestyle Homes","article_publisher":"https:\/\/www.facebook.com\/LifeStyleImmo24\/","twitter_card":"summary_large_image","twitter_misc":{"Est. reading time":"5 minutes"},"schema":{"@context":"https:\/\/schema.org","@graph":[{"@type":"WebPage","@id":"https:\/\/lifestyle-immo24.de\/en\/flights\/","url":"https:\/\/lifestyle-immo24.de\/en\/flights\/","name":"Billigfl\u00fcge buchen - Flugpreisvergleich auf Bookify24.com","isPartOf":{"@id":"https:\/\/lifestyle-immo24.de\/en\/#website"},"datePublished":"2022-11-28T22:57:49+00:00","description":"Flugpreise vergleichen. Billigfl\u00fcge zum Bestpreis finden. Angebote von \u00fcber 1000 Reiseanbietern, Fluggesellschaften und Vergleichsportalen","breadcrumb":{"@id":"https:\/\/lifestyle-immo24.de\/en\/flights\/#breadcrumb"},"inLanguage":"en-US","potentialAction":[{"@type":"ReadAction","target":[["https:\/\/lifestyle-immo24.de\/en\/flights\/"]]}]},{"@type":"BreadcrumbList","@id":"https:\/\/lifestyle-immo24.de\/en\/flights\/#breadcrumb","itemListElement":[{"@type":"ListItem","position":1,"name":"Startseite","item":"https:\/\/lifestyle-immo24.de\/en\/"},{"@type":"ListItem","position":2,"name":"Fl\u00fcge"}]},{"@type":"WebSite","@id":"https:\/\/lifestyle-immo24.de\/en\/#website","url":"https:\/\/lifestyle-immo24.de\/en\/","name":"Lifestyle Homes","description":"Holiday Homes for rent or for sale","publisher":{"@id":"https:\/\/lifestyle-immo24.de\/en\/#organization"},"potentialAction":[{"@type":"SearchAction","target":{"@type":"EntryPoint","urlTemplate":"https:\/\/lifestyle-immo24.de\/en\/?s={search_term_string}"},"query-input":{"@type":"PropertyValueSpecification","valueRequired":true,"valueName":"search_term_string"}}],"inLanguage":"en-US"},{"@type":"Organization","@id":"https:\/\/lifestyle-immo24.de\/en\/#organization","name":"Lifestyle-Immo24","url":"https:\/\/lifestyle-immo24.de\/en\/","logo":{"@type":"ImageObject","inLanguage":"en-US","@id":"https:\/\/lifestyle-immo24.de\/en\/#\/schema\/logo\/image\/","url":"https:\/\/lifestyle-immo24.de\/wp-content\/uploads\/2017\/05\/LOGO-Michael-Heinze-Immo-1.png","contentUrl":"https:\/\/lifestyle-immo24.de\/wp-content\/uploads\/2017\/05\/LOGO-Michael-Heinze-Immo-1.png","width":1559,"height":482,"caption":"Lifestyle-Immo24"},"image":{"@id":"https:\/\/lifestyle-immo24.de\/en\/#\/schema\/logo\/image\/"},"sameAs":["https:\/\/www.facebook.com\/LifeStyleImmo24\/"]}]}},"_links":{"self":[{"href":"https:\/\/lifestyle-immo24.de\/en\/wp-json\/wp\/v2\/pages\/26615","targetHints":{"allow":["GET"]}}],"collection":[{"href":"https:\/\/lifestyle-immo24.de\/en\/wp-json\/wp\/v2\/pages"}],"about":[{"href":"https:\/\/lifestyle-immo24.de\/en\/wp-json\/wp\/v2\/types\/page"}],"author":[{"embeddable":true,"href":"https:\/\/lifestyle-immo24.de\/en\/wp-json\/wp\/v2\/users\/190"}],"replies":[{"embeddable":true,"href":"https:\/\/lifestyle-immo24.de\/en\/wp-json\/wp\/v2\/comments?post=26615"}],"version-history":[{"count":0,"href":"https:\/\/lifestyle-immo24.de\/en\/wp-json\/wp\/v2\/pages\/26615\/revisions"}],"wp:attachment":[{"href":"https:\/\/lifestyle-immo24.de\/en\/wp-json\/wp\/v2\/media?parent=26615"}],"curies":[{"name":"wp","href":"https:\/\/api.w.org\/{rel}","templated":true}]}}