{"id":24448,"date":"2022-08-02T14:16:42","date_gmt":"2022-08-02T12:16:42","guid":{"rendered":"https:\/\/lifestyle-immo24.de\/?page_id=24448"},"modified":"2023-01-18T17:13:46","modified_gmt":"2023-01-18T16:13:46","slug":"tagesgeldvergleich","status":"publish","type":"page","link":"https:\/\/lifestyle-immo24.de\/en\/tagesgeld-vergleich\/","title":{"rendered":"Tagesgeld Vergleich"},"content":{"rendered":"<h2>Tagesgeldvergleich 2023<\/h2>\n<h3><strong>Renditevergleich f\u00fcr kurzfristige Geldanlagen.<\/strong><\/h3>\n<div class=\"tick-list\"><\/p>\n<ul>\n<li><strong>Testsieger<br \/><\/strong><\/li>\n<li><strong>Aktuelle Zinsen<br \/><\/strong><\/li>\n<li><strong>EU- Einlagensicherung<br \/><\/strong><\/li>\n<li><strong>Anlagedauer 1 bis 12 Monate<br \/><\/strong><\/li>\n<li><strong>Direkte Anbieteranfrage<br \/><\/strong><\/li>\n<\/ul>\n<p><\/div>\n<p><strong>*Bitte drehen Sie Ihr Smartphone jetzt in die Queransicht um den Rechner zu nutzen!<\/strong><\/p>\n<h1>Tagesgeldvergleich 2023<\/h1>\n<h4>Renditevergleich f\u00fcr die kurzfristige Geldanlage.<\/h4>\n<div class=\"tick-list\"><\/p>\n<ul>\n<li><strong>Testsieger<br \/><\/strong><\/li>\n<li><strong>Aktuelle Zinsen<br \/><\/strong><\/li>\n<li><strong>EU- Einlagensicherung<br \/><\/strong><\/li>\n<li><strong>Anlagedauer 1 bis 12 Monate<br \/><\/strong><\/li>\n<li><strong>Direkte Anbieteranfrage<br \/><\/strong><\/li>\n<\/ul>\n<p><\/div>\n<p>\t\t\t<iframe loading=\"lazy\" onload=\"fa_iframeresize.do(this);\" src=\"https:\/\/tools.financeads.net\/tagesgeldrechner.php?tp=dif&#038;wf=25192&#038;ntpl=responsive&#038;h=1\" scrolling=\"no\" width=\"650\" height=\"890\" style=\"padding:0px; margin:0px; border-width:0px;\" frameborder=\"0\"><\/iframe>\t\t<\/p>\n<h2>Ist ein Tagesgeldkonto f\u00fcr mich sinnvoll?<\/h2>\n<p>Ein Tagesgeldkonto ist f\u00fcr jeden Sparer sinnvoll. Tagesgeld generiert mehr Zinsen als Guthaben auf dem Girokonto, ist aber dennoch jederzeit verf\u00fcgbar. Tagesgeld ist deshalb ideal f\u00fcr den Teil der Ersparnisse, der jederzeit verf\u00fcgbar sein muss \u2013 zum Beispiel, um bei Bedarf eine aufwendige Autoreparatur zu bezahlen. Weil andere Anlageformen noch h\u00f6here Zinsen bringen, sollten Sparer aber nicht zu viel Geld auf dem Tagesgeldkonto parken. Etwa drei Netto-Monatsgeh\u00e4lter sind ideal. Wer sein Geld l\u00e4nger nicht braucht, sollte auf ein <a href=\"https:\/\/lifestyle-immo24.de\/festgeldvergleich\/\"><em><strong>Festgeldkonto<\/strong> <\/em><\/a>mit wesentlich besseren Konditionen zur\u00fcckgreifen.<\/p>\n<h2>Sie suchen die perfekte Rechtsschutz Versicherung?<br \/><\/h2>\n<p>Schnell ist ein Unfall oder eine andere Situation passiert in der die Rechtslage nicht eindeutig ist. Ein Rechtsstreit vor Gericht kann schnell einen f\u00fcnfstelligen Betrag kosten! Eine Rechtschutzversicherung\u00a0 dagegen nur einen Bruchteil. Vergleichen Sie jetzt die bekanntesten Anbieter auf dem Markt:<\/p>\n<p>\t\t\t<a href=\"https:\/\/lifestyle-immo24.de\/rechtschutzversicherung\/\" target=\"_blank\" role=\"button\" rel=\"noopener\"><br \/>\n\t\t\t\t<svg aria-hidden=\"true\" viewBox=\"0 0 448 512\" xmlns=\"http:\/\/www.w3.org\/2000\/svg\"><path d=\"M224.3 273l-136 136c-9.4 9.4-24.6 9.4-33.9 0l-22.6-22.6c-9.4-9.4-9.4-24.6 0-33.9l96.4-96.4-96.4-96.4c-9.4-9.4-9.4-24.6 0-33.9L54.3 103c9.4-9.4 24.6-9.4 33.9 0l136 136c9.5 9.4 9.5 24.6.1 34zm192-34l-136-136c-9.4-9.4-24.6-9.4-33.9 0l-22.6 22.6c-9.4 9.4-9.4 24.6 0 33.9l96.4 96.4-96.4 96.4c-9.4 9.4-9.4 24.6 0 33.9l22.6 22.6c9.4 9.4 24.6 9.4 33.9 0l136-136c9.4-9.2 9.4-24.4 0-33.8z\"><\/path><\/svg><br \/>\n\t\t\t\t\t\tZum Vergleich f\u00fcr Rechtschutzversicherungen<br \/>\n\t\t\t\t\t<\/a><\/p>\n<p><em>\u201eHinweis: Bitte beachten Sie, dass es sich bei dieser Website um eine reine Werbeseite der Financeads.GmbH handelt.\u00a0 Lifestyle-Immo24 ist weder Versicherungsmakler noch Finanzberater. Nach dem Klicken des Anbieterbuttons, werden Sie zu den jeweiligen Werbepartnern weitergeleitet und bei verifizierten Leads oder Sales erhalten wir eine kleine Provision, die f\u00fcr den weiteren Betrieb unserer Webseite genutzt wird.\u201c<\/em><\/p>\n","protected":false},"excerpt":{"rendered":"<p>Tagesgeldvergleich 2023 Renditevergleich f\u00fcr kurzfristige Geldanlagen. *Bitte drehen Sie Ihr Smartphone jetzt in die Queransicht um den Rechner zu nutzen! Tagesgeldvergleich 2023 Renditevergleich f\u00fcr die kurzfristige Geldanlage. Ist ein Tagesgeldkonto f\u00fcr mich sinnvoll? Ein Tagesgeldkonto ist f\u00fcr jeden Sparer sinnvoll. Tagesgeld generiert mehr Zinsen als Guthaben auf dem Girokonto, ist aber dennoch jederzeit verf\u00fcgbar. Tagesgeld&#8230;<\/p>\n","protected":false},"author":1,"featured_media":24477,"parent":0,"menu_order":0,"comment_status":"closed","ping_status":"closed","template":"templates\/fluid-width.php","meta":{"_exactmetrics_skip_tracking":false,"_exactmetrics_sitenote_active":false,"_exactmetrics_sitenote_note":"","_exactmetrics_sitenote_category":0,"footnotes":""},"class_list":["post-24448","page","type-page","status-publish","has-post-thumbnail","hentry"],"yoast_head":"<!-- This site is optimized with the Yoast SEO plugin v27.6 - https:\/\/yoast.com\/product\/yoast-seo-wordpress\/ -->\n<title>Tagesgeldvergleich - Aktueller Renditerechner<\/title>\n<meta name=\"description\" content=\"Tagesgeldvergleich: Welche Bank zahlt aktuell die besten Zinsen? \u2713 T\u00e4glich aktuell \u2713 Gepr\u00fcfte Anbieter \u2713 Testsieger \u2713\" \/>\n<meta name=\"robots\" content=\"index, follow, max-snippet:-1, max-image-preview:large, max-video-preview:-1\" \/>\n<link rel=\"canonical\" href=\"https:\/\/lifestyle-immo24.de\/en\/tagesgeld-vergleich\/\" \/>\n<meta property=\"og:locale\" content=\"en_US\" \/>\n<meta property=\"og:type\" content=\"article\" \/>\n<meta property=\"og:title\" content=\"Tagesgeldvergleich - Aktueller Renditerechner\" \/>\n<meta property=\"og:description\" content=\"Tagesgeldvergleich: Welche Bank zahlt aktuell die besten Zinsen? \u2713 T\u00e4glich aktuell \u2713 Gepr\u00fcfte Anbieter \u2713 Testsieger \u2713\" \/>\n<meta property=\"og:url\" content=\"https:\/\/lifestyle-immo24.de\/en\/tagesgeld-vergleich\/\" \/>\n<meta property=\"og:site_name\" content=\"Lifestyle Homes\" \/>\n<meta property=\"article:publisher\" content=\"https:\/\/www.facebook.com\/LifeStyleImmo24\/\" \/>\n<meta property=\"article:modified_time\" content=\"2023-01-18T16:13:46+00:00\" \/>\n<meta property=\"og:image\" content=\"https:\/\/lifestyle-immo24.de\/wp-content\/uploads\/2022\/08\/tagesgeld_220-lanczos3.jpg\" \/>\n\t<meta property=\"og:image:width\" content=\"440\" \/>\n\t<meta property=\"og:image:height\" content=\"246\" \/>\n\t<meta property=\"og:image:type\" content=\"image\/jpeg\" \/>\n<meta name=\"twitter:card\" content=\"summary_large_image\" \/>\n<meta name=\"twitter:label1\" content=\"Est. reading time\" \/>\n\t<meta name=\"twitter:data1\" content=\"1 minute\" \/>\n<script type=\"application\/ld+json\" class=\"yoast-schema-graph\">{\"@context\":\"https:\\\/\\\/schema.org\",\"@graph\":[{\"@type\":\"WebPage\",\"@id\":\"https:\\\/\\\/lifestyle-immo24.de\\\/en\\\/tagesgeld-vergleich\\\/\",\"url\":\"https:\\\/\\\/lifestyle-immo24.de\\\/en\\\/tagesgeld-vergleich\\\/\",\"name\":\"Tagesgeldvergleich - Aktueller Renditerechner\",\"isPartOf\":{\"@id\":\"https:\\\/\\\/lifestyle-immo24.de\\\/en\\\/#website\"},\"primaryImageOfPage\":{\"@id\":\"https:\\\/\\\/lifestyle-immo24.de\\\/en\\\/tagesgeld-vergleich\\\/#primaryimage\"},\"image\":{\"@id\":\"https:\\\/\\\/lifestyle-immo24.de\\\/tagesgeld-vergleich\\\/#primaryimage\"},\"thumbnailUrl\":\"https:\\\/\\\/lifestyle-immo24.de\\\/wp-content\\\/uploads\\\/2022\\\/08\\\/tagesgeld_220-lanczos3.jpg\",\"datePublished\":\"2022-08-02T12:16:42+00:00\",\"dateModified\":\"2023-01-18T16:13:46+00:00\",\"description\":\"Tagesgeldvergleich: Welche Bank zahlt aktuell die besten Zinsen? \u2713 T\u00e4glich aktuell \u2713 Gepr\u00fcfte Anbieter \u2713 Testsieger \u2713\",\"breadcrumb\":{\"@id\":\"https:\\\/\\\/lifestyle-immo24.de\\\/en\\\/tagesgeld-vergleich\\\/#breadcrumb\"},\"inLanguage\":\"en-US\",\"potentialAction\":[{\"@type\":\"ReadAction\",\"target\":[[\"https:\\\/\\\/lifestyle-immo24.de\\\/en\\\/tagesgeld-vergleich\\\/\"]]}]},{\"@type\":\"ImageObject\",\"inLanguage\":\"en-US\",\"@id\":\"https:\\\/\\\/lifestyle-immo24.de\\\/en\\\/tagesgeld-vergleich\\\/#primaryimage\",\"url\":\"https:\\\/\\\/lifestyle-immo24.de\\\/wp-content\\\/uploads\\\/2022\\\/08\\\/tagesgeld_220-lanczos3.jpg\",\"contentUrl\":\"https:\\\/\\\/lifestyle-immo24.de\\\/wp-content\\\/uploads\\\/2022\\\/08\\\/tagesgeld_220-lanczos3.jpg\",\"width\":440,\"height\":246,\"caption\":\"Tagesgeldvergleich\"},{\"@type\":\"BreadcrumbList\",\"@id\":\"https:\\\/\\\/lifestyle-immo24.de\\\/en\\\/tagesgeld-vergleich\\\/#breadcrumb\",\"itemListElement\":[{\"@type\":\"ListItem\",\"position\":1,\"name\":\"Startseite\",\"item\":\"https:\\\/\\\/lifestyle-immo24.de\\\/en\\\/\"},{\"@type\":\"ListItem\",\"position\":2,\"name\":\"Tagesgeld Vergleich\"}]},{\"@type\":\"WebSite\",\"@id\":\"https:\\\/\\\/lifestyle-immo24.de\\\/en\\\/#website\",\"url\":\"https:\\\/\\\/lifestyle-immo24.de\\\/en\\\/\",\"name\":\"Lifestyle Homes\",\"description\":\"Holiday Homes for rent or for sale\",\"publisher\":{\"@id\":\"https:\\\/\\\/lifestyle-immo24.de\\\/en\\\/#organization\"},\"potentialAction\":[{\"@type\":\"SearchAction\",\"target\":{\"@type\":\"EntryPoint\",\"urlTemplate\":\"https:\\\/\\\/lifestyle-immo24.de\\\/en\\\/?s={search_term_string}\"},\"query-input\":{\"@type\":\"PropertyValueSpecification\",\"valueRequired\":true,\"valueName\":\"search_term_string\"}}],\"inLanguage\":\"en-US\"},{\"@type\":\"Organization\",\"@id\":\"https:\\\/\\\/lifestyle-immo24.de\\\/en\\\/#organization\",\"name\":\"Lifestyle-Immo24\",\"url\":\"https:\\\/\\\/lifestyle-immo24.de\\\/en\\\/\",\"logo\":{\"@type\":\"ImageObject\",\"inLanguage\":\"en-US\",\"@id\":\"https:\\\/\\\/lifestyle-immo24.de\\\/en\\\/#\\\/schema\\\/logo\\\/image\\\/\",\"url\":\"https:\\\/\\\/lifestyle-immo24.de\\\/wp-content\\\/uploads\\\/2017\\\/05\\\/LOGO-Michael-Heinze-Immo-1.png\",\"contentUrl\":\"https:\\\/\\\/lifestyle-immo24.de\\\/wp-content\\\/uploads\\\/2017\\\/05\\\/LOGO-Michael-Heinze-Immo-1.png\",\"width\":1559,\"height\":482,\"caption\":\"Lifestyle-Immo24\"},\"image\":{\"@id\":\"https:\\\/\\\/lifestyle-immo24.de\\\/en\\\/#\\\/schema\\\/logo\\\/image\\\/\"},\"sameAs\":[\"https:\\\/\\\/www.facebook.com\\\/LifeStyleImmo24\\\/\"]}]}<\/script>\n<!-- \/ Yoast SEO plugin. -->","yoast_head_json":{"title":"Tagesgeldvergleich - Aktueller Renditerechner","description":"Tagesgeldvergleich: Welche Bank zahlt aktuell die besten Zinsen? \u2713 T\u00e4glich aktuell \u2713 Gepr\u00fcfte Anbieter \u2713 Testsieger \u2713","robots":{"index":"index","follow":"follow","max-snippet":"max-snippet:-1","max-image-preview":"max-image-preview:large","max-video-preview":"max-video-preview:-1"},"canonical":"https:\/\/lifestyle-immo24.de\/en\/tagesgeld-vergleich\/","og_locale":"en_US","og_type":"article","og_title":"Tagesgeldvergleich - Aktueller Renditerechner","og_description":"Tagesgeldvergleich: Welche Bank zahlt aktuell die besten Zinsen? \u2713 T\u00e4glich aktuell \u2713 Gepr\u00fcfte Anbieter \u2713 Testsieger \u2713","og_url":"https:\/\/lifestyle-immo24.de\/en\/tagesgeld-vergleich\/","og_site_name":"Lifestyle Homes","article_publisher":"https:\/\/www.facebook.com\/LifeStyleImmo24\/","article_modified_time":"2023-01-18T16:13:46+00:00","og_image":[{"width":440,"height":246,"url":"https:\/\/lifestyle-immo24.de\/wp-content\/uploads\/2022\/08\/tagesgeld_220-lanczos3.jpg","type":"image\/jpeg"}],"twitter_card":"summary_large_image","twitter_misc":{"Est. reading time":"1 minute"},"schema":{"@context":"https:\/\/schema.org","@graph":[{"@type":"WebPage","@id":"https:\/\/lifestyle-immo24.de\/en\/tagesgeld-vergleich\/","url":"https:\/\/lifestyle-immo24.de\/en\/tagesgeld-vergleich\/","name":"Tagesgeldvergleich - Aktueller Renditerechner","isPartOf":{"@id":"https:\/\/lifestyle-immo24.de\/en\/#website"},"primaryImageOfPage":{"@id":"https:\/\/lifestyle-immo24.de\/en\/tagesgeld-vergleich\/#primaryimage"},"image":{"@id":"https:\/\/lifestyle-immo24.de\/tagesgeld-vergleich\/#primaryimage"},"thumbnailUrl":"https:\/\/lifestyle-immo24.de\/wp-content\/uploads\/2022\/08\/tagesgeld_220-lanczos3.jpg","datePublished":"2022-08-02T12:16:42+00:00","dateModified":"2023-01-18T16:13:46+00:00","description":"Tagesgeldvergleich: Welche Bank zahlt aktuell die besten Zinsen? \u2713 T\u00e4glich aktuell \u2713 Gepr\u00fcfte Anbieter \u2713 Testsieger \u2713","breadcrumb":{"@id":"https:\/\/lifestyle-immo24.de\/en\/tagesgeld-vergleich\/#breadcrumb"},"inLanguage":"en-US","potentialAction":[{"@type":"ReadAction","target":[["https:\/\/lifestyle-immo24.de\/en\/tagesgeld-vergleich\/"]]}]},{"@type":"ImageObject","inLanguage":"en-US","@id":"https:\/\/lifestyle-immo24.de\/en\/tagesgeld-vergleich\/#primaryimage","url":"https:\/\/lifestyle-immo24.de\/wp-content\/uploads\/2022\/08\/tagesgeld_220-lanczos3.jpg","contentUrl":"https:\/\/lifestyle-immo24.de\/wp-content\/uploads\/2022\/08\/tagesgeld_220-lanczos3.jpg","width":440,"height":246,"caption":"Tagesgeldvergleich"},{"@type":"BreadcrumbList","@id":"https:\/\/lifestyle-immo24.de\/en\/tagesgeld-vergleich\/#breadcrumb","itemListElement":[{"@type":"ListItem","position":1,"name":"Startseite","item":"https:\/\/lifestyle-immo24.de\/en\/"},{"@type":"ListItem","position":2,"name":"Tagesgeld Vergleich"}]},{"@type":"WebSite","@id":"https:\/\/lifestyle-immo24.de\/en\/#website","url":"https:\/\/lifestyle-immo24.de\/en\/","name":"Lifestyle Homes","description":"Holiday Homes for rent or for sale","publisher":{"@id":"https:\/\/lifestyle-immo24.de\/en\/#organization"},"potentialAction":[{"@type":"SearchAction","target":{"@type":"EntryPoint","urlTemplate":"https:\/\/lifestyle-immo24.de\/en\/?s={search_term_string}"},"query-input":{"@type":"PropertyValueSpecification","valueRequired":true,"valueName":"search_term_string"}}],"inLanguage":"en-US"},{"@type":"Organization","@id":"https:\/\/lifestyle-immo24.de\/en\/#organization","name":"Lifestyle-Immo24","url":"https:\/\/lifestyle-immo24.de\/en\/","logo":{"@type":"ImageObject","inLanguage":"en-US","@id":"https:\/\/lifestyle-immo24.de\/en\/#\/schema\/logo\/image\/","url":"https:\/\/lifestyle-immo24.de\/wp-content\/uploads\/2017\/05\/LOGO-Michael-Heinze-Immo-1.png","contentUrl":"https:\/\/lifestyle-immo24.de\/wp-content\/uploads\/2017\/05\/LOGO-Michael-Heinze-Immo-1.png","width":1559,"height":482,"caption":"Lifestyle-Immo24"},"image":{"@id":"https:\/\/lifestyle-immo24.de\/en\/#\/schema\/logo\/image\/"},"sameAs":["https:\/\/www.facebook.com\/LifeStyleImmo24\/"]}]}},"_links":{"self":[{"href":"https:\/\/lifestyle-immo24.de\/en\/wp-json\/wp\/v2\/pages\/24448","targetHints":{"allow":["GET"]}}],"collection":[{"href":"https:\/\/lifestyle-immo24.de\/en\/wp-json\/wp\/v2\/pages"}],"about":[{"href":"https:\/\/lifestyle-immo24.de\/en\/wp-json\/wp\/v2\/types\/page"}],"author":[{"embeddable":true,"href":"https:\/\/lifestyle-immo24.de\/en\/wp-json\/wp\/v2\/users\/1"}],"replies":[{"embeddable":true,"href":"https:\/\/lifestyle-immo24.de\/en\/wp-json\/wp\/v2\/comments?post=24448"}],"version-history":[{"count":0,"href":"https:\/\/lifestyle-immo24.de\/en\/wp-json\/wp\/v2\/pages\/24448\/revisions"}],"wp:featuredmedia":[{"embeddable":true,"href":"https:\/\/lifestyle-immo24.de\/en\/wp-json\/wp\/v2\/media\/24477"}],"wp:attachment":[{"href":"https:\/\/lifestyle-immo24.de\/en\/wp-json\/wp\/v2\/media?parent=24448"}],"curies":[{"name":"wp","href":"https:\/\/api.w.org\/{rel}","templated":true}]}}