{"id":21361,"date":"2021-07-08T16:01:07","date_gmt":"2021-07-08T14:01:07","guid":{"rendered":"https:\/\/lifestyle-immo24.de\/?page_id=21361"},"modified":"2022-01-25T02:21:34","modified_gmt":"2022-01-25T01:21:34","slug":"gastgeber-werden","status":"publish","type":"page","link":"https:\/\/lifestyle-immo24.de\/en\/gastgeber-werden\/","title":{"rendered":"Become a host"},"content":{"rendered":"<h2>Become a host and earn your first money with us<\/h2>\n<p>Hosting a place has never been easier. You\u00b4re just a few steps away from earning money and reaching many travelers.<\/p>\n<h3>Become a Host<\/h3>\n<form id=\"rhea-hero-widget-c22f57b-form\"\n                                  method=\"get\"\n                                  action=\"https:\/\/lifestyle-immo24.de\/dashboard\/\"><br \/>\n                                <input type=\"hidden\" name=\"module\" value=\"properties\"><br \/>\n                                <input type=\"hidden\" name=\"submodule\" value=\"submit-property\"><br \/>\n                                            <label for=\"rhea-hero-widget-c22f57b-select-location\"\n                                                  ><br \/>\n\t\t\t\t\t\t\t\t\t\t\t\tLocation                                            <\/label><br \/>\n                                            <select name=\"location\"\n                                                    id=\"rhea-hero-widget-c22f57b-select-location\"\n                                                   ><option value=\"\" selected=\"selected\"><br \/>\n\t\t\t\t\t\t\t\t\t\t\t\t\tChoose location                                                <\/option><option value=\"any\" selected=\"selected\">AnyType                                            <\/label><br \/>\n                                            <select name=\"type\" id=\"rhea-hero-widget-c22f57b-select-type\"\n                                                   ><option value=\"\" selected=\"selected\">Select type<\/option><option value=\"915\">Apartamento<\/option><option value=\"123\">Gewerbe<\/option><option value=\"124\">&#8211; B\u00fcro<\/option><option value=\"125\">&#8211; Ladengesch\u00e4ft<\/option><option value=\"97\">&#8211; Restaurant<\/option><option value=\"434\">&#8211; Wohngeb\u00e4ude<\/option><option value=\"232\">Grundst\u00fcck<\/option><option value=\"370\">Haus<\/option><option value=\"203\">&#8211; Einfamilienhaus<\/option><option value=\"374\">&#8211; Ferienhaus<\/option><option value=\"375\">&#8211; Landhaus<\/option><option value=\"166\">&#8211; Mehrfamilienhaus<\/option><option value=\"797\">&#8211; Neubau<\/option><option value=\"378\">&#8211; Reihenhaus<\/option><option value=\"193\">&#8211; Stadt\/Townhaus<\/option><option value=\"811\">&#8211; Triplex<\/option><option value=\"198\">&#8211; Villa<\/option><option value=\"75\">Wohnung<\/option><option value=\"840\">&#8211; Apartment<\/option><option value=\"841\">&#8211; Bungalow<\/option><option value=\"800\">&#8211; Ferienwohnung<\/option><option value=\"157\">&#8211; Loft<\/option><option value=\"58\">&#8211; Penthaus<\/option><option value=\"862\">&#8211; Studio Apartment<\/option><option value=\"798\">Zwangsversteigerung<\/option><\/select><br \/>\n                                            <label for=\"rhea-hero-widget-c22f57b-guests-capacity\"\n                                                  ><br \/>\n\t\t\t\t\t\t\t\t\t\t\t\tMax. Guests                                            <\/label><br \/>\n                                            <input id=\"rhea-hero-widget-c22f57b-guests-capacity\"\n                                                   type=\"text\" name=\"rvr_guests_capacity\"\n                                                   placeholder=\"Number of guests\"\n                                                   autocomplete=\"off\"><br \/>\n                                    <!-- .rhea-hero-widget-form-fields --><br \/>\n\t\t\t\t\t\t\t\t\t\t                                        <input type=\"submit\" value=\"Send\"\n                                              ><br \/>\n                                <!-- .rhea-hero-widget-form-fields-wrapper --><br \/>\n                            <\/form>\n<p><!-- .rhea-hero-widget-form --><br \/>\n                        <!-- .rhea-hero-widget-form-wrapper --><br \/>\n\t\t\t\t\t\t\t\t\t<img decoding=\"async\" width=\"150\" height=\"150\" src=\"https:\/\/lifestyle-immo24.de\/wp-content\/uploads\/2021\/07\/avery-jacob-150x150.jpg\" alt=\"\" loading=\"lazy\" srcset=\"https:\/\/lifestyle-immo24.de\/wp-content\/uploads\/2021\/07\/avery-jacob-150x150.jpg 150w, https:\/\/lifestyle-immo24.de\/wp-content\/uploads\/2021\/07\/avery-jacob-300x300.jpg 300w, https:\/\/lifestyle-immo24.de\/wp-content\/uploads\/2021\/07\/avery-jacob-210x210.jpg 210w, https:\/\/lifestyle-immo24.de\/wp-content\/uploads\/2021\/07\/avery-jacob.jpg 600w\" sizes=\"auto, (max-width: 150px) 100vw, 150px\" \/>                                <\/p>\n<blockquote><p>Lifestyle-Homes has allowed me to create my own job by hosting my place and earning rental income<cite\n                                       > &#8211; Charlotte<\/cite>                            <\/p><\/blockquote>\n<p>                        <!-- .rhea-hero-widget-testimonial-wrapper --><br \/>\n\t\t\t\t\t                <!-- .rhea-hero-widget-col-left --><br \/>\n\t\t\t\t\t\t\t<img decoding=\"async\" width=\"600\" height=\"609\" src=\"https:\/\/lifestyle-immo24.de\/wp-content\/uploads\/2021\/07\/home-600x609.jpg\" alt=\"\" loading=\"lazy\" \/><br \/>\n                    <!-- .rhea-hero-widget-col-right --><br \/>\n\t\t\t\t            <!-- .rhea-hero-widget-inner-wrapper --><br \/>\n        <!-- .rhea-hero-widget-wrapper --><\/p>\n<h2>How does hosting your place works?<\/h2>\n<p>\t\t\t\t\t\t\t\t\t<img decoding=\"async\" width=\"680\" height=\"510\" src=\"https:\/\/lifestyle-immo24.de\/wp-content\/uploads\/2021\/07\/hiw-00-680x510.jpg\" alt=\"List your Place\" loading=\"lazy\" \/>                                <\/p>\n<h3>List your Place<\/h3>\n<p>\n\t\t\t\t\t\t\t\t\tProvide basic details and some pictures of your accommodation and we will publish your ad on our website after checking it                                <\/p>\n<p>                            <svg width=\"150\" height=\"100\" viewBox=\"0 0 150 100\">\n                                <path d=\"M 0 75 q 75 32 150 0\" stroke-dasharray=\"4,6\" stroke=\"#d5d5d5\" stroke-width=\"2\" fill=\"none\"\/>\n                            <\/svg><br \/>\n\t\t\t\t\t\t\t\t\t<img decoding=\"async\" width=\"680\" height=\"510\" src=\"https:\/\/lifestyle-immo24.de\/wp-content\/uploads\/2021\/07\/hiw-01-680x510.jpg\" alt=\"Host Travellers\" loading=\"lazy\" \/>                                <\/p>\n<h3>Host Travellers<\/h3>\n<p>\n\t\t\t\t\t\t\t\t\tTravellers from all over the world see your ad on Lifestyle Homes and book your accommodation now.                                <\/p>\n<p>                            <svg width=\"150\" height=\"100\" viewBox=\"0 0 150 100\">\n                                <path d=\"M 0 75 q 75 -32 150 0\" stroke-dasharray=\"4,6\" stroke=\"#d5d5d5\" stroke-width=\"2\" fill=\"none\"\/>\n                            <\/svg><br \/>\n\t\t\t\t\t\t\t\t\t<img decoding=\"async\" width=\"680\" height=\"510\" src=\"https:\/\/lifestyle-immo24.de\/wp-content\/uploads\/2021\/07\/hiw-02-680x510.jpg\" alt=\"Earn Rental Income\" loading=\"lazy\" \/>                                <\/p>\n<h3>Earn Rental Income<\/h3>\n<p>\n\t\t\t\t\t\t\t\t\tYou will be informed automatically when you make a booking and receive the rental income directly to your account.                                <\/p>\n<h2>Lifestyle Homes provides the right experience for you<\/h2>\n<p>\t\t\t\t\t\t\t\t\t\t<img decoding=\"async\" width=\"60\" height=\"60\" src=\"https:\/\/lifestyle-immo24.de\/wp-content\/uploads\/2021\/07\/icon-1.png\" alt=\"Manage Bookings\" loading=\"lazy\" \/>                                    <\/p>\n<h3>Manage Bookings<\/h3>\n<p>\n\t\t\t\t\t\t\t\t\t\tIn your personal member area you have full control over all bookings and requests.                                    <\/p>\n<p>\t\t\t\t\t\t\t\t\t\t<img decoding=\"async\" width=\"60\" height=\"60\" src=\"https:\/\/lifestyle-immo24.de\/wp-content\/uploads\/2021\/07\/icon-2.png\" alt=\"Low Fees\" loading=\"lazy\" \/>                                    <\/p>\n<h3>Low Fees<\/h3>\n<p>\n\t\t\t\t\t\t\t\t\t\tYou determine the rental price! When making a booking, the hirer pays an extra fee which is added to your price.                                    <\/p>\n<p>\t\t\t\t\t\t\t\t\t\t<img decoding=\"async\" width=\"60\" height=\"60\" src=\"https:\/\/lifestyle-immo24.de\/wp-content\/uploads\/2021\/07\/icon-3.png\" alt=\"Multiple Properties\" loading=\"lazy\" \/>                                    <\/p>\n<h3>Multiple Properties<\/h3>\n<p>\n\t\t\t\t\t\t\t\t\t\tYou can post as many accommodations as you want on our site. Take a look at our membership packages.                                    <\/p>\n<h2>Check what our amazing hosts have to say!<\/h2>\n<p>\t\t\t\t\t                        <svg xmlns=\"http:\/\/www.w3.org\/2000\/svg\" width=\"62\" height=\"56\"><path d=\"M21 34.4L13.9 34.4C14 30.7 14.1 26.4 21 24.2L21 14.1C15.6 15 10.5 15.9 6 20.5 0.3 26.1 0.2 32.8 0.1 39.4L0.1 55.9 21 55.9 21 34.4ZM61.9 27.2L52.4 27.2C52.6 22.4 52.7 16.6 61.9 13.7L61.9 0.1C54.9 1.3 48 2.6 41.9 8.7 34.4 16.1 34.2 25.1 34 33.9L34 55.9 61.9 55.9 61.9 27.2Z\" fill=\"rgb(255, 255, 255)\"\/><\/svg><\/p>\n<ul>\n<li>\n<p>As a guest house owner, it has been a great experience renting through Lifestyle Homes. Everything is easy to set up and I can easily manage my rental bookings. Most importantly, you are always in full control of your business.<\/p>\n<p>                                                <img decoding=\"async\" src=\"https:\/\/lifestyle-immo24.de\/wp-content\/uploads\/2021\/07\/connor-colton.jpg\" title=\"connor-colton\" alt=\"connor-colton\" \/>                                            <\/p>\n<h3>Michael Williams<\/h3>\n<p>                                                    Host\n                                <\/li>\n<li>\n<p>Everything was super easy and it was even fun to create the ad myself! Registered briefly, selected the membership package and sent the ad.<\/p>\n<p>                                                <img decoding=\"async\" src=\"https:\/\/lifestyle-immo24.de\/wp-content\/uploads\/2021\/07\/sophia-sebastian.jpg\" title=\"sophia-sebastian\" alt=\"sophia-sebastian\" \/>                                            <\/p>\n<h3>Olivia Joseph<\/h3>\n<p>                                                    Gastgeber\n                                <\/li>\n<\/ul>\n<p>                        <a href=\"prev\"><svg height=\"40\" viewBox=\"0 0 48 48\" width=\"40\" xmlns=\"http:\/\/www.w3.org\/2000\/svg\"><path d=\"M30.83 32.67l-9.17-9.17 9.17-9.17-2.83-2.83-12 12 12 12z\"\/><path d=\"M0-.5h48v48h-48z\" fill=\"none\"\/><\/svg><br \/>\n<\/a><br \/>\n                        <a href=\"next\"><svg height=\"40\" viewBox=\"0 0 48 48\" width=\"40\" xmlns=\"http:\/\/www.w3.org\/2000\/svg\"><path d=\"M17.17 32.92l9.17-9.17-9.17-9.17 2.83-2.83 12 12-12 12z\"\/><path d=\"M0-.25h48v48h-48z\" fill=\"none\"\/><\/svg><br \/>\n<\/a><\/p>\n<h2>LifestyleHomes brings<br \/>an amazing experience <br \/>for you!<\/h2>\n<p>\t\t\t<a href=\"https:\/\/lifestyle-immo24.de\/dashboard\/?module=profile\" role=\"button\"><br \/>\n\t\t\t\t\t\tGet Started<br \/>\n\t\t\t\t\t<\/a><\/p>\n<h3>\n\t\t\t\t\t\t12,569<br \/>\n\t\t\t\t<\/h3>\n<p>\n\t\t\t\t\t\tHosted Places\t\t\t\t\t<\/p>\n<h3>\n\t\t\t\t\t\t\u20ac856K<br \/>\n\t\t\t\t<\/h3>\n<p>\n\t\t\t\t\t\tEarned by Hosts\t\t\t\t\t<\/p>\n<h2>Frequently Asked Questions<\/h2>\n<p>Here you will find the answers to the most frequently asked questions. If your question is not listed, you can contact us via the contact page.<\/p>\n<p>\t\t\t<a href=\"https:\/\/lifestyle-immo24.de\/contact-us\/\" role=\"button\"><br \/>\n\t\t\t\t\t\tContact Us<br \/>\n\t\t\t\t\t<\/a><\/p>\n<dl id=\"rhea-accordion-ead8be7\">\n<dt>\n\t\t\t\t\tHow to become a Host?<\/dt>\n<dd>\n<p>Wenn Du eine Unterkunft besitzt und diese \u00fcber uns vermieten m\u00f6chtest, musst Du Dich einmal im Anmeldebereich kostenlos registrieren. Danach erh\u00e4ltst Du Deine Logindaten per Email und hast Zugriff auf unseren Mitgliederbereich. Dort kannst Du bequem Deine Unterkunftsanzeige erstellen und sie anschlie\u00dfend ver\u00f6ffentlichen.<\/p>\n<\/dd>\n<dt>\n\t\t\t\t\tHow to list my place as featured?<\/dt>\n<dd>\n<p>In unserem Mitgliederbereich kannst Du zwischen verschiedenen Anzeigenpaketen w\u00e4hlen. W\u00e4hle eins mit der Option &#8222;als Top Angebot kennzeichnen&#8220; und die Funktion wird freigeschaltet.<\/p>\n<\/dd>\n<dt>\n\t\t\t\t\tWhat are the guest care rules?<\/dt>\n<dd>\n<p>Du solltest Deinen Gast nach der Buchung \u00fcber E-Mail kontaktieren. Nimm ihm die Unsicherheit und schreibe ein paar nette Worte. Informiere Ihn z.B. dar\u00fcber wie er am Besten zu Deiner Unterkunft kommt. Weiterhin solltest Du die Kautionsregelung und Stornierungsbedingungen mitteilen. Ein Mietvertag bietet Sich in diesem Fall an. Denke immer daran: Je wohler sich Dein Gast bei Dir f\u00fchlt, umso eher bucht er Deine Unterkunft beim n\u00e4chsten Mal und empfiehlt Dich weiter!<\/p>\n<\/dd>\n<dt>\n\t\t\t\t\tHow the payment works?<\/dt>\n<dd>Akkordeon Inhalt<\/dd>\n<dt>\n\t\t\t\t\tHow reservation and cancelation works?<\/dt>\n<dd>Akkordeon Inhalt<\/dd>\n<dt>\n\t\t\t\t\tHow to get payment?<\/dt>\n<dd>Akkordeon Inhalt<\/dd>\n<dt>\n\t\t\t\t\tHow refund works?<\/dt>\n<dd>Akkordeon Inhalt<\/dd>\n<\/dl>\n","protected":false},"excerpt":{"rendered":"<p>Become a host and earn your first money with us Hosting a place has never been easier. You\u00b4re just a few steps away from earning money and reaching many travelers. Become a Host Location Choose location AnyType Select typeApartamentoGewerbe&#8211; B\u00fcro&#8211; Ladengesch\u00e4ft&#8211; Restaurant&#8211; Wohngeb\u00e4udeGrundst\u00fcckHaus&#8211; Einfamilienhaus&#8211; Ferienhaus&#8211; Landhaus&#8211; Mehrfamilienhaus&#8211; Neubau&#8211; Reihenhaus&#8211; Stadt\/Townhaus&#8211; Triplex&#8211; VillaWohnung&#8211; Apartment&#8211; Bungalow&#8211; Ferienwohnung&#8211;&#8230;<\/p>\n","protected":false},"author":1,"featured_media":0,"parent":0,"menu_order":0,"comment_status":"closed","ping_status":"closed","template":"elementor_header_footer","meta":{"_exactmetrics_skip_tracking":false,"_exactmetrics_sitenote_active":false,"_exactmetrics_sitenote_note":"","_exactmetrics_sitenote_category":0,"footnotes":""},"class_list":["post-21361","page","type-page","status-publish","hentry"],"yoast_head":"<!-- This site is optimized with the Yoast SEO plugin v27.4 - https:\/\/yoast.com\/product\/yoast-seo-wordpress\/ -->\n<title>Become a host &#8211; Lifestyle Homes<\/title>\n<meta name=\"robots\" content=\"index, follow, max-snippet:-1, max-image-preview:large, max-video-preview:-1\" \/>\n<link rel=\"canonical\" href=\"https:\/\/lifestyle-immo24.de\/en\/gastgeber-werden\/\" \/>\n<meta property=\"og:locale\" content=\"en_US\" \/>\n<meta property=\"og:type\" content=\"article\" \/>\n<meta property=\"og:title\" content=\"Become a host &#8211; Lifestyle Homes\" \/>\n<meta property=\"og:description\" content=\"Become a host and earn your first money with us Hosting a place has never been easier. You\u00b4re just a few steps away from earning money and reaching many travelers. Become a Host Location Choose location AnyType Select typeApartamentoGewerbe&#8211; B\u00fcro&#8211; Ladengesch\u00e4ft&#8211; Restaurant&#8211; Wohngeb\u00e4udeGrundst\u00fcckHaus&#8211; Einfamilienhaus&#8211; Ferienhaus&#8211; Landhaus&#8211; Mehrfamilienhaus&#8211; Neubau&#8211; Reihenhaus&#8211; Stadt\/Townhaus&#8211; Triplex&#8211; VillaWohnung&#8211; Apartment&#8211; Bungalow&#8211; Ferienwohnung&#8211;...\" \/>\n<meta property=\"og:url\" content=\"https:\/\/lifestyle-immo24.de\/en\/gastgeber-werden\/\" \/>\n<meta property=\"og:site_name\" content=\"Lifestyle Homes\" \/>\n<meta property=\"article:publisher\" content=\"https:\/\/www.facebook.com\/LifeStyleImmo24\/\" \/>\n<meta property=\"article:modified_time\" content=\"2022-01-25T01:21:34+00:00\" \/>\n<meta property=\"og:image\" content=\"https:\/\/lifestyle-immo24.de\/wp-content\/uploads\/2021\/07\/avery-jacob-150x150.jpg\" \/>\n<meta name=\"twitter:card\" content=\"summary_large_image\" \/>\n<meta name=\"twitter:label1\" content=\"Est. reading time\" \/>\n\t<meta name=\"twitter:data1\" content=\"10 minutes\" \/>\n<script type=\"application\/ld+json\" class=\"yoast-schema-graph\">{\"@context\":\"https:\\\/\\\/schema.org\",\"@graph\":[{\"@type\":\"WebPage\",\"@id\":\"https:\\\/\\\/lifestyle-immo24.de\\\/en\\\/gastgeber-werden\\\/\",\"url\":\"https:\\\/\\\/lifestyle-immo24.de\\\/en\\\/gastgeber-werden\\\/\",\"name\":\"Become a host &#8211; Lifestyle Homes\",\"isPartOf\":{\"@id\":\"https:\\\/\\\/lifestyle-immo24.de\\\/en\\\/#website\"},\"primaryImageOfPage\":{\"@id\":\"https:\\\/\\\/lifestyle-immo24.de\\\/en\\\/gastgeber-werden\\\/#primaryimage\"},\"image\":{\"@id\":\"https:\\\/\\\/lifestyle-immo24.de\\\/gastgeber-werden\\\/#primaryimage\"},\"thumbnailUrl\":\"https:\\\/\\\/lifestyle-immo24.de\\\/wp-content\\\/uploads\\\/2021\\\/07\\\/avery-jacob-150x150.jpg\",\"datePublished\":\"2021-07-08T14:01:07+00:00\",\"dateModified\":\"2022-01-25T01:21:34+00:00\",\"breadcrumb\":{\"@id\":\"https:\\\/\\\/lifestyle-immo24.de\\\/en\\\/gastgeber-werden\\\/#breadcrumb\"},\"inLanguage\":\"en-US\",\"potentialAction\":[{\"@type\":\"ReadAction\",\"target\":[[\"https:\\\/\\\/lifestyle-immo24.de\\\/en\\\/gastgeber-werden\\\/\"]]}]},{\"@type\":\"ImageObject\",\"inLanguage\":\"en-US\",\"@id\":\"https:\\\/\\\/lifestyle-immo24.de\\\/en\\\/gastgeber-werden\\\/#primaryimage\",\"url\":\"https:\\\/\\\/lifestyle-immo24.de\\\/wp-content\\\/uploads\\\/2021\\\/07\\\/avery-jacob-150x150.jpg\",\"contentUrl\":\"https:\\\/\\\/lifestyle-immo24.de\\\/wp-content\\\/uploads\\\/2021\\\/07\\\/avery-jacob-150x150.jpg\"},{\"@type\":\"BreadcrumbList\",\"@id\":\"https:\\\/\\\/lifestyle-immo24.de\\\/en\\\/gastgeber-werden\\\/#breadcrumb\",\"itemListElement\":[{\"@type\":\"ListItem\",\"position\":1,\"name\":\"Startseite\",\"item\":\"https:\\\/\\\/lifestyle-immo24.de\\\/en\\\/\"},{\"@type\":\"ListItem\",\"position\":2,\"name\":\"Gastgeber werden\"}]},{\"@type\":\"WebSite\",\"@id\":\"https:\\\/\\\/lifestyle-immo24.de\\\/en\\\/#website\",\"url\":\"https:\\\/\\\/lifestyle-immo24.de\\\/en\\\/\",\"name\":\"Lifestyle Homes\",\"description\":\"Holiday Homes for rent or for sale\",\"publisher\":{\"@id\":\"https:\\\/\\\/lifestyle-immo24.de\\\/en\\\/#organization\"},\"potentialAction\":[{\"@type\":\"SearchAction\",\"target\":{\"@type\":\"EntryPoint\",\"urlTemplate\":\"https:\\\/\\\/lifestyle-immo24.de\\\/en\\\/?s={search_term_string}\"},\"query-input\":{\"@type\":\"PropertyValueSpecification\",\"valueRequired\":true,\"valueName\":\"search_term_string\"}}],\"inLanguage\":\"en-US\"},{\"@type\":\"Organization\",\"@id\":\"https:\\\/\\\/lifestyle-immo24.de\\\/en\\\/#organization\",\"name\":\"Lifestyle-Immo24\",\"url\":\"https:\\\/\\\/lifestyle-immo24.de\\\/en\\\/\",\"logo\":{\"@type\":\"ImageObject\",\"inLanguage\":\"en-US\",\"@id\":\"https:\\\/\\\/lifestyle-immo24.de\\\/en\\\/#\\\/schema\\\/logo\\\/image\\\/\",\"url\":\"https:\\\/\\\/lifestyle-immo24.de\\\/wp-content\\\/uploads\\\/2017\\\/05\\\/LOGO-Michael-Heinze-Immo-1.png\",\"contentUrl\":\"https:\\\/\\\/lifestyle-immo24.de\\\/wp-content\\\/uploads\\\/2017\\\/05\\\/LOGO-Michael-Heinze-Immo-1.png\",\"width\":1559,\"height\":482,\"caption\":\"Lifestyle-Immo24\"},\"image\":{\"@id\":\"https:\\\/\\\/lifestyle-immo24.de\\\/en\\\/#\\\/schema\\\/logo\\\/image\\\/\"},\"sameAs\":[\"https:\\\/\\\/www.facebook.com\\\/LifeStyleImmo24\\\/\"]}]}<\/script>\n<!-- \/ Yoast SEO plugin. -->","yoast_head_json":{"title":"Become a host &#8211; Lifestyle Homes","robots":{"index":"index","follow":"follow","max-snippet":"max-snippet:-1","max-image-preview":"max-image-preview:large","max-video-preview":"max-video-preview:-1"},"canonical":"https:\/\/lifestyle-immo24.de\/en\/gastgeber-werden\/","og_locale":"en_US","og_type":"article","og_title":"Become a host &#8211; Lifestyle Homes","og_description":"Become a host and earn your first money with us Hosting a place has never been easier. You\u00b4re just a few steps away from earning money and reaching many travelers. Become a Host Location Choose location AnyType Select typeApartamentoGewerbe&#8211; B\u00fcro&#8211; Ladengesch\u00e4ft&#8211; Restaurant&#8211; Wohngeb\u00e4udeGrundst\u00fcckHaus&#8211; Einfamilienhaus&#8211; Ferienhaus&#8211; Landhaus&#8211; Mehrfamilienhaus&#8211; Neubau&#8211; Reihenhaus&#8211; Stadt\/Townhaus&#8211; Triplex&#8211; VillaWohnung&#8211; Apartment&#8211; Bungalow&#8211; Ferienwohnung&#8211;...","og_url":"https:\/\/lifestyle-immo24.de\/en\/gastgeber-werden\/","og_site_name":"Lifestyle Homes","article_publisher":"https:\/\/www.facebook.com\/LifeStyleImmo24\/","article_modified_time":"2022-01-25T01:21:34+00:00","og_image":[{"url":"https:\/\/lifestyle-immo24.de\/wp-content\/uploads\/2021\/07\/avery-jacob-150x150.jpg","type":"","width":"","height":""}],"twitter_card":"summary_large_image","twitter_misc":{"Est. reading time":"10 minutes"},"schema":{"@context":"https:\/\/schema.org","@graph":[{"@type":"WebPage","@id":"https:\/\/lifestyle-immo24.de\/en\/gastgeber-werden\/","url":"https:\/\/lifestyle-immo24.de\/en\/gastgeber-werden\/","name":"Become a host &#8211; Lifestyle Homes","isPartOf":{"@id":"https:\/\/lifestyle-immo24.de\/en\/#website"},"primaryImageOfPage":{"@id":"https:\/\/lifestyle-immo24.de\/en\/gastgeber-werden\/#primaryimage"},"image":{"@id":"https:\/\/lifestyle-immo24.de\/gastgeber-werden\/#primaryimage"},"thumbnailUrl":"https:\/\/lifestyle-immo24.de\/wp-content\/uploads\/2021\/07\/avery-jacob-150x150.jpg","datePublished":"2021-07-08T14:01:07+00:00","dateModified":"2022-01-25T01:21:34+00:00","breadcrumb":{"@id":"https:\/\/lifestyle-immo24.de\/en\/gastgeber-werden\/#breadcrumb"},"inLanguage":"en-US","potentialAction":[{"@type":"ReadAction","target":[["https:\/\/lifestyle-immo24.de\/en\/gastgeber-werden\/"]]}]},{"@type":"ImageObject","inLanguage":"en-US","@id":"https:\/\/lifestyle-immo24.de\/en\/gastgeber-werden\/#primaryimage","url":"https:\/\/lifestyle-immo24.de\/wp-content\/uploads\/2021\/07\/avery-jacob-150x150.jpg","contentUrl":"https:\/\/lifestyle-immo24.de\/wp-content\/uploads\/2021\/07\/avery-jacob-150x150.jpg"},{"@type":"BreadcrumbList","@id":"https:\/\/lifestyle-immo24.de\/en\/gastgeber-werden\/#breadcrumb","itemListElement":[{"@type":"ListItem","position":1,"name":"Startseite","item":"https:\/\/lifestyle-immo24.de\/en\/"},{"@type":"ListItem","position":2,"name":"Gastgeber werden"}]},{"@type":"WebSite","@id":"https:\/\/lifestyle-immo24.de\/en\/#website","url":"https:\/\/lifestyle-immo24.de\/en\/","name":"Lifestyle Homes","description":"Holiday Homes for rent or for sale","publisher":{"@id":"https:\/\/lifestyle-immo24.de\/en\/#organization"},"potentialAction":[{"@type":"SearchAction","target":{"@type":"EntryPoint","urlTemplate":"https:\/\/lifestyle-immo24.de\/en\/?s={search_term_string}"},"query-input":{"@type":"PropertyValueSpecification","valueRequired":true,"valueName":"search_term_string"}}],"inLanguage":"en-US"},{"@type":"Organization","@id":"https:\/\/lifestyle-immo24.de\/en\/#organization","name":"Lifestyle-Immo24","url":"https:\/\/lifestyle-immo24.de\/en\/","logo":{"@type":"ImageObject","inLanguage":"en-US","@id":"https:\/\/lifestyle-immo24.de\/en\/#\/schema\/logo\/image\/","url":"https:\/\/lifestyle-immo24.de\/wp-content\/uploads\/2017\/05\/LOGO-Michael-Heinze-Immo-1.png","contentUrl":"https:\/\/lifestyle-immo24.de\/wp-content\/uploads\/2017\/05\/LOGO-Michael-Heinze-Immo-1.png","width":1559,"height":482,"caption":"Lifestyle-Immo24"},"image":{"@id":"https:\/\/lifestyle-immo24.de\/en\/#\/schema\/logo\/image\/"},"sameAs":["https:\/\/www.facebook.com\/LifeStyleImmo24\/"]}]}},"_links":{"self":[{"href":"https:\/\/lifestyle-immo24.de\/en\/wp-json\/wp\/v2\/pages\/21361","targetHints":{"allow":["GET"]}}],"collection":[{"href":"https:\/\/lifestyle-immo24.de\/en\/wp-json\/wp\/v2\/pages"}],"about":[{"href":"https:\/\/lifestyle-immo24.de\/en\/wp-json\/wp\/v2\/types\/page"}],"author":[{"embeddable":true,"href":"https:\/\/lifestyle-immo24.de\/en\/wp-json\/wp\/v2\/users\/1"}],"replies":[{"embeddable":true,"href":"https:\/\/lifestyle-immo24.de\/en\/wp-json\/wp\/v2\/comments?post=21361"}],"version-history":[{"count":0,"href":"https:\/\/lifestyle-immo24.de\/en\/wp-json\/wp\/v2\/pages\/21361\/revisions"}],"wp:attachment":[{"href":"https:\/\/lifestyle-immo24.de\/en\/wp-json\/wp\/v2\/media?parent=21361"}],"curies":[{"name":"wp","href":"https:\/\/api.w.org\/{rel}","templated":true}]}}