{"id":16294,"date":"2021-10-22T17:06:07","date_gmt":"2021-10-22T15:06:07","guid":{"rendered":"https:\/\/lifestyle-immo24.de\/?page_id=16294"},"modified":"2021-10-22T23:25:38","modified_gmt":"2021-10-22T21:25:38","slug":"ferienhaus-daenemark","status":"publish","type":"page","link":"https:\/\/lifestyle-immo24.de\/en\/ferienhaus-daenemark\/","title":{"rendered":"Holiday Homes in Denmark"},"content":{"rendered":"<\/p>\n<h2><strong>Holiday homes in Denmark &#8211; the perfect beach vacation!<\/strong><\/h2>\n<p>The Danish coastal region is known for cheap and great holidays, especially with families or couples. The Danes are hospitable, cosmopolitan people and the unique nature of the country immediately casts a spell on you. The selection of holiday homes is particularly extensive in the coastal region. From simple and inexpensive wooden huts to luxury villas with a pool and sauna, there is something for every taste. Most of the holiday homes in Denmark are fully equipped so that you don&#8217;t have to take anything with you. Even large families or dog owners will always find enough space. In addition, Denmark, as Germany&#8217;s neighbor, can be reached by car within a very short time. And the shorter the journey to and from the hotel &#8211; the more time there is for your vacation!Choose your perfect dream home in Denmark from more than 20,000 offers in various sizes and locations. Simply enter your travel period and select the desired equipment with the filter function &#8211; done. Only vacant houses are shown during your travel time!<\/p>\n<h2><strong>Special features for a visit to the beach in Denmark<\/strong><\/h2>\n<p>Why do German guests find the beach in Denmark so unique?<\/p>\n<p>What the Danes perceive as normal is unfortunately not a matter of course everywhere in the world.<\/p>\n<p>We have described some of the special features and if we have forgotten something, feel free to add a comment to the list.<\/p>\n<h3><strong>No beach fees<\/strong><\/h3>\n<p>Access to the Danish North Sea beach is free everywhere (of course there are still lifeguards on the most popular beaches, who ensure the safety of bathers in summer).There are also no fees for the use of beach chairs, because there are none. But you can bring your own beach shelter or beach lounger with you everywhere \ud83d\ude09The North Sea beach also has no opening times and you can enjoy the calming sound of waves around the clock, watch the sunset on the horizon in the evening or go swimming in the moonlight at night!<\/p>\n<h3><strong>No parking fees<\/strong><\/h3>\n<p>And while you are on the beach, your car is parked for free (if you are even there with your car. Perhaps you have booked one of our many beachfront holiday homes in Denmark and prefer to walk the short way to the beach; o)The beach car parks are well signposted from the country road with place names + beach (for example &#8216;Houvig Strand&#8217;, &#8216;\u00c5rgab Strand&#8217; etc.) and you don&#8217;t have to worry about whether parking fees have to be paid in one or the other beach car park, it is actually free everywhere.<\/p>\n<h3><strong>No fenced-in beach sections<\/strong><\/h3>\n<p>When we say &#8216;beaches&#8217; it is actually misleading. Because the beach is really endless and you won&#8217;t find a fence or stretch of beach where you can&#8217;t get any further.For example, there are no sections only for dogs, children, water sports enthusiasts, sun worshipers, etc. There is space for everyone and the whole family can be together on the beach, no matter what the individual family members are up to.<\/p>\n<h3><strong>No prohibition signs<\/strong><\/h3>\n<p>There are also no prohibition signs on the North Sea beach. But that doesn&#8217;t mean that we behave inconsiderately towards other beach guests. It simply means that the Danes really value your freedom and trust each other.One trusts that everyone will be considerate of one another; Dog owners on beach guests without a dog, athletes on relaxation guests and so on.And it shouldn&#8217;t really be difficult. Because on the endless and wide sandy beach there is enough space that everyone can unfold without disturbing anyone. Regardless of whether it is about flying kites, building sand castles, sunbathing, swimming, running or romping with the dog.That&#8217;s it for now. We wish you a lot of fun for your next vacation in Denmark!<\/p><\/p>\n","protected":false},"excerpt":{"rendered":"<p>Holiday homes in Denmark &#8211; the perfect beach vacation! The Danish coastal region is known for cheap and great holidays, especially with families or couples. The Danes are hospitable, cosmopolitan people and the unique nature of the country immediately casts a spell on you. The selection of holiday homes is particularly extensive in the coastal&#8230;<\/p>\n","protected":false},"author":1,"featured_media":18827,"parent":0,"menu_order":0,"comment_status":"closed","ping_status":"closed","template":"templates\/fluid-width.php","meta":{"_exactmetrics_skip_tracking":false,"_exactmetrics_sitenote_active":false,"_exactmetrics_sitenote_note":"","_exactmetrics_sitenote_category":0,"footnotes":""},"class_list":["post-16294","page","type-page","status-publish","has-post-thumbnail","hentry"],"yoast_head":"<!-- This site is optimized with the Yoast SEO plugin v27.6 - https:\/\/yoast.com\/product\/yoast-seo-wordpress\/ -->\n<title>Holiday Homes in Denmark &#8211; Mehr als 20.000 Unterk\u00fcnfte!<\/title>\n<meta name=\"description\" content=\"Urlaub bei unseren Nachbarn in D\u00e4nemark wird immer beliebter! Finde jetzt Dein Ferienhaus mit oder ohne Hund zu vern\u00fcnftigen Preisen!\" \/>\n<meta name=\"robots\" content=\"index, follow, max-snippet:-1, max-image-preview:large, max-video-preview:-1\" \/>\n<link rel=\"canonical\" href=\"https:\/\/lifestyle-immo24.de\/en\/ferienhaus-daenemark\/\" \/>\n<meta property=\"og:locale\" content=\"en_US\" \/>\n<meta property=\"og:type\" content=\"article\" \/>\n<meta property=\"og:title\" content=\"Holiday Homes in Denmark &#8211; Mehr als 20.000 Unterk\u00fcnfte!\" \/>\n<meta property=\"og:description\" content=\"Urlaub bei unseren Nachbarn in D\u00e4nemark wird immer beliebter! Finde jetzt Dein Ferienhaus mit oder ohne Hund zu vern\u00fcnftigen Preisen!\" \/>\n<meta property=\"og:url\" content=\"https:\/\/lifestyle-immo24.de\/en\/ferienhaus-daenemark\/\" \/>\n<meta property=\"og:site_name\" content=\"Lifestyle Homes\" \/>\n<meta property=\"article:publisher\" content=\"https:\/\/www.facebook.com\/LifeStyleImmo24\/\" \/>\n<meta property=\"article:modified_time\" content=\"2021-10-22T21:25:38+00:00\" \/>\n<meta property=\"og:image\" content=\"https:\/\/lifestyle-immo24.de\/wp-content\/uploads\/2020\/04\/Ferienh\u00e4user-D\u00e4nemark.jpg\" \/>\n\t<meta property=\"og:image:width\" content=\"770\" \/>\n\t<meta property=\"og:image:height\" content=\"490\" \/>\n\t<meta property=\"og:image:type\" content=\"image\/jpeg\" \/>\n<meta name=\"twitter:card\" content=\"summary_large_image\" \/>\n<meta name=\"twitter:label1\" content=\"Est. reading time\" \/>\n\t<meta name=\"twitter:data1\" content=\"9 minutes\" \/>\n<script type=\"application\/ld+json\" class=\"yoast-schema-graph\">{\"@context\":\"https:\\\/\\\/schema.org\",\"@graph\":[{\"@type\":\"WebPage\",\"@id\":\"https:\\\/\\\/lifestyle-immo24.de\\\/en\\\/ferienhaus-daenemark\\\/\",\"url\":\"https:\\\/\\\/lifestyle-immo24.de\\\/en\\\/ferienhaus-daenemark\\\/\",\"name\":\"Holiday Homes in Denmark &#8211; Mehr als 20.000 Unterk\u00fcnfte!\",\"isPartOf\":{\"@id\":\"https:\\\/\\\/lifestyle-immo24.de\\\/en\\\/#website\"},\"primaryImageOfPage\":{\"@id\":\"https:\\\/\\\/lifestyle-immo24.de\\\/en\\\/ferienhaus-daenemark\\\/#primaryimage\"},\"image\":{\"@id\":\"https:\\\/\\\/lifestyle-immo24.de\\\/ferienhaus-daenemark\\\/#primaryimage\"},\"thumbnailUrl\":\"https:\\\/\\\/lifestyle-immo24.de\\\/wp-content\\\/uploads\\\/2020\\\/04\\\/Ferienh\u00e4user-D\u00e4nemark.jpg\",\"datePublished\":\"2021-10-22T15:06:07+00:00\",\"dateModified\":\"2021-10-22T21:25:38+00:00\",\"description\":\"Urlaub bei unseren Nachbarn in D\u00e4nemark wird immer beliebter! Finde jetzt Dein Ferienhaus mit oder ohne Hund zu vern\u00fcnftigen Preisen!\",\"breadcrumb\":{\"@id\":\"https:\\\/\\\/lifestyle-immo24.de\\\/en\\\/ferienhaus-daenemark\\\/#breadcrumb\"},\"inLanguage\":\"en-US\",\"potentialAction\":[{\"@type\":\"ReadAction\",\"target\":[[\"https:\\\/\\\/lifestyle-immo24.de\\\/en\\\/ferienhaus-daenemark\\\/\"]]}]},{\"@type\":\"ImageObject\",\"inLanguage\":\"en-US\",\"@id\":\"https:\\\/\\\/lifestyle-immo24.de\\\/en\\\/ferienhaus-daenemark\\\/#primaryimage\",\"url\":\"https:\\\/\\\/lifestyle-immo24.de\\\/wp-content\\\/uploads\\\/2020\\\/04\\\/Ferienh\u00e4user-D\u00e4nemark.jpg\",\"contentUrl\":\"https:\\\/\\\/lifestyle-immo24.de\\\/wp-content\\\/uploads\\\/2020\\\/04\\\/Ferienh\u00e4user-D\u00e4nemark.jpg\",\"width\":770,\"height\":490,\"caption\":\"D\u00e4nemark Urlaub Ferienh\u00e4user\"},{\"@type\":\"BreadcrumbList\",\"@id\":\"https:\\\/\\\/lifestyle-immo24.de\\\/en\\\/ferienhaus-daenemark\\\/#breadcrumb\",\"itemListElement\":[{\"@type\":\"ListItem\",\"position\":1,\"name\":\"Startseite\",\"item\":\"https:\\\/\\\/lifestyle-immo24.de\\\/en\\\/\"},{\"@type\":\"ListItem\",\"position\":2,\"name\":\"Ferienhaus in D\u00e4nemark mieten\"}]},{\"@type\":\"WebSite\",\"@id\":\"https:\\\/\\\/lifestyle-immo24.de\\\/en\\\/#website\",\"url\":\"https:\\\/\\\/lifestyle-immo24.de\\\/en\\\/\",\"name\":\"Lifestyle Homes\",\"description\":\"Holiday Homes for rent or for sale\",\"publisher\":{\"@id\":\"https:\\\/\\\/lifestyle-immo24.de\\\/en\\\/#organization\"},\"potentialAction\":[{\"@type\":\"SearchAction\",\"target\":{\"@type\":\"EntryPoint\",\"urlTemplate\":\"https:\\\/\\\/lifestyle-immo24.de\\\/en\\\/?s={search_term_string}\"},\"query-input\":{\"@type\":\"PropertyValueSpecification\",\"valueRequired\":true,\"valueName\":\"search_term_string\"}}],\"inLanguage\":\"en-US\"},{\"@type\":\"Organization\",\"@id\":\"https:\\\/\\\/lifestyle-immo24.de\\\/en\\\/#organization\",\"name\":\"Lifestyle-Immo24\",\"url\":\"https:\\\/\\\/lifestyle-immo24.de\\\/en\\\/\",\"logo\":{\"@type\":\"ImageObject\",\"inLanguage\":\"en-US\",\"@id\":\"https:\\\/\\\/lifestyle-immo24.de\\\/en\\\/#\\\/schema\\\/logo\\\/image\\\/\",\"url\":\"https:\\\/\\\/lifestyle-immo24.de\\\/wp-content\\\/uploads\\\/2017\\\/05\\\/LOGO-Michael-Heinze-Immo-1.png\",\"contentUrl\":\"https:\\\/\\\/lifestyle-immo24.de\\\/wp-content\\\/uploads\\\/2017\\\/05\\\/LOGO-Michael-Heinze-Immo-1.png\",\"width\":1559,\"height\":482,\"caption\":\"Lifestyle-Immo24\"},\"image\":{\"@id\":\"https:\\\/\\\/lifestyle-immo24.de\\\/en\\\/#\\\/schema\\\/logo\\\/image\\\/\"},\"sameAs\":[\"https:\\\/\\\/www.facebook.com\\\/LifeStyleImmo24\\\/\"]}]}<\/script>\n<!-- \/ Yoast SEO plugin. -->","yoast_head_json":{"title":"Holiday Homes in Denmark &#8211; Mehr als 20.000 Unterk\u00fcnfte!","description":"Urlaub bei unseren Nachbarn in D\u00e4nemark wird immer beliebter! Finde jetzt Dein Ferienhaus mit oder ohne Hund zu vern\u00fcnftigen Preisen!","robots":{"index":"index","follow":"follow","max-snippet":"max-snippet:-1","max-image-preview":"max-image-preview:large","max-video-preview":"max-video-preview:-1"},"canonical":"https:\/\/lifestyle-immo24.de\/en\/ferienhaus-daenemark\/","og_locale":"en_US","og_type":"article","og_title":"Holiday Homes in Denmark &#8211; Mehr als 20.000 Unterk\u00fcnfte!","og_description":"Urlaub bei unseren Nachbarn in D\u00e4nemark wird immer beliebter! Finde jetzt Dein Ferienhaus mit oder ohne Hund zu vern\u00fcnftigen Preisen!","og_url":"https:\/\/lifestyle-immo24.de\/en\/ferienhaus-daenemark\/","og_site_name":"Lifestyle Homes","article_publisher":"https:\/\/www.facebook.com\/LifeStyleImmo24\/","article_modified_time":"2021-10-22T21:25:38+00:00","og_image":[{"width":770,"height":490,"url":"https:\/\/lifestyle-immo24.de\/wp-content\/uploads\/2020\/04\/Ferienh\u00e4user-D\u00e4nemark.jpg","type":"image\/jpeg"}],"twitter_card":"summary_large_image","twitter_misc":{"Est. reading time":"9 minutes"},"schema":{"@context":"https:\/\/schema.org","@graph":[{"@type":"WebPage","@id":"https:\/\/lifestyle-immo24.de\/en\/ferienhaus-daenemark\/","url":"https:\/\/lifestyle-immo24.de\/en\/ferienhaus-daenemark\/","name":"Holiday Homes in Denmark &#8211; Mehr als 20.000 Unterk\u00fcnfte!","isPartOf":{"@id":"https:\/\/lifestyle-immo24.de\/en\/#website"},"primaryImageOfPage":{"@id":"https:\/\/lifestyle-immo24.de\/en\/ferienhaus-daenemark\/#primaryimage"},"image":{"@id":"https:\/\/lifestyle-immo24.de\/ferienhaus-daenemark\/#primaryimage"},"thumbnailUrl":"https:\/\/lifestyle-immo24.de\/wp-content\/uploads\/2020\/04\/Ferienh\u00e4user-D\u00e4nemark.jpg","datePublished":"2021-10-22T15:06:07+00:00","dateModified":"2021-10-22T21:25:38+00:00","description":"Urlaub bei unseren Nachbarn in D\u00e4nemark wird immer beliebter! Finde jetzt Dein Ferienhaus mit oder ohne Hund zu vern\u00fcnftigen Preisen!","breadcrumb":{"@id":"https:\/\/lifestyle-immo24.de\/en\/ferienhaus-daenemark\/#breadcrumb"},"inLanguage":"en-US","potentialAction":[{"@type":"ReadAction","target":[["https:\/\/lifestyle-immo24.de\/en\/ferienhaus-daenemark\/"]]}]},{"@type":"ImageObject","inLanguage":"en-US","@id":"https:\/\/lifestyle-immo24.de\/en\/ferienhaus-daenemark\/#primaryimage","url":"https:\/\/lifestyle-immo24.de\/wp-content\/uploads\/2020\/04\/Ferienh\u00e4user-D\u00e4nemark.jpg","contentUrl":"https:\/\/lifestyle-immo24.de\/wp-content\/uploads\/2020\/04\/Ferienh\u00e4user-D\u00e4nemark.jpg","width":770,"height":490,"caption":"D\u00e4nemark Urlaub Ferienh\u00e4user"},{"@type":"BreadcrumbList","@id":"https:\/\/lifestyle-immo24.de\/en\/ferienhaus-daenemark\/#breadcrumb","itemListElement":[{"@type":"ListItem","position":1,"name":"Startseite","item":"https:\/\/lifestyle-immo24.de\/en\/"},{"@type":"ListItem","position":2,"name":"Ferienhaus in D\u00e4nemark mieten"}]},{"@type":"WebSite","@id":"https:\/\/lifestyle-immo24.de\/en\/#website","url":"https:\/\/lifestyle-immo24.de\/en\/","name":"Lifestyle Homes","description":"Holiday Homes for rent or for sale","publisher":{"@id":"https:\/\/lifestyle-immo24.de\/en\/#organization"},"potentialAction":[{"@type":"SearchAction","target":{"@type":"EntryPoint","urlTemplate":"https:\/\/lifestyle-immo24.de\/en\/?s={search_term_string}"},"query-input":{"@type":"PropertyValueSpecification","valueRequired":true,"valueName":"search_term_string"}}],"inLanguage":"en-US"},{"@type":"Organization","@id":"https:\/\/lifestyle-immo24.de\/en\/#organization","name":"Lifestyle-Immo24","url":"https:\/\/lifestyle-immo24.de\/en\/","logo":{"@type":"ImageObject","inLanguage":"en-US","@id":"https:\/\/lifestyle-immo24.de\/en\/#\/schema\/logo\/image\/","url":"https:\/\/lifestyle-immo24.de\/wp-content\/uploads\/2017\/05\/LOGO-Michael-Heinze-Immo-1.png","contentUrl":"https:\/\/lifestyle-immo24.de\/wp-content\/uploads\/2017\/05\/LOGO-Michael-Heinze-Immo-1.png","width":1559,"height":482,"caption":"Lifestyle-Immo24"},"image":{"@id":"https:\/\/lifestyle-immo24.de\/en\/#\/schema\/logo\/image\/"},"sameAs":["https:\/\/www.facebook.com\/LifeStyleImmo24\/"]}]}},"_links":{"self":[{"href":"https:\/\/lifestyle-immo24.de\/en\/wp-json\/wp\/v2\/pages\/16294","targetHints":{"allow":["GET"]}}],"collection":[{"href":"https:\/\/lifestyle-immo24.de\/en\/wp-json\/wp\/v2\/pages"}],"about":[{"href":"https:\/\/lifestyle-immo24.de\/en\/wp-json\/wp\/v2\/types\/page"}],"author":[{"embeddable":true,"href":"https:\/\/lifestyle-immo24.de\/en\/wp-json\/wp\/v2\/users\/1"}],"replies":[{"embeddable":true,"href":"https:\/\/lifestyle-immo24.de\/en\/wp-json\/wp\/v2\/comments?post=16294"}],"version-history":[{"count":0,"href":"https:\/\/lifestyle-immo24.de\/en\/wp-json\/wp\/v2\/pages\/16294\/revisions"}],"wp:featuredmedia":[{"embeddable":true,"href":"https:\/\/lifestyle-immo24.de\/en\/wp-json\/wp\/v2\/media\/18827"}],"wp:attachment":[{"href":"https:\/\/lifestyle-immo24.de\/en\/wp-json\/wp\/v2\/media?parent=16294"}],"curies":[{"name":"wp","href":"https:\/\/api.w.org\/{rel}","templated":true}]}}