{"id":16173,"date":"2018-12-10T20:44:05","date_gmt":"2018-12-10T19:44:05","guid":{"rendered":"https:\/\/lifestyle-immo24.de\/?page_id=16173"},"modified":"2023-01-16T16:54:46","modified_gmt":"2023-01-16T15:54:46","slug":"strom-vergleichsrechner","status":"publish","type":"page","link":"https:\/\/lifestyle-immo24.de\/en\/strom-vergleichsrechner\/","title":{"rendered":"Energy Comparison"},"content":{"rendered":"<\/p><p><strong>Das Smartphone jetzt bitte in die Queransicht drehen um den Vergleichsrechner zu nutzen!<\/strong><\/p>\t\t\n\t\t<h2 id=\"sie-mochten-auch-stromanbieter-vergleichen\">Jetzt Gaspreise vergleichen<\/h2>\n<p>\u00a0<\/p>\n<p><strong><a href=\"https:\/\/lifestyle-immo24.de\/gas-vergleichsrechner\/\" data-wplink-edit=\"true\">Hier gehts zum Vergleichsrechner f\u00fcr Gasanbieter :<\/a><\/strong><\/p>\n\t\t\n\t\t\t<a href=\"https:\/\/lifestyle-immo24.de\/gas-vergleichsrechner\/\" role=\"button\">\n\t\t\t\t\t\tHier Klicken  >\n\t\t\t\t\t<\/a><!-- \/wp:html --><!-- wp:post-content --><h1>Stromanbieter vergleichen<\/h1>\t\t\n\t\t<p><!-- wp:heading {\"level\":1,\"style\":{\"color\":{\"text\":\"#375a84\"}},\"fontSize\":\"huge\"} \/--><!-- wp:paragraph --><\/p>\n<h4>In Sekunden den perfekten Stromtarif finden und Geld sparen.<\/h4>\n<p><!-- \/wp:paragraph --><!-- wp:paragraph --><\/p>\n<p>Der Tarifwechsel wird vom neuen Anbieter durchgef\u00fchrt. Sie brauchen sich um nichts zu k\u00fcmmern!<\/p>\n<p><!-- \/wp:paragraph --><!-- wp:html --><\/p><p><strong>Das Smartphone jetzt bitte in die Queransicht drehen um den Vergleichsrechner zu nutzen!<\/strong><\/p>\t\t\n\t\t<h2 id=\"sie-mochten-auch-stromanbieter-vergleichen\">Jetzt Gaspreise vergleichen<\/h2>\n<p>\u00a0<\/p>\n<p><strong><a href=\"https:\/\/lifestyle-immo24.de\/gas-vergleichsrechner\/\" data-wplink-edit=\"true\">Hier gehts zum Vergleichsrechner f\u00fcr Gasanbieter :<\/a><\/strong><\/p>\n<!-- wp:heading {\"level\":1,\"style\":{\"color\":{\"text\":\"#375a84\"}},\"fontSize\":\"huge\"} --><!-- \/wp:heading --><!-- wp:paragraph --><!-- \/wp:paragraph --><!-- wp:html -->\t\t\n\t\t\t<a href=\"https:\/\/lifestyle-immo24.de\/gas-vergleichsrechner\/\" role=\"button\">\n\t\t\t\t\t\tHier Klicken  >\n\t\t\t\t\t<\/a><!-- \/wp:post-content -->","protected":false},"excerpt":{"rendered":"<p>Stromanbieter vergleichen In Sekunden den perfekten Stromtarif finden und Geld sparen. Der Tarifwechsel wird vom neuen Anbieter durchgef\u00fchrt. Sie brauchen sich um nichts zu k\u00fcmmern! Hier Klicken > Das Smartphone jetzt bitte in die Queransicht drehen um den Vergleichsrechner zu nutzen! Jetzt Gaspreise vergleichen \u00a0 Hier gehts zum Vergleichsrechner f\u00fcr Gasanbieter : Hier Klicken ><\/p>\n","protected":false},"author":1,"featured_media":16169,"parent":0,"menu_order":0,"comment_status":"closed","ping_status":"closed","template":"templates\/fluid-width.php","meta":{"_exactmetrics_skip_tracking":false,"_exactmetrics_sitenote_active":false,"_exactmetrics_sitenote_note":"","_exactmetrics_sitenote_category":0,"footnotes":""},"class_list":["post-16173","page","type-page","status-publish","has-post-thumbnail","hentry"],"yoast_head":"<!-- This site is optimized with the Yoast SEO plugin v27.4 - https:\/\/yoast.com\/product\/yoast-seo-wordpress\/ -->\n<title>Strom Vergleichsrechner - Direkt zum g\u00fcnstigsten Anbieter wechseln!<\/title>\n<meta name=\"description\" content=\"Strom Vergleichsrechner mit den aktuell g\u00fcnstigsten Anbietern. Sofortige Wechseloption mit gro\u00dfen Rabatten. Heute noch wechseln und sofort Geld sparen!\" \/>\n<meta name=\"robots\" content=\"index, follow, max-snippet:-1, max-image-preview:large, max-video-preview:-1\" \/>\n<link rel=\"canonical\" href=\"https:\/\/lifestyle-immo24.de\/en\/strom-vergleichsrechner\/\" \/>\n<meta property=\"og:locale\" content=\"en_US\" \/>\n<meta property=\"og:type\" content=\"article\" \/>\n<meta property=\"og:title\" content=\"Strom Vergleichsrechner - Direkt zum g\u00fcnstigsten Anbieter wechseln!\" \/>\n<meta property=\"og:description\" content=\"Strom Vergleichsrechner mit den aktuell g\u00fcnstigsten Anbietern. Sofortige Wechseloption mit gro\u00dfen Rabatten. Heute noch wechseln und sofort Geld sparen!\" \/>\n<meta property=\"og:url\" content=\"https:\/\/lifestyle-immo24.de\/en\/strom-vergleichsrechner\/\" \/>\n<meta property=\"og:site_name\" content=\"Lifestyle Homes\" \/>\n<meta property=\"article:publisher\" content=\"https:\/\/www.facebook.com\/LifeStyleImmo24\/\" \/>\n<meta property=\"article:modified_time\" content=\"2023-01-16T15:54:46+00:00\" \/>\n<meta property=\"og:image\" content=\"https:\/\/lifestyle-immo24.de\/wp-content\/uploads\/2018\/12\/hytiwzsowt5mfwqvz7yp.jpg\" \/>\n\t<meta property=\"og:image:width\" content=\"510\" \/>\n\t<meta property=\"og:image:height\" content=\"360\" \/>\n\t<meta property=\"og:image:type\" content=\"image\/jpeg\" \/>\n<meta name=\"twitter:card\" content=\"summary_large_image\" \/>\n<meta name=\"twitter:label1\" content=\"Est. reading time\" \/>\n\t<meta name=\"twitter:data1\" content=\"1 minute\" \/>\n<script type=\"application\/ld+json\" class=\"yoast-schema-graph\">{\"@context\":\"https:\\\/\\\/schema.org\",\"@graph\":[{\"@type\":\"WebPage\",\"@id\":\"https:\\\/\\\/lifestyle-immo24.de\\\/en\\\/strom-vergleichsrechner\\\/\",\"url\":\"https:\\\/\\\/lifestyle-immo24.de\\\/en\\\/strom-vergleichsrechner\\\/\",\"name\":\"Strom Vergleichsrechner - Direkt zum g\u00fcnstigsten Anbieter wechseln!\",\"isPartOf\":{\"@id\":\"https:\\\/\\\/lifestyle-immo24.de\\\/en\\\/#website\"},\"primaryImageOfPage\":{\"@id\":\"https:\\\/\\\/lifestyle-immo24.de\\\/en\\\/strom-vergleichsrechner\\\/#primaryimage\"},\"image\":{\"@id\":\"https:\\\/\\\/lifestyle-immo24.de\\\/strom-vergleichsrechner\\\/#primaryimage\"},\"thumbnailUrl\":\"https:\\\/\\\/lifestyle-immo24.de\\\/wp-content\\\/uploads\\\/2018\\\/12\\\/hytiwzsowt5mfwqvz7yp.jpg\",\"datePublished\":\"2018-12-10T19:44:05+00:00\",\"dateModified\":\"2023-01-16T15:54:46+00:00\",\"description\":\"Strom Vergleichsrechner mit den aktuell g\u00fcnstigsten Anbietern. Sofortige Wechseloption mit gro\u00dfen Rabatten. Heute noch wechseln und sofort Geld sparen!\",\"breadcrumb\":{\"@id\":\"https:\\\/\\\/lifestyle-immo24.de\\\/en\\\/strom-vergleichsrechner\\\/#breadcrumb\"},\"inLanguage\":\"en-US\",\"potentialAction\":[{\"@type\":\"ReadAction\",\"target\":[[\"https:\\\/\\\/lifestyle-immo24.de\\\/en\\\/strom-vergleichsrechner\\\/\"]]}]},{\"@type\":\"ImageObject\",\"inLanguage\":\"en-US\",\"@id\":\"https:\\\/\\\/lifestyle-immo24.de\\\/en\\\/strom-vergleichsrechner\\\/#primaryimage\",\"url\":\"https:\\\/\\\/lifestyle-immo24.de\\\/wp-content\\\/uploads\\\/2018\\\/12\\\/hytiwzsowt5mfwqvz7yp.jpg\",\"contentUrl\":\"https:\\\/\\\/lifestyle-immo24.de\\\/wp-content\\\/uploads\\\/2018\\\/12\\\/hytiwzsowt5mfwqvz7yp.jpg\",\"width\":510,\"height\":360,\"caption\":\"Gas Vergleichsrechner\"},{\"@type\":\"BreadcrumbList\",\"@id\":\"https:\\\/\\\/lifestyle-immo24.de\\\/en\\\/strom-vergleichsrechner\\\/#breadcrumb\",\"itemListElement\":[{\"@type\":\"ListItem\",\"position\":1,\"name\":\"Startseite\",\"item\":\"https:\\\/\\\/lifestyle-immo24.de\\\/en\\\/\"},{\"@type\":\"ListItem\",\"position\":2,\"name\":\"Strompreis Vergleichsrechner\"}]},{\"@type\":\"WebSite\",\"@id\":\"https:\\\/\\\/lifestyle-immo24.de\\\/en\\\/#website\",\"url\":\"https:\\\/\\\/lifestyle-immo24.de\\\/en\\\/\",\"name\":\"Lifestyle Homes\",\"description\":\"Holiday Homes for rent or for sale\",\"publisher\":{\"@id\":\"https:\\\/\\\/lifestyle-immo24.de\\\/en\\\/#organization\"},\"potentialAction\":[{\"@type\":\"SearchAction\",\"target\":{\"@type\":\"EntryPoint\",\"urlTemplate\":\"https:\\\/\\\/lifestyle-immo24.de\\\/en\\\/?s={search_term_string}\"},\"query-input\":{\"@type\":\"PropertyValueSpecification\",\"valueRequired\":true,\"valueName\":\"search_term_string\"}}],\"inLanguage\":\"en-US\"},{\"@type\":\"Organization\",\"@id\":\"https:\\\/\\\/lifestyle-immo24.de\\\/en\\\/#organization\",\"name\":\"Lifestyle-Immo24\",\"url\":\"https:\\\/\\\/lifestyle-immo24.de\\\/en\\\/\",\"logo\":{\"@type\":\"ImageObject\",\"inLanguage\":\"en-US\",\"@id\":\"https:\\\/\\\/lifestyle-immo24.de\\\/en\\\/#\\\/schema\\\/logo\\\/image\\\/\",\"url\":\"https:\\\/\\\/lifestyle-immo24.de\\\/wp-content\\\/uploads\\\/2017\\\/05\\\/LOGO-Michael-Heinze-Immo-1.png\",\"contentUrl\":\"https:\\\/\\\/lifestyle-immo24.de\\\/wp-content\\\/uploads\\\/2017\\\/05\\\/LOGO-Michael-Heinze-Immo-1.png\",\"width\":1559,\"height\":482,\"caption\":\"Lifestyle-Immo24\"},\"image\":{\"@id\":\"https:\\\/\\\/lifestyle-immo24.de\\\/en\\\/#\\\/schema\\\/logo\\\/image\\\/\"},\"sameAs\":[\"https:\\\/\\\/www.facebook.com\\\/LifeStyleImmo24\\\/\"]}]}<\/script>\n<!-- \/ Yoast SEO plugin. -->","yoast_head_json":{"title":"Strom Vergleichsrechner - Direkt zum g\u00fcnstigsten Anbieter wechseln!","description":"Strom Vergleichsrechner mit den aktuell g\u00fcnstigsten Anbietern. Sofortige Wechseloption mit gro\u00dfen Rabatten. Heute noch wechseln und sofort Geld sparen!","robots":{"index":"index","follow":"follow","max-snippet":"max-snippet:-1","max-image-preview":"max-image-preview:large","max-video-preview":"max-video-preview:-1"},"canonical":"https:\/\/lifestyle-immo24.de\/en\/strom-vergleichsrechner\/","og_locale":"en_US","og_type":"article","og_title":"Strom Vergleichsrechner - Direkt zum g\u00fcnstigsten Anbieter wechseln!","og_description":"Strom Vergleichsrechner mit den aktuell g\u00fcnstigsten Anbietern. Sofortige Wechseloption mit gro\u00dfen Rabatten. Heute noch wechseln und sofort Geld sparen!","og_url":"https:\/\/lifestyle-immo24.de\/en\/strom-vergleichsrechner\/","og_site_name":"Lifestyle Homes","article_publisher":"https:\/\/www.facebook.com\/LifeStyleImmo24\/","article_modified_time":"2023-01-16T15:54:46+00:00","og_image":[{"width":510,"height":360,"url":"https:\/\/lifestyle-immo24.de\/wp-content\/uploads\/2018\/12\/hytiwzsowt5mfwqvz7yp.jpg","type":"image\/jpeg"}],"twitter_card":"summary_large_image","twitter_misc":{"Est. reading time":"1 minute"},"schema":{"@context":"https:\/\/schema.org","@graph":[{"@type":"WebPage","@id":"https:\/\/lifestyle-immo24.de\/en\/strom-vergleichsrechner\/","url":"https:\/\/lifestyle-immo24.de\/en\/strom-vergleichsrechner\/","name":"Strom Vergleichsrechner - Direkt zum g\u00fcnstigsten Anbieter wechseln!","isPartOf":{"@id":"https:\/\/lifestyle-immo24.de\/en\/#website"},"primaryImageOfPage":{"@id":"https:\/\/lifestyle-immo24.de\/en\/strom-vergleichsrechner\/#primaryimage"},"image":{"@id":"https:\/\/lifestyle-immo24.de\/strom-vergleichsrechner\/#primaryimage"},"thumbnailUrl":"https:\/\/lifestyle-immo24.de\/wp-content\/uploads\/2018\/12\/hytiwzsowt5mfwqvz7yp.jpg","datePublished":"2018-12-10T19:44:05+00:00","dateModified":"2023-01-16T15:54:46+00:00","description":"Strom Vergleichsrechner mit den aktuell g\u00fcnstigsten Anbietern. Sofortige Wechseloption mit gro\u00dfen Rabatten. Heute noch wechseln und sofort Geld sparen!","breadcrumb":{"@id":"https:\/\/lifestyle-immo24.de\/en\/strom-vergleichsrechner\/#breadcrumb"},"inLanguage":"en-US","potentialAction":[{"@type":"ReadAction","target":[["https:\/\/lifestyle-immo24.de\/en\/strom-vergleichsrechner\/"]]}]},{"@type":"ImageObject","inLanguage":"en-US","@id":"https:\/\/lifestyle-immo24.de\/en\/strom-vergleichsrechner\/#primaryimage","url":"https:\/\/lifestyle-immo24.de\/wp-content\/uploads\/2018\/12\/hytiwzsowt5mfwqvz7yp.jpg","contentUrl":"https:\/\/lifestyle-immo24.de\/wp-content\/uploads\/2018\/12\/hytiwzsowt5mfwqvz7yp.jpg","width":510,"height":360,"caption":"Gas Vergleichsrechner"},{"@type":"BreadcrumbList","@id":"https:\/\/lifestyle-immo24.de\/en\/strom-vergleichsrechner\/#breadcrumb","itemListElement":[{"@type":"ListItem","position":1,"name":"Startseite","item":"https:\/\/lifestyle-immo24.de\/en\/"},{"@type":"ListItem","position":2,"name":"Strompreis Vergleichsrechner"}]},{"@type":"WebSite","@id":"https:\/\/lifestyle-immo24.de\/en\/#website","url":"https:\/\/lifestyle-immo24.de\/en\/","name":"Lifestyle Homes","description":"Holiday Homes for rent or for sale","publisher":{"@id":"https:\/\/lifestyle-immo24.de\/en\/#organization"},"potentialAction":[{"@type":"SearchAction","target":{"@type":"EntryPoint","urlTemplate":"https:\/\/lifestyle-immo24.de\/en\/?s={search_term_string}"},"query-input":{"@type":"PropertyValueSpecification","valueRequired":true,"valueName":"search_term_string"}}],"inLanguage":"en-US"},{"@type":"Organization","@id":"https:\/\/lifestyle-immo24.de\/en\/#organization","name":"Lifestyle-Immo24","url":"https:\/\/lifestyle-immo24.de\/en\/","logo":{"@type":"ImageObject","inLanguage":"en-US","@id":"https:\/\/lifestyle-immo24.de\/en\/#\/schema\/logo\/image\/","url":"https:\/\/lifestyle-immo24.de\/wp-content\/uploads\/2017\/05\/LOGO-Michael-Heinze-Immo-1.png","contentUrl":"https:\/\/lifestyle-immo24.de\/wp-content\/uploads\/2017\/05\/LOGO-Michael-Heinze-Immo-1.png","width":1559,"height":482,"caption":"Lifestyle-Immo24"},"image":{"@id":"https:\/\/lifestyle-immo24.de\/en\/#\/schema\/logo\/image\/"},"sameAs":["https:\/\/www.facebook.com\/LifeStyleImmo24\/"]}]}},"_links":{"self":[{"href":"https:\/\/lifestyle-immo24.de\/en\/wp-json\/wp\/v2\/pages\/16173","targetHints":{"allow":["GET"]}}],"collection":[{"href":"https:\/\/lifestyle-immo24.de\/en\/wp-json\/wp\/v2\/pages"}],"about":[{"href":"https:\/\/lifestyle-immo24.de\/en\/wp-json\/wp\/v2\/types\/page"}],"author":[{"embeddable":true,"href":"https:\/\/lifestyle-immo24.de\/en\/wp-json\/wp\/v2\/users\/1"}],"replies":[{"embeddable":true,"href":"https:\/\/lifestyle-immo24.de\/en\/wp-json\/wp\/v2\/comments?post=16173"}],"version-history":[{"count":0,"href":"https:\/\/lifestyle-immo24.de\/en\/wp-json\/wp\/v2\/pages\/16173\/revisions"}],"wp:featuredmedia":[{"embeddable":true,"href":"https:\/\/lifestyle-immo24.de\/en\/wp-json\/wp\/v2\/media\/16169"}],"wp:attachment":[{"href":"https:\/\/lifestyle-immo24.de\/en\/wp-json\/wp\/v2\/media?parent=16173"}],"curies":[{"name":"wp","href":"https:\/\/api.w.org\/{rel}","templated":true}]}}